{"id":3337,"date":"2016-01-25T13:21:26","date_gmt":"2016-01-25T12:21:26","guid":{"rendered":"http:\/\/mikrosystem.pl\/?page_id=3337"},"modified":"2016-01-25T17:04:27","modified_gmt":"2016-01-25T16:04:27","slug":"dodawanie-edycja-i-usuwanie-pozycji-tekstowych-pol-dodatkowych","status":"publish","type":"page","link":"https:\/\/mikrosystem.pl\/index.php\/pomoc\/eknf-instrukcja-obslugi\/eknf-glowne-okno-programu\/sprzedaz-tworzenie-i-przegladanie-dokumentow-sprzedazowych\/dodawanie-edycja-i-usuwanie-pozycji-tekstowych-pol-dodatkowych","title":{"rendered":"Dodawanie, edycja, i usuwanie pozycji tekstowych (p\u00f3l dodatkowych)"},"content":{"rendered":"<p><\/p>\n<p style=\"text-align: justify;\">Pola tekstowe pe\u0142ni\u0105 na fakturze funkcje opisowe. Pozycje takie nie posiadaj\u0105 ceny ani stawki VAT. Nie mog\u0105 one wyst\u0119powa\u0107 fa fakturze samodzielnie, lecz jedynie jako opisy towarzysz\u0105ce do innych pozycji faktury. Przyk\u0142adamy pozycji tekstowych mog\u0105 by\u0107 np.: nazwisko podr\u00f3\u017cnego towarzysz\u0105ce biletowi, b\u0105d\u017a nazwa hotelu i daty pobytu w przypadku fakturowania us\u0142ug hotelowych.<br \/>\nDomy\u015blnie, w oknie edycji faktury, pola tekstowe s\u0105 ukryte. Mo\u017cna je wy\u015bwietli\u0107 (i edytowa\u0107) po klikni\u0119ciu na plus znajduj\u0105cy si\u0119 z prawej strony s\u0142owa:<br \/>\n<strong>[+] Ukrytych<\/strong>, kt\u00f3re pojawia si\u0119 pod ka\u017cd\u0105 pozycj\u0105 zawieraj\u0105c\u0105 pola tekstowe.<\/p>\n<p style=\"text-align: justify;\">Pola tekstowe mo\u017cna edytowa\u0107, a tak\u017ce usuwa\u0107 i dodawa\u0107.<\/p>\n<ul>\n<li style=\"text-align: justify;\">Aby <span style=\"text-decoration: underline;\">usun\u0105\u0107 pole tekstowe<\/span>, nale\u017cy klikn\u0105\u0107 na nie prawym klawiszem myszy, i wybra\u0107 Usu\u0144<\/li>\n<li style=\"text-align: justify;\">Aby <span style=\"text-decoration: underline;\">doda\u0107 pole tekstowe<\/span> do wybranej pozycji, nale\u017cy klikn\u0105\u0107 prawym klawiszem myszy na t\u0119 pozycj\u0119, i wybra\u0107 polecenie Wstaw pole tekstowe<\/li>\n<li style=\"text-align: justify;\">Czasem &#8211; zw\u0142aszcza przy fakturowaniu op\u0142at transakcyjnych na oddzielnej fakturze &#8211; zachodzi potrzeba <span style=\"text-decoration: underline;\">skopiowania opisu z pozycji g\u0142\u00f3wnej<\/span> (np.: biletu kolejowego, czy lotniczego) do op\u0142aty transakcyjnej. Aby to zrobi\u0107, nale\u017cy klikn\u0105\u0107 prawym klawiszem myszy na dan\u0105 op\u0142at\u0119, i wybra\u0107 polecenie &#8216;Wczytaj pozycje tekstowe&#8217;<\/li>\n<\/ul>\n<p style=\"text-align: justify;\"><a href=\"https:\/\/mikrosystem.pl\/mikrosystem_www\/wp-content\/uploads\/2016\/01\/Dokumenty_sprzeda\u017cy_Pokaz_poycje_tekstowe_000307.png\" rel=\"attachment wp-att-3338\"><img loading=\"lazy\" decoding=\"async\" class=\"size-full wp-image-3338 aligncenter\" src=\"https:\/\/mikrosystem.pl\/mikrosystem_www\/wp-content\/uploads\/2016\/01\/Dokumenty_sprzeda\u017cy_Pokaz_poycje_tekstowe_000307.png\" alt=\"Dokumenty_sprzeda\u017cy_Pokaz_poycje_tekstowe_000307\" width=\"1132\" height=\"914\" srcset=\"https:\/\/mikrosystem.pl\/mikrosystem_www\/wp-content\/uploads\/2016\/01\/Dokumenty_sprzeda\u017cy_Pokaz_poycje_tekstowe_000307.png 1132w, https:\/\/mikrosystem.pl\/mikrosystem_www\/wp-content\/uploads\/2016\/01\/Dokumenty_sprzeda\u017cy_Pokaz_poycje_tekstowe_000307-300x242.png 300w, https:\/\/mikrosystem.pl\/mikrosystem_www\/wp-content\/uploads\/2016\/01\/Dokumenty_sprzeda\u017cy_Pokaz_poycje_tekstowe_000307-768x620.png 768w, https:\/\/mikrosystem.pl\/mikrosystem_www\/wp-content\/uploads\/2016\/01\/Dokumenty_sprzeda\u017cy_Pokaz_poycje_tekstowe_000307-1024x827.png 1024w\" sizes=\"auto, (max-width: 1132px) 100vw, 1132px\" \/><\/a><\/p>\n<p style=\"text-align: justify;\">Menu dost\u0119pnych funkcji, znajduj\u0105ce si\u0119 pod prawym klawiszem myszy:<\/p>\n<p style=\"text-align: justify;\"><a href=\"https:\/\/mikrosystem.pl\/mikrosystem_www\/wp-content\/uploads\/2016\/01\/Dokumenty_sprzeda\u017cy_Menu_prawy_klawisz_000311.png\" rel=\"attachment wp-att-3340\"><img loading=\"lazy\" decoding=\"async\" class=\"size-full wp-image-3340 aligncenter\" src=\"https:\/\/mikrosystem.pl\/mikrosystem_www\/wp-content\/uploads\/2016\/01\/Dokumenty_sprzeda\u017cy_Menu_prawy_klawisz_000311.png\" alt=\"Dokumenty_sprzeda\u017cy_Menu_prawy_klawisz_000311\" width=\"1132\" height=\"914\" srcset=\"https:\/\/mikrosystem.pl\/mikrosystem_www\/wp-content\/uploads\/2016\/01\/Dokumenty_sprzeda\u017cy_Menu_prawy_klawisz_000311.png 1132w, https:\/\/mikrosystem.pl\/mikrosystem_www\/wp-content\/uploads\/2016\/01\/Dokumenty_sprzeda\u017cy_Menu_prawy_klawisz_000311-300x242.png 300w, https:\/\/mikrosystem.pl\/mikrosystem_www\/wp-content\/uploads\/2016\/01\/Dokumenty_sprzeda\u017cy_Menu_prawy_klawisz_000311-768x620.png 768w, https:\/\/mikrosystem.pl\/mikrosystem_www\/wp-content\/uploads\/2016\/01\/Dokumenty_sprzeda\u017cy_Menu_prawy_klawisz_000311-1024x827.png 1024w\" sizes=\"auto, (max-width: 1132px) 100vw, 1132px\" \/><\/a><\/p>\n<p><\/p>","protected":false},"excerpt":{"rendered":"<p>Pola tekstowe pe\u0142ni\u0105 na fakturze funkcje opisowe. Pozycje takie nie posiadaj\u0105 ceny ani stawki VAT. Nie mog\u0105 one wyst\u0119powa\u0107 fa fakturze samodzielnie, lecz jedynie jako opisy towarzysz\u0105ce do innych pozycji faktury. Przyk\u0142adamy pozycji tekstowych mog\u0105 by\u0107 np.: nazwisko podr\u00f3\u017cnego towarzysz\u0105ce biletowi, b\u0105d\u017a nazwa hotelu i daty pobytu w przypadku fakturowania us\u0142ug hotelowych. Domy\u015blnie, w oknie &#8230; <a title=\"Dodawanie, edycja, i usuwanie pozycji tekstowych (p\u00f3l dodatkowych)\" class=\"read-more\" href=\"https:\/\/mikrosystem.pl\/index.php\/pomoc\/eknf-instrukcja-obslugi\/eknf-glowne-okno-programu\/sprzedaz-tworzenie-i-przegladanie-dokumentow-sprzedazowych\/dodawanie-edycja-i-usuwanie-pozycji-tekstowych-pol-dodatkowych\" aria-label=\"Dowiedz si\u0119 wi\u0119cej o Dodawanie, edycja, i usuwanie pozycji tekstowych (p\u00f3l dodatkowych)\">Read more<\/a><\/p>\n","protected":false},"author":5,"featured_media":0,"parent":1870,"menu_order":0,"comment_status":"closed","ping_status":"closed","template":"","meta":{"generate_page_header":"","footnotes":""},"class_list":{"0":"post-3337","1":"page","2":"type-page","3":"status-publish","5":"infinite-scroll-item"},"_links":{"self":[{"href":"https:\/\/mikrosystem.pl\/index.php\/wp-json\/wp\/v2\/pages\/3337","targetHints":{"allow":["GET"]}}],"collection":[{"href":"https:\/\/mikrosystem.pl\/index.php\/wp-json\/wp\/v2\/pages"}],"about":[{"href":"https:\/\/mikrosystem.pl\/index.php\/wp-json\/wp\/v2\/types\/page"}],"author":[{"embeddable":true,"href":"https:\/\/mikrosystem.pl\/index.php\/wp-json\/wp\/v2\/users\/5"}],"replies":[{"embeddable":true,"href":"https:\/\/mikrosystem.pl\/index.php\/wp-json\/wp\/v2\/comments?post=3337"}],"version-history":[{"count":4,"href":"https:\/\/mikrosystem.pl\/index.php\/wp-json\/wp\/v2\/pages\/3337\/revisions"}],"predecessor-version":[{"id":3344,"href":"https:\/\/mikrosystem.pl\/index.php\/wp-json\/wp\/v2\/pages\/3337\/revisions\/3344"}],"up":[{"embeddable":true,"href":"https:\/\/mikrosystem.pl\/index.php\/wp-json\/wp\/v2\/pages\/1870"}],"wp:attachment":[{"href":"https:\/\/mikrosystem.pl\/index.php\/wp-json\/wp\/v2\/media?parent=3337"}],"curies":[{"name":"wp","href":"https:\/\/api.w.org\/{rel}","templated":true}]}}