{"id":3327,"date":"2016-01-25T11:47:05","date_gmt":"2016-01-25T10:47:05","guid":{"rendered":"http:\/\/mikrosystem.pl\/?page_id=3327"},"modified":"2016-01-25T12:21:29","modified_gmt":"2016-01-25T11:21:29","slug":"edycja-faktury-ukrywanie-i-sterowanie-widocznoscia-wielu-pozycji-danego-typu","status":"publish","type":"page","link":"https:\/\/mikrosystem.pl\/index.php\/pomoc\/eknf-instrukcja-obslugi\/eknf-glowne-okno-programu\/sprzedaz-tworzenie-i-przegladanie-dokumentow-sprzedazowych\/edycja-faktury-ukrywanie-i-sterowanie-widocznoscia-wielu-pozycji-danego-typu","title":{"rendered":"Edycja faktury &#8211; ukrywanie i sterowanie widoczno\u015bci\u0105 wielu pozycji danego typu"},"content":{"rendered":"<p><\/p>\n<p style=\"text-align: justify;\">Edytor faktur posiada mechanizm, pozwalaj\u0105cy na ukrywanie b\u0105d\u017a odkrywanie poszczeg\u00f3lnych pozycji w czasie edycji faktury. Podstawowe zastosowanie, to sterowanie widoczno\u015bci\u0105 op\u0142at lotniskowych i transakcyjnych na fakturach zawieraj\u0105cych wiele pozycji.<br \/>\nPojedyncz\u0105 pozycj\u0119 mo\u017cna ukry\u0107 (czyli: doliczy\u0107 do pozycji g\u0142\u00f3wnej pakietu) odznaczaj\u0105c j\u0105 w kolumnie Widoczno\u015b\u0107. Aby ukry\u0107 b\u0105d\u017a przywr\u00f3ci\u0107 widoczno\u015b\u0107 wszystkich pozycji danego typu na fakturze, nale\u017cy klikn\u0105\u0107 na jedn\u0105 z nich prawym klawiszem myszy, i wybra\u0107 polecenie &#8216;Ukryj (b\u0105d\u017a: poka\u017c) wszystkie pozycje tego typu&#8217;<\/p>\n<p style=\"text-align: justify;\"><a href=\"https:\/\/mikrosystem.pl\/mikrosystem_www\/wp-content\/uploads\/2016\/01\/Dokumenty_sprzeda\u017cy_ukrywanie_wielu_pozycji_000303.png\" rel=\"attachment wp-att-3325\"><img loading=\"lazy\" decoding=\"async\" class=\"size-full wp-image-3325\" src=\"https:\/\/mikrosystem.pl\/mikrosystem_www\/wp-content\/uploads\/2016\/01\/Dokumenty_sprzeda\u017cy_ukrywanie_wielu_pozycji_000303.png\" alt=\"Dokumenty_sprzeda\u017cy_ukrywanie_wielu_pozycji_000303\" width=\"1252\" height=\"792\" srcset=\"https:\/\/mikrosystem.pl\/mikrosystem_www\/wp-content\/uploads\/2016\/01\/Dokumenty_sprzeda\u017cy_ukrywanie_wielu_pozycji_000303.png 1252w, https:\/\/mikrosystem.pl\/mikrosystem_www\/wp-content\/uploads\/2016\/01\/Dokumenty_sprzeda\u017cy_ukrywanie_wielu_pozycji_000303-300x190.png 300w, https:\/\/mikrosystem.pl\/mikrosystem_www\/wp-content\/uploads\/2016\/01\/Dokumenty_sprzeda\u017cy_ukrywanie_wielu_pozycji_000303-768x486.png 768w, https:\/\/mikrosystem.pl\/mikrosystem_www\/wp-content\/uploads\/2016\/01\/Dokumenty_sprzeda\u017cy_ukrywanie_wielu_pozycji_000303-1024x648.png 1024w\" sizes=\"auto, (max-width: 1252px) 100vw, 1252px\" \/><\/a><\/p>\n<p><\/p>","protected":false},"excerpt":{"rendered":"<p>Edytor faktur posiada mechanizm, pozwalaj\u0105cy na ukrywanie b\u0105d\u017a odkrywanie poszczeg\u00f3lnych pozycji w czasie edycji faktury. Podstawowe zastosowanie, to sterowanie widoczno\u015bci\u0105 op\u0142at lotniskowych i transakcyjnych na fakturach zawieraj\u0105cych wiele pozycji. Pojedyncz\u0105 pozycj\u0119 mo\u017cna ukry\u0107 (czyli: doliczy\u0107 do pozycji g\u0142\u00f3wnej pakietu) odznaczaj\u0105c j\u0105 w kolumnie Widoczno\u015b\u0107. Aby ukry\u0107 b\u0105d\u017a przywr\u00f3ci\u0107 widoczno\u015b\u0107 wszystkich pozycji danego typu na fakturze, &#8230; <a title=\"Edycja faktury &#8211; ukrywanie i sterowanie widoczno\u015bci\u0105 wielu pozycji danego typu\" class=\"read-more\" href=\"https:\/\/mikrosystem.pl\/index.php\/pomoc\/eknf-instrukcja-obslugi\/eknf-glowne-okno-programu\/sprzedaz-tworzenie-i-przegladanie-dokumentow-sprzedazowych\/edycja-faktury-ukrywanie-i-sterowanie-widocznoscia-wielu-pozycji-danego-typu\" aria-label=\"Dowiedz si\u0119 wi\u0119cej o Edycja faktury &#8211; ukrywanie i sterowanie widoczno\u015bci\u0105 wielu pozycji danego typu\">Read more<\/a><\/p>\n","protected":false},"author":5,"featured_media":0,"parent":1870,"menu_order":0,"comment_status":"closed","ping_status":"closed","template":"","meta":{"generate_page_header":"","footnotes":""},"class_list":{"0":"post-3327","1":"page","2":"type-page","3":"status-publish","5":"infinite-scroll-item"},"_links":{"self":[{"href":"https:\/\/mikrosystem.pl\/index.php\/wp-json\/wp\/v2\/pages\/3327","targetHints":{"allow":["GET"]}}],"collection":[{"href":"https:\/\/mikrosystem.pl\/index.php\/wp-json\/wp\/v2\/pages"}],"about":[{"href":"https:\/\/mikrosystem.pl\/index.php\/wp-json\/wp\/v2\/types\/page"}],"author":[{"embeddable":true,"href":"https:\/\/mikrosystem.pl\/index.php\/wp-json\/wp\/v2\/users\/5"}],"replies":[{"embeddable":true,"href":"https:\/\/mikrosystem.pl\/index.php\/wp-json\/wp\/v2\/comments?post=3327"}],"version-history":[{"count":2,"href":"https:\/\/mikrosystem.pl\/index.php\/wp-json\/wp\/v2\/pages\/3327\/revisions"}],"predecessor-version":[{"id":3333,"href":"https:\/\/mikrosystem.pl\/index.php\/wp-json\/wp\/v2\/pages\/3327\/revisions\/3333"}],"up":[{"embeddable":true,"href":"https:\/\/mikrosystem.pl\/index.php\/wp-json\/wp\/v2\/pages\/1870"}],"wp:attachment":[{"href":"https:\/\/mikrosystem.pl\/index.php\/wp-json\/wp\/v2\/media?parent=3327"}],"curies":[{"name":"wp","href":"https:\/\/api.w.org\/{rel}","templated":true}]}}