{"id":3319,"date":"2016-01-15T15:51:08","date_gmt":"2016-01-15T14:51:08","guid":{"rendered":"http:\/\/mikrosystem.pl\/?page_id=3319"},"modified":"2016-01-15T15:51:08","modified_gmt":"2016-01-15T14:51:08","slug":"automatyczny-import-faktur-hotelowych-merigo","status":"publish","type":"page","link":"https:\/\/mikrosystem.pl\/index.php\/nowosci\/kancelaria-elektroniczna\/automatyczny-import-faktur-hotelowych-merigo","title":{"rendered":"Automatyczny import faktur hotelowych Merigo"},"content":{"rendered":"<p><\/p>\n<p style=\"text-align: justify;\">Faktury hotelowe s\u0105 przesy\u0142ane przez Merigo bezpo\u015brednio do kancelarii elektronicznej eKNF. Faktury indywidualne s\u0105 automatycznie wi\u0105zane z rezerwacjami, kt\u00f3rych dotycz\u0105. Faktury zbiorcze s\u0105 rozbijane na indywidualne pozycje, kt\u00f3re nast\u0119pnie s\u0105 wi\u0105zane z odpowiednimi rezerwacjami. Dzi\u0119ki temu ca\u0142y proces rozliczania rezerwacji hotelowych jest w pe\u0142ni zautomatyzowany.<\/p>\n<p><a href=\"https:\/\/mikrosystem.pl\/mikrosystem_www\/wp-content\/uploads\/2015\/11\/Merigo_FZbiorcze2.png\"><img loading=\"lazy\" decoding=\"async\" class=\"size-large wp-image-2906 aligncenter\" src=\"https:\/\/mikrosystem.pl\/mikrosystem_www\/wp-content\/uploads\/2015\/11\/Merigo_FZbiorcze2-1024x679.png\" alt=\"Merigo_FZbiorcze2\" width=\"1024\" height=\"679\" srcset=\"https:\/\/mikrosystem.pl\/mikrosystem_www\/wp-content\/uploads\/2015\/11\/Merigo_FZbiorcze2-1024x679.png 1024w, https:\/\/mikrosystem.pl\/mikrosystem_www\/wp-content\/uploads\/2015\/11\/Merigo_FZbiorcze2-300x199.png 300w, https:\/\/mikrosystem.pl\/mikrosystem_www\/wp-content\/uploads\/2015\/11\/Merigo_FZbiorcze2.png 1266w\" sizes=\"auto, (max-width: 1024px) 100vw, 1024px\" \/><\/a><\/p>","protected":false},"excerpt":{"rendered":"<p>Faktury hotelowe s\u0105 przesy\u0142ane przez Merigo bezpo\u015brednio do kancelarii elektronicznej eKNF. Faktury indywidualne s\u0105 automatycznie wi\u0105zane z rezerwacjami, kt\u00f3rych dotycz\u0105. Faktury zbiorcze s\u0105 rozbijane na indywidualne pozycje, kt\u00f3re nast\u0119pnie s\u0105 wi\u0105zane z odpowiednimi rezerwacjami. Dzi\u0119ki temu ca\u0142y proces rozliczania rezerwacji hotelowych jest w pe\u0142ni zautomatyzowany.<\/p>\n","protected":false},"author":5,"featured_media":0,"parent":2085,"menu_order":0,"comment_status":"closed","ping_status":"closed","template":"","meta":{"generate_page_header":"","footnotes":""},"class_list":{"0":"post-3319","1":"page","2":"type-page","3":"status-publish","5":"infinite-scroll-item"},"_links":{"self":[{"href":"https:\/\/mikrosystem.pl\/index.php\/wp-json\/wp\/v2\/pages\/3319","targetHints":{"allow":["GET"]}}],"collection":[{"href":"https:\/\/mikrosystem.pl\/index.php\/wp-json\/wp\/v2\/pages"}],"about":[{"href":"https:\/\/mikrosystem.pl\/index.php\/wp-json\/wp\/v2\/types\/page"}],"author":[{"embeddable":true,"href":"https:\/\/mikrosystem.pl\/index.php\/wp-json\/wp\/v2\/users\/5"}],"replies":[{"embeddable":true,"href":"https:\/\/mikrosystem.pl\/index.php\/wp-json\/wp\/v2\/comments?post=3319"}],"version-history":[{"count":1,"href":"https:\/\/mikrosystem.pl\/index.php\/wp-json\/wp\/v2\/pages\/3319\/revisions"}],"predecessor-version":[{"id":3320,"href":"https:\/\/mikrosystem.pl\/index.php\/wp-json\/wp\/v2\/pages\/3319\/revisions\/3320"}],"up":[{"embeddable":true,"href":"https:\/\/mikrosystem.pl\/index.php\/wp-json\/wp\/v2\/pages\/2085"}],"wp:attachment":[{"href":"https:\/\/mikrosystem.pl\/index.php\/wp-json\/wp\/v2\/media?parent=3319"}],"curies":[{"name":"wp","href":"https:\/\/api.w.org\/{rel}","templated":true}]}}