{"id":3289,"date":"2016-01-14T11:50:41","date_gmt":"2016-01-14T10:50:41","guid":{"rendered":"http:\/\/mikrosystem.pl\/?page_id=3289"},"modified":"2016-01-14T11:50:41","modified_gmt":"2016-01-14T10:50:41","slug":"raporty","status":"publish","type":"page","link":"https:\/\/mikrosystem.pl\/index.php\/pomoc\/eknf-instrukcja-obslugi\/eknf-glowne-okno-programu\/raporty","title":{"rendered":"Raporty"},"content":{"rendered":"<p>&nbsp;<\/p>\n<ul>\n<li>Raporty sprzeda\u017cowe &#8211; og\u00f3lne\n<ul>\n<li><a href=\"\/?page_id=2059\">Raport Kasowy<\/a><\/li>\n<li><a href=\"\/?page_id=2066\">Lista dokument\u00f3w sprzeda\u017cy<\/a><\/li>\n<li><a href=\"\/?page_id=2118\">Zestawienie sprzeda\u017cy us\u0142ug<\/a><\/li>\n<li><a href=\"\/?page_id=2113\">Raport opodatkowania mar\u017cy<\/a><\/li>\n<\/ul>\n<\/li>\n<li>Raporty Lotnicze\n<ul>\n<li><a href=\"\/?page_id=2078\">Raport z pracy kasjera lotniczego (z podzia\u0142em na linie)<\/a><\/li>\n<li><a href=\"\/?page_id=2124\">G\u0142\u00f3wne destynacje lotnicze<\/a><\/li>\n<li><a href=\"\/?page_id=2132\">Raport o portach docelowych<\/a><\/li>\n<\/ul>\n<\/li>\n<\/ul>\n<p>&nbsp;<\/p>","protected":false},"excerpt":{"rendered":"<p>&nbsp; Raporty sprzeda\u017cowe &#8211; og\u00f3lne Raport Kasowy Lista dokument\u00f3w sprzeda\u017cy Zestawienie sprzeda\u017cy us\u0142ug Raport opodatkowania mar\u017cy Raporty Lotnicze Raport z pracy kasjera lotniczego (z podzia\u0142em na linie) G\u0142\u00f3wne destynacje lotnicze Raport o portach docelowych &nbsp;<\/p>\n","protected":false},"author":5,"featured_media":0,"parent":1818,"menu_order":0,"comment_status":"closed","ping_status":"closed","template":"","meta":{"generate_page_header":"","footnotes":""},"class_list":{"0":"post-3289","1":"page","2":"type-page","3":"status-publish","5":"infinite-scroll-item"},"_links":{"self":[{"href":"https:\/\/mikrosystem.pl\/index.php\/wp-json\/wp\/v2\/pages\/3289","targetHints":{"allow":["GET"]}}],"collection":[{"href":"https:\/\/mikrosystem.pl\/index.php\/wp-json\/wp\/v2\/pages"}],"about":[{"href":"https:\/\/mikrosystem.pl\/index.php\/wp-json\/wp\/v2\/types\/page"}],"author":[{"embeddable":true,"href":"https:\/\/mikrosystem.pl\/index.php\/wp-json\/wp\/v2\/users\/5"}],"replies":[{"embeddable":true,"href":"https:\/\/mikrosystem.pl\/index.php\/wp-json\/wp\/v2\/comments?post=3289"}],"version-history":[{"count":1,"href":"https:\/\/mikrosystem.pl\/index.php\/wp-json\/wp\/v2\/pages\/3289\/revisions"}],"predecessor-version":[{"id":3290,"href":"https:\/\/mikrosystem.pl\/index.php\/wp-json\/wp\/v2\/pages\/3289\/revisions\/3290"}],"up":[{"embeddable":true,"href":"https:\/\/mikrosystem.pl\/index.php\/wp-json\/wp\/v2\/pages\/1818"}],"wp:attachment":[{"href":"https:\/\/mikrosystem.pl\/index.php\/wp-json\/wp\/v2\/media?parent=3289"}],"curies":[{"name":"wp","href":"https:\/\/api.w.org\/{rel}","templated":true}]}}