{"id":3269,"date":"2016-01-05T16:47:14","date_gmt":"2016-01-05T15:47:14","guid":{"rendered":"http:\/\/mikrosystem.pl\/?page_id=3269"},"modified":"2016-03-02T12:29:58","modified_gmt":"2016-03-02T11:29:58","slug":"wczytywanie-list-pracownikowpodroznych","status":"publish","type":"page","link":"https:\/\/mikrosystem.pl\/index.php\/pomoc\/eknf-instrukcja-obslugi\/eknf-glowne-okno-programu\/dane-klienta-edycja\/wczytywanie-list-pracownikowpodroznych","title":{"rendered":"Wczytywanie list pracownik\u00f3w\/podr\u00f3\u017cnych"},"content":{"rendered":"<p><\/p>\n<p style=\"text-align: justify;\">eKNF pozwala na wczytywanie list pracownik\u00f3w firm &#8211; klient\u00f3w biura podr\u00f3\u017cy. Lista taka mo\u017ce zawiera\u0107 imi\u0119 i nazwisko klienta, jego dane kontaktowe, oraz &#8211; opcjonalnie &#8211; list\u0119 dodatkowych informacji, kt\u00f3re maj\u0105 by\u0107 stosowane przez eKNF w procesie ewidencjonowania i raportowania us\u0142ug wykonywanych na rzecz danego pracownika (np.: numer pracownika, numer centrum kosztowego, nazw\u0119 departamentu, stanowisko, itp.)<br \/>\nDane przechowywane na li\u015bcie pracownik\u00f3w mog\u0105 by\u0107 automatycznie u\u017cywane przy p\u00f3\u017aniejszym tworzeniu zam\u00f3wie\u0144 i wystawianiu faktur, a tak\u017ce w procesie raportowania.<\/p>\n<p style=\"text-align: justify;\">Pliki z list\u0105 pracownik\u00f3w dostarczane s\u0105 przez firmy najcz\u0119\u015bciej w postaci arkuszy kalkulacyjnych (rozszerzenia: XLS lub ODS). Plik w takim formacie nale\u017cy najpierw zapisa\u0107 w postaci pliku tekstowego (rozszerzenie CSV):<\/p>\n<p style=\"text-align: justify;\"><strong>Uwaga:<\/strong> eKNF wymaga, aby w pliku z list\u0105 pracownik\u00f3w znajdowa\u0142y si\u0119 co najmniej cztery obowi\u0105zkowe kolumny: <strong>Nazwa pasa\u017cera<\/strong>, <strong>Nazwisko<\/strong>, <strong>Imi\u0119<\/strong>, <strong>Funkcja<\/strong>.<\/p>\n<p style=\"text-align: justify;\">Kolumna Nazwa pasa\u017cera powinna zawiera\u0107 nazwisko, imi\u0119 i p\u0142e\u0107 pasa\u017cera w formacie lotniczym, czyli: NAZWISKO\/IMI\u0118. np. KOWALSKI\/JAN MR, KOWALSKA\/MARIA MRS<br \/>\nKolumna Funkcja powinna zawiera\u0107 jednoliterowe okre\u015blenie typu pracownika:<br \/>\n<strong>P<\/strong> &#8211; podr\u00f3\u017cny<br \/>\n<strong>Z<\/strong> &#8211; zamawiaj\u0105cy<br \/>\nReszta kolumn mo\u017ce by\u0107 dowolna &#8211; w trakcie procesu wczytywania mo\u017cna je zmapowa\u0107 na pola dodatkowe istniej\u0105ce w eKNF.<br \/>\n<a href=\"https:\/\/mikrosystem.pl\/mikrosystem_www\/wp-content\/uploads\/2016\/03\/Plik-do-wczytywania-list-pasa\u017cer\u00f3w-w-profilu-klienta.ods\" rel=\"\">Pobierz przyk\u0142adowy plik do wczytywania list pasa\u017cer\u00f3w w profilu klienta<\/a><\/p>\n<p style=\"text-align: justify;\"><a href=\"https:\/\/mikrosystem.pl\/mikrosystem_www\/wp-content\/uploads\/2016\/01\/Klienci-wczytanie-listy-pracownik\u00f3w-01.png\" rel=\"attachment wp-att-3262\"><img loading=\"lazy\" decoding=\"async\" class=\"size-full wp-image-3262 aligncenter\" src=\"https:\/\/mikrosystem.pl\/mikrosystem_www\/wp-content\/uploads\/2016\/01\/Klienci-wczytanie-listy-pracownik\u00f3w-01.png\" alt=\"Klienci - wczytanie listy pracownik\u00f3w 01\" width=\"1255\" height=\"335\" srcset=\"https:\/\/mikrosystem.pl\/mikrosystem_www\/wp-content\/uploads\/2016\/01\/Klienci-wczytanie-listy-pracownik\u00f3w-01.png 1255w, https:\/\/mikrosystem.pl\/mikrosystem_www\/wp-content\/uploads\/2016\/01\/Klienci-wczytanie-listy-pracownik\u00f3w-01-300x80.png 300w, https:\/\/mikrosystem.pl\/mikrosystem_www\/wp-content\/uploads\/2016\/01\/Klienci-wczytanie-listy-pracownik\u00f3w-01-768x205.png 768w, https:\/\/mikrosystem.pl\/mikrosystem_www\/wp-content\/uploads\/2016\/01\/Klienci-wczytanie-listy-pracownik\u00f3w-01-1024x273.png 1024w\" sizes=\"auto, (max-width: 1255px) 100vw, 1255px\" \/><\/a><\/p>\n<p style=\"text-align: justify;\"><a href=\"https:\/\/mikrosystem.pl\/mikrosystem_www\/wp-content\/uploads\/2016\/01\/Klienci-wczytanie-listy-pracownik\u00f3w-02.png\" rel=\"attachment wp-att-3263\"><img loading=\"lazy\" decoding=\"async\" class=\"size-full wp-image-3263 aligncenter\" src=\"https:\/\/mikrosystem.pl\/mikrosystem_www\/wp-content\/uploads\/2016\/01\/Klienci-wczytanie-listy-pracownik\u00f3w-02.png\" alt=\"Klienci - wczytanie listy pracownik\u00f3w 02\" width=\"701\" height=\"307\" srcset=\"https:\/\/mikrosystem.pl\/mikrosystem_www\/wp-content\/uploads\/2016\/01\/Klienci-wczytanie-listy-pracownik\u00f3w-02.png 701w, https:\/\/mikrosystem.pl\/mikrosystem_www\/wp-content\/uploads\/2016\/01\/Klienci-wczytanie-listy-pracownik\u00f3w-02-300x131.png 300w\" sizes=\"auto, (max-width: 701px) 100vw, 701px\" \/><\/a><\/p>\n<p style=\"text-align: justify;\"><strong>Uwaga:<\/strong> Przed importem danych &#8211; w celu unikni\u0119cia &#8216;krzaczk\u00f3w&#8217; w miejscu znak\u00f3w narodowych &#8211; nale\u017cy upewni\u0107 si\u0119, \u017ce plik jest zapisany w formacie UTF-8. W tym celu nale\u017cy go otworzy\u0107 w edytorze tekstu, umo\u017cliwiaj\u0105cym wyb\u00f3r strony kodowania, na przyk\u0142ad Notepad++ (<a href=\"http:\/\/notepad-plus-plus.org\/download\/v6.5.3.html\">je\u015bli nie posiadasz tego edytora, mo\u017cesz go pobra\u0107 w tym miejscu<\/a>)<\/p>\n<p style=\"text-align: justify;\">Aby przekonwertowa\u0107 plik tekstowy do standardu UTF-8 otw\u00f3rz go, przy u\u017cyciu Notepad++<\/p>\n<p style=\"text-align: justify;\"><a href=\"https:\/\/mikrosystem.pl\/mikrosystem_www\/wp-content\/uploads\/2016\/01\/Klienci-wczytanie-listy-pracownik\u00f3w-03.png\" rel=\"attachment wp-att-3264\"><img loading=\"lazy\" decoding=\"async\" class=\"size-full wp-image-3264 aligncenter\" src=\"https:\/\/mikrosystem.pl\/mikrosystem_www\/wp-content\/uploads\/2016\/01\/Klienci-wczytanie-listy-pracownik\u00f3w-03.png\" alt=\"Klienci - wczytanie listy pracownik\u00f3w 03\" width=\"564\" height=\"231\" srcset=\"https:\/\/mikrosystem.pl\/mikrosystem_www\/wp-content\/uploads\/2016\/01\/Klienci-wczytanie-listy-pracownik\u00f3w-03.png 564w, https:\/\/mikrosystem.pl\/mikrosystem_www\/wp-content\/uploads\/2016\/01\/Klienci-wczytanie-listy-pracownik\u00f3w-03-300x123.png 300w\" sizes=\"auto, (max-width: 564px) 100vw, 564px\" \/><\/a><\/p>\n<p style=\"text-align: justify;\">a nast\u0119pnie przekonwertuj na UTF-8 u\u017cywaj\u0105c polecenia z g\u00f3rnego menu:<\/p>\n<p style=\"text-align: justify;\"><a href=\"https:\/\/mikrosystem.pl\/mikrosystem_www\/wp-content\/uploads\/2016\/01\/Klienci-wczytanie-listy-pracownik\u00f3w-04.png\" rel=\"attachment wp-att-3265\"><img loading=\"lazy\" decoding=\"async\" class=\"size-full wp-image-3265 aligncenter\" src=\"https:\/\/mikrosystem.pl\/mikrosystem_www\/wp-content\/uploads\/2016\/01\/Klienci-wczytanie-listy-pracownik\u00f3w-04.png\" alt=\"Klienci - wczytanie listy pracownik\u00f3w 04\" width=\"936\" height=\"318\" srcset=\"https:\/\/mikrosystem.pl\/mikrosystem_www\/wp-content\/uploads\/2016\/01\/Klienci-wczytanie-listy-pracownik\u00f3w-04.png 936w, https:\/\/mikrosystem.pl\/mikrosystem_www\/wp-content\/uploads\/2016\/01\/Klienci-wczytanie-listy-pracownik\u00f3w-04-300x102.png 300w, https:\/\/mikrosystem.pl\/mikrosystem_www\/wp-content\/uploads\/2016\/01\/Klienci-wczytanie-listy-pracownik\u00f3w-04-768x261.png 768w\" sizes=\"auto, (max-width: 936px) 100vw, 936px\" \/><\/a><\/p>\n<p style=\"text-align: justify;\">po czym zapisz i zamknij plik w nowym formacie.<\/p>\n<p style=\"text-align: justify;\">Przygotowany plik tekstowy w formacie UTF-8 mo\u017cna ju\u017c importowa\u0107 do eKNF. W tym celu zaloguj si\u0119 do eKNF, znajd\u017a odpowiedniego klienta na li\u015bcie Klient\u00f3w i wejd\u017a w Szczeg\u00f3\u0142y -&gt; Pasa\u017cerowie, a nast\u0119pnie kliknij na &#8216;Import z pliku CSV&#8217;.<\/p>\n<p style=\"text-align: justify;\">Jako separator wpisz przecinek, a nast\u0119pnie kliknij na [Browse] i wybierz plik, kt\u00f3ry ma by\u0107 importowany.<\/p>\n<p style=\"text-align: justify;\"><a href=\"https:\/\/mikrosystem.pl\/mikrosystem_www\/wp-content\/uploads\/2016\/01\/Klienci-wczytanie-listy-pracownik\u00f3w-05.png\" rel=\"attachment wp-att-3266\"><img loading=\"lazy\" decoding=\"async\" class=\"size-full wp-image-3266 aligncenter\" src=\"https:\/\/mikrosystem.pl\/mikrosystem_www\/wp-content\/uploads\/2016\/01\/Klienci-wczytanie-listy-pracownik\u00f3w-05.png\" alt=\"Klienci - wczytanie listy pracownik\u00f3w 05\" width=\"1071\" height=\"277\" srcset=\"https:\/\/mikrosystem.pl\/mikrosystem_www\/wp-content\/uploads\/2016\/01\/Klienci-wczytanie-listy-pracownik\u00f3w-05.png 1071w, https:\/\/mikrosystem.pl\/mikrosystem_www\/wp-content\/uploads\/2016\/01\/Klienci-wczytanie-listy-pracownik\u00f3w-05-300x78.png 300w, https:\/\/mikrosystem.pl\/mikrosystem_www\/wp-content\/uploads\/2016\/01\/Klienci-wczytanie-listy-pracownik\u00f3w-05-768x199.png 768w, https:\/\/mikrosystem.pl\/mikrosystem_www\/wp-content\/uploads\/2016\/01\/Klienci-wczytanie-listy-pracownik\u00f3w-05-1024x265.png 1024w\" sizes=\"auto, (max-width: 1071px) 100vw, 1071px\" \/><\/a><\/p>\n<p style=\"text-align: justify;\">Nast\u0119pnie przypisz poszczeg\u00f3lne kolumny z pliku do odpowiadaj\u0105cych im p\u00f3l w profilu pracownika w eKNF. Aby zastosowa\u0107 te same ustawienia dla wszystkich pracownik\u00f3w z listy, kliknij na [Kopiuj kolumny z pierwszego]:<\/p>\n<p style=\"text-align: justify;\"><a href=\"https:\/\/mikrosystem.pl\/mikrosystem_www\/wp-content\/uploads\/2016\/01\/Klienci-wczytanie-listy-pracownik\u00f3w-06.png\" rel=\"attachment wp-att-3267\"><img loading=\"lazy\" decoding=\"async\" class=\"size-full wp-image-3267 aligncenter\" src=\"https:\/\/mikrosystem.pl\/mikrosystem_www\/wp-content\/uploads\/2016\/01\/Klienci-wczytanie-listy-pracownik\u00f3w-06.png\" alt=\"Klienci - wczytanie listy pracownik\u00f3w 06\" width=\"452\" height=\"385\" srcset=\"https:\/\/mikrosystem.pl\/mikrosystem_www\/wp-content\/uploads\/2016\/01\/Klienci-wczytanie-listy-pracownik\u00f3w-06.png 452w, https:\/\/mikrosystem.pl\/mikrosystem_www\/wp-content\/uploads\/2016\/01\/Klienci-wczytanie-listy-pracownik\u00f3w-06-300x256.png 300w\" sizes=\"auto, (max-width: 452px) 100vw, 452px\" \/><\/a>Pami\u0119taj, aby zaznaczy\u0107 opcj\u0119 ,,Pomi\u0144 pierwszy wiersz podczas importu&#8221; znajduj\u0105cy si\u0119 na ko\u0144cu formatki (inaczej nag\u0142\u00f3wki kolumn wczytaj\u0105 si\u0119 do bazy danych jako kolejny podr\u00f3\u017cny)<\/p>\n<p style=\"text-align: justify;\">Kliknij na [Zapisz] &#8211; lista pracownik\u00f3w zostanie wczytana do bazy eKNF.<\/p>\n<p style=\"text-align: justify;\">\n<p><\/p>","protected":false},"excerpt":{"rendered":"<p>eKNF pozwala na wczytywanie list pracownik\u00f3w firm &#8211; klient\u00f3w biura podr\u00f3\u017cy. Lista taka mo\u017ce zawiera\u0107 imi\u0119 i nazwisko klienta, jego dane kontaktowe, oraz &#8211; opcjonalnie &#8211; list\u0119 dodatkowych informacji, kt\u00f3re maj\u0105 by\u0107 stosowane przez eKNF w procesie ewidencjonowania i raportowania us\u0142ug wykonywanych na rzecz danego pracownika (np.: numer pracownika, numer centrum kosztowego, nazw\u0119 departamentu, stanowisko, &#8230; <a title=\"Wczytywanie list pracownik\u00f3w\/podr\u00f3\u017cnych\" class=\"read-more\" href=\"https:\/\/mikrosystem.pl\/index.php\/pomoc\/eknf-instrukcja-obslugi\/eknf-glowne-okno-programu\/dane-klienta-edycja\/wczytywanie-list-pracownikowpodroznych\" aria-label=\"Dowiedz si\u0119 wi\u0119cej o Wczytywanie list pracownik\u00f3w\/podr\u00f3\u017cnych\">Read more<\/a><\/p>\n","protected":false},"author":5,"featured_media":0,"parent":2194,"menu_order":0,"comment_status":"closed","ping_status":"closed","template":"","meta":{"generate_page_header":"","footnotes":""},"class_list":{"0":"post-3269","1":"page","2":"type-page","3":"status-publish","5":"infinite-scroll-item"},"_links":{"self":[{"href":"https:\/\/mikrosystem.pl\/index.php\/wp-json\/wp\/v2\/pages\/3269","targetHints":{"allow":["GET"]}}],"collection":[{"href":"https:\/\/mikrosystem.pl\/index.php\/wp-json\/wp\/v2\/pages"}],"about":[{"href":"https:\/\/mikrosystem.pl\/index.php\/wp-json\/wp\/v2\/types\/page"}],"author":[{"embeddable":true,"href":"https:\/\/mikrosystem.pl\/index.php\/wp-json\/wp\/v2\/users\/5"}],"replies":[{"embeddable":true,"href":"https:\/\/mikrosystem.pl\/index.php\/wp-json\/wp\/v2\/comments?post=3269"}],"version-history":[{"count":7,"href":"https:\/\/mikrosystem.pl\/index.php\/wp-json\/wp\/v2\/pages\/3269\/revisions"}],"predecessor-version":[{"id":3397,"href":"https:\/\/mikrosystem.pl\/index.php\/wp-json\/wp\/v2\/pages\/3269\/revisions\/3397"}],"up":[{"embeddable":true,"href":"https:\/\/mikrosystem.pl\/index.php\/wp-json\/wp\/v2\/pages\/2194"}],"wp:attachment":[{"href":"https:\/\/mikrosystem.pl\/index.php\/wp-json\/wp\/v2\/media?parent=3269"}],"curies":[{"name":"wp","href":"https:\/\/api.w.org\/{rel}","templated":true}]}}