{"id":3255,"date":"2015-12-29T17:01:34","date_gmt":"2015-12-29T16:01:34","guid":{"rendered":"http:\/\/mikrosystem.pl\/?page_id=3255"},"modified":"2015-12-29T17:01:34","modified_gmt":"2015-12-29T16:01:34","slug":"konfiguracja-pozycji-tekstowych","status":"publish","type":"page","link":"https:\/\/mikrosystem.pl\/index.php\/pomoc\/eknf-instrukcja-obslugi\/edycja-ustawien-pol-dodatkowych\/konfiguracja-pozycji-tekstowych","title":{"rendered":"Konfiguracja pozycji tekstowych"},"content":{"rendered":"<p><\/p>\n<p style=\"text-align: justify;\">Pola dodatkowe s\u0142u\u017c\u0105 do konfiguracji tego, jakie dane powinny by\u0107 zbierane przez eKNF w procesie sprzeda\u017cy. Cz\u0119\u015b\u0107 z nich &#8211; lecz najcz\u0119\u015bciej nie wszystkie &#8211; powinna by\u0107 nast\u0119pnie wydrukowana na dokumencie sprzeda\u017cy. Do konfiguracji tego, kt\u00f3re z p\u00f3l dodatkowych maj\u0105 by\u0107\u00a0 domy\u015blnie drukowane na fakturach, s\u0142u\u017cy konfigurator tak zwanych &#8216;pozycji tekstowych&#8217;.<\/p>\n<p>Pozycje tekstowe &#8211; steruj\u0105ce widoczno\u015bci\u0105 p\u00f3l dodatkowych na fakturze &#8211; mo\u017cna konfigurowa\u0107 indywidualnie dla ka\u017cdego klienta, oraz og\u00f3lnie &#8211; czyli tak, \u017ceby obowi\u0105zywa\u0142y dla wszystkich.<\/p>\n<p>Opis konfiguracji pozycji tekstowych w profilu wybranego klienta:<\/p>\n<ul>\n<li style=\"text-align: justify;\">wejd\u017a\u00a0 w zak\u0142adk\u0119 Klienci, i znajd\u017a odpowiedniego klienta.<\/li>\n<li style=\"text-align: justify;\">kliknij na niego prawym klawiszem, wybierz Szczeg\u00f3\u0142y.<\/li>\n<li style=\"text-align: justify;\">na zielonym pasku wybierz opcj\u0119 ,,Pozycje tekstowe&#8221;:<\/li>\n<\/ul>\n<p style=\"text-align: justify;\"><a href=\"https:\/\/mikrosystem.pl\/mikrosystem_www\/wp-content\/uploads\/2015\/12\/Klienci-pozycje-tekstowe-01.png\" rel=\"attachment wp-att-3256\"><img loading=\"lazy\" decoding=\"async\" class=\"size-full wp-image-3256 aligncenter\" src=\"https:\/\/mikrosystem.pl\/mikrosystem_www\/wp-content\/uploads\/2015\/12\/Klienci-pozycje-tekstowe-01.png\" alt=\"Klienci - pozycje tekstowe 01\" width=\"1347\" height=\"67\" srcset=\"https:\/\/mikrosystem.pl\/mikrosystem_www\/wp-content\/uploads\/2015\/12\/Klienci-pozycje-tekstowe-01.png 1347w, https:\/\/mikrosystem.pl\/mikrosystem_www\/wp-content\/uploads\/2015\/12\/Klienci-pozycje-tekstowe-01-300x15.png 300w, https:\/\/mikrosystem.pl\/mikrosystem_www\/wp-content\/uploads\/2015\/12\/Klienci-pozycje-tekstowe-01-768x38.png 768w, https:\/\/mikrosystem.pl\/mikrosystem_www\/wp-content\/uploads\/2015\/12\/Klienci-pozycje-tekstowe-01-1024x51.png 1024w\" sizes=\"auto, (max-width: 1347px) 100vw, 1347px\" \/><\/a><\/p>\n<ul>\n<li style=\"text-align: justify;\">kliknij na &#8216;Dodaj now\u0105 pozycj\u0119 tekstow\u0105&#8217;, i wybierz pole dodatkowe, kt\u00f3re ma by\u0107 drukowane na fakturze<\/li>\n<li style=\"text-align: justify;\">zaznacz, dla kt\u00f3rych typ\u00f3w towar\u00f3w i us\u0142ug pole ma by\u0107 drukowane (na poni\u017cszym przyk\u0142adzie: osoba zamawiaj\u0105ca)<\/li>\n<\/ul>\n<p style=\"text-align: justify;\"><a href=\"https:\/\/mikrosystem.pl\/mikrosystem_www\/wp-content\/uploads\/2015\/12\/Klienci-pozycje-tekstowe-02.png\" rel=\"attachment wp-att-3257\"><img loading=\"lazy\" decoding=\"async\" class=\"size-full wp-image-3257 aligncenter\" src=\"https:\/\/mikrosystem.pl\/mikrosystem_www\/wp-content\/uploads\/2015\/12\/Klienci-pozycje-tekstowe-02.png\" alt=\"Klienci - pozycje tekstowe 02\" width=\"1322\" height=\"434\" srcset=\"https:\/\/mikrosystem.pl\/mikrosystem_www\/wp-content\/uploads\/2015\/12\/Klienci-pozycje-tekstowe-02.png 1322w, https:\/\/mikrosystem.pl\/mikrosystem_www\/wp-content\/uploads\/2015\/12\/Klienci-pozycje-tekstowe-02-300x98.png 300w, https:\/\/mikrosystem.pl\/mikrosystem_www\/wp-content\/uploads\/2015\/12\/Klienci-pozycje-tekstowe-02-768x252.png 768w, https:\/\/mikrosystem.pl\/mikrosystem_www\/wp-content\/uploads\/2015\/12\/Klienci-pozycje-tekstowe-02-1024x336.png 1024w\" sizes=\"auto, (max-width: 1322px) 100vw, 1322px\" \/><\/a><\/p>\n<p style=\"text-align: justify;\"><strong>Uwaga:<\/strong> W prawym, g\u00f3rnym rogu znajduje si\u0119 domy\u015blnie zaznaczona opcja ,,Zezwalaj na pobierania og\u00f3lnej konfiguracji&#8221;. Je\u015bli jest zaznaczona, to konfiguracja profilu klienta b\u0119dzie uzupe\u0142niana og\u00f3ln\u0105 (ustawion\u0105 dla ca\u0142ego biura) konfiguracj\u0105 pozycji tekstowych danego dla produktu. Je\u015bli opcja ta nie jest zaznaczone, w\u00f3wczas og\u00f3lna konfiguracja pozycji tekstowych nie b\u0119dzie brana pod uwag\u0119, i drukowane b\u0119d\u0105 wy\u0142\u0105cznie pola dodatkowe skonfigurowane dla bezpo\u015brednio w profilu tego klienta.<b><br \/>\n<\/b><\/p>\n<p><\/p>","protected":false},"excerpt":{"rendered":"<p>Pola dodatkowe s\u0142u\u017c\u0105 do konfiguracji tego, jakie dane powinny by\u0107 zbierane przez eKNF w procesie sprzeda\u017cy. Cz\u0119\u015b\u0107 z nich &#8211; lecz najcz\u0119\u015bciej nie wszystkie &#8211; powinna by\u0107 nast\u0119pnie wydrukowana na dokumencie sprzeda\u017cy. Do konfiguracji tego, kt\u00f3re z p\u00f3l dodatkowych maj\u0105 by\u0107\u00a0 domy\u015blnie drukowane na fakturach, s\u0142u\u017cy konfigurator tak zwanych &#8216;pozycji tekstowych&#8217;. Pozycje tekstowe &#8211; steruj\u0105ce &#8230; <a title=\"Konfiguracja pozycji tekstowych\" class=\"read-more\" href=\"https:\/\/mikrosystem.pl\/index.php\/pomoc\/eknf-instrukcja-obslugi\/edycja-ustawien-pol-dodatkowych\/konfiguracja-pozycji-tekstowych\" aria-label=\"Dowiedz si\u0119 wi\u0119cej o Konfiguracja pozycji tekstowych\">Read more<\/a><\/p>\n","protected":false},"author":5,"featured_media":0,"parent":2148,"menu_order":0,"comment_status":"closed","ping_status":"closed","template":"","meta":{"generate_page_header":"","footnotes":""},"class_list":{"0":"post-3255","1":"page","2":"type-page","3":"status-publish","5":"infinite-scroll-item"},"_links":{"self":[{"href":"https:\/\/mikrosystem.pl\/index.php\/wp-json\/wp\/v2\/pages\/3255","targetHints":{"allow":["GET"]}}],"collection":[{"href":"https:\/\/mikrosystem.pl\/index.php\/wp-json\/wp\/v2\/pages"}],"about":[{"href":"https:\/\/mikrosystem.pl\/index.php\/wp-json\/wp\/v2\/types\/page"}],"author":[{"embeddable":true,"href":"https:\/\/mikrosystem.pl\/index.php\/wp-json\/wp\/v2\/users\/5"}],"replies":[{"embeddable":true,"href":"https:\/\/mikrosystem.pl\/index.php\/wp-json\/wp\/v2\/comments?post=3255"}],"version-history":[{"count":1,"href":"https:\/\/mikrosystem.pl\/index.php\/wp-json\/wp\/v2\/pages\/3255\/revisions"}],"predecessor-version":[{"id":3258,"href":"https:\/\/mikrosystem.pl\/index.php\/wp-json\/wp\/v2\/pages\/3255\/revisions\/3258"}],"up":[{"embeddable":true,"href":"https:\/\/mikrosystem.pl\/index.php\/wp-json\/wp\/v2\/pages\/2148"}],"wp:attachment":[{"href":"https:\/\/mikrosystem.pl\/index.php\/wp-json\/wp\/v2\/media?parent=3255"}],"curies":[{"name":"wp","href":"https:\/\/api.w.org\/{rel}","templated":true}]}}