{"id":3221,"date":"2015-12-15T14:02:48","date_gmt":"2015-12-15T13:02:48","guid":{"rendered":"http:\/\/mikrosystem.pl\/?page_id=3221"},"modified":"2015-12-15T14:02:48","modified_gmt":"2015-12-15T13:02:48","slug":"umieszczanie-pelnych-opisow-uslug-na-fakturze-na-oplaty-transakcyjne","status":"publish","type":"page","link":"https:\/\/mikrosystem.pl\/index.php\/pomoc\/eknf-instrukcja-obslugi\/eknf-glowne-okno-programu\/sprzedaz-tworzenie-i-przegladanie-dokumentow-sprzedazowych\/umieszczanie-pelnych-opisow-uslug-na-fakturze-na-oplaty-transakcyjne","title":{"rendered":"Umieszczanie pe\u0142nych opis\u00f3w us\u0142ug na fakturze na op\u0142aty transakcyjne"},"content":{"rendered":"<p><\/p>\n<p style=\"text-align: justify;\">Tam gdzie istnieje konieczno\u015b\u0107 wystawienia oddzielnych dokument\u00f3w sprzeda\u017cy na us\u0142ug\u0119 g\u0142\u00f3wn\u0105 i na op\u0142aty transakcyjne (na przyk\u0142ad: dla bilet\u00f3w kolejowych lub bilet\u00f3w lotniczych w sprzeda\u017cy agencyjnej) przydatna jest funkcja umieszczenia pe\u0142nych opis\u00f3w us\u0142ug na obu fakturach.<\/p>\n<p style=\"text-align: justify;\">W czasie edycji faktury na op\u0142aty transakcyjne nale\u017cy w tym celu klikn\u0105\u0107 na polecenie &#8216;Wczytaj pola tekstowe dla wszystkich produkt\u00f3w&#8217;<\/p>\n<p style=\"text-align: justify;\"><a href=\"https:\/\/mikrosystem.pl\/mikrosystem_www\/wp-content\/uploads\/2015\/12\/Kopiowanie_pol_dodatkowych_do_faktury_za_oplaty_0.png\"><img loading=\"lazy\" decoding=\"async\" class=\"size-full wp-image-3220 aligncenter\" src=\"https:\/\/mikrosystem.pl\/mikrosystem_www\/wp-content\/uploads\/2015\/12\/Kopiowanie_pol_dodatkowych_do_faktury_za_oplaty_0.png\" alt=\"Kopiowanie_pol_dodatkowych_do_faktury_za_oplaty_0\" width=\"1088\" height=\"391\" srcset=\"https:\/\/mikrosystem.pl\/mikrosystem_www\/wp-content\/uploads\/2015\/12\/Kopiowanie_pol_dodatkowych_do_faktury_za_oplaty_0.png 1088w, https:\/\/mikrosystem.pl\/mikrosystem_www\/wp-content\/uploads\/2015\/12\/Kopiowanie_pol_dodatkowych_do_faktury_za_oplaty_0-300x108.png 300w, https:\/\/mikrosystem.pl\/mikrosystem_www\/wp-content\/uploads\/2015\/12\/Kopiowanie_pol_dodatkowych_do_faktury_za_oplaty_0-1024x368.png 1024w\" sizes=\"auto, (max-width: 1088px) 100vw, 1088px\" \/><\/a><\/p>\n<p style=\"text-align: justify;\">Spowoduje to skopiowanie opis\u00f3w pozycji z faktury agencyjnej na faktur\u0119 za op\u0142aty transakcyjne:<\/p>\n<p style=\"text-align: justify;\"><a href=\"https:\/\/mikrosystem.pl\/mikrosystem_www\/wp-content\/uploads\/2015\/12\/Kopiowanie_pol_dodatkowych_do_faktury_za_oplaty.png\"><img loading=\"lazy\" decoding=\"async\" class=\"size-full wp-image-3219 aligncenter\" src=\"https:\/\/mikrosystem.pl\/mikrosystem_www\/wp-content\/uploads\/2015\/12\/Kopiowanie_pol_dodatkowych_do_faktury_za_oplaty.png\" alt=\"Kopiowanie_pol_dodatkowych_do_faktury_za_oplaty\" width=\"958\" height=\"449\" srcset=\"https:\/\/mikrosystem.pl\/mikrosystem_www\/wp-content\/uploads\/2015\/12\/Kopiowanie_pol_dodatkowych_do_faktury_za_oplaty.png 958w, https:\/\/mikrosystem.pl\/mikrosystem_www\/wp-content\/uploads\/2015\/12\/Kopiowanie_pol_dodatkowych_do_faktury_za_oplaty-300x141.png 300w\" sizes=\"auto, (max-width: 958px) 100vw, 958px\" \/><\/a><\/p>\n<p><\/p>","protected":false},"excerpt":{"rendered":"<p>Tam gdzie istnieje konieczno\u015b\u0107 wystawienia oddzielnych dokument\u00f3w sprzeda\u017cy na us\u0142ug\u0119 g\u0142\u00f3wn\u0105 i na op\u0142aty transakcyjne (na przyk\u0142ad: dla bilet\u00f3w kolejowych lub bilet\u00f3w lotniczych w sprzeda\u017cy agencyjnej) przydatna jest funkcja umieszczenia pe\u0142nych opis\u00f3w us\u0142ug na obu fakturach. W czasie edycji faktury na op\u0142aty transakcyjne nale\u017cy w tym celu klikn\u0105\u0107 na polecenie &#8216;Wczytaj pola tekstowe dla wszystkich &#8230; <a title=\"Umieszczanie pe\u0142nych opis\u00f3w us\u0142ug na fakturze na op\u0142aty transakcyjne\" class=\"read-more\" href=\"https:\/\/mikrosystem.pl\/index.php\/pomoc\/eknf-instrukcja-obslugi\/eknf-glowne-okno-programu\/sprzedaz-tworzenie-i-przegladanie-dokumentow-sprzedazowych\/umieszczanie-pelnych-opisow-uslug-na-fakturze-na-oplaty-transakcyjne\" aria-label=\"Dowiedz si\u0119 wi\u0119cej o Umieszczanie pe\u0142nych opis\u00f3w us\u0142ug na fakturze na op\u0142aty transakcyjne\">Read more<\/a><\/p>\n","protected":false},"author":5,"featured_media":0,"parent":1870,"menu_order":0,"comment_status":"closed","ping_status":"closed","template":"","meta":{"generate_page_header":"","footnotes":""},"class_list":{"0":"post-3221","1":"page","2":"type-page","3":"status-publish","5":"infinite-scroll-item"},"_links":{"self":[{"href":"https:\/\/mikrosystem.pl\/index.php\/wp-json\/wp\/v2\/pages\/3221","targetHints":{"allow":["GET"]}}],"collection":[{"href":"https:\/\/mikrosystem.pl\/index.php\/wp-json\/wp\/v2\/pages"}],"about":[{"href":"https:\/\/mikrosystem.pl\/index.php\/wp-json\/wp\/v2\/types\/page"}],"author":[{"embeddable":true,"href":"https:\/\/mikrosystem.pl\/index.php\/wp-json\/wp\/v2\/users\/5"}],"replies":[{"embeddable":true,"href":"https:\/\/mikrosystem.pl\/index.php\/wp-json\/wp\/v2\/comments?post=3221"}],"version-history":[{"count":1,"href":"https:\/\/mikrosystem.pl\/index.php\/wp-json\/wp\/v2\/pages\/3221\/revisions"}],"predecessor-version":[{"id":3222,"href":"https:\/\/mikrosystem.pl\/index.php\/wp-json\/wp\/v2\/pages\/3221\/revisions\/3222"}],"up":[{"embeddable":true,"href":"https:\/\/mikrosystem.pl\/index.php\/wp-json\/wp\/v2\/pages\/1870"}],"wp:attachment":[{"href":"https:\/\/mikrosystem.pl\/index.php\/wp-json\/wp\/v2\/media?parent=3221"}],"curies":[{"name":"wp","href":"https:\/\/api.w.org\/{rel}","templated":true}]}}