{"id":3215,"date":"2015-12-08T19:44:14","date_gmt":"2015-12-08T18:44:14","guid":{"rendered":"http:\/\/mikrosystem.pl\/?page_id=3215"},"modified":"2020-02-21T10:41:26","modified_gmt":"2020-02-21T09:41:26","slug":"wydruk-lub-przesylanie-wielu-faktur","status":"publish","type":"page","link":"https:\/\/mikrosystem.pl\/index.php\/pomoc\/eknf-instrukcja-obslugi\/eknf-glowne-okno-programu\/sprzedaz-tworzenie-i-przegladanie-dokumentow-sprzedazowych\/wydruk-lub-przesylanie-wielu-faktur","title":{"rendered":"Wydruk (lub przesy\u0142anie) wielu faktur"},"content":{"rendered":"<p style=\"text-align: justify;\">W module Sprzeda\u017c s\u0105 dwie metody wydruku lub zapisania na dysku wielu dokument\u00f3w (faktur) w formacie PDF. Faktury przeznaczone do wydruku b\u0105d\u017a zapisu nale\u017cy wyszuka\u0107, a nast\u0119pnie zaznaczy\u0107 (w kolumnie z lewej strony). Nast\u0119pnie mamy do wyboru funkcje:<\/p>\n<ol style=\"text-align: justify;\">\n<li>Wygeneruj PDF dla wszystkich faktur (g\u00f3rne menu) &#8211; Funkcja ta spowoduje utworzenie archiwum ZIP z plikami PDF wszystkich wybranych faktur. Metoda ta pozwala \u0142atwo przes\u0142a\u0107 wybrane dokumenty kontrahentowi lub ksi\u0119gowo\u015bci.<\/li>\n<li>Znajduj\u0105ca si\u0119 pod prawym klawiszem myszy funkcja Drukuj (Orygina\u0142, Kopia, Duplikat) spowoduje natomiast utworzenie jednego dokumentu PDF zawieraj\u0105cego wszystkie wybrane dokumenty. Metoda ta pozwala na szybkie wydrukowanie wielu dokument\u00f3w.<\/li>\n<\/ol>\n<p style=\"text-align: justify;\"><a href=\"https:\/\/mikrosystem.pl\/mikrosystem_www\/wp-content\/uploads\/2015\/12\/Dokumenty_sprzeda\u017cy_wydruk_wielu_000249.png\"><img loading=\"lazy\" decoding=\"async\" class=\"alignleft size-full wp-image-3212\" src=\"https:\/\/mikrosystem.pl\/mikrosystem_www\/wp-content\/uploads\/2015\/12\/Dokumenty_sprzeda\u017cy_wydruk_wielu_000249.png\" alt=\"Dokumenty_sprzeda\u017cy_wydruk_wielu_000249\" width=\"1310\" height=\"922\" srcset=\"https:\/\/mikrosystem.pl\/mikrosystem_www\/wp-content\/uploads\/2015\/12\/Dokumenty_sprzeda\u017cy_wydruk_wielu_000249.png 1310w, https:\/\/mikrosystem.pl\/mikrosystem_www\/wp-content\/uploads\/2015\/12\/Dokumenty_sprzeda\u017cy_wydruk_wielu_000249-300x211.png 300w, https:\/\/mikrosystem.pl\/mikrosystem_www\/wp-content\/uploads\/2015\/12\/Dokumenty_sprzeda\u017cy_wydruk_wielu_000249-1024x721.png 1024w\" sizes=\"auto, (max-width: 1310px) 100vw, 1310px\" \/><\/a><\/p>\n<p>\u00a0<\/p>\n\n\n<div class=\"wp-block-group is-layout-flow wp-block-group-is-layout-flow\"><div class=\"wp-block-group__inner-container\"><\/div><\/div>\n","protected":false},"excerpt":{"rendered":"<p>W module Sprzeda\u017c s\u0105 dwie metody wydruku lub zapisania na dysku wielu dokument\u00f3w (faktur) w formacie PDF. Faktury przeznaczone do wydruku b\u0105d\u017a zapisu nale\u017cy wyszuka\u0107, a nast\u0119pnie zaznaczy\u0107 (w kolumnie z lewej strony). Nast\u0119pnie mamy do wyboru funkcje: Wygeneruj PDF dla wszystkich faktur (g\u00f3rne menu) &#8211; Funkcja ta spowoduje utworzenie archiwum ZIP z plikami PDF &#8230; <a title=\"Wydruk (lub przesy\u0142anie) wielu faktur\" class=\"read-more\" href=\"https:\/\/mikrosystem.pl\/index.php\/pomoc\/eknf-instrukcja-obslugi\/eknf-glowne-okno-programu\/sprzedaz-tworzenie-i-przegladanie-dokumentow-sprzedazowych\/wydruk-lub-przesylanie-wielu-faktur\" aria-label=\"Dowiedz si\u0119 wi\u0119cej o Wydruk (lub przesy\u0142anie) wielu faktur\">Read more<\/a><\/p>\n","protected":false},"author":5,"featured_media":0,"parent":1870,"menu_order":0,"comment_status":"closed","ping_status":"closed","template":"","meta":{"generate_page_header":"","footnotes":""},"class_list":{"0":"post-3215","1":"page","2":"type-page","3":"status-publish","5":"infinite-scroll-item"},"_links":{"self":[{"href":"https:\/\/mikrosystem.pl\/index.php\/wp-json\/wp\/v2\/pages\/3215","targetHints":{"allow":["GET"]}}],"collection":[{"href":"https:\/\/mikrosystem.pl\/index.php\/wp-json\/wp\/v2\/pages"}],"about":[{"href":"https:\/\/mikrosystem.pl\/index.php\/wp-json\/wp\/v2\/types\/page"}],"author":[{"embeddable":true,"href":"https:\/\/mikrosystem.pl\/index.php\/wp-json\/wp\/v2\/users\/5"}],"replies":[{"embeddable":true,"href":"https:\/\/mikrosystem.pl\/index.php\/wp-json\/wp\/v2\/comments?post=3215"}],"version-history":[{"count":3,"href":"https:\/\/mikrosystem.pl\/index.php\/wp-json\/wp\/v2\/pages\/3215\/revisions"}],"predecessor-version":[{"id":4473,"href":"https:\/\/mikrosystem.pl\/index.php\/wp-json\/wp\/v2\/pages\/3215\/revisions\/4473"}],"up":[{"embeddable":true,"href":"https:\/\/mikrosystem.pl\/index.php\/wp-json\/wp\/v2\/pages\/1870"}],"wp:attachment":[{"href":"https:\/\/mikrosystem.pl\/index.php\/wp-json\/wp\/v2\/media?parent=3215"}],"curies":[{"name":"wp","href":"https:\/\/api.w.org\/{rel}","templated":true}]}}