{"id":3143,"date":"2015-11-20T15:36:46","date_gmt":"2015-11-20T14:36:46","guid":{"rendered":"http:\/\/mikrosystem.pl\/?page_id=3143"},"modified":"2020-05-08T15:39:14","modified_gmt":"2020-05-08T13:39:14","slug":"english-hotel-desktop-ewidencjonowanie-i-rozliczanie-rezerwacji-hotelowych","status":"publish","type":"page","link":"https:\/\/mikrosystem.pl\/index.php\/pomoc\/eknf-instrukcja-obslugi\/eknf-glowne-okno-programu\/english-hotel-desktop-ewidencjonowanie-i-rozliczanie-rezerwacji-hotelowych","title":{"rendered":"HDesk &#8211; ewidencjonowanie i rozliczanie rezerwacji hotelowych"},"content":{"rendered":"<p><\/p>\n<p style=\"text-align: justify;\"><a href=\"https:\/\/mikrosystem.pl\/mikrosystem_www\/wp-content\/uploads\/2015\/11\/HDesk_Lista_rezerwacji_hotelowych_01.png\"><img loading=\"lazy\" decoding=\"async\" class=\"size-medium wp-image-2972 alignleft\" src=\"https:\/\/mikrosystem.pl\/mikrosystem_www\/wp-content\/uploads\/2015\/11\/HDesk_Lista_rezerwacji_hotelowych_01-300x148.png\" alt=\"HDesk_Lista_rezerwacji_hotelowych_01\" width=\"300\" height=\"148\" srcset=\"https:\/\/mikrosystem.pl\/mikrosystem_www\/wp-content\/uploads\/2015\/11\/HDesk_Lista_rezerwacji_hotelowych_01-300x148.png 300w, https:\/\/mikrosystem.pl\/mikrosystem_www\/wp-content\/uploads\/2015\/11\/HDesk_Lista_rezerwacji_hotelowych_01-1024x505.png 1024w, https:\/\/mikrosystem.pl\/mikrosystem_www\/wp-content\/uploads\/2015\/11\/HDesk_Lista_rezerwacji_hotelowych_01.png 1893w\" sizes=\"auto, (max-width: 300px) 100vw, 300px\" \/><\/a>Obs\u0142uga, ewidencjonowanie, rozliczanie, i raportowanie rezerwacji hotelowych nale\u017c\u0105 do najbardziej pracoch\u0142onnych i z\u0142o\u017conych proces\u00f3w zachodz\u0105cych w biurach podr\u00f3\u017cy. Dlatego eKNF zosta\u0142 wyposa\u017cony w modu\u0142 HDesk (Hotel desktop), kt\u00f3rego zadaniem jest jak najwi\u0119ksza automatyzacja tych proces\u00f3w, i wprowadzenie elektronicznego obiegu wszystkich rodzaj\u00f3w dokument\u00f3w (rezerwacji, voucher\u00f3w, faktur, koszt\u00f3w, autoryzacji kart, zam\u00f3wie\u0144, notatek, itp)<\/p>\n<hr \/>\n<p><strong>Najwa\u017cniejsze funkcje modu\u0142u HDesk to:<\/strong><\/p>\n<ul>\n<li style=\"list-style-type: none;\">\n<ul>\n<li style=\"text-align: justify;\"><a href=\"https:\/\/mikrosystem.pl\/index.php\/zakladanie-teczek-rezerwacji-hotelowych\">Zak\u0142adanie teczek dla rezerwacji hotelowych<\/a><a href=\"https:\/\/mikrosystem.pl\/mikrosystem_www\/wp-content\/uploads\/2015\/11\/HDesk_teczka_01.png\"><img loading=\"lazy\" decoding=\"async\" class=\"size-medium wp-image-2973 alignright\" src=\"https:\/\/mikrosystem.pl\/mikrosystem_www\/wp-content\/uploads\/2015\/11\/HDesk_teczka_01-300x263.png\" alt=\"HDesk_teczka_01\" width=\"300\" height=\"263\" srcset=\"https:\/\/mikrosystem.pl\/mikrosystem_www\/wp-content\/uploads\/2015\/11\/HDesk_teczka_01-300x263.png 300w, https:\/\/mikrosystem.pl\/mikrosystem_www\/wp-content\/uploads\/2015\/11\/HDesk_teczka_01-1024x898.png 1024w, https:\/\/mikrosystem.pl\/mikrosystem_www\/wp-content\/uploads\/2015\/11\/HDesk_teczka_01.png 1116w\" sizes=\"auto, (max-width: 300px) 100vw, 300px\" \/><\/a><\/li>\n<\/ul>\n<\/li>\n<\/ul>\n<ul>\n<li style=\"list-style-type: none;\">\n<ul>\n<li style=\"text-align: justify;\">Automatyczny import rezerwacji z system\u00f3w Horse21, Merigo, Conso, Resfinity, Tripnet<\/li>\n<\/ul>\n<\/li>\n<\/ul>\n<ul>\n<li style=\"list-style-type: none;\">\n<ul>\n<li style=\"text-align: justify;\">Automatyczny import danych z voucher\u00f3w Booking.com, HRS, Hotelston<\/li>\n<\/ul>\n<\/li>\n<\/ul>\n<ul>\n<li style=\"list-style-type: none;\">\n<ul>\n<li style=\"text-align: justify;\"><a href=\"https:\/\/mikrosystem.pl\/index.php\/strona\/3139\">Wprowadzanie ustalonych z Merigo kurs\u00f3w wymiany walut<\/a><\/li>\n<\/ul>\n<\/li>\n<\/ul>\n<ul>\n<li style=\"list-style-type: none;\">\n<ul>\n<li style=\"text-align: justify;\">Wprowadzenie koszt\u00f3w (lub szacunkowych koszt\u00f3w) dla poszczeg\u00f3lnych rezerwacji<\/li>\n<\/ul>\n<\/li>\n<\/ul>\n<ul>\n<li style=\"list-style-type: none;\">\n<ul>\n<li style=\"text-align: justify;\">Tworzenie i przes\u0142anie do hoteli formularzy autoryzacji obci\u0105\u017cenia kart kredytowych<\/li>\n<\/ul>\n<\/li>\n<\/ul>\n<ul>\n<li style=\"list-style-type: none;\">\n<ul>\n<li style=\"text-align: justify;\">Tworzenie zam\u00f3wie\u0144 (na potrzeby fakturowania zbiorczego)<\/li>\n<\/ul>\n<\/li>\n<\/ul>\n<ul>\n<li style=\"list-style-type: none;\">\n<ul>\n<li style=\"text-align: justify;\">Tworzenie i przes\u0142anie mailem voucher\u00f3w w zunifikowanej szacie graficznej biura podr\u00f3\u017cy<\/li>\n<\/ul>\n<\/li>\n<\/ul>\n<ul>\n<li style=\"list-style-type: none;\">\n<ul>\n<li style=\"text-align: justify;\"><a href=\"https:\/\/mikrosystem.pl\/index.php\/pomoc\/eknf-instrukcja-obslugi\/eknf-glowne-okno-programu\/english-hotel-desktop-ewidencjonowanie-i-rozliczanie-rezerwacji-hotelowych\/fakturowanie-hoteli\">Tworzenie faktur VAT i VAT Mar\u017ca (jednostkowych lub zbiorczych, szczeg\u00f3\u0142owych lub zgrupowanych)<\/a><\/li>\n<\/ul>\n<\/li>\n<\/ul>\n<ul>\n<li style=\"list-style-type: none;\">\n<ul>\n<li style=\"text-align: justify;\">Wprowadzanie i elektroniczna archiwizacja faktur kosztowych<\/li>\n<\/ul>\n<\/li>\n<\/ul>\n<ul>\n<li style=\"list-style-type: none;\">\n<ul>\n<li style=\"text-align: justify;\">Kontrola p\u0142atno\u015bci (faktur kosztowych i sprzeda\u017cowych)<\/li>\n<\/ul>\n<\/li>\n<\/ul>\n<ul>\n<li style=\"text-align: justify;\">Sporz\u0105dzenie raport\u00f3w opodatkowania mar\u017cy<\/li>\n<\/ul>\n<p><a href=\"https:\/\/mikrosystem.pl\/index.php\/pomoc\/eknf-instrukcja-obslugi\/eknf-glowne-okno-programu\/english-hotel-desktop-ewidencjonowanie-i-rozliczanie-rezerwacji-hotelowych\/hdesk-oznaczenia-w-kolumnie-status\">Wyja\u015bnienie oznacze\u0144 status\u00f3w w kolumnie Status modu\u0142u HDesk<\/a><\/p>\n<hr \/>\n<p><a href=\"https:\/\/mikrosystem.pl\/index.php\/pomoc\/eknf-instrukcja-obslugi\/funkcje-administracyjne\/hdesk\/htl-kody-pokoi-hotelowych\">Lista kod\u00f3w typ\u00f3w pokoi u\u017cywana w systemach rezerwacyjnych<\/a><\/p>\n<p><strong>W przygotowaniu:<\/strong><\/p>\n<ul>\n<li>Integracja z systemem ContentInn<\/li>\n<\/ul>\n<p><\/p>","protected":false},"excerpt":{"rendered":"<p>Obs\u0142uga, ewidencjonowanie, rozliczanie, i raportowanie rezerwacji hotelowych nale\u017c\u0105 do najbardziej pracoch\u0142onnych i z\u0142o\u017conych proces\u00f3w zachodz\u0105cych w biurach podr\u00f3\u017cy. Dlatego eKNF zosta\u0142 wyposa\u017cony w modu\u0142 HDesk (Hotel desktop), kt\u00f3rego zadaniem jest jak najwi\u0119ksza automatyzacja tych proces\u00f3w, i wprowadzenie elektronicznego obiegu wszystkich rodzaj\u00f3w dokument\u00f3w (rezerwacji, voucher\u00f3w, faktur, koszt\u00f3w, autoryzacji kart, zam\u00f3wie\u0144, notatek, itp) Najwa\u017cniejsze funkcje modu\u0142u HDesk &#8230; <a title=\"HDesk &#8211; ewidencjonowanie i rozliczanie rezerwacji hotelowych\" class=\"read-more\" href=\"https:\/\/mikrosystem.pl\/index.php\/pomoc\/eknf-instrukcja-obslugi\/eknf-glowne-okno-programu\/english-hotel-desktop-ewidencjonowanie-i-rozliczanie-rezerwacji-hotelowych\" aria-label=\"Dowiedz si\u0119 wi\u0119cej o HDesk &#8211; ewidencjonowanie i rozliczanie rezerwacji hotelowych\">Read more<\/a><\/p>\n","protected":false},"author":5,"featured_media":0,"parent":1818,"menu_order":0,"comment_status":"closed","ping_status":"closed","template":"","meta":{"generate_page_header":"","footnotes":""},"class_list":{"0":"post-3143","1":"page","2":"type-page","3":"status-publish","5":"infinite-scroll-item"},"_links":{"self":[{"href":"https:\/\/mikrosystem.pl\/index.php\/wp-json\/wp\/v2\/pages\/3143","targetHints":{"allow":["GET"]}}],"collection":[{"href":"https:\/\/mikrosystem.pl\/index.php\/wp-json\/wp\/v2\/pages"}],"about":[{"href":"https:\/\/mikrosystem.pl\/index.php\/wp-json\/wp\/v2\/types\/page"}],"author":[{"embeddable":true,"href":"https:\/\/mikrosystem.pl\/index.php\/wp-json\/wp\/v2\/users\/5"}],"replies":[{"embeddable":true,"href":"https:\/\/mikrosystem.pl\/index.php\/wp-json\/wp\/v2\/comments?post=3143"}],"version-history":[{"count":9,"href":"https:\/\/mikrosystem.pl\/index.php\/wp-json\/wp\/v2\/pages\/3143\/revisions"}],"predecessor-version":[{"id":4775,"href":"https:\/\/mikrosystem.pl\/index.php\/wp-json\/wp\/v2\/pages\/3143\/revisions\/4775"}],"up":[{"embeddable":true,"href":"https:\/\/mikrosystem.pl\/index.php\/wp-json\/wp\/v2\/pages\/1818"}],"wp:attachment":[{"href":"https:\/\/mikrosystem.pl\/index.php\/wp-json\/wp\/v2\/media?parent=3143"}],"curies":[{"name":"wp","href":"https:\/\/api.w.org\/{rel}","templated":true}]}}