{"id":3100,"date":"2015-11-16T14:17:36","date_gmt":"2015-11-16T13:17:36","guid":{"rendered":"http:\/\/mikrosystem.pl\/?page_id=3100"},"modified":"2018-01-11T13:48:44","modified_gmt":"2018-01-11T12:48:44","slug":"fakturowanie-oplat-transakcyjnych-za-zwrot-biletu-na-nowej-fakturze-sprzedazowej","status":"publish","type":"page","link":"https:\/\/mikrosystem.pl\/index.php\/pomoc\/eknf-instrukcja-obslugi\/fakturowanie-oplat-transakcyjnych-za-zwrot-biletu-na-nowej-fakturze-sprzedazowej","title":{"rendered":"Fakturowanie op\u0142at transakcyjnych za zwrot biletu na nowej fakturze sprzeda\u017cowej"},"content":{"rendered":"<p><\/p>\n<p style=\"text-align: justify;\">eKNF pozwala na fakturowanie dodatkowych op\u0142at transakcyjnych za zwrot biletu na nowej fakturze sprzeda\u017cowej a nie &#8211; tak jak dotychczas &#8211; wy\u0142\u0105cznie na fakturze koryguj\u0105cej.<br \/>\nCz\u0119sto zdarza si\u0119 tak, \u017ce zwrot biletu jest fakturowany na fakturze koryguj\u0105cej, ale towarzyszy mu dodatkowa op\u0142ata transakcyjna za zwrot, kt\u00f3r\u0105 chcieliby\u015bmy zafakturowa\u0107 na nowej fakturze sprzeda\u017cowej &#8211; a nie na korekcie. eKNF pozwala teraz na wystawienie dw\u00f3ch niezale\u017cnych faktur do takiej transakcji zwrotu biletu:<\/p>\n<ol style=\"text-align: justify;\">\n<li>korekty na zwrot biletu<\/li>\n<li>nowej faktury sprzeda\u017cowej na towarzysz\u0105c\u0105 op\u0142at\u0119 transakcyjn\u0105<\/li>\n<\/ol>\n<p>Uwaga: Opisany mechanizm zadzia\u0142a w przypadku je\u015bli w zam\u00f3wieniu \/ pakiecie koryguj\u0105cym podano wysoko\u015b\u0107 dodatkowej op\u0142aty transakcyjnej. Kwota ta b\u0119dzie nalicza\u0142a si\u0119 automatycznie je\u015bli w Polityce Op\u0142at Transakcyjnych zdefiniowano kwot\u0119 za zwrot.<\/p>\n<p style=\"text-align: justify;\">W celu zafakturowania op\u0142aty transakcyjnej za zwrot na nowej fakturze sprzeda\u017cowej nale\u017cy:<\/p>\n<p style=\"text-align: justify;\">wybra\u0107 bilet (lub bilety) i klikn\u0105\u0107 na: Wystaw faktur\u0119 -&gt; Do edycji -&gt; Tylko op\u0142aty.<\/p>\n<p style=\"text-align: justify;\"><a href=\"https:\/\/mikrosystem.pl\/mikrosystem_www\/wp-content\/uploads\/2015\/11\/AirDesktop_000204.png\"><img loading=\"lazy\" decoding=\"async\" class=\"size-full wp-image-3097 aligncenter\" src=\"https:\/\/mikrosystem.pl\/mikrosystem_www\/wp-content\/uploads\/2015\/11\/AirDesktop_000204.png\" alt=\"AirDesktop_000204\" width=\"1381\" height=\"574\" srcset=\"https:\/\/mikrosystem.pl\/mikrosystem_www\/wp-content\/uploads\/2015\/11\/AirDesktop_000204.png 1381w, https:\/\/mikrosystem.pl\/mikrosystem_www\/wp-content\/uploads\/2015\/11\/AirDesktop_000204-300x125.png 300w, https:\/\/mikrosystem.pl\/mikrosystem_www\/wp-content\/uploads\/2015\/11\/AirDesktop_000204-1024x426.png 1024w\" sizes=\"auto, (max-width: 1381px) 100vw, 1381px\" \/><\/a><\/p>\n<p style=\"text-align: justify;\" align=\"justify\">Otworzy si\u0119 okno edycji faktury, gdzie nale\u017cy uzupe\u0142ni\u0107 rejestr, form\u0119 p\u0142atno\u015bci, ewentualnie wczyta\u0107 pola tekstowe do wszystkich produkt\u00f3w. Powstanie faktura VAT na podan\u0105 kwot\u0119, z odniesieniem do wystawionej wcze\u015bniej faktury koryguj\u0105cej za bilet.<\/p>\n<p align=\"justify\"><img loading=\"lazy\" decoding=\"async\" class=\"size-full wp-image-3898 aligncenter\" src=\"https:\/\/mikrosystem.pl\/mikrosystem_www\/wp-content\/uploads\/2018\/01\/1.png\" alt=\"\" width=\"1834\" height=\"760\" srcset=\"https:\/\/mikrosystem.pl\/mikrosystem_www\/wp-content\/uploads\/2018\/01\/1.png 1834w, https:\/\/mikrosystem.pl\/mikrosystem_www\/wp-content\/uploads\/2018\/01\/1-300x124.png 300w, https:\/\/mikrosystem.pl\/mikrosystem_www\/wp-content\/uploads\/2018\/01\/1-768x318.png 768w, https:\/\/mikrosystem.pl\/mikrosystem_www\/wp-content\/uploads\/2018\/01\/1-1024x424.png 1024w\" sizes=\"auto, (max-width: 1834px) 100vw, 1834px\" \/><\/p>\n<p><\/p>","protected":false},"excerpt":{"rendered":"<p>eKNF pozwala na fakturowanie dodatkowych op\u0142at transakcyjnych za zwrot biletu na nowej fakturze sprzeda\u017cowej a nie &#8211; tak jak dotychczas &#8211; wy\u0142\u0105cznie na fakturze koryguj\u0105cej. Cz\u0119sto zdarza si\u0119 tak, \u017ce zwrot biletu jest fakturowany na fakturze koryguj\u0105cej, ale towarzyszy mu dodatkowa op\u0142ata transakcyjna za zwrot, kt\u00f3r\u0105 chcieliby\u015bmy zafakturowa\u0107 na nowej fakturze sprzeda\u017cowej &#8211; a nie &#8230; <a title=\"Fakturowanie op\u0142at transakcyjnych za zwrot biletu na nowej fakturze sprzeda\u017cowej\" class=\"read-more\" href=\"https:\/\/mikrosystem.pl\/index.php\/pomoc\/eknf-instrukcja-obslugi\/fakturowanie-oplat-transakcyjnych-za-zwrot-biletu-na-nowej-fakturze-sprzedazowej\" aria-label=\"Dowiedz si\u0119 wi\u0119cej o Fakturowanie op\u0142at transakcyjnych za zwrot biletu na nowej fakturze sprzeda\u017cowej\">Read more<\/a><\/p>\n","protected":false},"author":5,"featured_media":0,"parent":1802,"menu_order":0,"comment_status":"closed","ping_status":"closed","template":"","meta":{"generate_page_header":"","footnotes":""},"class_list":{"0":"post-3100","1":"page","2":"type-page","3":"status-publish","5":"infinite-scroll-item"},"_links":{"self":[{"href":"https:\/\/mikrosystem.pl\/index.php\/wp-json\/wp\/v2\/pages\/3100","targetHints":{"allow":["GET"]}}],"collection":[{"href":"https:\/\/mikrosystem.pl\/index.php\/wp-json\/wp\/v2\/pages"}],"about":[{"href":"https:\/\/mikrosystem.pl\/index.php\/wp-json\/wp\/v2\/types\/page"}],"author":[{"embeddable":true,"href":"https:\/\/mikrosystem.pl\/index.php\/wp-json\/wp\/v2\/users\/5"}],"replies":[{"embeddable":true,"href":"https:\/\/mikrosystem.pl\/index.php\/wp-json\/wp\/v2\/comments?post=3100"}],"version-history":[{"count":2,"href":"https:\/\/mikrosystem.pl\/index.php\/wp-json\/wp\/v2\/pages\/3100\/revisions"}],"predecessor-version":[{"id":3899,"href":"https:\/\/mikrosystem.pl\/index.php\/wp-json\/wp\/v2\/pages\/3100\/revisions\/3899"}],"up":[{"embeddable":true,"href":"https:\/\/mikrosystem.pl\/index.php\/wp-json\/wp\/v2\/pages\/1802"}],"wp:attachment":[{"href":"https:\/\/mikrosystem.pl\/index.php\/wp-json\/wp\/v2\/media?parent=3100"}],"curies":[{"name":"wp","href":"https:\/\/api.w.org\/{rel}","templated":true}]}}