{"id":2741,"date":"2015-10-18T10:07:49","date_gmt":"2015-10-18T08:07:49","guid":{"rendered":"http:\/\/mikrosystem.pl\/mikrosystem_www\/?page_id=2741"},"modified":"2024-06-06T12:03:05","modified_gmt":"2024-06-06T10:03:05","slug":"home-page","status":"publish","type":"page","link":"https:\/\/mikrosystem.pl\/","title":{"rendered":"Home"},"content":{"rendered":"<p><\/p>\n<div class=\"entry-content\">\n<table style=\"height: 370px;\" border=\"0\" width=\"831\" cellspacing=\"0\" cellpadding=\"0\"><colgroup> <col width=\"140*\" \/> <col width=\"140*\" \/> <\/colgroup>\n<tbody>\n<tr valign=\"top\">\n<td style=\"text-align: center;\" width=\"50%\">\n<p style=\"text-align: justify;\">\u00a0<strong><a href=\"https:\/\/mikrosystem.pl\/index.php\/o-naszej-firmie\/eknf-mid-office-dla-biur-podrozy-obslugujacych-podroze-biznesowe\">eKNF<\/a><\/strong> &#8211; nowoczesny i wszechstronny, internetowy system mid-office, obs\u0142uguj\u0105cy wszystkie rodzaje transakcji turystycznych, i wyposa\u017cony w narz\u0119dzia umo\u017cliwiaj\u0105ce kompleksow\u0105 obs\u0142ug\u0119 klient\u00f3w biznesowych i indywidualnych, uwzgl\u0119dniaj\u0105ce ich specyfik\u0119 i wymagania<\/p>\n<p><a href=\"https:\/\/mikrosystem.pl\/wp-content\/uploads\/2012\/07\/Unia.png\"><img loading=\"lazy\" decoding=\"async\" class=\"aligncenter\" title=\"Unia\" src=\"https:\/\/mikrosystem.pl\/wp-content\/uploads\/2012\/07\/Unia.png\" alt=\"\" width=\"270\" height=\"47\" \/><\/a>Projekt wsp\u00f3\u0142finansowany przez Uni\u0119 Europejsk\u0105 z Europejskiego Funduszu rozwoju Regionalnego<\/p>\n<\/td>\n<td style=\"text-align: justify;\" width=\"50%\"><a href=\"https:\/\/mikrosystem.pl\/wp-content\/uploads\/2015\/01\/eKNF_main_screen.png\"><img loading=\"lazy\" decoding=\"async\" class=\" wp-image-1819 aligncenter\" src=\"https:\/\/mikrosystem.pl\/wp-content\/uploads\/2015\/01\/eKNF_main_screen-300x152.png\" alt=\"eKNF_main_screen\" width=\"320\" height=\"162\" srcset=\"https:\/\/mikrosystem.pl\/mikrosystem_www\/wp-content\/uploads\/2015\/01\/eKNF_main_screen-300x152.png 300w, https:\/\/mikrosystem.pl\/mikrosystem_www\/wp-content\/uploads\/2015\/01\/eKNF_main_screen-1024x519.png 1024w, https:\/\/mikrosystem.pl\/mikrosystem_www\/wp-content\/uploads\/2015\/01\/eKNF_main_screen.png 1183w\" sizes=\"auto, (max-width: 320px) 100vw, 320px\" \/><\/a><\/td>\n<\/tr>\n<tr valign=\"top\">\n<td width=\"50%\">Automatyczne pobieranie danych z wielu system\u00f3w:\n<ul>\n<li style=\"text-align: justify;\">Import danych ze wszystkich system\u00f3w rezerwacyjnych GDS, NDC Farelogix SPRK i wszystkich popularnych tanich linii lotniczych<\/li>\n<li style=\"text-align: justify;\">Modu\u0142 hotelowy zintegrowany m.in. z Merigo, Horse21Pro, Ratehawk, Booking.com<\/li>\n<li style=\"text-align: justify;\">Modu\u0142 kolejowy z automatycznym interfejsem do PKP IC i mo\u017cliwo\u015bci\u0105 importu bilet\u00f3w innych przewo\u017anik\u00f3w (DB, Koleje Dolno\u015bl\u0105skie, Koleje Mazowieckie, Koleje \u015al\u0105skie, Polregio, Trainline, SNCF)<\/li>\n<li style=\"text-align: justify;\">Automatyczny import hotelowych faktur kosztowych i dokument\u00f3w z systemu Saldeo, umo\u017cliwiaj\u0105cy import dowolnych koszt\u00f3w i automatyczne wi\u0105zanie ich z odpowiednimi us\u0142ugami.<\/li>\n<\/ul>\n<\/td>\n<td width=\"50%\">Automatyczne fakturowanie, raportowanie, i eksport danych:\n<ul>\n<li style=\"text-align: justify;\">Automatyczne fakturowanie bilet\u00f3w, hoteli, samochod\u00f3w, transfer\u00f3w, i ubezpiecze\u0144<\/li>\n<li style=\"text-align: justify;\">Przesy\u0142anie faktur, ponagle\u0144 p\u0142atno\u015bci, voucher\u00f3w hotelowych<\/li>\n<li style=\"text-align: justify;\">Eksport danych do system\u00f3w informacyjnych i p\u0142atniczych: m.in: Lufthansa Air Plus, iBANK \/ ClientBANK, AMEX BTA, DINERS, GEMS, PRISM, BCD (GRO), VISA, MasterCard<\/li>\n<li style=\"text-align: justify;\">Eksport danych do system\u00f3w ksi\u0119gowych Symfonia, Perseus, Fakir, Navision, Optima<\/li>\n<li>Automatyczne raportowanie<\/li>\n<li>Generowanie Jednolitego Pliku Kontrolnego JPK_FA oraz raport\u00f3w JPK wymaganych przez PLL LOT<\/li>\n<\/ul>\n<\/td>\n<\/tr>\n<\/tbody>\n<\/table>\n<p><a href=\"https:\/\/mikrosystem.pl\/mikrosystem_www\/wp-content\/uploads\/2024\/06\/Statystyki-Parsera-2024-05.png\"><img loading=\"lazy\" decoding=\"async\" class=\"alignleft wp-image-5580 size-medium\" src=\"https:\/\/mikrosystem.pl\/mikrosystem_www\/wp-content\/uploads\/2024\/06\/Statystyki-Parsera-2024-05-300x139.png\" alt=\"\" width=\"300\" height=\"139\" srcset=\"https:\/\/mikrosystem.pl\/mikrosystem_www\/wp-content\/uploads\/2024\/06\/Statystyki-Parsera-2024-05-300x139.png 300w, https:\/\/mikrosystem.pl\/mikrosystem_www\/wp-content\/uploads\/2024\/06\/Statystyki-Parsera-2024-05-768x357.png 768w, https:\/\/mikrosystem.pl\/mikrosystem_www\/wp-content\/uploads\/2024\/06\/Statystyki-Parsera-2024-05.png 900w\" sizes=\"auto, (max-width: 300px) 100vw, 300px\" \/><\/a>eKNF jest wyposa\u017cony w <a href=\"https:\/\/mikrosystem.pl\/index.php\/pomoc\/eknf-instrukcja-obslugi\/przesylanie-rezerwacji-i-biletow-do-eknf-droga-mailowa\">uniwersaln\u0105 skrzynk\u0119 mailow\u0105 <strong>import@eknf.pl<\/strong><\/a>. Skrzynka ta s\u0142u\u017cy do importu danych (bilet\u00f3w lotniczych i kolejowych, rezerwacji hotelowych, ubezpiecze\u0144, itd) od tych dostawc\u00f3w, kt\u00f3rzy nie przesy\u0142aj\u0105 danych do eKNF w spos\u00f3b w pe\u0142ni automatyczny. T\u0105 drog\u0105 mo\u017cna przes\u0142a\u0107 do eKNF bilety i rezerwacje kilkudziesi\u0119ciu r\u00f3\u017cnych dostawc\u00f3w, w tym: bilety lotnicze tanich i regularnych linii, bilety kolejowe, bilety autobusowe, rezerwacje hotelowe, transfery i ubezpieczenia.<\/p>\n<p>Liczba rezerwacji przesy\u0142anych t\u0105 drog\u0105 dynamicznie ro\u015bnie.<\/p>\n<p style=\"text-align: justify;\">\u00a0<\/p>\n<\/div>\n<p><\/p>\n\n\n<p><\/p>\n\n\n\n<p><\/p>","protected":false},"excerpt":{"rendered":"<p>\u00a0eKNF &#8211; nowoczesny i wszechstronny, internetowy system mid-office, obs\u0142uguj\u0105cy wszystkie rodzaje transakcji turystycznych, i wyposa\u017cony w narz\u0119dzia umo\u017cliwiaj\u0105ce kompleksow\u0105 obs\u0142ug\u0119 klient\u00f3w biznesowych i indywidualnych, uwzgl\u0119dniaj\u0105ce ich specyfik\u0119 i wymagania Projekt wsp\u00f3\u0142finansowany przez Uni\u0119 Europejsk\u0105 z Europejskiego Funduszu rozwoju Regionalnego Automatyczne pobieranie danych z wielu system\u00f3w: Import danych ze wszystkich system\u00f3w rezerwacyjnych GDS, NDC Farelogix SPRK &#8230; <a title=\"Home\" class=\"read-more\" href=\"https:\/\/mikrosystem.pl\/\" aria-label=\"Dowiedz si\u0119 wi\u0119cej o Home\">Read more<\/a><\/p>\n","protected":false},"author":5,"featured_media":0,"parent":0,"menu_order":1,"comment_status":"closed","ping_status":"closed","template":"","meta":{"generate_page_header":"","footnotes":""},"class_list":{"0":"post-2741","1":"page","2":"type-page","3":"status-publish","5":"infinite-scroll-item"},"_links":{"self":[{"href":"https:\/\/mikrosystem.pl\/index.php\/wp-json\/wp\/v2\/pages\/2741","targetHints":{"allow":["GET"]}}],"collection":[{"href":"https:\/\/mikrosystem.pl\/index.php\/wp-json\/wp\/v2\/pages"}],"about":[{"href":"https:\/\/mikrosystem.pl\/index.php\/wp-json\/wp\/v2\/types\/page"}],"author":[{"embeddable":true,"href":"https:\/\/mikrosystem.pl\/index.php\/wp-json\/wp\/v2\/users\/5"}],"replies":[{"embeddable":true,"href":"https:\/\/mikrosystem.pl\/index.php\/wp-json\/wp\/v2\/comments?post=2741"}],"version-history":[{"count":98,"href":"https:\/\/mikrosystem.pl\/index.php\/wp-json\/wp\/v2\/pages\/2741\/revisions"}],"predecessor-version":[{"id":5655,"href":"https:\/\/mikrosystem.pl\/index.php\/wp-json\/wp\/v2\/pages\/2741\/revisions\/5655"}],"wp:attachment":[{"href":"https:\/\/mikrosystem.pl\/index.php\/wp-json\/wp\/v2\/media?parent=2741"}],"curies":[{"name":"wp","href":"https:\/\/api.w.org\/{rel}","templated":true}]}}