{"id":2549,"date":"2015-09-25T13:36:02","date_gmt":"2015-09-25T11:36:02","guid":{"rendered":"http:\/\/mikrosystem.pl\/?page_id=2549"},"modified":"2015-09-25T14:24:09","modified_gmt":"2015-09-25T12:24:09","slug":"scalanie-nowych-klientow","status":"publish","type":"page","link":"https:\/\/mikrosystem.pl\/index.php\/pomoc\/eknf-instrukcja-obslugi\/eknf-glowne-okno-programu\/dane-klienta-edycja\/scalanie-nowych-klientow","title":{"rendered":"\u0141\u0105czenie zdublowanych klient\u00f3w"},"content":{"rendered":"<p>W module Klienci:<\/p>\n<ul>\n<li>W polu<em> Nazwa klienta wpisz fraz\u0119 kt\u00f3ra znajduj\u0119 si\u0119 w obu nazwach klienta, kt\u00f3rych chcesz scali\u0107, a nast\u0119pnie kliknij na przycisk Wyszukaj.<\/em><\/li>\n<li>Kliknij prawym klawiszem myszy na nazw\u0119 klienta kt\u00f3rego chcesz zast\u0105pi\u0107. ( W tym przypadku chc\u0119 zast\u0105pi\u0107 firm\u0119 Test na firm\u0119 Testowa dlatego klikam na firm\u0119 Test.)<\/li>\n<li>Wybierz Po\u0142\u0105czenie zdublowanych klient\u00f3w.<\/li>\n<\/ul>\n<p><a href=\"https:\/\/mikrosystem.pl\/wp-content\/uploads\/2015\/09\/Klienci_Lista_klient\u00f3w_NUM_.png\"><img loading=\"lazy\" decoding=\"async\" class=\"alignnone size-full wp-image-2557\" src=\"https:\/\/mikrosystem.pl\/wp-content\/uploads\/2015\/09\/Klienci_Lista_klient\u00f3w_NUM_.png\" alt=\"Klienci_Lista_klient\u00f3w_NUM_\" width=\"1024\" height=\"424\" srcset=\"https:\/\/mikrosystem.pl\/mikrosystem_www\/wp-content\/uploads\/2015\/09\/Klienci_Lista_klient\u00f3w_NUM_.png 1024w, https:\/\/mikrosystem.pl\/mikrosystem_www\/wp-content\/uploads\/2015\/09\/Klienci_Lista_klient\u00f3w_NUM_-300x124.png 300w\" sizes=\"auto, (max-width: 1024px) 100vw, 1024px\" \/><\/a><\/p>\n<ul>\n<li>W polu Po\u0142\u0105czenie zdublowanych klient\u00f3w wpisz nazw\u0119 klienta kt\u00f3ry ma zast\u0105pi\u0107 wybran\u0105 wcze\u015bniej firm\u0119. (W tym wypadku wybieram Firm\u0119 Testow\u0105).<\/li>\n<li>Kliknij przycisk Po\u0142\u0105cz.<\/li>\n<\/ul>\n<p><a href=\"https:\/\/mikrosystem.pl\/wp-content\/uploads\/2015\/09\/Klienci_Lista_klient\u00f3w_NUM_2.png\"><img loading=\"lazy\" decoding=\"async\" class=\"alignnone size-full wp-image-2559\" src=\"https:\/\/mikrosystem.pl\/wp-content\/uploads\/2015\/09\/Klienci_Lista_klient\u00f3w_NUM_2.png\" alt=\"Klienci_Lista_klient\u00f3w_NUM_2\" width=\"1024\" height=\"424\" srcset=\"https:\/\/mikrosystem.pl\/mikrosystem_www\/wp-content\/uploads\/2015\/09\/Klienci_Lista_klient\u00f3w_NUM_2.png 1024w, https:\/\/mikrosystem.pl\/mikrosystem_www\/wp-content\/uploads\/2015\/09\/Klienci_Lista_klient\u00f3w_NUM_2-300x124.png 300w\" sizes=\"auto, (max-width: 1024px) 100vw, 1024px\" \/><\/a><\/p>\n<ul>\n<li>Po po\u0142\u0105czeniu widoczna b\u0119dzie ju\u017c tylko jedna firma. (W tym wypadku Firma Testowa).<\/li>\n<\/ul>\n<p>Uwaga: Po\u0142\u0105czenie b\u0119dzie widoczne dopiero po od\u015bwie\u017ceniu strony internetowej<\/p>\n<p><a href=\"https:\/\/mikrosystem.pl\/wp-content\/uploads\/2015\/09\/Klienci_Lista_klient\u00f3w_NUM_1.png\"><img loading=\"lazy\" decoding=\"async\" class=\"alignnone size-full wp-image-2558\" src=\"https:\/\/mikrosystem.pl\/wp-content\/uploads\/2015\/09\/Klienci_Lista_klient\u00f3w_NUM_1.png\" alt=\"Klienci_Lista_klient\u00f3w_NUM_1\" width=\"1024\" height=\"424\" srcset=\"https:\/\/mikrosystem.pl\/mikrosystem_www\/wp-content\/uploads\/2015\/09\/Klienci_Lista_klient\u00f3w_NUM_1.png 1024w, https:\/\/mikrosystem.pl\/mikrosystem_www\/wp-content\/uploads\/2015\/09\/Klienci_Lista_klient\u00f3w_NUM_1-300x124.png 300w\" sizes=\"auto, (max-width: 1024px) 100vw, 1024px\" \/><\/a><\/p>\n","protected":false},"excerpt":{"rendered":"<p>W module Klienci: W polu Nazwa klienta wpisz fraz\u0119 kt\u00f3ra znajduj\u0119 si\u0119 w obu nazwach klienta, kt\u00f3rych chcesz scali\u0107, a nast\u0119pnie kliknij na przycisk Wyszukaj. Kliknij prawym klawiszem myszy na nazw\u0119 klienta kt\u00f3rego chcesz zast\u0105pi\u0107. ( W tym przypadku chc\u0119 zast\u0105pi\u0107 firm\u0119 Test na firm\u0119 Testowa dlatego klikam na firm\u0119 Test.) Wybierz Po\u0142\u0105czenie zdublowanych klient\u00f3w. &#8230; <a title=\"\u0141\u0105czenie zdublowanych klient\u00f3w\" class=\"read-more\" href=\"https:\/\/mikrosystem.pl\/index.php\/pomoc\/eknf-instrukcja-obslugi\/eknf-glowne-okno-programu\/dane-klienta-edycja\/scalanie-nowych-klientow\" aria-label=\"Dowiedz si\u0119 wi\u0119cej o \u0141\u0105czenie zdublowanych klient\u00f3w\">Read more<\/a><\/p>\n","protected":false},"author":11,"featured_media":0,"parent":2194,"menu_order":0,"comment_status":"closed","ping_status":"closed","template":"faqs.php","meta":{"generate_page_header":"","footnotes":""},"class_list":{"0":"post-2549","1":"page","2":"type-page","3":"status-publish","5":"infinite-scroll-item"},"_links":{"self":[{"href":"https:\/\/mikrosystem.pl\/index.php\/wp-json\/wp\/v2\/pages\/2549","targetHints":{"allow":["GET"]}}],"collection":[{"href":"https:\/\/mikrosystem.pl\/index.php\/wp-json\/wp\/v2\/pages"}],"about":[{"href":"https:\/\/mikrosystem.pl\/index.php\/wp-json\/wp\/v2\/types\/page"}],"author":[{"embeddable":true,"href":"https:\/\/mikrosystem.pl\/index.php\/wp-json\/wp\/v2\/users\/11"}],"replies":[{"embeddable":true,"href":"https:\/\/mikrosystem.pl\/index.php\/wp-json\/wp\/v2\/comments?post=2549"}],"version-history":[{"count":4,"href":"https:\/\/mikrosystem.pl\/index.php\/wp-json\/wp\/v2\/pages\/2549\/revisions"}],"predecessor-version":[{"id":2561,"href":"https:\/\/mikrosystem.pl\/index.php\/wp-json\/wp\/v2\/pages\/2549\/revisions\/2561"}],"up":[{"embeddable":true,"href":"https:\/\/mikrosystem.pl\/index.php\/wp-json\/wp\/v2\/pages\/2194"}],"wp:attachment":[{"href":"https:\/\/mikrosystem.pl\/index.php\/wp-json\/wp\/v2\/media?parent=2549"}],"curies":[{"name":"wp","href":"https:\/\/api.w.org\/{rel}","templated":true}]}}