{"id":2516,"date":"2015-09-01T09:58:10","date_gmt":"2015-09-01T07:58:10","guid":{"rendered":"http:\/\/mikrosystem.pl\/?page_id=2516"},"modified":"2015-09-01T12:13:36","modified_gmt":"2015-09-01T10:13:36","slug":"import-imprezy-turystycznej-z-systemu-merlinx","status":"publish","type":"page","link":"https:\/\/mikrosystem.pl\/index.php\/pomoc\/eknf-instrukcja-obslugi\/eknf-glowne-okno-programu\/tdesk\/import-imprezy-turystycznej-z-systemu-merlinx","title":{"rendered":"Import imprezy turystycznej z systemu MerlinX"},"content":{"rendered":"<p style=\"text-align: justify;\">eKNF mo\u017ce importowa\u0107 rezerwacj\u0119 z systemu MerlinX. Po udost\u0119pnieniu indywidualnego has\u0142a, eKNF zdalnie nawi\u0105zuje po\u0142\u0105czenie z systemem MerlinX daj\u0105c mo\u017cliwo\u015b\u0107 automatycznego pobierania rezerwacji turystycznej do eKNF&#8217;u.<\/p>\n<p style=\"text-align: justify; padding-left: 30px;\">Aby pobra\u0107 rezerwacje turystyczne z wybranego okresu nale\u017cy wej\u015b\u0107 w modu\u0142<strong> TDeck<\/strong>.<\/p>\n<p style=\"text-align: justify; padding-left: 30px;\">Kliknij w pole przeznaczone na dat\u0119 prawym klawiszem myszy i wybierz z listy odpowiedni\u0105 dat\u0119 np. <strong>Dzisiaj<\/strong>, <strong>Wczoraj<\/strong>. Je\u015bli szukasz rezerwacji z konkretnego terminu, wybierz <strong>Zakres dat<\/strong>.<\/p>\n<p style=\"text-align: justify; padding-left: 30px;\">Pobierz rezerwacj\u0119 klikaj\u0105c przycisk <strong>Pobierz<\/strong>.<\/p>\n<p style=\"text-align: justify;\"><a href=\"https:\/\/mikrosystem.pl\/wp-content\/uploads\/2015\/09\/11.png\"><img loading=\"lazy\" decoding=\"async\" class=\"alignnone size-full wp-image-2522\" src=\"https:\/\/mikrosystem.pl\/wp-content\/uploads\/2015\/09\/11.png\" alt=\"11\" width=\"1024\" height=\"446\" srcset=\"https:\/\/mikrosystem.pl\/mikrosystem_www\/wp-content\/uploads\/2015\/09\/11.png 1024w, https:\/\/mikrosystem.pl\/mikrosystem_www\/wp-content\/uploads\/2015\/09\/11-300x131.png 300w\" sizes=\"auto, (max-width: 1024px) 100vw, 1024px\" \/><\/a><\/p>\n<p style=\"text-align: justify;\"><a href=\"https:\/\/mikrosystem.pl\/wp-content\/uploads\/2015\/09\/12.png\"><img loading=\"lazy\" decoding=\"async\" class=\"alignnone size-full wp-image-2523\" src=\"https:\/\/mikrosystem.pl\/wp-content\/uploads\/2015\/09\/12.png\" alt=\"12\" width=\"1024\" height=\"446\" srcset=\"https:\/\/mikrosystem.pl\/mikrosystem_www\/wp-content\/uploads\/2015\/09\/12.png 1024w, https:\/\/mikrosystem.pl\/mikrosystem_www\/wp-content\/uploads\/2015\/09\/12-300x131.png 300w\" sizes=\"auto, (max-width: 1024px) 100vw, 1024px\" \/><\/a><\/p>\n<p style=\"text-align: justify;\"><strong>Uwaga:<\/strong><\/p>\n<p style=\"text-align: justify;\">B\u0142\u0119dy kt\u00f3re mog\u0105 si\u0119 pojawi\u0107 w czasie importu:<\/p>\n<ul style=\"text-align: justify;\">\n<li>&#8220;Za du\u017co danych dozwolone max 100 206&#8221; &#8211; w tym wypadku nale\u017cy zmniejszy\u0107 zakres dat.<\/li>\n<li>&#8220;Data ko\u0144cowa wcze\u015bniejsza od daty pocz\u0105tkowej&#8221; &#8211; w tym wypadku nale\u017cy poprawnie wprowadzi\u0107 dat\u0119.<\/li>\n<\/ul>\n<p style=\"text-align: justify;\"><a href=\"https:\/\/mikrosystem.pl\/wp-content\/uploads\/2015\/09\/13.png\"><img loading=\"lazy\" decoding=\"async\" class=\"alignnone size-full wp-image-2526\" src=\"https:\/\/mikrosystem.pl\/wp-content\/uploads\/2015\/09\/13.png\" alt=\"13\" width=\"1024\" height=\"286\" srcset=\"https:\/\/mikrosystem.pl\/mikrosystem_www\/wp-content\/uploads\/2015\/09\/13.png 1024w, https:\/\/mikrosystem.pl\/mikrosystem_www\/wp-content\/uploads\/2015\/09\/13-300x84.png 300w\" sizes=\"auto, (max-width: 1024px) 100vw, 1024px\" \/><\/a> <a href=\"https:\/\/mikrosystem.pl\/wp-content\/uploads\/2015\/09\/14.png\"><img loading=\"lazy\" decoding=\"async\" class=\"alignnone size-full wp-image-2527\" src=\"https:\/\/mikrosystem.pl\/wp-content\/uploads\/2015\/09\/14.png\" alt=\"14\" width=\"1024\" height=\"285\" srcset=\"https:\/\/mikrosystem.pl\/mikrosystem_www\/wp-content\/uploads\/2015\/09\/14.png 1024w, https:\/\/mikrosystem.pl\/mikrosystem_www\/wp-content\/uploads\/2015\/09\/14-300x83.png 300w\" sizes=\"auto, (max-width: 1024px) 100vw, 1024px\" \/><\/a><\/p>\n<p style=\"text-align: justify;\">\n","protected":false},"excerpt":{"rendered":"<p>eKNF mo\u017ce importowa\u0107 rezerwacj\u0119 z systemu MerlinX. Po udost\u0119pnieniu indywidualnego has\u0142a, eKNF zdalnie nawi\u0105zuje po\u0142\u0105czenie z systemem MerlinX daj\u0105c mo\u017cliwo\u015b\u0107 automatycznego pobierania rezerwacji turystycznej do eKNF&#8217;u. Aby pobra\u0107 rezerwacje turystyczne z wybranego okresu nale\u017cy wej\u015b\u0107 w modu\u0142 TDeck. Kliknij w pole przeznaczone na dat\u0119 prawym klawiszem myszy i wybierz z listy odpowiedni\u0105 dat\u0119 np. Dzisiaj, &#8230; <a title=\"Import imprezy turystycznej z systemu MerlinX\" class=\"read-more\" href=\"https:\/\/mikrosystem.pl\/index.php\/pomoc\/eknf-instrukcja-obslugi\/eknf-glowne-okno-programu\/tdesk\/import-imprezy-turystycznej-z-systemu-merlinx\" aria-label=\"Dowiedz si\u0119 wi\u0119cej o Import imprezy turystycznej z systemu MerlinX\">Read more<\/a><\/p>\n","protected":false},"author":11,"featured_media":0,"parent":1915,"menu_order":0,"comment_status":"closed","ping_status":"closed","template":"faqs.php","meta":{"generate_page_header":"","footnotes":""},"class_list":{"0":"post-2516","1":"page","2":"type-page","3":"status-publish","5":"infinite-scroll-item"},"_links":{"self":[{"href":"https:\/\/mikrosystem.pl\/index.php\/wp-json\/wp\/v2\/pages\/2516","targetHints":{"allow":["GET"]}}],"collection":[{"href":"https:\/\/mikrosystem.pl\/index.php\/wp-json\/wp\/v2\/pages"}],"about":[{"href":"https:\/\/mikrosystem.pl\/index.php\/wp-json\/wp\/v2\/types\/page"}],"author":[{"embeddable":true,"href":"https:\/\/mikrosystem.pl\/index.php\/wp-json\/wp\/v2\/users\/11"}],"replies":[{"embeddable":true,"href":"https:\/\/mikrosystem.pl\/index.php\/wp-json\/wp\/v2\/comments?post=2516"}],"version-history":[{"count":6,"href":"https:\/\/mikrosystem.pl\/index.php\/wp-json\/wp\/v2\/pages\/2516\/revisions"}],"predecessor-version":[{"id":2533,"href":"https:\/\/mikrosystem.pl\/index.php\/wp-json\/wp\/v2\/pages\/2516\/revisions\/2533"}],"up":[{"embeddable":true,"href":"https:\/\/mikrosystem.pl\/index.php\/wp-json\/wp\/v2\/pages\/1915"}],"wp:attachment":[{"href":"https:\/\/mikrosystem.pl\/index.php\/wp-json\/wp\/v2\/media?parent=2516"}],"curies":[{"name":"wp","href":"https:\/\/api.w.org\/{rel}","templated":true}]}}