{"id":2508,"date":"2015-08-31T16:51:43","date_gmt":"2015-08-31T14:51:43","guid":{"rendered":"http:\/\/mikrosystem.pl\/?page_id=2508"},"modified":"2015-08-31T16:51:43","modified_gmt":"2015-08-31T14:51:43","slug":"wprowadzanie-platnosci","status":"publish","type":"page","link":"https:\/\/mikrosystem.pl\/index.php\/pomoc\/eknf-instrukcja-obslugi\/eknf-glowne-okno-programu\/tdesk\/wprowadzanie-platnosci","title":{"rendered":"Wprowadzanie p\u0142atno\u015bci"},"content":{"rendered":"<p style=\"text-align: justify;\">Aby wprowadzi\u0107 p\u0142atno\u015b\u0107 got\u00f3wkow\u0105, informacj\u0119\u00a0 o otrzymanym przelewie, lub wykonanym obci\u0105\u017ceniu karty kredytowej, wska\u017c rezerwacj\u0119, kliknij prawym klawiszem myszy, i wybierz P\u0142atno\u015bci.<\/p>\n<p style=\"text-align: justify;\">Okno p\u0142atno\u015bci pozwala na wprowadzenie informacji o otrzymanej p\u0142atno\u015bci, oraz &#8211; je\u015bli to potrzebne &#8211; na wystawienie dokumentu potwierdzaj\u0105cego p\u0142atno\u015b\u0107 (najcz\u0119\u015bciej KP).<\/p>\n<ul style=\"text-align: justify;\">\n<li><strong>Kwota<\/strong>: Domy\u015blnie eKNF zaproponuje wprowadzenie p\u0142atno\u015bci na ca\u0142\u0105 kwot\u0119 imprezy. Kwot\u0119 mo\u017cna odpowiednio zmodyfikowa\u0107, je\u015bli klient dokona\u0142 tylko p\u0142atno\u015bci cz\u0119\u015bciowej.<\/li>\n<li><strong>Wystawienie dokumentu potwierdzaj\u0105cego p\u0142atno\u015b\u0107<\/strong>: Je\u015bli wraz z wprowadzeniem informacji o p\u0142atno\u015bci chcesz wystawi\u0107 dokument potwierdzaj\u0105cy p\u0142atno\u015b\u0107, wybierz odpowiedni rejestr dokument\u00f3w w polu Wystaw dokument.<\/li>\n<li><strong>Opis<\/strong>: eKNF przekopiuje opis imprezy z dokumentu sprzeda\u017cy. Opis mo\u017cna w razie potrzeby zmodyfikowa\u0107.<\/li>\n<\/ul>\n<p style=\"text-align: justify;\">Wprowadzenie p\u0142atno\u015bci (i wystawienie dokumentu potwierdzaj\u0105cego &#8211; je\u015bli zosta\u0142 wybrany) nast\u0105pi po klikni\u0119ciu na klawisz Dodaj p\u0142atno\u015b\u0107<\/p>\n<p style=\"text-align: justify;\"><a href=\"https:\/\/mikrosystem.pl\/wp-content\/uploads\/2015\/08\/TourDesktop_000034.png\"><img loading=\"lazy\" decoding=\"async\" class=\"size-full wp-image-2509 aligncenter\" src=\"https:\/\/mikrosystem.pl\/wp-content\/uploads\/2015\/08\/TourDesktop_000034.png\" alt=\"TourDesktop_000034\" width=\"732\" height=\"357\" srcset=\"https:\/\/mikrosystem.pl\/mikrosystem_www\/wp-content\/uploads\/2015\/08\/TourDesktop_000034.png 732w, https:\/\/mikrosystem.pl\/mikrosystem_www\/wp-content\/uploads\/2015\/08\/TourDesktop_000034-300x146.png 300w\" sizes=\"auto, (max-width: 732px) 100vw, 732px\" \/><\/a><\/p>\n<p style=\"text-align: justify;\">Je\u015bli do wskazanej imprezy wprowadzono wcze\u015bniej informacje o innych p\u0142atno\u015bciach, b\u0119d\u0105 one widoczne na li\u015bcie p\u0142atno\u015bci po ponownym wywo\u0142anie okna P\u0142atno\u015bci. Je\u015bli wraz z p\u0142atno\u015bci\u0105 powsta\u0142 dokument j\u0105 potwierdzaj\u0105cy (KP lub nota), mo\u017cesz go ponownie wy\u015bwietli\u0107 klikaj\u0105c na ikon\u0119 ze szk\u0142em powi\u0119kszaj\u0105cym znajduj\u0105c\u0105 si\u0119 na li\u015bcie p\u0142atno\u015bci:<\/p>\n<p style=\"text-align: justify;\"><a href=\"https:\/\/mikrosystem.pl\/wp-content\/uploads\/2015\/08\/TourDesktop_000035.png\"><img loading=\"lazy\" decoding=\"async\" class=\"size-full wp-image-2510 aligncenter\" src=\"https:\/\/mikrosystem.pl\/wp-content\/uploads\/2015\/08\/TourDesktop_000035.png\" alt=\"TourDesktop_000035\" width=\"661\" height=\"373\" srcset=\"https:\/\/mikrosystem.pl\/mikrosystem_www\/wp-content\/uploads\/2015\/08\/TourDesktop_000035.png 661w, https:\/\/mikrosystem.pl\/mikrosystem_www\/wp-content\/uploads\/2015\/08\/TourDesktop_000035-300x169.png 300w\" sizes=\"auto, (max-width: 661px) 100vw, 661px\" \/><\/a><\/p>\n<p style=\"text-align: justify;\">Niepoprawnie wprowadzon\u0105 p\u0142atno\u015b\u0107 mo\u017cna usun\u0105\u0107, klikaj\u0105c na czerwony krzy\u017cyk znajduj\u0105cy si\u0119 w kolumnie z lewej strony.<br \/>\n<strong>Uwaga:<\/strong> je\u015bli usuniesz p\u0142atno\u015b\u0107, do kt\u00f3rej zosta\u0142 wystawiony dokument KP, usuni\u0119cie p\u0142atno\u015bci spowoduje r\u00f3wnie\u017c usuni\u0119cie dokumentu KP co mo\u017ce spowodowa\u0107 powstanie dziury w numeracji dokument\u00f3w kasowych.<\/p>\n","protected":false},"excerpt":{"rendered":"<p>Aby wprowadzi\u0107 p\u0142atno\u015b\u0107 got\u00f3wkow\u0105, informacj\u0119\u00a0 o otrzymanym przelewie, lub wykonanym obci\u0105\u017ceniu karty kredytowej, wska\u017c rezerwacj\u0119, kliknij prawym klawiszem myszy, i wybierz P\u0142atno\u015bci. Okno p\u0142atno\u015bci pozwala na wprowadzenie informacji o otrzymanej p\u0142atno\u015bci, oraz &#8211; je\u015bli to potrzebne &#8211; na wystawienie dokumentu potwierdzaj\u0105cego p\u0142atno\u015b\u0107 (najcz\u0119\u015bciej KP). Kwota: Domy\u015blnie eKNF zaproponuje wprowadzenie p\u0142atno\u015bci na ca\u0142\u0105 kwot\u0119 imprezy. Kwot\u0119 &#8230; <a title=\"Wprowadzanie p\u0142atno\u015bci\" class=\"read-more\" href=\"https:\/\/mikrosystem.pl\/index.php\/pomoc\/eknf-instrukcja-obslugi\/eknf-glowne-okno-programu\/tdesk\/wprowadzanie-platnosci\" aria-label=\"Dowiedz si\u0119 wi\u0119cej o Wprowadzanie p\u0142atno\u015bci\">Read more<\/a><\/p>\n","protected":false},"author":5,"featured_media":0,"parent":1915,"menu_order":0,"comment_status":"closed","ping_status":"closed","template":"faqs.php","meta":{"generate_page_header":"","footnotes":""},"class_list":{"0":"post-2508","1":"page","2":"type-page","3":"status-publish","5":"infinite-scroll-item"},"_links":{"self":[{"href":"https:\/\/mikrosystem.pl\/index.php\/wp-json\/wp\/v2\/pages\/2508","targetHints":{"allow":["GET"]}}],"collection":[{"href":"https:\/\/mikrosystem.pl\/index.php\/wp-json\/wp\/v2\/pages"}],"about":[{"href":"https:\/\/mikrosystem.pl\/index.php\/wp-json\/wp\/v2\/types\/page"}],"author":[{"embeddable":true,"href":"https:\/\/mikrosystem.pl\/index.php\/wp-json\/wp\/v2\/users\/5"}],"replies":[{"embeddable":true,"href":"https:\/\/mikrosystem.pl\/index.php\/wp-json\/wp\/v2\/comments?post=2508"}],"version-history":[{"count":2,"href":"https:\/\/mikrosystem.pl\/index.php\/wp-json\/wp\/v2\/pages\/2508\/revisions"}],"predecessor-version":[{"id":2512,"href":"https:\/\/mikrosystem.pl\/index.php\/wp-json\/wp\/v2\/pages\/2508\/revisions\/2512"}],"up":[{"embeddable":true,"href":"https:\/\/mikrosystem.pl\/index.php\/wp-json\/wp\/v2\/pages\/1915"}],"wp:attachment":[{"href":"https:\/\/mikrosystem.pl\/index.php\/wp-json\/wp\/v2\/media?parent=2508"}],"curies":[{"name":"wp","href":"https:\/\/api.w.org\/{rel}","templated":true}]}}