{"id":2489,"date":"2015-08-31T13:53:01","date_gmt":"2015-08-31T11:53:01","guid":{"rendered":"http:\/\/mikrosystem.pl\/?page_id=2489"},"modified":"2015-08-31T15:46:11","modified_gmt":"2015-08-31T13:46:11","slug":"wprowadzenie-jej-recznie-klawisz-dodaj-nowa-rezerwacje","status":"publish","type":"page","link":"https:\/\/mikrosystem.pl\/index.php\/pomoc\/eknf-instrukcja-obslugi\/eknf-glowne-okno-programu\/tdesk\/wprowadzenie-jej-recznie-klawisz-dodaj-nowa-rezerwacje","title":{"rendered":"R\u0119czne wprowadzenie rezerwacji turystycznej"},"content":{"rendered":"<p>&nbsp;<\/p>\n<p>eKNF pozwala na r\u0119czne wprowadzanie rezerwacji turystycznej.<\/p>\n<p>&nbsp;<\/p>\n<p>Aby doda\u0107 rezerwacje wybierz modu\u0142 TDesk, a nast\u0119pnie kliknij Dodaj now\u0105 rezerwacj\u0119.<\/p>\n<p><a href=\"https:\/\/mikrosystem.pl\/wp-content\/uploads\/2015\/08\/6.png\"><img loading=\"lazy\" decoding=\"async\" class=\"alignnone size-full wp-image-2498\" src=\"https:\/\/mikrosystem.pl\/wp-content\/uploads\/2015\/08\/6.png\" alt=\"6\" width=\"1024\" height=\"500\" srcset=\"https:\/\/mikrosystem.pl\/mikrosystem_www\/wp-content\/uploads\/2015\/08\/6.png 1024w, https:\/\/mikrosystem.pl\/mikrosystem_www\/wp-content\/uploads\/2015\/08\/6-300x146.png 300w\" sizes=\"auto, (max-width: 1024px) 100vw, 1024px\" \/><\/a><\/p>\n<p>Nast\u0119pnie wype\u0142nij rubryki:<\/p>\n<p><strong>Status eKNF:\u00a0<\/strong>Nale\u017cy wybra\u0107 z listy.<\/p>\n<p><strong>Klient:<\/strong> Gdy rezerwacji dokonuje osoba prywatna, nale\u017cy wpisa\u0107 Klient Indywidualny i wybra\u0107 go z listy.<\/p>\n<p><a href=\"https:\/\/mikrosystem.pl\/wp-content\/uploads\/2015\/08\/9.png\"><img loading=\"lazy\" decoding=\"async\" class=\"alignnone size-full wp-image-2503\" src=\"https:\/\/mikrosystem.pl\/wp-content\/uploads\/2015\/08\/9.png\" alt=\"9\" width=\"522\" height=\"357\" srcset=\"https:\/\/mikrosystem.pl\/mikrosystem_www\/wp-content\/uploads\/2015\/08\/9.png 522w, https:\/\/mikrosystem.pl\/mikrosystem_www\/wp-content\/uploads\/2015\/08\/9-300x205.png 300w\" sizes=\"auto, (max-width: 522px) 100vw, 522px\" \/><\/a><\/p>\n<p><strong>Segmenty:<\/strong> Kliknij Dodaj segment .<\/p>\n<ul>\n<li><strong>Typ:<\/strong> Wybierz z listy<strong><em> Lot<\/em><\/strong> lub <strong><em>Hotel.<\/em><\/strong><\/li>\n<li><strong>Us\u0142uga:<\/strong>\n<ul>\n<li>Dla Lotu wpisz tras\u0119 przelotu wykorzystuj\u0105c nazwy port\u00f3w lotniczych IATA np.\u00a0 Warszawa-Wroc\u0142aw-Warszawa -&gt; WAWWRO WROWAW.<\/li>\n<li>Dla Hotelu wpisz miasto pobytu wykorzystuj\u0105c nazwy port\u00f3w lotniczych IATA np.\u00a0 Wroc\u0142aw -&gt;WRO.<\/li>\n<\/ul>\n<\/li>\n<li><strong>Ilo\u015b\u0107:<\/strong>\n<ul>\n<li>Dla Lotu liczba os\u00f3b podr\u00f3\u017cuj\u0105cych.<\/li>\n<li>Dla Hotelu liczba wynaj\u0119tych pokoi np. dla dw\u00f3ch os\u00f3b mo\u017cna wynaj\u0105\u0107 jeden pok\u00f3j dwuosobowy.<\/li>\n<\/ul>\n<\/li>\n<li><strong>Cena: <\/strong>cena pojedynczego segmentu.<\/li>\n<\/ul>\n<p><strong>Osoby:<\/strong> Kliknij Dodaj osob\u0119.<\/p>\n<ul>\n<li><strong>Nazwa:<\/strong> Nazwisko i Imi\u0119 Pasa\u017cera.<\/li>\n<li><strong>Wiek:<\/strong> Nale\u017cy wybra\u0107 dat\u0119 urodzenia pasa\u017cera.<\/li>\n<li><strong>Cena:<\/strong> Jest to koszt jaki przypada na pasa\u017cera. Je\u015bli pasa\u017cer\u00f3w jest wi\u0119cej ni\u017c jeden, Cen\u0119 Total nale\u017cy podzieli\u0107 przez liczb\u0119 pasa\u017cer\u00f3w.<\/li>\n<\/ul>\n<p><a href=\"https:\/\/mikrosystem.pl\/wp-content\/uploads\/2015\/08\/8.png\"><img loading=\"lazy\" decoding=\"async\" class=\"alignnone size-full wp-image-2502\" src=\"https:\/\/mikrosystem.pl\/wp-content\/uploads\/2015\/08\/8.png\" alt=\"8\" width=\"522\" height=\"409\" srcset=\"https:\/\/mikrosystem.pl\/mikrosystem_www\/wp-content\/uploads\/2015\/08\/8.png 522w, https:\/\/mikrosystem.pl\/mikrosystem_www\/wp-content\/uploads\/2015\/08\/8-300x235.png 300w\" sizes=\"auto, (max-width: 522px) 100vw, 522px\" \/><\/a><\/p>\n<p>Zapisz rezerwacj\u0119 klikaj\u0105c <strong><em>Zapisz.<\/em><\/strong><\/p>\n<p><strong>Uwaga:<\/strong>\u00a0 By rezerwacja zapisa\u0142a si\u0119 poprawnie, wymagane jest wype\u0142nienie wszystkich rubryk.<\/p>\n<p>&nbsp;<\/p>\n","protected":false},"excerpt":{"rendered":"<p>&nbsp; eKNF pozwala na r\u0119czne wprowadzanie rezerwacji turystycznej. &nbsp; Aby doda\u0107 rezerwacje wybierz modu\u0142 TDesk, a nast\u0119pnie kliknij Dodaj now\u0105 rezerwacj\u0119. Nast\u0119pnie wype\u0142nij rubryki: Status eKNF:\u00a0Nale\u017cy wybra\u0107 z listy. Klient: Gdy rezerwacji dokonuje osoba prywatna, nale\u017cy wpisa\u0107 Klient Indywidualny i wybra\u0107 go z listy. Segmenty: Kliknij Dodaj segment . Typ: Wybierz z listy Lot lub &#8230; <a title=\"R\u0119czne wprowadzenie rezerwacji turystycznej\" class=\"read-more\" href=\"https:\/\/mikrosystem.pl\/index.php\/pomoc\/eknf-instrukcja-obslugi\/eknf-glowne-okno-programu\/tdesk\/wprowadzenie-jej-recznie-klawisz-dodaj-nowa-rezerwacje\" aria-label=\"Dowiedz si\u0119 wi\u0119cej o R\u0119czne wprowadzenie rezerwacji turystycznej\">Read more<\/a><\/p>\n","protected":false},"author":11,"featured_media":0,"parent":1915,"menu_order":0,"comment_status":"closed","ping_status":"closed","template":"faqs.php","meta":{"generate_page_header":"","footnotes":""},"class_list":{"0":"post-2489","1":"page","2":"type-page","3":"status-publish","5":"infinite-scroll-item"},"_links":{"self":[{"href":"https:\/\/mikrosystem.pl\/index.php\/wp-json\/wp\/v2\/pages\/2489","targetHints":{"allow":["GET"]}}],"collection":[{"href":"https:\/\/mikrosystem.pl\/index.php\/wp-json\/wp\/v2\/pages"}],"about":[{"href":"https:\/\/mikrosystem.pl\/index.php\/wp-json\/wp\/v2\/types\/page"}],"author":[{"embeddable":true,"href":"https:\/\/mikrosystem.pl\/index.php\/wp-json\/wp\/v2\/users\/11"}],"replies":[{"embeddable":true,"href":"https:\/\/mikrosystem.pl\/index.php\/wp-json\/wp\/v2\/comments?post=2489"}],"version-history":[{"count":5,"href":"https:\/\/mikrosystem.pl\/index.php\/wp-json\/wp\/v2\/pages\/2489\/revisions"}],"predecessor-version":[{"id":2501,"href":"https:\/\/mikrosystem.pl\/index.php\/wp-json\/wp\/v2\/pages\/2489\/revisions\/2501"}],"up":[{"embeddable":true,"href":"https:\/\/mikrosystem.pl\/index.php\/wp-json\/wp\/v2\/pages\/1915"}],"wp:attachment":[{"href":"https:\/\/mikrosystem.pl\/index.php\/wp-json\/wp\/v2\/media?parent=2489"}],"curies":[{"name":"wp","href":"https:\/\/api.w.org\/{rel}","templated":true}]}}