{"id":2473,"date":"2015-08-31T11:22:28","date_gmt":"2015-08-31T09:22:28","guid":{"rendered":"http:\/\/mikrosystem.pl\/?page_id=2473"},"modified":"2015-08-31T11:22:28","modified_gmt":"2015-08-31T09:22:28","slug":"wystawienie-dokumentu-sprzedazy","status":"publish","type":"page","link":"https:\/\/mikrosystem.pl\/index.php\/pomoc\/eknf-instrukcja-obslugi\/eknf-glowne-okno-programu\/tdesk\/wystawienie-dokumentu-sprzedazy","title":{"rendered":"Wystawienie dokumentu sprzeda\u017cy"},"content":{"rendered":"<p style=\"text-align: justify;\">Dokument sprzeda\u017cy, w wypadku imprezy turystycznej, najcz\u0119\u015bciej nie jest potrzebny klientowi ko\u0144cowemu, dla kt\u00f3rego podstawowym dokumentem jest umowa wystawiona przed organizatora. Nie jest on te\u017c najcz\u0119\u015bciej ksi\u0119gowany. Jest jednak bardzo pomocny przy rozliczaniu imprezy przez biuro podr\u00f3\u017cy, poniewa\u017c wi\u0105\u017ce ze sob\u0105 wszystkie kluczowe elementy: opis imprezy, jej cen\u0119, dane klienta, i informacje o p\u0142atno\u015bciach.<br \/>\nAby odr\u00f3\u017cni\u0107 dokumenty sprzeda\u017cy s\u0142u\u017c\u0105ce do rozlicze\u0144 imprez turystycznych od innych faktur, zaleca si\u0119 wystawianie ich w oddzielnym rejestrze (np. o nazwie TUR), i wyr\u00f3\u017cnienie odpowiedni\u0105 nazw\u0105 w nag\u0142\u00f3wku (np. &#8216;Rozliczenie imprezy turystycznej&#8217; zamiast standardowego &#8216;Faktura VAT&#8217; lub &#8216;Paragon&#8217;)<\/p>\n<p><span style=\"text-decoration: underline;\">Wystawienie dokumentu sprzeda\u017cy<\/span> jest pierwszym krokiem w procesie rozliczania imprezy turystycznej. Aby wystawi\u0107 dokument:<\/p>\n<ul style=\"text-align: justify;\">\n<li>znajd\u017a imprez\u0119 na li\u015bcie w module TDesk, kliknij na ni\u0105 prawym klawiszem myszy, i wybierz: Faktura -&gt; Wystaw do edycji.<\/li>\n<li>wybierz klienta (je\u015bli jest to osoba indywidualna, kt\u00f3ra nie ma swojego wpisu w bazie kontrahent\u00f3w, wybierz z bazy &#8216;KLIENT INDYWIDUALNY&#8217;. W czasie wystawiania dokumentu eKNF zast\u0105pi t\u0119 nazw\u0119 klienta imieniem i nazwiskiem osoby rezerwuj\u0105cej imprez\u0119.<\/li>\n<li>sprawd\u017a i zapisz opis imprezy<\/li>\n<li>dale post\u0119puj tak, jak przy wystawianiu wszystkich innych typ\u00f3w dokument\u00f3w<\/li>\n<\/ul>\n<p style=\"text-align: justify;\"><a href=\"https:\/\/mikrosystem.pl\/wp-content\/uploads\/2015\/08\/TourDesktop_000029.png\"><img loading=\"lazy\" decoding=\"async\" class=\"size-large wp-image-2477 aligncenter\" src=\"https:\/\/mikrosystem.pl\/wp-content\/uploads\/2015\/08\/TourDesktop_000029-1024x602.png\" alt=\"TourDesktop_000029\" width=\"1024\" height=\"602\" srcset=\"https:\/\/mikrosystem.pl\/mikrosystem_www\/wp-content\/uploads\/2015\/08\/TourDesktop_000029.png 1024w, https:\/\/mikrosystem.pl\/mikrosystem_www\/wp-content\/uploads\/2015\/08\/TourDesktop_000029-300x176.png 300w\" sizes=\"auto, (max-width: 1024px) 100vw, 1024px\" \/><\/a><\/p>\n<p style=\"text-align: justify;\"><span style=\"text-decoration: underline;\">Wprowadzanie p\u0142atno\u015bci<\/span>:<\/p>\n<p style=\"text-align: justify;\">Je\u015bli klient wp\u0142aca zaliczk\u0119 got\u00f3wkow\u0105, mo\u017cesz od razu wprowadzi\u0107 tak\u0105 informacj\u0119 na wystawianym dokumencie, klikaj\u0105c na Dodaj p\u0142atno\u015b\u0107 (w dolnej cz\u0119\u015bci okna edycji dokumentu), i wystawiaj\u0105c dokument KP. Je\u015bli dodatkowo w oknie edycji faktury zaznaczysz opcj\u0119 &#8216;Poka\u017c informacje o p\u0142atno\u015bciach na fakturze&#8217; w stopce dokumentu zostanie umieszczona informacja o tym, jak\u0105 kwot\u0119 ju\u017c zap\u0142acono, a jaka pozostaje jeszcze do zap\u0142aty:<\/p>\n<p style=\"text-align: justify;\"><a href=\"https:\/\/mikrosystem.pl\/wp-content\/uploads\/2015\/08\/Dokumenty_sprzeda\u017cy_000032.png\"><img loading=\"lazy\" decoding=\"async\" class=\"size-large wp-image-2475 aligncenter\" src=\"https:\/\/mikrosystem.pl\/wp-content\/uploads\/2015\/08\/Dokumenty_sprzeda\u017cy_000032-1024x648.png\" alt=\"Dokumenty_sprzeda\u017cy_000032\" width=\"1024\" height=\"648\" srcset=\"https:\/\/mikrosystem.pl\/mikrosystem_www\/wp-content\/uploads\/2015\/08\/Dokumenty_sprzeda\u017cy_000032.png 1024w, https:\/\/mikrosystem.pl\/mikrosystem_www\/wp-content\/uploads\/2015\/08\/Dokumenty_sprzeda\u017cy_000032-300x190.png 300w\" sizes=\"auto, (max-width: 1024px) 100vw, 1024px\" \/><\/a><\/p>\n<p style=\"text-align: justify;\"><a href=\"https:\/\/mikrosystem.pl\/wp-content\/uploads\/2015\/08\/Dokumenty_sprzeda\u017cy_000033.png\"><img loading=\"lazy\" decoding=\"async\" class=\"size-full wp-image-2476 aligncenter\" src=\"https:\/\/mikrosystem.pl\/wp-content\/uploads\/2015\/08\/Dokumenty_sprzeda\u017cy_000033.png\" alt=\"Dokumenty_sprzeda\u017cy_000033\" width=\"944\" height=\"690\" srcset=\"https:\/\/mikrosystem.pl\/mikrosystem_www\/wp-content\/uploads\/2015\/08\/Dokumenty_sprzeda\u017cy_000033.png 944w, https:\/\/mikrosystem.pl\/mikrosystem_www\/wp-content\/uploads\/2015\/08\/Dokumenty_sprzeda\u017cy_000033-300x219.png 300w\" sizes=\"auto, (max-width: 944px) 100vw, 944px\" \/><\/a><br \/>\nP\u0142atno\u015bci (got\u00f3wkowe,przelewowe, czy p\u0142atne kart\u0105) mo\u017cesz te\u017c w dowolnym p\u00f3\u017aniejszym momencie wprowadzi\u0107 z poziomu TDesku, klikaj\u0105c na wybran\u0105 imprez\u0119 prawym klawiszem myszy, i wybieraj\u0105c polecenie Dodaj p\u0142atno\u015b\u0107.<\/p>\n","protected":false},"excerpt":{"rendered":"<p>Dokument sprzeda\u017cy, w wypadku imprezy turystycznej, najcz\u0119\u015bciej nie jest potrzebny klientowi ko\u0144cowemu, dla kt\u00f3rego podstawowym dokumentem jest umowa wystawiona przed organizatora. Nie jest on te\u017c najcz\u0119\u015bciej ksi\u0119gowany. Jest jednak bardzo pomocny przy rozliczaniu imprezy przez biuro podr\u00f3\u017cy, poniewa\u017c wi\u0105\u017ce ze sob\u0105 wszystkie kluczowe elementy: opis imprezy, jej cen\u0119, dane klienta, i informacje o p\u0142atno\u015bciach. Aby &#8230; <a title=\"Wystawienie dokumentu sprzeda\u017cy\" class=\"read-more\" href=\"https:\/\/mikrosystem.pl\/index.php\/pomoc\/eknf-instrukcja-obslugi\/eknf-glowne-okno-programu\/tdesk\/wystawienie-dokumentu-sprzedazy\" aria-label=\"Dowiedz si\u0119 wi\u0119cej o Wystawienie dokumentu sprzeda\u017cy\">Read more<\/a><\/p>\n","protected":false},"author":5,"featured_media":0,"parent":1915,"menu_order":0,"comment_status":"closed","ping_status":"closed","template":"faqs.php","meta":{"generate_page_header":"","footnotes":""},"class_list":{"0":"post-2473","1":"page","2":"type-page","3":"status-publish","5":"infinite-scroll-item"},"_links":{"self":[{"href":"https:\/\/mikrosystem.pl\/index.php\/wp-json\/wp\/v2\/pages\/2473","targetHints":{"allow":["GET"]}}],"collection":[{"href":"https:\/\/mikrosystem.pl\/index.php\/wp-json\/wp\/v2\/pages"}],"about":[{"href":"https:\/\/mikrosystem.pl\/index.php\/wp-json\/wp\/v2\/types\/page"}],"author":[{"embeddable":true,"href":"https:\/\/mikrosystem.pl\/index.php\/wp-json\/wp\/v2\/users\/5"}],"replies":[{"embeddable":true,"href":"https:\/\/mikrosystem.pl\/index.php\/wp-json\/wp\/v2\/comments?post=2473"}],"version-history":[{"count":2,"href":"https:\/\/mikrosystem.pl\/index.php\/wp-json\/wp\/v2\/pages\/2473\/revisions"}],"predecessor-version":[{"id":2479,"href":"https:\/\/mikrosystem.pl\/index.php\/wp-json\/wp\/v2\/pages\/2473\/revisions\/2479"}],"up":[{"embeddable":true,"href":"https:\/\/mikrosystem.pl\/index.php\/wp-json\/wp\/v2\/pages\/1915"}],"wp:attachment":[{"href":"https:\/\/mikrosystem.pl\/index.php\/wp-json\/wp\/v2\/media?parent=2473"}],"curies":[{"name":"wp","href":"https:\/\/api.w.org\/{rel}","templated":true}]}}