{"id":2452,"date":"2015-08-28T15:45:49","date_gmt":"2015-08-28T13:45:49","guid":{"rendered":"http:\/\/mikrosystem.pl\/?page_id=2452"},"modified":"2015-08-31T11:49:13","modified_gmt":"2015-08-31T09:49:13","slug":"przesylanie-faktur-emailem-definiowanie-szablonow-wiadomosci","status":"publish","type":"page","link":"https:\/\/mikrosystem.pl\/index.php\/pomoc\/eknf-instrukcja-obslugi\/przesylanie-faktur-emailem-definiowanie-szablonow-wiadomosci","title":{"rendered":"Przesy\u0142anie faktur email&#8217;em &#8211; definiowanie szablon\u00f3w wiadomo\u015bci"},"content":{"rendered":"<p style=\"text-align: justify;\">eKNF pozwala na edytowanie szablon\u00f3w wiadomo\u015bci przy przesy\u0142aniu faktur.<\/p>\n<p style=\"text-align: justify;\">Wejd\u017a w modu\u0142 <strong>Administracja<\/strong> na nast\u0119pnie, kliknij na zak\u0142adk\u0119 <strong>Parametry systemowe<\/strong><\/p>\n<p style=\"text-align: justify;\"><a href=\"https:\/\/mikrosystem.pl\/wp-content\/uploads\/2015\/08\/1.png\"><img loading=\"lazy\" decoding=\"async\" class=\"alignnone size-full wp-image-2457\" src=\"https:\/\/mikrosystem.pl\/wp-content\/uploads\/2015\/08\/1.png\" alt=\"1\" width=\"1024\" height=\"589\" srcset=\"https:\/\/mikrosystem.pl\/mikrosystem_www\/wp-content\/uploads\/2015\/08\/1.png 1024w, https:\/\/mikrosystem.pl\/mikrosystem_www\/wp-content\/uploads\/2015\/08\/1-300x173.png 300w\" sizes=\"auto, (max-width: 1024px) 100vw, 1024px\" \/><\/a><\/p>\n<p style=\"text-align: justify;\">Wyszukaj w polu <strong>Nazwa zmiennej<\/strong> s\u0142owa <em><strong>&#8220;email&#8221;<\/strong><\/em><\/p>\n<p style=\"text-align: justify;\"><a href=\"https:\/\/mikrosystem.pl\/wp-content\/uploads\/2015\/08\/2.png\"><img loading=\"lazy\" decoding=\"async\" class=\"alignnone size-full wp-image-2458\" src=\"https:\/\/mikrosystem.pl\/wp-content\/uploads\/2015\/08\/2.png\" alt=\"2\" width=\"1024\" height=\"589\" srcset=\"https:\/\/mikrosystem.pl\/mikrosystem_www\/wp-content\/uploads\/2015\/08\/2.png 1024w, https:\/\/mikrosystem.pl\/mikrosystem_www\/wp-content\/uploads\/2015\/08\/2-300x173.png 300w\" sizes=\"auto, (max-width: 1024px) 100vw, 1024px\" \/><\/a><\/p>\n<p style=\"text-align: justify;\"><strong>Uwaga: <\/strong>Ka\u017cdy wiersz w rubryce <strong>Nazwa<\/strong> jest zdefiniowany w rubryce <strong>Opis<\/strong>, dzi\u0119ki temu mo\u017cna \u0142atwo znale\u017a\u0107\u00a0 odpowiedni element email&#8217;a kt\u00f3ry chcemy zmieni\u0107.<\/p>\n<p style=\"text-align: justify;\"><a href=\"https:\/\/mikrosystem.pl\/wp-content\/uploads\/2015\/08\/3.png\"><img loading=\"lazy\" decoding=\"async\" class=\"size-full wp-image-2459 aligncenter\" src=\"https:\/\/mikrosystem.pl\/wp-content\/uploads\/2015\/08\/3.png\" alt=\"3\" width=\"1024\" height=\"589\" srcset=\"https:\/\/mikrosystem.pl\/mikrosystem_www\/wp-content\/uploads\/2015\/08\/3.png 1024w, https:\/\/mikrosystem.pl\/mikrosystem_www\/wp-content\/uploads\/2015\/08\/3-300x173.png 300w\" sizes=\"auto, (max-width: 1024px) 100vw, 1024px\" \/><\/a><\/p>\n<p style=\"text-align: justify;\"><strong>Znaczenie zmiennych:<\/strong><\/p>\n<p style=\"text-align: justify;\">INVOICE_EMAIL_DEFAULT_TITLE &#8211; Tytu\u0142 wiadomo\u015bci e-mail u\u017cywanej przy wysy\u0142aniu faktur<br \/>\nINVOICE_EMAIL_DEFAULT_MESSAGE &#8211; Tre\u015b\u0107 wiadomo\u015bci e-mail u\u017cywanej przy wysy\u0142aniu faktur<\/p>\n<p>INVOICE_EMAIL_REMINDER1_TITLE &#8211;\u00a0\u00a0 \u00a0Tytu\u0142 wiadomo\u015bci e-mail z ponagleniem do zap\u0142aty<br \/>\nNVOICE_EMAIL_REMINDER1_BODY &#8211;\u00a0\u00a0 \u00a0Tre\u015b\u0107 wiadomo\u015bci e-mail z ponagleniem do zap\u0142aty<\/p>\n<p>INVOICE_EMAIL_REMINDER2_TITLE &#8211;\u00a0\u00a0 \u00a0Tytu\u0142 wiadomo\u015bci e-mail z wezwaniem do zap\u0142aty<br \/>\nNVOICE_EMAIL_REMINDER2_BODY &#8211;\u00a0\u00a0 \u00a0Tre\u015b\u0107 wiadomo\u015bci e-mail z wezwaniem do zap\u0142aty<\/p>\n<p>INVOICE_EMAIL_REMINDER3_TITLE &#8211;\u00a0\u00a0 \u00a0Tytu\u0142 wiadomo\u015bci z przypomnieniem o up\u0142ywaj\u0105cym terminie p\u0142atno\u015bci<br \/>\nNVOICE_EMAIL_REMINDER3_BODY &#8211;\u00a0\u00a0 \u00a0Tre\u015b\u0107 wiadomo\u015bci z przypomnieniem o up\u0142ywaj\u0105cym terminie p\u0142atno\u015bci<\/p>\n<p>VOUCHER_EMAIL_DEFAULT_TITLE &#8211; Tytu\u0142 wiadomo\u015bci e-mail u\u017cywanej do przes\u0142ania vouchera hotelowego<br \/>\nVOUCHER_EMAIL_DEFAULT_MESSAGE &#8211; Tre\u015b\u0107 wiadomo\u015bci e-mail u\u017cywanej do przes\u0142ania vouchera hotelowego<\/p>\n<p style=\"text-align: justify;\">Edycja szablonu wiadomo\u015bci odbywa si\u0119 w rubryce<strong> Warto\u015b\u0107<\/strong>:<\/p>\n<p style=\"text-align: justify;\">W tek\u015bcie mo\u017cna stosowa\u0107 nast\u0119puj\u0105ce zmienne i znaki specjalne:<\/p>\n<ul style=\"text-align: justify;\">\n<li>&lt;br\/&gt;\u00a0 \u00a0 \u00a0 \u00a0 \u00a0 \u00a0\u00a0\u00a0\u00a0 &#8211; \u00a0 nowa linia<\/li>\n<li>&lt;nr_faktury&gt;\u00a0\u00a0 &#8211;\u00a0\u00a0 numer faktury wpisywany jest automatycznie przez system<\/li>\n<li>&lt;data_wyst&gt;\u00a0 \u00a0 &#8211;\u00a0\u00a0 data wystawienia faktury wpisywane jest automatycznie przez system<\/li>\n<li>&lt;user_name&gt;\u00a0\u00a0 &#8211;\u00a0\u00a0 imi\u0119 i nazwisko osoby wysy\u0142aj\u0105cej faktur\u0119 wpisywane jest automatycznie przez system<\/li>\n<\/ul>\n<p style=\"text-align: justify;\">Przyk\u0142ad szablonu wiadomo\u015bci:<\/p>\n<p style=\"text-align: justify;\">Witam,&lt;br\/&gt;&lt;br\/&gt;Przesy\u0142am elektroniczn\u0105 wersj\u0119 faktury &lt;nr_faktury&gt; wystawionej dnia &lt;data_wyst&gt;. &lt;br\/&gt;&lt;br\/&gt;Pozdrawiam serdecznie, &lt;br\/&gt;&lt;br\/&gt;&lt;user_name&gt;&lt;br\/&gt;&lt;br\/&gt;Mikrosystem s.c.&lt;br\/&gt;tel. (22) 100 50 48<\/p>\n<p style=\"text-align: justify;\">Dla wygody, tekst szablonu zalecamy skopiowa\u0107 do okna zewn\u0119trznego edytora (np. notepada), tam wyedytowa\u0107, a nast\u0119pnie skopiowa\u0107 z powrotem do okna eKNF, i zapisa\u0107.<\/p>\n<p style=\"text-align: justify;\">Wygl\u0105d wiadomo\u015bci email&#8217;a utworzonej automatycznie<\/p>\n<p style=\"text-align: justify;\"><a href=\"https:\/\/mikrosystem.pl\/wp-content\/uploads\/2015\/08\/5.png\"><img loading=\"lazy\" decoding=\"async\" class=\"alignnone size-full wp-image-2468\" src=\"https:\/\/mikrosystem.pl\/wp-content\/uploads\/2015\/08\/5.png\" alt=\"5\" width=\"795\" height=\"581\" srcset=\"https:\/\/mikrosystem.pl\/mikrosystem_www\/wp-content\/uploads\/2015\/08\/5.png 795w, https:\/\/mikrosystem.pl\/mikrosystem_www\/wp-content\/uploads\/2015\/08\/5-300x219.png 300w\" sizes=\"auto, (max-width: 795px) 100vw, 795px\" \/><\/a><\/p>\n<p style=\"text-align: justify;\">Zapisz zmiany przy u\u017cyciu ikonki <strong>Zapisz Zmiany<\/strong><\/p>\n<p style=\"text-align: justify;\"><strong>Uwaga:<\/strong> Nale\u017cy zapisywa\u0107 ka\u017cda zmian\u0119 edytowanego wiersza z osobna.<\/p>\n<p style=\"text-align: justify;\"><a href=\"https:\/\/mikrosystem.pl\/wp-content\/uploads\/2015\/08\/4.png\"><img loading=\"lazy\" decoding=\"async\" class=\"alignnone size-full wp-image-2460\" src=\"https:\/\/mikrosystem.pl\/wp-content\/uploads\/2015\/08\/4.png\" alt=\"4\" width=\"1024\" height=\"589\" srcset=\"https:\/\/mikrosystem.pl\/mikrosystem_www\/wp-content\/uploads\/2015\/08\/4.png 1024w, https:\/\/mikrosystem.pl\/mikrosystem_www\/wp-content\/uploads\/2015\/08\/4-300x173.png 300w\" sizes=\"auto, (max-width: 1024px) 100vw, 1024px\" \/><\/a><\/p>\n","protected":false},"excerpt":{"rendered":"<p>eKNF pozwala na edytowanie szablon\u00f3w wiadomo\u015bci przy przesy\u0142aniu faktur. Wejd\u017a w modu\u0142 Administracja na nast\u0119pnie, kliknij na zak\u0142adk\u0119 Parametry systemowe Wyszukaj w polu Nazwa zmiennej s\u0142owa &#8220;email&#8221; Uwaga: Ka\u017cdy wiersz w rubryce Nazwa jest zdefiniowany w rubryce Opis, dzi\u0119ki temu mo\u017cna \u0142atwo znale\u017a\u0107\u00a0 odpowiedni element email&#8217;a kt\u00f3ry chcemy zmieni\u0107. Znaczenie zmiennych: INVOICE_EMAIL_DEFAULT_TITLE &#8211; Tytu\u0142 wiadomo\u015bci &#8230; <a title=\"Przesy\u0142anie faktur email&#8217;em &#8211; definiowanie szablon\u00f3w wiadomo\u015bci\" class=\"read-more\" href=\"https:\/\/mikrosystem.pl\/index.php\/pomoc\/eknf-instrukcja-obslugi\/przesylanie-faktur-emailem-definiowanie-szablonow-wiadomosci\" aria-label=\"Dowiedz si\u0119 wi\u0119cej o Przesy\u0142anie faktur email&#8217;em &#8211; definiowanie szablon\u00f3w wiadomo\u015bci\">Read more<\/a><\/p>\n","protected":false},"author":11,"featured_media":0,"parent":1802,"menu_order":0,"comment_status":"closed","ping_status":"closed","template":"faqs.php","meta":{"generate_page_header":"","footnotes":""},"class_list":{"0":"post-2452","1":"page","2":"type-page","3":"status-publish","5":"infinite-scroll-item"},"_links":{"self":[{"href":"https:\/\/mikrosystem.pl\/index.php\/wp-json\/wp\/v2\/pages\/2452","targetHints":{"allow":["GET"]}}],"collection":[{"href":"https:\/\/mikrosystem.pl\/index.php\/wp-json\/wp\/v2\/pages"}],"about":[{"href":"https:\/\/mikrosystem.pl\/index.php\/wp-json\/wp\/v2\/types\/page"}],"author":[{"embeddable":true,"href":"https:\/\/mikrosystem.pl\/index.php\/wp-json\/wp\/v2\/users\/11"}],"replies":[{"embeddable":true,"href":"https:\/\/mikrosystem.pl\/index.php\/wp-json\/wp\/v2\/comments?post=2452"}],"version-history":[{"count":15,"href":"https:\/\/mikrosystem.pl\/index.php\/wp-json\/wp\/v2\/pages\/2452\/revisions"}],"predecessor-version":[{"id":2454,"href":"https:\/\/mikrosystem.pl\/index.php\/wp-json\/wp\/v2\/pages\/2452\/revisions\/2454"}],"up":[{"embeddable":true,"href":"https:\/\/mikrosystem.pl\/index.php\/wp-json\/wp\/v2\/pages\/1802"}],"wp:attachment":[{"href":"https:\/\/mikrosystem.pl\/index.php\/wp-json\/wp\/v2\/media?parent=2452"}],"curies":[{"name":"wp","href":"https:\/\/api.w.org\/{rel}","templated":true}]}}