{"id":2432,"date":"2015-08-27T15:40:07","date_gmt":"2015-08-27T13:40:07","guid":{"rendered":"http:\/\/mikrosystem.pl\/?page_id=2432"},"modified":"2018-08-30T10:48:43","modified_gmt":"2018-08-30T08:48:43","slug":"fakturowanie-biletow-lotniczych-i-oplat-serwisowych-na-oddzielnych-dokumentach","status":"publish","type":"page","link":"https:\/\/mikrosystem.pl\/index.php\/pomoc\/eknf-instrukcja-obslugi\/fakturowanie-biletow-lotniczych-i-oplat-serwisowych-na-oddzielnych-dokumentach","title":{"rendered":"Fakturowanie bilet\u00f3w lotniczych i op\u0142at serwisowych na oddzielnych dokumentach"},"content":{"rendered":"<p><\/p>\n<p style=\"text-align: justify;\">Zgodnie z obowi\u0105zuj\u0105cymi przepisami i wytycznymi IATA, akredytowani agenci IATA maj\u0105 obowi\u0105zek wystawi\u0107 dwie odr\u0119bne faktury: jedn\u0105 faktur\u0119 dokumentuj\u0105c\u0105 sprzeda\u017c us\u0142ugi przewozowej i op\u0142at lotniskowych wystawian\u0105 w imieniu i na rzecz przewo\u017anika na podstawie zawartej umowy agencyjnej oraz odr\u0119bn\u0105 faktur\u0119 we w\u0142asnym imieniu i na w\u0142asn\u0105 rzecz dokumentuj\u0105c\u0105 op\u0142at\u0119 za wystawienie biletu\/rezerwacj\u0119, kt\u00f3ra stanowi\u0107 b\u0119dzie dla agenta obr\u00f3t w rozumieniu ustawy o VAT. <a href=\"https:\/\/mikrosystem.pl\/mikrosystem_www\/wp-content\/uploads\/2018\/08\/IATA_JPK.pdf\">Przeczytaj wytyczne IATA dotycz\u0105ce prawid\u0142owego fakturowania bilet\u00f3w lotniczych.<\/a><\/p>\n<p>Biura Non-IATA, kt\u00f3re nie dzia\u0142aj\u0105 w imieniu i na rzecz przewo\u017anik\u00f3w lotniczych, mog\u0105 obie us\u0142ugi (bilet i op\u0142at\u0119 serwisow\u0105) fakturowa\u0107 na jednym dokumencie.<\/p>\n<p>eKNF obs\u0142uguje oba sposoby fakturowania.<\/p>\n<p style=\"text-align: justify;\">W wypadku rozdzielnego fakturowania bilet\u00f3w i op\u0142at zaleca si\u0119 fakturowanie w pierwszej kolejno\u015bci bilet\u00f3w, a nast\u0119pnie: op\u0142at.<br \/>\nW celu zafakturowania bilet\u00f3w, a nast\u0119pnie &#8211; na oddzielnej fakturze &#8211; op\u0142at serwisowych, nale\u017cy:<\/p>\n<ol>\n<li>W ADesku wybra\u0107 bilety przeznaczone do fakturowania (nawet wtedy, gdy fakturujemy tylko pojedynczy bilet)<\/li>\n<li>Klikn\u0105\u0107 na Wystaw faktur\u0119<\/li>\n<li>Wybra\u0107 opcj\u0119 Do edycji<\/li>\n<li>Wskaza\u0107 rodzaj faktury (&#8216;Tylko op\u0142aty&#8217; lub &#8216;Tylko bilety&#8217;)<\/li>\n<\/ol>\n<p><a href=\"https:\/\/mikrosystem.pl\/wp-content\/uploads\/2015\/08\/AirDesktop_000022.png\"><img loading=\"lazy\" decoding=\"async\" class=\"size-large wp-image-2433 aligncenter\" src=\"https:\/\/mikrosystem.pl\/wp-content\/uploads\/2015\/08\/AirDesktop_000022-1024x686.png\" alt=\"AirDesktop_000022\" width=\"1024\" height=\"686\" srcset=\"https:\/\/mikrosystem.pl\/mikrosystem_www\/wp-content\/uploads\/2015\/08\/AirDesktop_000022.png 1024w, https:\/\/mikrosystem.pl\/mikrosystem_www\/wp-content\/uploads\/2015\/08\/AirDesktop_000022-300x201.png 300w\" sizes=\"auto, (max-width: 1024px) 100vw, 1024px\" \/><\/a><\/p>\n<p>Niezale\u017cnie od tego, kt\u00f3ra opcja zosta\u0142a wybrana (&#8216;Tylko op\u0142aty&#8217; lub &#8216;Tylko bilety&#8217;) system wy\u015bwietli do weryfikacji pe\u0142ne pakiety &#8211; zawieraj\u0105ce zar\u00f3wno bilety jak i op\u0142aty.<\/p>\n<p><strong><span style=\"text-decoration: underline;\">Uwaga:<\/span><\/strong> Je\u015bli op\u0142ata transakcyjna wymaga uzupe\u0142nienia, nale\u017cy j\u0105 uzupe\u0142ni\u0107 na tym etapie (nawet wtedy, je\u015bli pierwsz\u0105 faktur\u0105, kt\u00f3r\u0105 wystawiamy, jest faktura na bilety lotnicze). Podczas p\u00f3\u017aniejszego wystawiania faktury na op\u0142aty serwisowe, system u\u017cyje bowiem tych warto\u015bci nie pytaj\u0105c o nie ponownie.<\/p>\n<p><a href=\"https:\/\/mikrosystem.pl\/wp-content\/uploads\/2015\/08\/AirDesktop_000023.png\"><img loading=\"lazy\" decoding=\"async\" class=\"size-large wp-image-2434 aligncenter\" src=\"https:\/\/mikrosystem.pl\/wp-content\/uploads\/2015\/08\/AirDesktop_000023-1024x686.png\" alt=\"AirDesktop_000023\" width=\"1024\" height=\"686\" srcset=\"https:\/\/mikrosystem.pl\/mikrosystem_www\/wp-content\/uploads\/2015\/08\/AirDesktop_000023.png 1024w, https:\/\/mikrosystem.pl\/mikrosystem_www\/wp-content\/uploads\/2015\/08\/AirDesktop_000023-300x201.png 300w\" sizes=\"auto, (max-width: 1024px) 100vw, 1024px\" \/><\/a><\/p>\n<p style=\"text-align: justify;\">Aby &#8211; po zweryfikowaniu danych &#8211; wystawi\u0107 faktur\u0119, nale\u017cy klikn\u0105\u0107 na klawisz &#8216;Wystaw faktur\u0119&#8217; i dalej post\u0119powa\u0107 tak, jak przy wystawianiu wszystkich innych rodzaj\u00f3w faktur.<br \/>\n(Klikni\u0119cie na &#8216;Zapisz\u00a0 pakiety&#8217; spowoduje tylko zapisanie danych w zam\u00f3wieniu &#8211; bez wystawiania faktury)<\/p>\n<p style=\"text-align: justify;\">Po wystawieniu faktury na bilety lotnicze nale\u017cy powr\u00f3ci\u0107 do ADesku i powt\u00f3rzy\u0107 proces, wybieraj\u0105c tym razem z g\u00f3rnego menu polecenie: Wystaw faktur\u0119 -&gt; Do edycji -&gt; Tylko op\u0142aty<\/p>\n<p style=\"text-align: justify;\">W czasie wystawiania faktury na op\u0142aty masz mo\u017cliwo\u015b\u0107 umieszczenia na niej pe\u0142nych opis\u00f3w us\u0142ug, kt\u00f3rych ona dotyczy. <a href=\"https:\/\/mikrosystem.pl\/index.php\/pomoc\/eknf-instrukcja-obslugi\/eknf-glowne-okno-programu\/sprzedaz-tworzenie-i-przegladanie-dokumentow-sprzedazowych\/umieszczanie-pelnych-opisow-uslug-na-fakturze-na-oplaty-transakcyjne\">Przeczytaj wi\u0119cej na ten temat.<\/a><\/p>\n<p><\/p>","protected":false},"excerpt":{"rendered":"<p>Zgodnie z obowi\u0105zuj\u0105cymi przepisami i wytycznymi IATA, akredytowani agenci IATA maj\u0105 obowi\u0105zek wystawi\u0107 dwie odr\u0119bne faktury: jedn\u0105 faktur\u0119 dokumentuj\u0105c\u0105 sprzeda\u017c us\u0142ugi przewozowej i op\u0142at lotniskowych wystawian\u0105 w imieniu i na rzecz przewo\u017anika na podstawie zawartej umowy agencyjnej oraz odr\u0119bn\u0105 faktur\u0119 we w\u0142asnym imieniu i na w\u0142asn\u0105 rzecz dokumentuj\u0105c\u0105 op\u0142at\u0119 za wystawienie biletu\/rezerwacj\u0119, kt\u00f3ra stanowi\u0107 b\u0119dzie &#8230; <a title=\"Fakturowanie bilet\u00f3w lotniczych i op\u0142at serwisowych na oddzielnych dokumentach\" class=\"read-more\" href=\"https:\/\/mikrosystem.pl\/index.php\/pomoc\/eknf-instrukcja-obslugi\/fakturowanie-biletow-lotniczych-i-oplat-serwisowych-na-oddzielnych-dokumentach\" aria-label=\"Dowiedz si\u0119 wi\u0119cej o Fakturowanie bilet\u00f3w lotniczych i op\u0142at serwisowych na oddzielnych dokumentach\">Read more<\/a><\/p>\n","protected":false},"author":5,"featured_media":0,"parent":1802,"menu_order":0,"comment_status":"closed","ping_status":"closed","template":"","meta":{"generate_page_header":"","footnotes":""},"class_list":{"0":"post-2432","1":"page","2":"type-page","3":"status-publish","5":"infinite-scroll-item"},"_links":{"self":[{"href":"https:\/\/mikrosystem.pl\/index.php\/wp-json\/wp\/v2\/pages\/2432","targetHints":{"allow":["GET"]}}],"collection":[{"href":"https:\/\/mikrosystem.pl\/index.php\/wp-json\/wp\/v2\/pages"}],"about":[{"href":"https:\/\/mikrosystem.pl\/index.php\/wp-json\/wp\/v2\/types\/page"}],"author":[{"embeddable":true,"href":"https:\/\/mikrosystem.pl\/index.php\/wp-json\/wp\/v2\/users\/5"}],"replies":[{"embeddable":true,"href":"https:\/\/mikrosystem.pl\/index.php\/wp-json\/wp\/v2\/comments?post=2432"}],"version-history":[{"count":4,"href":"https:\/\/mikrosystem.pl\/index.php\/wp-json\/wp\/v2\/pages\/2432\/revisions"}],"predecessor-version":[{"id":4012,"href":"https:\/\/mikrosystem.pl\/index.php\/wp-json\/wp\/v2\/pages\/2432\/revisions\/4012"}],"up":[{"embeddable":true,"href":"https:\/\/mikrosystem.pl\/index.php\/wp-json\/wp\/v2\/pages\/1802"}],"wp:attachment":[{"href":"https:\/\/mikrosystem.pl\/index.php\/wp-json\/wp\/v2\/media?parent=2432"}],"curies":[{"name":"wp","href":"https:\/\/api.w.org\/{rel}","templated":true}]}}