{"id":2361,"date":"2015-08-27T10:23:10","date_gmt":"2015-08-27T08:23:10","guid":{"rendered":"http:\/\/mikrosystem.pl\/?page_id=2361"},"modified":"2015-08-27T15:06:40","modified_gmt":"2015-08-27T13:06:40","slug":"zarzadzanie-uzytkownikami-pracownikami-biura-podrozy","status":"publish","type":"page","link":"https:\/\/mikrosystem.pl\/index.php\/pomoc\/eknf-instrukcja-obslugi\/edycja-i-zarzadzanie-uzytkownikami\/zarzadzanie-uzytkownikami-pracownikami-biura-podrozy","title":{"rendered":"Zarz\u0105dzanie u\u017cytkownikami &#8211; pracownikami biura podr\u00f3\u017cy"},"content":{"rendered":"<ul>\n<li><a href=\"\/?page_id=2385\">Dodawanie u\u017cytkownika<\/a><\/li>\n<li>Edycja danych<\/li>\n<li><a href=\"\/?page_id=2366\">Blokowanie u\u017cytkownika<\/a><\/li>\n<li><a href=\"\/?page_id=2436\">Reset has\u0142a<\/a><\/li>\n<\/ul>\n","protected":false},"excerpt":{"rendered":"<p>Dodawanie u\u017cytkownika Edycja danych Blokowanie u\u017cytkownika Reset has\u0142a<\/p>\n","protected":false},"author":11,"featured_media":0,"parent":2264,"menu_order":0,"comment_status":"closed","ping_status":"closed","template":"faqs.php","meta":{"generate_page_header":"","footnotes":""},"class_list":{"0":"post-2361","1":"page","2":"type-page","3":"status-publish","5":"infinite-scroll-item"},"_links":{"self":[{"href":"https:\/\/mikrosystem.pl\/index.php\/wp-json\/wp\/v2\/pages\/2361","targetHints":{"allow":["GET"]}}],"collection":[{"href":"https:\/\/mikrosystem.pl\/index.php\/wp-json\/wp\/v2\/pages"}],"about":[{"href":"https:\/\/mikrosystem.pl\/index.php\/wp-json\/wp\/v2\/types\/page"}],"author":[{"embeddable":true,"href":"https:\/\/mikrosystem.pl\/index.php\/wp-json\/wp\/v2\/users\/11"}],"replies":[{"embeddable":true,"href":"https:\/\/mikrosystem.pl\/index.php\/wp-json\/wp\/v2\/comments?post=2361"}],"version-history":[{"count":5,"href":"https:\/\/mikrosystem.pl\/index.php\/wp-json\/wp\/v2\/pages\/2361\/revisions"}],"predecessor-version":[{"id":2439,"href":"https:\/\/mikrosystem.pl\/index.php\/wp-json\/wp\/v2\/pages\/2361\/revisions\/2439"}],"up":[{"embeddable":true,"href":"https:\/\/mikrosystem.pl\/index.php\/wp-json\/wp\/v2\/pages\/2264"}],"wp:attachment":[{"href":"https:\/\/mikrosystem.pl\/index.php\/wp-json\/wp\/v2\/media?parent=2361"}],"curies":[{"name":"wp","href":"https:\/\/api.w.org\/{rel}","templated":true}]}}