{"id":2345,"date":"2015-08-26T14:43:39","date_gmt":"2015-08-26T12:43:39","guid":{"rendered":"http:\/\/mikrosystem.pl\/?page_id=2345"},"modified":"2019-06-25T15:25:41","modified_gmt":"2019-06-25T13:25:41","slug":"definiowanie-polityki-oplat-transakcyjnych-dla-poszczegolnych-klientow","status":"publish","type":"page","link":"https:\/\/mikrosystem.pl\/index.php\/pomoc\/eknf-instrukcja-obslugi\/edycja-polityki-oplat-transakcyjnych\/definiowanie-polityki-oplat-transakcyjnych-dla-poszczegolnych-klientow","title":{"rendered":"Definiowanie polityki op\u0142at transakcyjnych dla poszczeg\u00f3lnych klient\u00f3w"},"content":{"rendered":"\n<div class=\"wp-block-columns has-2-columns is-layout-flex wp-container-core-columns-is-layout-9d6595d7 wp-block-columns-is-layout-flex\">\n<div class=\"wp-block-column is-layout-flow wp-block-column-is-layout-flow\">\n<p>W celu okre\u015blenia polityki op\u0142at dla wybranego\u00a0 klienta, przejd\u017a do edycji profilu klienta:<\/p>\n\n\n\n<ul class=\"wp-block-list\"><li>Wybierz zak\u0142adk\u0119 Klienci<\/li><li>Wyszukaj klienta na li\u015bcie<\/li><li>Kliknij na wyszukany rekord prawym klawiszem myszy, i wybierz Szczeg\u00f3\u0142y<\/li><li>Na zielonym pasku menu wybierz zak\u0142adk\u0119 Op\u0142aty<\/li><\/ul>\n<\/div>\n\n\n\n<div class=\"wp-block-column is-layout-flow wp-block-column-is-layout-flow\">\n<p>Ustawienia polityki op\u0142at transakcyjnych specyficzne dla wybranych kategorii us\u0142ug:<\/p>\n\n\n\n<ul class=\"wp-block-list\"><li>Bilety lotnicze<\/li><li><a href=\"https:\/\/mikrosystem.pl\/index.php\/pomoc\/eknf-instrukcja-obslugi\/edycja-polityki-oplat-transakcyjnych\/definiowanie-polityki-oplat-transakcyjnych-dla-poszczegolnych-klientow\/polityka-oplat-transakcyjnych-dla-rezerwacji-hotelowych\">Rezerwacje hotelowe<\/a><\/li><\/ul>\n\n\n\n<p><\/p>\n\n\n\n<p><\/p>\n<\/div>\n<\/div>\n\n\n<p>\u00a0<\/p>\n<p>\u00a0<\/p>\n<p style=\"text-align: justify;\"><a href=\"https:\/\/mikrosystem.pl\/wp-content\/uploads\/2015\/08\/Klienci_Szczeg\u00f3\u0142y_klienta_000008.png\"><img loading=\"lazy\" decoding=\"async\" class=\" size-large wp-image-2346 aligncenter\" src=\"https:\/\/mikrosystem.pl\/wp-content\/uploads\/2015\/08\/Klienci_Szczeg\u00f3\u0142y_klienta_000008-1024x694.png\" alt=\"Klienci_Szczeg\u00f3\u0142y_klienta_000008\" width=\"1024\" height=\"694\" srcset=\"https:\/\/mikrosystem.pl\/mikrosystem_www\/wp-content\/uploads\/2015\/08\/Klienci_Szczeg\u00f3\u0142y_klienta_000008.png 1024w, https:\/\/mikrosystem.pl\/mikrosystem_www\/wp-content\/uploads\/2015\/08\/Klienci_Szczeg\u00f3\u0142y_klienta_000008-300x203.png 300w\" sizes=\"auto, (max-width: 1024px) 100vw, 1024px\" \/><\/a><\/p>\n<p style=\"text-align: justify;\">Kliknij na Dodaj now\u0105 polityk\u0119, a nast\u0119pnie wybierz pakiet (na przyk\u0142ad: Bilet lotniczy), dla kt\u00f3rego chcesz zdefiniowa\u0107 op\u0142at\u0119, oraz pozycj\u0119 w pakiecie, do kt\u00f3rej ma by\u0107 przypisana kwota op\u0142aty.<br \/>Na poni\u017cszym przyk\u0142adzie definiujemy wysoko\u015b\u0107\u00a0 op\u0142aty transakcyjnej dla\u00a0 Biletu lotniczego krajowego:<\/p>\n<p style=\"text-align: justify;\"><a href=\"https:\/\/mikrosystem.pl\/wp-content\/uploads\/2015\/08\/Klienci_Szczeg\u00f3\u0142y_klienta_000012.png\"><img loading=\"lazy\" decoding=\"async\" class=\" size-large wp-image-2349 aligncenter\" src=\"https:\/\/mikrosystem.pl\/wp-content\/uploads\/2015\/08\/Klienci_Szczeg\u00f3\u0142y_klienta_000012-1024x694.png\" alt=\"Klienci_Szczeg\u00f3\u0142y_klienta_000012\" width=\"1024\" height=\"694\" srcset=\"https:\/\/mikrosystem.pl\/mikrosystem_www\/wp-content\/uploads\/2015\/08\/Klienci_Szczeg\u00f3\u0142y_klienta_000012.png 1024w, https:\/\/mikrosystem.pl\/mikrosystem_www\/wp-content\/uploads\/2015\/08\/Klienci_Szczeg\u00f3\u0142y_klienta_000012-300x203.png 300w\" sizes=\"auto, (max-width: 1024px) 100vw, 1024px\" \/><\/a><\/p>\n<p style=\"text-align: justify;\">Po wybraniu pakietu i pozycji w pakiecie, zdefiniuj op\u0142aty za poszczeg\u00f3lne typy transakcji (Wystawienie, zwrot, wymiana). W wypadku bilet\u00f3w lotniczych okre\u015bl te\u017c typ biletu (interkontynentalny, kontynentalny, krajowy):<\/p>\n<p style=\"text-align: justify;\"><a href=\"https:\/\/mikrosystem.pl\/wp-content\/uploads\/2015\/08\/Klienci_Szczeg\u00f3\u0142y_klienta_000013.png\"><img loading=\"lazy\" decoding=\"async\" class=\" size-large wp-image-2350 aligncenter\" src=\"https:\/\/mikrosystem.pl\/wp-content\/uploads\/2015\/08\/Klienci_Szczeg\u00f3\u0142y_klienta_000013-1024x694.png\" alt=\"Klienci_Szczeg\u00f3\u0142y_klienta_000013\" width=\"1024\" height=\"694\" srcset=\"https:\/\/mikrosystem.pl\/mikrosystem_www\/wp-content\/uploads\/2015\/08\/Klienci_Szczeg\u00f3\u0142y_klienta_000013.png 1024w, https:\/\/mikrosystem.pl\/mikrosystem_www\/wp-content\/uploads\/2015\/08\/Klienci_Szczeg\u00f3\u0142y_klienta_000013-300x203.png 300w\" sizes=\"auto, (max-width: 1024px) 100vw, 1024px\" \/><\/a><\/p>\n<p style=\"text-align: justify;\">Zapisz zdefiniowan\u0105 polityk\u0119, klikaj\u0105c na klawisz Zapisz. Zdefiniowana op\u0142ata zostanie wy\u015bwietlona na li\u015bcie op\u0142at transakcyjnych dla danego klienta:<\/p>\n<p style=\"text-align: justify;\"><a href=\"https:\/\/mikrosystem.pl\/wp-content\/uploads\/2015\/08\/Klienci_Szczeg\u00f3\u0142y_klienta_000014.png\"><img loading=\"lazy\" decoding=\"async\" class=\" size-large wp-image-2351 aligncenter\" src=\"https:\/\/mikrosystem.pl\/wp-content\/uploads\/2015\/08\/Klienci_Szczeg\u00f3\u0142y_klienta_000014-1024x694.png\" alt=\"Klienci_Szczeg\u00f3\u0142y_klienta_000014\" width=\"1024\" height=\"694\" srcset=\"https:\/\/mikrosystem.pl\/mikrosystem_www\/wp-content\/uploads\/2015\/08\/Klienci_Szczeg\u00f3\u0142y_klienta_000014.png 1024w, https:\/\/mikrosystem.pl\/mikrosystem_www\/wp-content\/uploads\/2015\/08\/Klienci_Szczeg\u00f3\u0142y_klienta_000014-300x203.png 300w\" sizes=\"auto, (max-width: 1024px) 100vw, 1024px\" \/><\/a><\/p>\n<p>Post\u0119puj w ten spos\u00f3b aby doda\u0107 pozosta\u0142e op\u0142aty (dla innych typ\u00f3w bilet\u00f3w, hoteli, samochod\u00f3w, itd)<\/p>\n<p><span style=\"text-decoration: underline;\"><strong>Uwaga:<\/strong><\/span> eKNF pozwala te\u017c skopiowa\u0107 polityk\u0119 op\u0142at transakcyjnych z profilu innego klienta. W ten spos\u00f3b mo\u017cesz szybko skonfigurowa\u0107 polityk\u0119 op\u0142at, bez konieczno\u015bci dodawania pojedynczych op\u0142at jedna po drugiej.<\/p>\n<p>W celu skopiowania polityki op\u0142at od innego klienta:<\/p>\n<ul>\n<li>kliknij na Kopiuj od innego klienta<\/li>\n<li>wybierz klienta z listy<\/li>\n<li>kliknij na Poka\u017c op\u0142aty<\/li>\n<li>wybierz op\u0142aty, kt\u00f3re chcesz skopiowa\u0107, lub kliknij na Zaznacz wszystko &#8211; \u017ceby skopiowa\u0107 wszystkie<\/li>\n<li>kliknij na Skopiuj<\/li>\n<\/ul>\n<p style=\"text-align: justify;\"><a href=\"https:\/\/mikrosystem.pl\/wp-content\/uploads\/2015\/08\/Klienci_Szczeg\u00f3\u0142y_klienta_000016.png\"><img loading=\"lazy\" decoding=\"async\" class=\" size-large wp-image-2352 aligncenter\" src=\"https:\/\/mikrosystem.pl\/wp-content\/uploads\/2015\/08\/Klienci_Szczeg\u00f3\u0142y_klienta_000016-1024x694.png\" alt=\"Klienci_Szczeg\u00f3\u0142y_klienta_000016\" width=\"1024\" height=\"694\" srcset=\"https:\/\/mikrosystem.pl\/mikrosystem_www\/wp-content\/uploads\/2015\/08\/Klienci_Szczeg\u00f3\u0142y_klienta_000016.png 1024w, https:\/\/mikrosystem.pl\/mikrosystem_www\/wp-content\/uploads\/2015\/08\/Klienci_Szczeg\u00f3\u0142y_klienta_000016-300x203.png 300w\" sizes=\"auto, (max-width: 1024px) 100vw, 1024px\" \/><\/a><\/p>\n<p style=\"text-align: justify;\">Istniej\u0105c\u0105 polityk\u0119 op\u0142at transakcyjnych mo\u017cesz edytowa\u0107, wpisuj\u0105c kwoty op\u0142at w pola przeznaczone do edycji.<\/p>\n<p style=\"text-align: justify;\"><a href=\"https:\/\/mikrosystem.pl\/wp-content\/uploads\/2015\/08\/Klienci_Szczeg\u00f3\u0142y_klienta_000009.png\"><img loading=\"lazy\" decoding=\"async\" class=\" size-large wp-image-2347 aligncenter\" src=\"https:\/\/mikrosystem.pl\/wp-content\/uploads\/2015\/08\/Klienci_Szczeg\u00f3\u0142y_klienta_000009-1024x694.png\" alt=\"Klienci_Szczeg\u00f3\u0142y_klienta_000009\" width=\"1024\" height=\"694\" srcset=\"https:\/\/mikrosystem.pl\/mikrosystem_www\/wp-content\/uploads\/2015\/08\/Klienci_Szczeg\u00f3\u0142y_klienta_000009.png 1024w, https:\/\/mikrosystem.pl\/mikrosystem_www\/wp-content\/uploads\/2015\/08\/Klienci_Szczeg\u00f3\u0142y_klienta_000009-300x203.png 300w\" sizes=\"auto, (max-width: 1024px) 100vw, 1024px\" \/><\/a><\/p>\n<p>Poszczeg\u00f3lne pozycje mo\u017cna usuwa\u0107, klikaj\u0105c na nie prawym klawiszem myszy, i wybieraj\u0105c polecenie Usu\u0144<\/p>\n<p style=\"text-align: justify;\"><a href=\"https:\/\/mikrosystem.pl\/wp-content\/uploads\/2015\/08\/Klienci_Szczeg\u00f3\u0142y_klienta_000010.png\"><img loading=\"lazy\" decoding=\"async\" class=\" size-large wp-image-2348 aligncenter\" src=\"https:\/\/mikrosystem.pl\/wp-content\/uploads\/2015\/08\/Klienci_Szczeg\u00f3\u0142y_klienta_000010-1024x694.png\" alt=\"Klienci_Szczeg\u00f3\u0142y_klienta_000010\" width=\"1024\" height=\"694\" srcset=\"https:\/\/mikrosystem.pl\/mikrosystem_www\/wp-content\/uploads\/2015\/08\/Klienci_Szczeg\u00f3\u0142y_klienta_000010.png 1024w, https:\/\/mikrosystem.pl\/mikrosystem_www\/wp-content\/uploads\/2015\/08\/Klienci_Szczeg\u00f3\u0142y_klienta_000010-300x203.png 300w\" sizes=\"auto, (max-width: 1024px) 100vw, 1024px\" \/><\/a><\/p>\n<p style=\"text-align: justify;\">\u00a0<\/p>","protected":false},"excerpt":{"rendered":"<p>W celu okre\u015blenia polityki op\u0142at dla wybranego\u00a0 klienta, przejd\u017a do edycji profilu klienta: Wybierz zak\u0142adk\u0119 Klienci Wyszukaj klienta na li\u015bcie Kliknij na wyszukany rekord prawym klawiszem myszy, i wybierz Szczeg\u00f3\u0142y Na zielonym pasku menu wybierz zak\u0142adk\u0119 Op\u0142aty Ustawienia polityki op\u0142at transakcyjnych specyficzne dla wybranych kategorii us\u0142ug: Bilety lotnicze Rezerwacje hotelowe \u00a0 \u00a0 Kliknij na Dodaj &#8230; <a title=\"Definiowanie polityki op\u0142at transakcyjnych dla poszczeg\u00f3lnych klient\u00f3w\" class=\"read-more\" href=\"https:\/\/mikrosystem.pl\/index.php\/pomoc\/eknf-instrukcja-obslugi\/edycja-polityki-oplat-transakcyjnych\/definiowanie-polityki-oplat-transakcyjnych-dla-poszczegolnych-klientow\" aria-label=\"Dowiedz si\u0119 wi\u0119cej o Definiowanie polityki op\u0142at transakcyjnych dla poszczeg\u00f3lnych klient\u00f3w\">Read more<\/a><\/p>\n","protected":false},"author":5,"featured_media":0,"parent":2341,"menu_order":0,"comment_status":"open","ping_status":"open","template":"","meta":{"generate_page_header":"","footnotes":""},"class_list":{"0":"post-2345","1":"page","2":"type-page","3":"status-publish","5":"infinite-scroll-item"},"_links":{"self":[{"href":"https:\/\/mikrosystem.pl\/index.php\/wp-json\/wp\/v2\/pages\/2345","targetHints":{"allow":["GET"]}}],"collection":[{"href":"https:\/\/mikrosystem.pl\/index.php\/wp-json\/wp\/v2\/pages"}],"about":[{"href":"https:\/\/mikrosystem.pl\/index.php\/wp-json\/wp\/v2\/types\/page"}],"author":[{"embeddable":true,"href":"https:\/\/mikrosystem.pl\/index.php\/wp-json\/wp\/v2\/users\/5"}],"replies":[{"embeddable":true,"href":"https:\/\/mikrosystem.pl\/index.php\/wp-json\/wp\/v2\/comments?post=2345"}],"version-history":[{"count":4,"href":"https:\/\/mikrosystem.pl\/index.php\/wp-json\/wp\/v2\/pages\/2345\/revisions"}],"predecessor-version":[{"id":4319,"href":"https:\/\/mikrosystem.pl\/index.php\/wp-json\/wp\/v2\/pages\/2345\/revisions\/4319"}],"up":[{"embeddable":true,"href":"https:\/\/mikrosystem.pl\/index.php\/wp-json\/wp\/v2\/pages\/2341"}],"wp:attachment":[{"href":"https:\/\/mikrosystem.pl\/index.php\/wp-json\/wp\/v2\/media?parent=2345"}],"curies":[{"name":"wp","href":"https:\/\/api.w.org\/{rel}","templated":true}]}}