{"id":2341,"date":"2015-08-26T13:52:56","date_gmt":"2015-08-26T11:52:56","guid":{"rendered":"http:\/\/mikrosystem.pl\/?page_id=2341"},"modified":"2016-01-29T16:30:56","modified_gmt":"2016-01-29T15:30:56","slug":"edycja-polityki-oplat-transakcyjnych","status":"publish","type":"page","link":"https:\/\/mikrosystem.pl\/index.php\/pomoc\/eknf-instrukcja-obslugi\/edycja-polityki-oplat-transakcyjnych","title":{"rendered":"Edycja polityki op\u0142at transakcyjnych"},"content":{"rendered":"<p><\/p>\n<p style=\"text-align: justify;\">eKNF pozwala na okre\u015blenie wysoko\u015bci op\u0142at transakcyjnych dla poszczeg\u00f3lnych pakiet\u00f3w, jak i dla pojedynczych us\u0142ug z katalogu towar\u00f3w i us\u0142ug. Polityk\u0119 op\u0142at transakcyjnych mo\u017cna okre\u015bli\u0107 na poziomie ca\u0142ego biura, lub dla poszczeg\u00f3lnych klient\u00f3w.<\/p>\n<ul>\n<li style=\"text-align: justify;\"><a href=\"https:\/\/mikrosystem.pl\/index.php\/pomoc\/eknf-instrukcja-obslugi\/edycja-polityki-oplat-transakcyjnych\/definiowanie-ogolnej-polityki-oplat-transakcyjnych-dla-biura\">Definiowanie polityki op\u0142at transakcyjnych obowi\u0105zuj\u0105cych na poziome biura<\/a><\/li>\n<li style=\"text-align: justify;\"><a href=\"\/?page_id=2345\">Definiowanie polityki op\u0142at transakcyjnych dla poszczeg\u00f3lnych klient\u00f3w<\/a><\/li>\n<\/ul>\n<p style=\"text-align: justify;\">\n<p><\/p>","protected":false},"excerpt":{"rendered":"<p>eKNF pozwala na okre\u015blenie wysoko\u015bci op\u0142at transakcyjnych dla poszczeg\u00f3lnych pakiet\u00f3w, jak i dla pojedynczych us\u0142ug z katalogu towar\u00f3w i us\u0142ug. Polityk\u0119 op\u0142at transakcyjnych mo\u017cna okre\u015bli\u0107 na poziomie ca\u0142ego biura, lub dla poszczeg\u00f3lnych klient\u00f3w. Definiowanie polityki op\u0142at transakcyjnych obowi\u0105zuj\u0105cych na poziome biura Definiowanie polityki op\u0142at transakcyjnych dla poszczeg\u00f3lnych klient\u00f3w<\/p>\n","protected":false},"author":5,"featured_media":0,"parent":1802,"menu_order":0,"comment_status":"closed","ping_status":"closed","template":"","meta":{"generate_page_header":"","footnotes":""},"class_list":{"0":"post-2341","1":"page","2":"type-page","3":"status-publish","5":"infinite-scroll-item"},"_links":{"self":[{"href":"https:\/\/mikrosystem.pl\/index.php\/wp-json\/wp\/v2\/pages\/2341","targetHints":{"allow":["GET"]}}],"collection":[{"href":"https:\/\/mikrosystem.pl\/index.php\/wp-json\/wp\/v2\/pages"}],"about":[{"href":"https:\/\/mikrosystem.pl\/index.php\/wp-json\/wp\/v2\/types\/page"}],"author":[{"embeddable":true,"href":"https:\/\/mikrosystem.pl\/index.php\/wp-json\/wp\/v2\/users\/5"}],"replies":[{"embeddable":true,"href":"https:\/\/mikrosystem.pl\/index.php\/wp-json\/wp\/v2\/comments?post=2341"}],"version-history":[{"count":5,"href":"https:\/\/mikrosystem.pl\/index.php\/wp-json\/wp\/v2\/pages\/2341\/revisions"}],"predecessor-version":[{"id":3367,"href":"https:\/\/mikrosystem.pl\/index.php\/wp-json\/wp\/v2\/pages\/2341\/revisions\/3367"}],"up":[{"embeddable":true,"href":"https:\/\/mikrosystem.pl\/index.php\/wp-json\/wp\/v2\/pages\/1802"}],"wp:attachment":[{"href":"https:\/\/mikrosystem.pl\/index.php\/wp-json\/wp\/v2\/media?parent=2341"}],"curies":[{"name":"wp","href":"https:\/\/api.w.org\/{rel}","templated":true}]}}