{"id":2327,"date":"2015-08-17T12:51:56","date_gmt":"2015-08-17T10:51:56","guid":{"rendered":"http:\/\/mikrosystem.pl\/?page_id=2327"},"modified":"2015-08-17T12:57:10","modified_gmt":"2015-08-17T10:57:10","slug":"edycja-i-dodawanie-produktow","status":"publish","type":"page","link":"https:\/\/mikrosystem.pl\/index.php\/pomoc\/eknf-instrukcja-obslugi\/edycja-katalogu-towarow-i-uslug\/edycja-i-dodawanie-produktow","title":{"rendered":"Edycja i dodawanie produkt\u00f3w"},"content":{"rendered":"<p style=\"text-align: justify;\">\n<p style=\"text-align: justify;\">Aby doda\u0107 nowy produkt, przejd\u017a do zak\u0142adki Produkty -&gt; Lista Produkt\u00f3w<\/p>\n<p style=\"text-align: justify;\"><a href=\"https:\/\/mikrosystem.pl\/wp-content\/uploads\/2015\/08\/Lista_Pakiet\u00f3w_000002.png\"><img loading=\"lazy\" decoding=\"async\" class=\" size-large wp-image-2328 aligncenter\" src=\"https:\/\/mikrosystem.pl\/wp-content\/uploads\/2015\/08\/Lista_Pakiet\u00f3w_000002-1024x800.png\" alt=\"Lista_Pakiet\u00f3w_000002\" width=\"1024\" height=\"800\" srcset=\"https:\/\/mikrosystem.pl\/mikrosystem_www\/wp-content\/uploads\/2015\/08\/Lista_Pakiet\u00f3w_000002.png 1024w, https:\/\/mikrosystem.pl\/mikrosystem_www\/wp-content\/uploads\/2015\/08\/Lista_Pakiet\u00f3w_000002-300x234.png 300w\" sizes=\"auto, (max-width: 1024px) 100vw, 1024px\" \/><\/a><\/p>\n<p style=\"text-align: justify;\">Aby doda\u0107 now\u0105 pozycj\u0119 do katalogu, kliknij na Nowy Produkt.<\/p>\n<p style=\"text-align: justify;\">Znaczenie p\u00f3l:<\/p>\n<ul>\n<li style=\"text-align: justify;\"><strong>Nazwa produktu<\/strong> &#8211; wewn\u0119trzna nazwa produktu, u\u017cywana w biurze do wyszukiwania go w katalogu, i w raportach. Nazwa ta nie pojawia si\u0119 na fakturach. Uwaga: dobrym zwyczajem przy tworzeniu nazw jest u\u017cywanie prefiks\u00f3w typu: LOT, CAR, HTL, itd. w celu zaznaczenia, \u017ce dany produkt nale\u017cy do grupy produkt\u00f3w lotniczych, samochodowych, hotelowych, itd. U\u0142atwia to potem wyszukiwanie produktu w czasie dodawania go do faktury\/zam\u00f3wienia<\/li>\n<li style=\"text-align: justify;\"><strong>Tekst<\/strong> &#8211; Nazwa produktu, kt\u00f3ra b\u0119dzie drukowana na fakturze<\/li>\n<li style=\"text-align: justify;\"><strong>Text EN<\/strong> &#8211; Angielska nazwa produktu, kt\u00f3ra b\u0119dzie drukowana na fakturze w wersji angloj\u0119zycznej<\/li>\n<li style=\"text-align: justify;\"><strong>PKWiU<\/strong> &#8211; Polski kod wyrob\u00f3w i\u00a0 us\u0142ug (obecnie niewymagany na fakturach)<\/li>\n<li style=\"text-align: justify;\"><strong>J.m<\/strong> &#8211; jednostka miary &#8211; wybierz z listy<\/li>\n<li style=\"text-align: justify;\"><strong>Cena jednostkowa<\/strong> &#8211; opcjonalnie mo\u017cesz poda\u0107 cen\u0119 dla danego produktu. B\u0119dzie ona automatycznie dodawana do faktury\/zam\u00f3wienia po dodaniu do niej tego produktu.<\/li>\n<li style=\"text-align: justify;\"><strong>St. VAT<\/strong> &#8211; Stawka VAT &#8211; wybierz z listy<\/li>\n<li style=\"text-align: justify;\"><strong>Typ<\/strong> &#8211; Dost\u0119pne opcje to:\n<ul>\n<li style=\"text-align: justify;\"><strong>og\u00f3lna pozycja<\/strong> &#8211; najcz\u0119\u015bciej stosowany typ\u00a0 dla produkt\u00f3w, kt\u00f3re nie s\u0105 op\u0142atami transakcyjnymi<\/li>\n<li style=\"text-align: justify;\"><strong>op\u0142ata<\/strong> &#8211; Wybierz ten typ, je\u015bli dodawany produkt jest op\u0142at\u0105 transakcyjn\u0105 lub serwisow\u0105. Dzi\u0119ki temu wysoko\u015b\u0107 tej op\u0142aty b\u0119dzie mo\u017cna potem definiowa\u0107 w polityce op\u0142at transakcyjnych. Op\u0142aty transakcyjne najcz\u0119\u015bciej s\u0105 cz\u0119\u015bciami pakiet\u00f3w, gdzie wyst\u0119puj\u0105 obok pozycji g\u0142\u00f3wnej<\/li>\n<li style=\"text-align: justify;\"><strong>podatki<\/strong> &#8211; u\u017cywane g\u0142\u00f3wnie dla bilet\u00f3w lotniczych. Ten typ oznacza op\u0142aty lotniskowe i taksy towarzysz\u0105ce biletowi.<\/li>\n<li style=\"text-align: justify;\"><strong>pozycja g\u0142\u00f3wna w pakiecie<\/strong> &#8211; u\u017cywane w sytuacji, gdy produkt ten ma by\u0107 cz\u0119\u015bci\u0105 pakietu, i w pakiecie tym b\u0119d\u0105 jeszcze inne pozycje nie b\u0119d\u0105ce op\u0142atami (na przyk\u0142ad: bilet kolejowy + miejsc\u00f3wka. bilet w takim pakiecie jest pozycj\u0105 g\u0142\u00f3wn\u0105)<\/li>\n<li style=\"text-align: justify;\"><strong>us\u0142uga dodatkowa<\/strong> &#8211; najcz\u0119\u015bciej u\u017cywany w pakietach, w kt\u00f3rych opr\u00f3cz sta\u0142ych pozycji g\u0142\u00f3wnych wyst\u0119puj\u0105 te\u017c opcjonalne dodatkowe us\u0142ugi (przyk\u0142ad: hotel + gastronomia)<\/li>\n<\/ul>\n<\/li>\n<li style=\"text-align: justify;\"><strong>Typ RGB<\/strong> &#8211; Typ us\u0142ugi (bilet lotniczy, kolejowy, hotel, samoch\u00f3d, ubezpiecznie, itd). Typ RGB nale\u017cy okre\u015bla\u0107 tylko dla pozycji og\u00f3lnych lub g\u0142\u00f3wnych w pakiecie. Nie nale\u017cy go okre\u015bla\u0107 dla op\u0142at transakcyjnych, op\u0142at lotniskowych, i us\u0142ug dodatkowych)<\/li>\n<li style=\"text-align: justify;\"><strong>Domy\u015blny rejestr<\/strong> &#8211; oznaczenie rejestru faktur (dokument\u00f3w) w kt\u00f3rym domy\u015blnie ma by\u0107 fakturowany ten produkt (opcjonalne)<\/li>\n<li style=\"text-align: justify;\"><strong>Domy\u015blny tekst na fakturze<\/strong> &#8211; Tekst, kt\u00f3ry ma by\u0107 dodawany w stopce ka\u017cdej faktury, na kt\u00f3rej umieszczony b\u0119dzie dany produkt. Najcz\u0119\u015bciej w tym miejscu podaje si\u0119 odwo\u0142anie do odpowiedniego paragrafu ustawy o VAT lub innego przepisu prawa, na podstawie kt\u00f3rego nast\u0119puje sprzeda\u0107, lub okre\u015blenie stawki VAT (opcjonalny)<\/li>\n<\/ul>\n<p style=\"text-align: justify;\"><a href=\"https:\/\/mikrosystem.pl\/wp-content\/uploads\/2015\/08\/Lista_produkt\u00f3w_000004.png\"><img loading=\"lazy\" decoding=\"async\" class=\" size-large wp-image-2329 aligncenter\" src=\"https:\/\/mikrosystem.pl\/wp-content\/uploads\/2015\/08\/Lista_produkt\u00f3w_000004-1024x800.png\" alt=\"Lista_produkt\u00f3w_000004\" width=\"1024\" height=\"800\" srcset=\"https:\/\/mikrosystem.pl\/mikrosystem_www\/wp-content\/uploads\/2015\/08\/Lista_produkt\u00f3w_000004.png 1024w, https:\/\/mikrosystem.pl\/mikrosystem_www\/wp-content\/uploads\/2015\/08\/Lista_produkt\u00f3w_000004-300x234.png 300w\" sizes=\"auto, (max-width: 1024px) 100vw, 1024px\" \/><\/a><\/p>\n<p style=\"text-align: justify;\">Po zdefiniowaniu produktu kliknij na Zapisz, by doda\u0107 go do katalogu.<\/p>\n<p style=\"text-align: justify;\">Aby edytowa\u0107 wcze\u015bniej dodany produkt, znajd\u017a go na li\u015bcie produkt\u00f3w, a nast\u0119pnie kliknij na niego prawym klawiszem myszy, i wybierz Edytuj:<\/p>\n<p style=\"text-align: justify;\"><a href=\"https:\/\/mikrosystem.pl\/wp-content\/uploads\/2015\/08\/Lista_produkt\u00f3w_000005.png\"><img loading=\"lazy\" decoding=\"async\" class=\" size-large wp-image-2330 aligncenter\" src=\"https:\/\/mikrosystem.pl\/wp-content\/uploads\/2015\/08\/Lista_produkt\u00f3w_000005-1024x800.png\" alt=\"Lista_produkt\u00f3w_000005\" width=\"1024\" height=\"800\" srcset=\"https:\/\/mikrosystem.pl\/mikrosystem_www\/wp-content\/uploads\/2015\/08\/Lista_produkt\u00f3w_000005.png 1024w, https:\/\/mikrosystem.pl\/mikrosystem_www\/wp-content\/uploads\/2015\/08\/Lista_produkt\u00f3w_000005-300x234.png 300w\" sizes=\"auto, (max-width: 1024px) 100vw, 1024px\" \/><\/a><\/p>\n","protected":false},"excerpt":{"rendered":"<p>Aby doda\u0107 nowy produkt, przejd\u017a do zak\u0142adki Produkty -&gt; Lista Produkt\u00f3w Aby doda\u0107 now\u0105 pozycj\u0119 do katalogu, kliknij na Nowy Produkt. Znaczenie p\u00f3l: Nazwa produktu &#8211; wewn\u0119trzna nazwa produktu, u\u017cywana w biurze do wyszukiwania go w katalogu, i w raportach. Nazwa ta nie pojawia si\u0119 na fakturach. Uwaga: dobrym zwyczajem przy tworzeniu nazw jest u\u017cywanie &#8230; <a title=\"Edycja i dodawanie produkt\u00f3w\" class=\"read-more\" href=\"https:\/\/mikrosystem.pl\/index.php\/pomoc\/eknf-instrukcja-obslugi\/edycja-katalogu-towarow-i-uslug\/edycja-i-dodawanie-produktow\" aria-label=\"Dowiedz si\u0119 wi\u0119cej o Edycja i dodawanie produkt\u00f3w\">Read more<\/a><\/p>\n","protected":false},"author":5,"featured_media":0,"parent":2323,"menu_order":0,"comment_status":"open","ping_status":"open","template":"faqs.php","meta":{"generate_page_header":"","footnotes":""},"class_list":{"0":"post-2327","1":"page","2":"type-page","3":"status-publish","5":"infinite-scroll-item"},"_links":{"self":[{"href":"https:\/\/mikrosystem.pl\/index.php\/wp-json\/wp\/v2\/pages\/2327","targetHints":{"allow":["GET"]}}],"collection":[{"href":"https:\/\/mikrosystem.pl\/index.php\/wp-json\/wp\/v2\/pages"}],"about":[{"href":"https:\/\/mikrosystem.pl\/index.php\/wp-json\/wp\/v2\/types\/page"}],"author":[{"embeddable":true,"href":"https:\/\/mikrosystem.pl\/index.php\/wp-json\/wp\/v2\/users\/5"}],"replies":[{"embeddable":true,"href":"https:\/\/mikrosystem.pl\/index.php\/wp-json\/wp\/v2\/comments?post=2327"}],"version-history":[{"count":4,"href":"https:\/\/mikrosystem.pl\/index.php\/wp-json\/wp\/v2\/pages\/2327\/revisions"}],"predecessor-version":[{"id":2332,"href":"https:\/\/mikrosystem.pl\/index.php\/wp-json\/wp\/v2\/pages\/2327\/revisions\/2332"}],"up":[{"embeddable":true,"href":"https:\/\/mikrosystem.pl\/index.php\/wp-json\/wp\/v2\/pages\/2323"}],"wp:attachment":[{"href":"https:\/\/mikrosystem.pl\/index.php\/wp-json\/wp\/v2\/media?parent=2327"}],"curies":[{"name":"wp","href":"https:\/\/api.w.org\/{rel}","templated":true}]}}