{"id":2323,"date":"2015-08-17T12:15:28","date_gmt":"2015-08-17T10:15:28","guid":{"rendered":"http:\/\/mikrosystem.pl\/?page_id=2323"},"modified":"2015-08-17T12:56:23","modified_gmt":"2015-08-17T10:56:23","slug":"edycja-katalogu-towarow-i-uslug","status":"publish","type":"page","link":"https:\/\/mikrosystem.pl\/index.php\/pomoc\/eknf-instrukcja-obslugi\/edycja-katalogu-towarow-i-uslug","title":{"rendered":"Edycja katalogu towar\u00f3w i us\u0142ug"},"content":{"rendered":"<p style=\"text-align: justify;\">eKNF pozwala na umieszczanie w katalogu towar\u00f3w i us\u0142ug pojedynczych produkt\u00f3w, lub pakiet\u00f3w us\u0142ug.<\/p>\n<p style=\"text-align: justify;\">Tworzenie pakiet\u00f3w (kt\u00f3re grupuj\u0105 w sobie kilka pojedynczych produkt\u00f3w) jest uzasadnione tam, gdzie kilka tych samych produkt\u00f3w zawsze, lub prawie zawsze jest sprzedawanych razem. typowym przyk\u0142adem pakietu jest: bilet + op\u0142ata transakcyjna. Lista istniej\u0105cych pakiet\u00f3w jest dost\u0119pna w zak\u0142adce Produkty -&gt; Lista Pakiet\u00f3w.<\/p>\n<p style=\"text-align: justify;\">Tam, gdzie w praktyce sprzeda\u017cy produkt lub us\u0142uga najcz\u0119\u015bciej wyst\u0119puje jako pojedyncza pozycja, nale\u017cy go konfigurowa\u0107 jako pojedyncz\u0105 pozycj\u0119 &#8211; czyli produkt. Lista indywidualnych produkt\u00f3w jest dost\u0119pna w zak\u0142adce Produkty -&gt; Lista Produkt\u00f3w<\/p>\n<p style=\"text-align: justify;\"><a href=\"\/?page_id=2327\">Produkty &#8211; Edycja i dodawanie do katalogu produkt\u00f3w<\/a><\/p>\n<p style=\"text-align: justify;\">Pakiety &#8211; Edycja i dodawanie Pakiet\u00f3w<\/p>\n<p style=\"text-align: justify;\">\n<p style=\"text-align: justify;\">\n","protected":false},"excerpt":{"rendered":"<p>eKNF pozwala na umieszczanie w katalogu towar\u00f3w i us\u0142ug pojedynczych produkt\u00f3w, lub pakiet\u00f3w us\u0142ug. Tworzenie pakiet\u00f3w (kt\u00f3re grupuj\u0105 w sobie kilka pojedynczych produkt\u00f3w) jest uzasadnione tam, gdzie kilka tych samych produkt\u00f3w zawsze, lub prawie zawsze jest sprzedawanych razem. typowym przyk\u0142adem pakietu jest: bilet + op\u0142ata transakcyjna. Lista istniej\u0105cych pakiet\u00f3w jest dost\u0119pna w zak\u0142adce Produkty -&gt; &#8230; <a title=\"Edycja katalogu towar\u00f3w i us\u0142ug\" class=\"read-more\" href=\"https:\/\/mikrosystem.pl\/index.php\/pomoc\/eknf-instrukcja-obslugi\/edycja-katalogu-towarow-i-uslug\" aria-label=\"Dowiedz si\u0119 wi\u0119cej o Edycja katalogu towar\u00f3w i us\u0142ug\">Read more<\/a><\/p>\n","protected":false},"author":5,"featured_media":0,"parent":1802,"menu_order":0,"comment_status":"open","ping_status":"open","template":"faqs.php","meta":{"generate_page_header":"","footnotes":""},"class_list":{"0":"post-2323","1":"page","2":"type-page","3":"status-publish","5":"infinite-scroll-item"},"_links":{"self":[{"href":"https:\/\/mikrosystem.pl\/index.php\/wp-json\/wp\/v2\/pages\/2323","targetHints":{"allow":["GET"]}}],"collection":[{"href":"https:\/\/mikrosystem.pl\/index.php\/wp-json\/wp\/v2\/pages"}],"about":[{"href":"https:\/\/mikrosystem.pl\/index.php\/wp-json\/wp\/v2\/types\/page"}],"author":[{"embeddable":true,"href":"https:\/\/mikrosystem.pl\/index.php\/wp-json\/wp\/v2\/users\/5"}],"replies":[{"embeddable":true,"href":"https:\/\/mikrosystem.pl\/index.php\/wp-json\/wp\/v2\/comments?post=2323"}],"version-history":[{"count":3,"href":"https:\/\/mikrosystem.pl\/index.php\/wp-json\/wp\/v2\/pages\/2323\/revisions"}],"predecessor-version":[{"id":2325,"href":"https:\/\/mikrosystem.pl\/index.php\/wp-json\/wp\/v2\/pages\/2323\/revisions\/2325"}],"up":[{"embeddable":true,"href":"https:\/\/mikrosystem.pl\/index.php\/wp-json\/wp\/v2\/pages\/1802"}],"wp:attachment":[{"href":"https:\/\/mikrosystem.pl\/index.php\/wp-json\/wp\/v2\/media?parent=2323"}],"curies":[{"name":"wp","href":"https:\/\/api.w.org\/{rel}","templated":true}]}}