{"id":2305,"date":"2015-08-14T11:27:26","date_gmt":"2015-08-14T09:27:26","guid":{"rendered":"http:\/\/mikrosystem.pl\/?page_id=2305"},"modified":"2015-08-14T11:33:43","modified_gmt":"2015-08-14T09:33:43","slug":"raporty-dostepne-dla-klientow","status":"publish","type":"page","link":"https:\/\/mikrosystem.pl\/index.php\/pomoc\/eknf-instrukcja-obslugi\/funkcje-eknf-dostepne-dla-klientow-biura-podrozy\/raporty-dostepne-dla-klientow","title":{"rendered":"Raporty dost\u0119pne dla klient\u00f3w"},"content":{"rendered":"<p style=\"text-align: justify;\">Biuro podr\u00f3\u017cy mo\u017ce udost\u0119pni\u0107 wybrane raporty swoim klientom posiadaj\u0105cym dost\u0119p do eKNF, przypisuj\u0105c odpowiednie uprawnienia do posiadanych przez nich login\u00f3w. <em><a href=\"\/?page_id=2269\">Przeczytaj wi\u0119cej o tworzeniu login\u00f3w dla klient\u00f3w biura podr\u00f3\u017cy.<\/a><\/em><\/p>\n<p style=\"text-align: justify;\">Raporty dost\u0119pne dla klienta s\u0105 automatycznie skonfigurowane tak, by pokazywa\u0107 tylko dane danej firmy, lub grupy firm. eKNF.<\/p>\n<p style=\"text-align: justify;\">Przyk\u0142ad: Raport o portach docelowych (czyli raport o destynacjach lotniczych) &#8211; okno kryteri\u00f3w wyszukiwania.<\/p>\n<p style=\"text-align: justify;\"><a href=\"https:\/\/mikrosystem.pl\/wp-content\/uploads\/2015\/08\/Klienci-Dostepne-funkcje-Zlecenia-07.jpg\"><img loading=\"lazy\" decoding=\"async\" class=\" size-large wp-image-2307 aligncenter\" src=\"https:\/\/mikrosystem.pl\/wp-content\/uploads\/2015\/08\/Klienci-Dostepne-funkcje-Zlecenia-07-1024x622.jpg\" alt=\"Klienci - Dostepne funkcje - Zlecenia 07\" width=\"1024\" height=\"622\" srcset=\"https:\/\/mikrosystem.pl\/mikrosystem_www\/wp-content\/uploads\/2015\/08\/Klienci-Dostepne-funkcje-Zlecenia-07-1024x622.jpg 1024w, https:\/\/mikrosystem.pl\/mikrosystem_www\/wp-content\/uploads\/2015\/08\/Klienci-Dostepne-funkcje-Zlecenia-07-300x182.jpg 300w, https:\/\/mikrosystem.pl\/mikrosystem_www\/wp-content\/uploads\/2015\/08\/Klienci-Dostepne-funkcje-Zlecenia-07.jpg 1179w\" sizes=\"auto, (max-width: 1024px) 100vw, 1024px\" \/><\/a><\/p>\n","protected":false},"excerpt":{"rendered":"<p>Biuro podr\u00f3\u017cy mo\u017ce udost\u0119pni\u0107 wybrane raporty swoim klientom posiadaj\u0105cym dost\u0119p do eKNF, przypisuj\u0105c odpowiednie uprawnienia do posiadanych przez nich login\u00f3w. Przeczytaj wi\u0119cej o tworzeniu login\u00f3w dla klient\u00f3w biura podr\u00f3\u017cy. Raporty dost\u0119pne dla klienta s\u0105 automatycznie skonfigurowane tak, by pokazywa\u0107 tylko dane danej firmy, lub grupy firm. eKNF. Przyk\u0142ad: Raport o portach docelowych (czyli raport o &#8230; <a title=\"Raporty dost\u0119pne dla klient\u00f3w\" class=\"read-more\" href=\"https:\/\/mikrosystem.pl\/index.php\/pomoc\/eknf-instrukcja-obslugi\/funkcje-eknf-dostepne-dla-klientow-biura-podrozy\/raporty-dostepne-dla-klientow\" aria-label=\"Dowiedz si\u0119 wi\u0119cej o Raporty dost\u0119pne dla klient\u00f3w\">Read more<\/a><\/p>\n","protected":false},"author":5,"featured_media":0,"parent":2274,"menu_order":0,"comment_status":"open","ping_status":"open","template":"faqs.php","meta":{"generate_page_header":"","footnotes":""},"class_list":{"0":"post-2305","1":"page","2":"type-page","3":"status-publish","5":"infinite-scroll-item"},"_links":{"self":[{"href":"https:\/\/mikrosystem.pl\/index.php\/wp-json\/wp\/v2\/pages\/2305","targetHints":{"allow":["GET"]}}],"collection":[{"href":"https:\/\/mikrosystem.pl\/index.php\/wp-json\/wp\/v2\/pages"}],"about":[{"href":"https:\/\/mikrosystem.pl\/index.php\/wp-json\/wp\/v2\/types\/page"}],"author":[{"embeddable":true,"href":"https:\/\/mikrosystem.pl\/index.php\/wp-json\/wp\/v2\/users\/5"}],"replies":[{"embeddable":true,"href":"https:\/\/mikrosystem.pl\/index.php\/wp-json\/wp\/v2\/comments?post=2305"}],"version-history":[{"count":4,"href":"https:\/\/mikrosystem.pl\/index.php\/wp-json\/wp\/v2\/pages\/2305\/revisions"}],"predecessor-version":[{"id":2309,"href":"https:\/\/mikrosystem.pl\/index.php\/wp-json\/wp\/v2\/pages\/2305\/revisions\/2309"}],"up":[{"embeddable":true,"href":"https:\/\/mikrosystem.pl\/index.php\/wp-json\/wp\/v2\/pages\/2274"}],"wp:attachment":[{"href":"https:\/\/mikrosystem.pl\/index.php\/wp-json\/wp\/v2\/media?parent=2305"}],"curies":[{"name":"wp","href":"https:\/\/api.w.org\/{rel}","templated":true}]}}