{"id":2285,"date":"2015-08-13T15:20:20","date_gmt":"2015-08-13T13:20:20","guid":{"rendered":"http:\/\/mikrosystem.pl\/?page_id=2285"},"modified":"2015-08-13T15:20:20","modified_gmt":"2015-08-13T13:20:20","slug":"dostep-do-swoich-faktur-przeznaczony-dla-klientow-biura-podrozy","status":"publish","type":"page","link":"https:\/\/mikrosystem.pl\/index.php\/pomoc\/eknf-instrukcja-obslugi\/funkcje-eknf-dostepne-dla-klientow-biura-podrozy\/dostep-do-swoich-faktur-przeznaczony-dla-klientow-biura-podrozy","title":{"rendered":"Dost\u0119p do swoich faktur przeznaczony dla klient\u00f3w biura podr\u00f3\u017cy"},"content":{"rendered":"<p>Biuro podr\u00f3\u017cy mo\u017ce udost\u0119pni\u0107 swoim klientom dost\u0119p do wybranych funkcji programu &#8211; w tym: dost\u0119p on-line do swoich faktur. Dokumenty sprzeda\u017cy s\u0105 udost\u0119pniane klientom w formie okna z mo\u017cliwo\u015bci\u0105 wyszukiwania i sortowania danych. Dodatkow\u0105 przydatn\u0105 funkcj\u0105 jest mo\u017cliwo\u015b\u0107 pobrania pe\u0142nej listy dokument\u00f3w w formie akrusza kalkulacyjnego.<\/p>\n<p><a href=\"https:\/\/mikrosystem.pl\/wp-content\/uploads\/2015\/08\/Klienci-Dostepne-funkcje-lista-faktur-01.png\"><img loading=\"lazy\" decoding=\"async\" class=\" size-large wp-image-2278 aligncenter\" src=\"https:\/\/mikrosystem.pl\/wp-content\/uploads\/2015\/08\/Klienci-Dostepne-funkcje-lista-faktur-01-1024x617.png\" alt=\"Klienci - Dostepne funkcje - lista faktur 01\" width=\"1024\" height=\"617\" srcset=\"https:\/\/mikrosystem.pl\/mikrosystem_www\/wp-content\/uploads\/2015\/08\/Klienci-Dostepne-funkcje-lista-faktur-01-1024x617.png 1024w, https:\/\/mikrosystem.pl\/mikrosystem_www\/wp-content\/uploads\/2015\/08\/Klienci-Dostepne-funkcje-lista-faktur-01-300x181.png 300w, https:\/\/mikrosystem.pl\/mikrosystem_www\/wp-content\/uploads\/2015\/08\/Klienci-Dostepne-funkcje-lista-faktur-01.png 1183w\" sizes=\"auto, (max-width: 1024px) 100vw, 1024px\" \/><\/a><\/p>\n<p>Po klikni\u0119ciu na wybrany dokument klient mo\u017ce go otworzy\u0107 i wydrukowa\u0107, b\u0105d\u017a pobra\u0107 w formie pliku PDF:<\/p>\n<p><a href=\"https:\/\/mikrosystem.pl\/wp-content\/uploads\/2015\/08\/Klienci-Dostepne-funkcje-lista-faktur-02.png\"><img loading=\"lazy\" decoding=\"async\" class=\" size-large wp-image-2279 aligncenter\" src=\"https:\/\/mikrosystem.pl\/wp-content\/uploads\/2015\/08\/Klienci-Dostepne-funkcje-lista-faktur-02-1024x727.png\" alt=\"Klienci - Dostepne funkcje - lista faktur 02\" width=\"1024\" height=\"727\" srcset=\"https:\/\/mikrosystem.pl\/mikrosystem_www\/wp-content\/uploads\/2015\/08\/Klienci-Dostepne-funkcje-lista-faktur-02-1024x727.png 1024w, https:\/\/mikrosystem.pl\/mikrosystem_www\/wp-content\/uploads\/2015\/08\/Klienci-Dostepne-funkcje-lista-faktur-02-300x213.png 300w, https:\/\/mikrosystem.pl\/mikrosystem_www\/wp-content\/uploads\/2015\/08\/Klienci-Dostepne-funkcje-lista-faktur-02.png 1175w\" sizes=\"auto, (max-width: 1024px) 100vw, 1024px\" \/><\/a><\/p>\n<p>&nbsp;<\/p>\n","protected":false},"excerpt":{"rendered":"<p>Biuro podr\u00f3\u017cy mo\u017ce udost\u0119pni\u0107 swoim klientom dost\u0119p do wybranych funkcji programu &#8211; w tym: dost\u0119p on-line do swoich faktur. Dokumenty sprzeda\u017cy s\u0105 udost\u0119pniane klientom w formie okna z mo\u017cliwo\u015bci\u0105 wyszukiwania i sortowania danych. Dodatkow\u0105 przydatn\u0105 funkcj\u0105 jest mo\u017cliwo\u015b\u0107 pobrania pe\u0142nej listy dokument\u00f3w w formie akrusza kalkulacyjnego. Po klikni\u0119ciu na wybrany dokument klient mo\u017ce go otworzy\u0107 &#8230; <a title=\"Dost\u0119p do swoich faktur przeznaczony dla klient\u00f3w biura podr\u00f3\u017cy\" class=\"read-more\" href=\"https:\/\/mikrosystem.pl\/index.php\/pomoc\/eknf-instrukcja-obslugi\/funkcje-eknf-dostepne-dla-klientow-biura-podrozy\/dostep-do-swoich-faktur-przeznaczony-dla-klientow-biura-podrozy\" aria-label=\"Dowiedz si\u0119 wi\u0119cej o Dost\u0119p do swoich faktur przeznaczony dla klient\u00f3w biura podr\u00f3\u017cy\">Read more<\/a><\/p>\n","protected":false},"author":5,"featured_media":0,"parent":2274,"menu_order":0,"comment_status":"open","ping_status":"open","template":"faqs.php","meta":{"generate_page_header":"","footnotes":""},"class_list":{"0":"post-2285","1":"page","2":"type-page","3":"status-publish","5":"infinite-scroll-item"},"_links":{"self":[{"href":"https:\/\/mikrosystem.pl\/index.php\/wp-json\/wp\/v2\/pages\/2285","targetHints":{"allow":["GET"]}}],"collection":[{"href":"https:\/\/mikrosystem.pl\/index.php\/wp-json\/wp\/v2\/pages"}],"about":[{"href":"https:\/\/mikrosystem.pl\/index.php\/wp-json\/wp\/v2\/types\/page"}],"author":[{"embeddable":true,"href":"https:\/\/mikrosystem.pl\/index.php\/wp-json\/wp\/v2\/users\/5"}],"replies":[{"embeddable":true,"href":"https:\/\/mikrosystem.pl\/index.php\/wp-json\/wp\/v2\/comments?post=2285"}],"version-history":[{"count":2,"href":"https:\/\/mikrosystem.pl\/index.php\/wp-json\/wp\/v2\/pages\/2285\/revisions"}],"predecessor-version":[{"id":2287,"href":"https:\/\/mikrosystem.pl\/index.php\/wp-json\/wp\/v2\/pages\/2285\/revisions\/2287"}],"up":[{"embeddable":true,"href":"https:\/\/mikrosystem.pl\/index.php\/wp-json\/wp\/v2\/pages\/2274"}],"wp:attachment":[{"href":"https:\/\/mikrosystem.pl\/index.php\/wp-json\/wp\/v2\/media?parent=2285"}],"curies":[{"name":"wp","href":"https:\/\/api.w.org\/{rel}","templated":true}]}}