{"id":2274,"date":"2015-08-13T14:11:14","date_gmt":"2015-08-13T12:11:14","guid":{"rendered":"http:\/\/mikrosystem.pl\/?page_id=2274"},"modified":"2015-08-14T11:32:19","modified_gmt":"2015-08-14T09:32:19","slug":"funkcje-eknf-dostepne-dla-klientow-biura-podrozy","status":"publish","type":"page","link":"https:\/\/mikrosystem.pl\/index.php\/pomoc\/eknf-instrukcja-obslugi\/funkcje-eknf-dostepne-dla-klientow-biura-podrozy","title":{"rendered":"Funkcje eKNF dost\u0119pne dla klient\u00f3w biura podr\u00f3\u017cy"},"content":{"rendered":"<p style=\"text-align: justify;\">eKNF posiada funkcje, kt\u00f3re biuro podr\u00f3\u017cy mo\u017ce udost\u0119pni\u0107 swoim wybranym klientom. Najwa\u017cniejsze z nich to:<\/p>\n<ul style=\"text-align: justify;\">\n<li><a href=\"\/?page_id=2285\">Dost\u0119p do swoich faktur<\/a><\/li>\n<li><a href=\"\/?page_id=2305\">Dost\u0119p do wybranych raport\u00f3w<\/a><\/li>\n<li><a href=\"\/?page_id=2290\">Sk\u0142adanie zlece\u0144 on-line<\/a><\/li>\n<li><a href=\"\/?page_id=2103\">Lokalizator podr\u00f3\u017cnych<\/a><\/li>\n<\/ul>\n<p style=\"text-align: justify;\">Aby umo\u017cliwi\u0107 klientowi dost\u0119p do wybranych funkcji, nale\u017cy utworzy\u0107 dla niego odpowiedni login i ustawi\u0107 prawa dost\u0119pu. Login dla klienta tworzy si\u0119 z zak\u0142adki Klienci -&gt; U\u017cytkownicy.<\/p>\n<p style=\"text-align: justify;\"><a href=\"\/?page_id=2269\">Przeczytaj wi\u0119cej o tworzeniu login\u00f3w przeznaczonych dla klient\u00f3w biura podr\u00f3\u017cny<\/a><\/p>\n<p style=\"text-align: justify;\">Klienci, kt\u00f3rym biuro podr\u00f3\u017cy umo\u017cliwi\u0142o dost\u0119p do eKNF, loguj\u0105 si\u0119 do systemu na tej samej zasadzie, co inni u\u017cytkownicy. Maj\u0105 jednak do dyspozycji okrojone menu g\u00f3rne, zawieraj\u0105ce tylko funkcje, kt\u00f3re zosta\u0142y im udost\u0119pnione w czasie\u00a0 zak\u0142adania loginu. Elementy systemu dost\u0119pne dla klient\u00f3w zaznaczono poni\u017cej czerwon\u0105 obw\u00f3dk\u0105:<\/p>\n<p style=\"text-align: justify;\"><a href=\"https:\/\/mikrosystem.pl\/wp-content\/uploads\/2015\/08\/Klienci-Dostepne-funkcje.png\"><img loading=\"lazy\" decoding=\"async\" class=\" size-large wp-image-2280 aligncenter\" src=\"https:\/\/mikrosystem.pl\/wp-content\/uploads\/2015\/08\/Klienci-Dostepne-funkcje-1024x605.png\" alt=\"Klienci - Dostepne funkcje\" width=\"1024\" height=\"605\" srcset=\"https:\/\/mikrosystem.pl\/mikrosystem_www\/wp-content\/uploads\/2015\/08\/Klienci-Dostepne-funkcje-1024x605.png 1024w, https:\/\/mikrosystem.pl\/mikrosystem_www\/wp-content\/uploads\/2015\/08\/Klienci-Dostepne-funkcje-300x177.png 300w, https:\/\/mikrosystem.pl\/mikrosystem_www\/wp-content\/uploads\/2015\/08\/Klienci-Dostepne-funkcje.png 1206w\" sizes=\"auto, (max-width: 1024px) 100vw, 1024px\" \/><\/a><\/p>\n","protected":false},"excerpt":{"rendered":"<p>eKNF posiada funkcje, kt\u00f3re biuro podr\u00f3\u017cy mo\u017ce udost\u0119pni\u0107 swoim wybranym klientom. Najwa\u017cniejsze z nich to: Dost\u0119p do swoich faktur Dost\u0119p do wybranych raport\u00f3w Sk\u0142adanie zlece\u0144 on-line Lokalizator podr\u00f3\u017cnych Aby umo\u017cliwi\u0107 klientowi dost\u0119p do wybranych funkcji, nale\u017cy utworzy\u0107 dla niego odpowiedni login i ustawi\u0107 prawa dost\u0119pu. Login dla klienta tworzy si\u0119 z zak\u0142adki Klienci -&gt; U\u017cytkownicy. &#8230; <a title=\"Funkcje eKNF dost\u0119pne dla klient\u00f3w biura podr\u00f3\u017cy\" class=\"read-more\" href=\"https:\/\/mikrosystem.pl\/index.php\/pomoc\/eknf-instrukcja-obslugi\/funkcje-eknf-dostepne-dla-klientow-biura-podrozy\" aria-label=\"Dowiedz si\u0119 wi\u0119cej o Funkcje eKNF dost\u0119pne dla klient\u00f3w biura podr\u00f3\u017cy\">Read more<\/a><\/p>\n","protected":false},"author":5,"featured_media":0,"parent":1802,"menu_order":0,"comment_status":"open","ping_status":"open","template":"faqs.php","meta":{"generate_page_header":"","footnotes":""},"class_list":{"0":"post-2274","1":"page","2":"type-page","3":"status-publish","5":"infinite-scroll-item"},"_links":{"self":[{"href":"https:\/\/mikrosystem.pl\/index.php\/wp-json\/wp\/v2\/pages\/2274","targetHints":{"allow":["GET"]}}],"collection":[{"href":"https:\/\/mikrosystem.pl\/index.php\/wp-json\/wp\/v2\/pages"}],"about":[{"href":"https:\/\/mikrosystem.pl\/index.php\/wp-json\/wp\/v2\/types\/page"}],"author":[{"embeddable":true,"href":"https:\/\/mikrosystem.pl\/index.php\/wp-json\/wp\/v2\/users\/5"}],"replies":[{"embeddable":true,"href":"https:\/\/mikrosystem.pl\/index.php\/wp-json\/wp\/v2\/comments?post=2274"}],"version-history":[{"count":7,"href":"https:\/\/mikrosystem.pl\/index.php\/wp-json\/wp\/v2\/pages\/2274\/revisions"}],"predecessor-version":[{"id":2276,"href":"https:\/\/mikrosystem.pl\/index.php\/wp-json\/wp\/v2\/pages\/2274\/revisions\/2276"}],"up":[{"embeddable":true,"href":"https:\/\/mikrosystem.pl\/index.php\/wp-json\/wp\/v2\/pages\/1802"}],"wp:attachment":[{"href":"https:\/\/mikrosystem.pl\/index.php\/wp-json\/wp\/v2\/media?parent=2274"}],"curies":[{"name":"wp","href":"https:\/\/api.w.org\/{rel}","templated":true}]}}