{"id":2269,"date":"2015-06-23T15:36:06","date_gmt":"2015-06-23T13:36:06","guid":{"rendered":"http:\/\/mikrosystem.pl\/?page_id=2269"},"modified":"2015-06-23T15:36:06","modified_gmt":"2015-06-23T13:36:06","slug":"zarzadzanie-uzytkownikami-zewnetrznymi","status":"publish","type":"page","link":"https:\/\/mikrosystem.pl\/index.php\/pomoc\/eknf-instrukcja-obslugi\/edycja-i-zarzadzanie-uzytkownikami\/zarzadzanie-uzytkownikami-zewnetrznymi","title":{"rendered":"Zarz\u0105dzanie u\u017cytkownikami zewn\u0119trznymi"},"content":{"rendered":"<p style=\"text-align: justify;\">eKNF pozwala na udost\u0119pnianie wybranych element\u00f3w systemu nie tylko pracownikom biura podr\u00f3\u017cy, lecz r\u00f3wnie\u017c jego klientom. W ten spos\u00f3b mo\u017cliwe jest na przyk\u0142ad udost\u0119pnienie klientowi wybranych raport\u00f3w, dost\u0119pu do listy swoich faktur, lokalizatora podr\u00f3\u017cnych, itd.<\/p>\n<p style=\"text-align: justify;\">Tworzenie i edycja login\u00f3w przeznaczonych dla klient\u00f3w odbywa si\u0119 w module Klienci:<\/p>\n<ul style=\"text-align: justify;\">\n<li>Wejd\u017a w zak\u0142adk\u0119 Klienci, i wybierz (wyszukaj) klienta, dla kt\u00f3rego chcesz utworzy\u0107\/wyedytowa\u0107 login.<\/li>\n<li>Po wyszukaniu klienta, kliknij na niego prawym klawiszem myszy, i wybierz Szczeg\u00f3\u0142y<\/li>\n<li>Z menu g\u00f3rnego (na zielonym pasku), wybierz zak\u0142adk\u0119 U\u017cytkownicy<\/li>\n<li>Aby doda\u0107 nowego u\u017cytkownika, kliknij [Dodaj nowego u\u017cytkownika]<\/li>\n<li>Aby zmieni\u0107 dane lub uprawnienia istniej\u0105cego u\u017cytkownika, kliknij na niego prawym klawiszem myszy, i wybierz Edytuj<\/li>\n<\/ul>\n<p style=\"text-align: justify;\">W oknie edycji u\u017cytkownika zasoby, kt\u00f3re s\u0105 mu udost\u0119pnione, oznaczone s\u0105 na zielono. Aby przydzieli\u0107 lub odebra\u0107 uprawnienia do wybranego zasobu, kliknij na niego mysz\u0105.<\/p>\n<p style=\"text-align: justify;\"><a href=\"https:\/\/mikrosystem.pl\/wp-content\/uploads\/2015\/06\/Klienci-Login-dla-klienta-01.png\"><img loading=\"lazy\" decoding=\"async\" class=\" size-large wp-image-2270 aligncenter\" src=\"https:\/\/mikrosystem.pl\/wp-content\/uploads\/2015\/06\/Klienci-Login-dla-klienta-01-1024x468.png\" alt=\"Klienci Login dla klienta 01\" width=\"1024\" height=\"468\" srcset=\"https:\/\/mikrosystem.pl\/mikrosystem_www\/wp-content\/uploads\/2015\/06\/Klienci-Login-dla-klienta-01-1024x468.png 1024w, https:\/\/mikrosystem.pl\/mikrosystem_www\/wp-content\/uploads\/2015\/06\/Klienci-Login-dla-klienta-01-300x137.png 300w, https:\/\/mikrosystem.pl\/mikrosystem_www\/wp-content\/uploads\/2015\/06\/Klienci-Login-dla-klienta-01.png 1915w\" sizes=\"auto, (max-width: 1024px) 100vw, 1024px\" \/><\/a><strong>Uwaga:<\/strong> pami\u0119taj o przydzieleniu uprawnie\u0144 do zasob\u00f3w &#8216;Lokalizacja &#8230;&#8217; Dokumenty sprzeda\u017cy, raporty, i inne\u00a0 dane b\u0119d\u0105 udost\u0119pnione klientowi wy\u0142\u0105cznie z zaznaczonych lokalizacji.<\/p>\n","protected":false},"excerpt":{"rendered":"<p>eKNF pozwala na udost\u0119pnianie wybranych element\u00f3w systemu nie tylko pracownikom biura podr\u00f3\u017cy, lecz r\u00f3wnie\u017c jego klientom. W ten spos\u00f3b mo\u017cliwe jest na przyk\u0142ad udost\u0119pnienie klientowi wybranych raport\u00f3w, dost\u0119pu do listy swoich faktur, lokalizatora podr\u00f3\u017cnych, itd. Tworzenie i edycja login\u00f3w przeznaczonych dla klient\u00f3w odbywa si\u0119 w module Klienci: Wejd\u017a w zak\u0142adk\u0119 Klienci, i wybierz (wyszukaj) klienta, &#8230; <a title=\"Zarz\u0105dzanie u\u017cytkownikami zewn\u0119trznymi\" class=\"read-more\" href=\"https:\/\/mikrosystem.pl\/index.php\/pomoc\/eknf-instrukcja-obslugi\/edycja-i-zarzadzanie-uzytkownikami\/zarzadzanie-uzytkownikami-zewnetrznymi\" aria-label=\"Dowiedz si\u0119 wi\u0119cej o Zarz\u0105dzanie u\u017cytkownikami zewn\u0119trznymi\">Read more<\/a><\/p>\n","protected":false},"author":5,"featured_media":0,"parent":2264,"menu_order":0,"comment_status":"open","ping_status":"open","template":"faqs.php","meta":{"generate_page_header":"","footnotes":""},"class_list":{"0":"post-2269","1":"page","2":"type-page","3":"status-publish","5":"infinite-scroll-item"},"_links":{"self":[{"href":"https:\/\/mikrosystem.pl\/index.php\/wp-json\/wp\/v2\/pages\/2269","targetHints":{"allow":["GET"]}}],"collection":[{"href":"https:\/\/mikrosystem.pl\/index.php\/wp-json\/wp\/v2\/pages"}],"about":[{"href":"https:\/\/mikrosystem.pl\/index.php\/wp-json\/wp\/v2\/types\/page"}],"author":[{"embeddable":true,"href":"https:\/\/mikrosystem.pl\/index.php\/wp-json\/wp\/v2\/users\/5"}],"replies":[{"embeddable":true,"href":"https:\/\/mikrosystem.pl\/index.php\/wp-json\/wp\/v2\/comments?post=2269"}],"version-history":[{"count":2,"href":"https:\/\/mikrosystem.pl\/index.php\/wp-json\/wp\/v2\/pages\/2269\/revisions"}],"predecessor-version":[{"id":2272,"href":"https:\/\/mikrosystem.pl\/index.php\/wp-json\/wp\/v2\/pages\/2269\/revisions\/2272"}],"up":[{"embeddable":true,"href":"https:\/\/mikrosystem.pl\/index.php\/wp-json\/wp\/v2\/pages\/2264"}],"wp:attachment":[{"href":"https:\/\/mikrosystem.pl\/index.php\/wp-json\/wp\/v2\/media?parent=2269"}],"curies":[{"name":"wp","href":"https:\/\/api.w.org\/{rel}","templated":true}]}}