{"id":2255,"date":"2015-06-17T10:47:25","date_gmt":"2015-06-17T08:47:25","guid":{"rendered":"http:\/\/mikrosystem.pl\/?page_id=2255"},"modified":"2015-06-17T10:47:25","modified_gmt":"2015-06-17T08:47:25","slug":"pobieranie-biletow-pkp-ic-z-serwera-pkp-ic","status":"publish","type":"page","link":"https:\/\/mikrosystem.pl\/index.php\/pomoc\/eknf-instrukcja-obslugi\/eknf-glowne-okno-programu\/rdesk\/pobieranie-biletow-pkp-ic-z-serwera-pkp-ic","title":{"rendered":"Pobieranie bilet\u00f3w PKP IC z serwera PKP IC"},"content":{"rendered":"<p>Do automatycznego pobierania bilet\u00f3w z serwera PKP IC s\u0142u\u017cy klawisz [Wczytaj bilety PKP z WWW]. Po jego naci\u015bni\u0119ciu eKNF po\u0142\u0105czy si\u0119 z serwerem PKP, i pobierze dane i pliki PD dla bilet\u00f3w wystawionych w ci\u0105gu ostatnich 45 dni.<\/p>\n<p>Uwaga: po\u0142\u0105czenie z serwerem PKP wymaga konfiguracji &#8211; skontaktuj si\u0119 z nami w celu uruchomienia tej funkcjonalno\u015bci.<\/p>\n<p><a href=\"https:\/\/mikrosystem.pl\/wp-content\/uploads\/2015\/06\/RDesk-import-bilet\u00f3w-PKP-IC-01.png\"><img loading=\"lazy\" decoding=\"async\" class=\" size-large wp-image-2256 aligncenter\" src=\"https:\/\/mikrosystem.pl\/wp-content\/uploads\/2015\/06\/RDesk-import-bilet\u00f3w-PKP-IC-01-1024x480.png\" alt=\"RDesk - import bilet\u00f3w PKP IC 01\" width=\"1024\" height=\"480\" srcset=\"https:\/\/mikrosystem.pl\/mikrosystem_www\/wp-content\/uploads\/2015\/06\/RDesk-import-bilet\u00f3w-PKP-IC-01-1024x480.png 1024w, https:\/\/mikrosystem.pl\/mikrosystem_www\/wp-content\/uploads\/2015\/06\/RDesk-import-bilet\u00f3w-PKP-IC-01-300x141.png 300w, https:\/\/mikrosystem.pl\/mikrosystem_www\/wp-content\/uploads\/2015\/06\/RDesk-import-bilet\u00f3w-PKP-IC-01.png 1569w\" sizes=\"auto, (max-width: 1024px) 100vw, 1024px\" \/><\/a><\/p>\n","protected":false},"excerpt":{"rendered":"<p>Do automatycznego pobierania bilet\u00f3w z serwera PKP IC s\u0142u\u017cy klawisz [Wczytaj bilety PKP z WWW]. Po jego naci\u015bni\u0119ciu eKNF po\u0142\u0105czy si\u0119 z serwerem PKP, i pobierze dane i pliki PD dla bilet\u00f3w wystawionych w ci\u0105gu ostatnich 45 dni. Uwaga: po\u0142\u0105czenie z serwerem PKP wymaga konfiguracji &#8211; skontaktuj si\u0119 z nami w celu uruchomienia tej funkcjonalno\u015bci.<\/p>\n","protected":false},"author":5,"featured_media":0,"parent":1929,"menu_order":0,"comment_status":"open","ping_status":"open","template":"faqs.php","meta":{"generate_page_header":"","footnotes":""},"class_list":{"0":"post-2255","1":"page","2":"type-page","3":"status-publish","5":"infinite-scroll-item"},"_links":{"self":[{"href":"https:\/\/mikrosystem.pl\/index.php\/wp-json\/wp\/v2\/pages\/2255","targetHints":{"allow":["GET"]}}],"collection":[{"href":"https:\/\/mikrosystem.pl\/index.php\/wp-json\/wp\/v2\/pages"}],"about":[{"href":"https:\/\/mikrosystem.pl\/index.php\/wp-json\/wp\/v2\/types\/page"}],"author":[{"embeddable":true,"href":"https:\/\/mikrosystem.pl\/index.php\/wp-json\/wp\/v2\/users\/5"}],"replies":[{"embeddable":true,"href":"https:\/\/mikrosystem.pl\/index.php\/wp-json\/wp\/v2\/comments?post=2255"}],"version-history":[{"count":2,"href":"https:\/\/mikrosystem.pl\/index.php\/wp-json\/wp\/v2\/pages\/2255\/revisions"}],"predecessor-version":[{"id":2258,"href":"https:\/\/mikrosystem.pl\/index.php\/wp-json\/wp\/v2\/pages\/2255\/revisions\/2258"}],"up":[{"embeddable":true,"href":"https:\/\/mikrosystem.pl\/index.php\/wp-json\/wp\/v2\/pages\/1929"}],"wp:attachment":[{"href":"https:\/\/mikrosystem.pl\/index.php\/wp-json\/wp\/v2\/media?parent=2255"}],"curies":[{"name":"wp","href":"https:\/\/api.w.org\/{rel}","templated":true}]}}