{"id":2203,"date":"2015-05-07T14:47:23","date_gmt":"2015-05-07T12:47:23","guid":{"rendered":"http:\/\/mikrosystem.pl\/?page_id=2203"},"modified":"2015-05-07T14:47:35","modified_gmt":"2015-05-07T12:47:35","slug":"konfiguracja-specyfikacji","status":"publish","type":"page","link":"https:\/\/mikrosystem.pl\/index.php\/pomoc\/eknf-instrukcja-obslugi\/eknf-glowne-okno-programu\/dane-klienta-edycja\/konfiguracja-specyfikacji","title":{"rendered":"Konfiguracja specyfikacji"},"content":{"rendered":"<p style=\"text-align: justify;\">eKNF pozwala na definiowanie uk\u0142adu kolumn specyfikacji towarzysz\u0105cych fakturom &#8211; oddzielnie dla ka\u017cdego typu specyfikacji, i dla ka\u017cdego klienta. Specyfikacja konfigurowalna s\u0142u\u017cy zwykle do rozszerzenia standardowych danych o sprzedanych us\u0142ugach o informacje dodatkowe &#8211; specyficzne dla danego klienta (np. numer MPK, czy Osoba zamawiaj\u0105ca)<br \/>\nAby rozszerzy\u0107 dany typ specyfikacji (lotnicz\u0105, hotelow\u0105, itp) o dodatkowe kolumny nale\u017cy w profilu klienta:<\/p>\n<ul>\n<li>wej\u015b\u0107 w zak\u0142adk\u0119 Konfiguracja specyfikacji, i klikn\u0105\u0107 na: Dodaj now\u0105 konfiguracj\u0119<br \/>\nklikn\u0105\u0107 na Dodaj now\u0105 konfiguracj\u0119<\/li>\n<li>wybra\u0107 typ specyfikacji, kt\u00f3ra ma by\u0107 modyfikowana, i pole dodatkowe, o kt\u00f3re ma zosta\u0107 rozszerzona<\/li>\n<li>Opr\u00f3cz nazwy pola dodatkowego mo\u017cna r\u00f3wnie\u017c ustali\u0107 jak\u0105 nazw\u0119 b\u0119dzie mia\u0142a kolumna z tym polem (Nazwa kolumny)<\/li>\n<\/ul>\n<p>Je\u015bli do jednej specyfikacji chcemy doda\u0107 kolejno kilka p\u00f3l, nale\u017cy opisan\u0105 czynno\u015b\u0107 powt\u00f3rzy\u0107 kolejno dla ka\u017cdego pola dodatkowego, kt\u00f3re ma si\u0119 znale\u017a\u0107 na specyfikacji.<\/p>\n<p><a href=\"https:\/\/mikrosystem.pl\/wp-content\/uploads\/2015\/05\/profil_klienta_spec_konf-01.png\"><img loading=\"lazy\" decoding=\"async\" class=\" size-large wp-image-2197 aligncenter\" src=\"https:\/\/mikrosystem.pl\/wp-content\/uploads\/2015\/05\/profil_klienta_spec_konf-01-1024x590.png\" alt=\"profil_klienta_spec_konf 01\" width=\"1024\" height=\"590\" srcset=\"https:\/\/mikrosystem.pl\/mikrosystem_www\/wp-content\/uploads\/2015\/05\/profil_klienta_spec_konf-01-1024x590.png 1024w, https:\/\/mikrosystem.pl\/mikrosystem_www\/wp-content\/uploads\/2015\/05\/profil_klienta_spec_konf-01-300x173.png 300w, https:\/\/mikrosystem.pl\/mikrosystem_www\/wp-content\/uploads\/2015\/05\/profil_klienta_spec_konf-01.png 1219w\" sizes=\"auto, (max-width: 1024px) 100vw, 1024px\" \/><\/a><\/p>\n<p>Po klikni\u0119ciu na Zapisz, specyfikacja zostanie uaktualniona:<\/p>\n<p><a href=\"https:\/\/mikrosystem.pl\/wp-content\/uploads\/2015\/05\/profil_klienta_spec_konf-02.png\"><img loading=\"lazy\" decoding=\"async\" class=\" size-large wp-image-2198 aligncenter\" src=\"https:\/\/mikrosystem.pl\/wp-content\/uploads\/2015\/05\/profil_klienta_spec_konf-02-1024x591.png\" alt=\"profil_klienta_spec_konf 02\" width=\"1024\" height=\"591\" srcset=\"https:\/\/mikrosystem.pl\/mikrosystem_www\/wp-content\/uploads\/2015\/05\/profil_klienta_spec_konf-02-1024x591.png 1024w, https:\/\/mikrosystem.pl\/mikrosystem_www\/wp-content\/uploads\/2015\/05\/profil_klienta_spec_konf-02-300x173.png 300w, https:\/\/mikrosystem.pl\/mikrosystem_www\/wp-content\/uploads\/2015\/05\/profil_klienta_spec_konf-02.png 1218w\" sizes=\"auto, (max-width: 1024px) 100vw, 1024px\" \/><\/a><\/p>\n<p>Specyfikacje do faktur generuje si\u0119 z okna Panel wydruku &#8211; wybieraj\u0105c stosown\u0105 specyfikacj\u0119 z listy dost\u0119pnych szablon\u00f3w:<\/p>\n<p><a href=\"https:\/\/mikrosystem.pl\/wp-content\/uploads\/2015\/05\/profil_klienta_spec_konf-03.png\"><img loading=\"lazy\" decoding=\"async\" class=\" size-large wp-image-2199 aligncenter\" src=\"https:\/\/mikrosystem.pl\/wp-content\/uploads\/2015\/05\/profil_klienta_spec_konf-03-1024x590.png\" alt=\"profil_klienta_spec_konf 03\" width=\"1024\" height=\"590\" srcset=\"https:\/\/mikrosystem.pl\/mikrosystem_www\/wp-content\/uploads\/2015\/05\/profil_klienta_spec_konf-03-1024x590.png 1024w, https:\/\/mikrosystem.pl\/mikrosystem_www\/wp-content\/uploads\/2015\/05\/profil_klienta_spec_konf-03-300x173.png 300w, https:\/\/mikrosystem.pl\/mikrosystem_www\/wp-content\/uploads\/2015\/05\/profil_klienta_spec_konf-03.png 1219w\" sizes=\"auto, (max-width: 1024px) 100vw, 1024px\" \/><\/a><\/p>\n<p>&nbsp;<\/p>\n","protected":false},"excerpt":{"rendered":"<p>eKNF pozwala na definiowanie uk\u0142adu kolumn specyfikacji towarzysz\u0105cych fakturom &#8211; oddzielnie dla ka\u017cdego typu specyfikacji, i dla ka\u017cdego klienta. Specyfikacja konfigurowalna s\u0142u\u017cy zwykle do rozszerzenia standardowych danych o sprzedanych us\u0142ugach o informacje dodatkowe &#8211; specyficzne dla danego klienta (np. numer MPK, czy Osoba zamawiaj\u0105ca) Aby rozszerzy\u0107 dany typ specyfikacji (lotnicz\u0105, hotelow\u0105, itp) o dodatkowe kolumny &#8230; <a title=\"Konfiguracja specyfikacji\" class=\"read-more\" href=\"https:\/\/mikrosystem.pl\/index.php\/pomoc\/eknf-instrukcja-obslugi\/eknf-glowne-okno-programu\/dane-klienta-edycja\/konfiguracja-specyfikacji\" aria-label=\"Dowiedz si\u0119 wi\u0119cej o Konfiguracja specyfikacji\">Read more<\/a><\/p>\n","protected":false},"author":5,"featured_media":0,"parent":2194,"menu_order":0,"comment_status":"open","ping_status":"open","template":"faqs.php","meta":{"generate_page_header":"","footnotes":""},"class_list":{"0":"post-2203","1":"page","2":"type-page","3":"status-publish","5":"infinite-scroll-item"},"_links":{"self":[{"href":"https:\/\/mikrosystem.pl\/index.php\/wp-json\/wp\/v2\/pages\/2203","targetHints":{"allow":["GET"]}}],"collection":[{"href":"https:\/\/mikrosystem.pl\/index.php\/wp-json\/wp\/v2\/pages"}],"about":[{"href":"https:\/\/mikrosystem.pl\/index.php\/wp-json\/wp\/v2\/types\/page"}],"author":[{"embeddable":true,"href":"https:\/\/mikrosystem.pl\/index.php\/wp-json\/wp\/v2\/users\/5"}],"replies":[{"embeddable":true,"href":"https:\/\/mikrosystem.pl\/index.php\/wp-json\/wp\/v2\/comments?post=2203"}],"version-history":[{"count":3,"href":"https:\/\/mikrosystem.pl\/index.php\/wp-json\/wp\/v2\/pages\/2203\/revisions"}],"predecessor-version":[{"id":2205,"href":"https:\/\/mikrosystem.pl\/index.php\/wp-json\/wp\/v2\/pages\/2203\/revisions\/2205"}],"up":[{"embeddable":true,"href":"https:\/\/mikrosystem.pl\/index.php\/wp-json\/wp\/v2\/pages\/2194"}],"wp:attachment":[{"href":"https:\/\/mikrosystem.pl\/index.php\/wp-json\/wp\/v2\/media?parent=2203"}],"curies":[{"name":"wp","href":"https:\/\/api.w.org\/{rel}","templated":true}]}}