{"id":2194,"date":"2015-05-07T14:24:09","date_gmt":"2015-05-07T12:24:09","guid":{"rendered":"http:\/\/mikrosystem.pl\/?page_id=2194"},"modified":"2019-06-25T14:15:20","modified_gmt":"2019-06-25T12:15:20","slug":"dane-klienta-edycja","status":"publish","type":"page","link":"https:\/\/mikrosystem.pl\/index.php\/pomoc\/eknf-instrukcja-obslugi\/eknf-glowne-okno-programu\/dane-klienta-edycja","title":{"rendered":"Dane klienta &#8211; edycja"},"content":{"rendered":"<p>Profil klienta zawiera dane teleadresowe i kontaktowe klienta, oraz warunki p\u0142atno\u015bci. Ponadto s\u0142u\u017cy do:<\/p>\n<ul>\n<li><a href=\"https:\/\/mikrosystem.pl\/index.php\/pomoc\/eknf-instrukcja-obslugi\/edycja-polityki-oplat-transakcyjnych\/definiowanie-polityki-oplat-transakcyjnych-dla-poszczegolnych-klientow\">konfiguracji polityki naliczania op\u0142at transakcyjnych<\/a><\/li>\n<li><a href=\"https:\/\/mikrosystem.pl\/index.php\/pomoc\/eknf-instrukcja-obslugi\/eknf-glowne-okno-programu\/dane-klienta-edycja\/klienci-konfiguracja-sposobu-dostarczania-dokumentow\">konfiguracji sposobu dostarczania dokument\u00f3w<\/a><\/li>\n<li><a href=\"https:\/\/mikrosystem.pl\/index.php\/pomoc\/eknf-instrukcja-obslugi\/eknf-glowne-okno-programu\/dane-klienta-edycja\/konfiguracja-pol-dodatkowych-specyficznych-dla-klienta\">konfiguracji wymaganych p\u00f3l dodatkowych (informacji zbieranych w czasie zamawiania i fakturowania)<\/a><\/li>\n<li>konfiguracji domy\u015blnych p\u00f3l tekstowych (informacji drukowanych na fakturach)<\/li>\n<li>przechowywania plik\u00f3w (za\u0142\u0105cznik\u00f3w) i notatek<\/li>\n<li><a href=\"https:\/\/mikrosystem.pl\/index.php\/pomoc\/eknf-instrukcja-obslugi\/eknf-glowne-okno-programu\/dane-klienta-edycja\/wczytywanie-list-pracownikowpodroznych\">zarz\u0105dzania list\u0105 pracownik\u00f3w\/podr\u00f3\u017cnych<\/a><\/li>\n<li><a href=\"https:\/\/mikrosystem.pl\/index.php\/pomoc\/eknf-instrukcja-obslugi\/edycja-i-zarzadzanie-uzytkownikami\/zarzadzanie-uzytkownikami-zewnetrznymi\">zarz\u0105dzania list\u0105 u\u017cytkownik\u00f3w (pracownik\u00f3w klienta z dost\u0119pem do eKNF)<\/a><\/li>\n<li><a href=\"\/?page_id=2203\">konfiguracji specyfikacji (za\u0142\u0105cznik\u00f3w do faktur zawieraj\u0105cych szczeg\u00f3\u0142owy opis pozycji)<\/a><\/li>\n<li><a href=\"https:\/\/mikrosystem.pl\/index.php\/pomoc\/eknf-instrukcja-obslugi\/eknf-glowne-okno-programu\/dane-klienta-edycja\/konfiguracji-sposobu-fakturowania-jednostkowozbiorczookresowo\">konfiguracji sposobu fakturowania (jednostkowo\/zbiorczo\/okresowo)<\/a><\/li>\n<li>przechowywania cennika us\u0142ug (w formie dokumentu np.: b\u0119d\u0105cego za\u0142\u0105cznikiem do umowy)<\/li>\n<\/ul>\n<p>Uwaga: W wypadku pojawienia si\u0119 w bazie zdublowanych klient\u00f3w istnieje mo\u017cliwo\u015b\u0107 ich scalenia w jedna pozycj\u0119. <a href=\"\/?page_id=2549\">Dowiedz si\u0119 wi\u0119cej na ten temat.<\/a><\/p>\n<p><a href=\"https:\/\/mikrosystem.pl\/wp-content\/uploads\/2015\/05\/profil_klienta_01.png\"><img loading=\"lazy\" decoding=\"async\" class=\"alignleft size-large wp-image-2195\" src=\"https:\/\/mikrosystem.pl\/wp-content\/uploads\/2015\/05\/profil_klienta_01-1024x590.png\" alt=\"profil_klienta_01\" width=\"1024\" height=\"590\" srcset=\"https:\/\/mikrosystem.pl\/mikrosystem_www\/wp-content\/uploads\/2015\/05\/profil_klienta_01-1024x590.png 1024w, https:\/\/mikrosystem.pl\/mikrosystem_www\/wp-content\/uploads\/2015\/05\/profil_klienta_01-300x173.png 300w, https:\/\/mikrosystem.pl\/mikrosystem_www\/wp-content\/uploads\/2015\/05\/profil_klienta_01.png 1217w\" sizes=\"auto, (max-width: 1024px) 100vw, 1024px\" \/><\/a><\/p>\n<p><\/p>","protected":false},"excerpt":{"rendered":"<p>Profil klienta zawiera dane teleadresowe i kontaktowe klienta, oraz warunki p\u0142atno\u015bci. Ponadto s\u0142u\u017cy do: konfiguracji polityki naliczania op\u0142at transakcyjnych konfiguracji sposobu dostarczania dokument\u00f3w konfiguracji wymaganych p\u00f3l dodatkowych (informacji zbieranych w czasie zamawiania i fakturowania) konfiguracji domy\u015blnych p\u00f3l tekstowych (informacji drukowanych na fakturach) przechowywania plik\u00f3w (za\u0142\u0105cznik\u00f3w) i notatek zarz\u0105dzania list\u0105 pracownik\u00f3w\/podr\u00f3\u017cnych zarz\u0105dzania list\u0105 u\u017cytkownik\u00f3w (pracownik\u00f3w klienta &#8230; <a title=\"Dane klienta &#8211; edycja\" class=\"read-more\" href=\"https:\/\/mikrosystem.pl\/index.php\/pomoc\/eknf-instrukcja-obslugi\/eknf-glowne-okno-programu\/dane-klienta-edycja\" aria-label=\"Dowiedz si\u0119 wi\u0119cej o Dane klienta &#8211; edycja\">Read more<\/a><\/p>\n","protected":false},"author":5,"featured_media":0,"parent":1818,"menu_order":0,"comment_status":"open","ping_status":"open","template":"","meta":{"generate_page_header":"","footnotes":""},"class_list":{"0":"post-2194","1":"page","2":"type-page","3":"status-publish","5":"infinite-scroll-item"},"_links":{"self":[{"href":"https:\/\/mikrosystem.pl\/index.php\/wp-json\/wp\/v2\/pages\/2194","targetHints":{"allow":["GET"]}}],"collection":[{"href":"https:\/\/mikrosystem.pl\/index.php\/wp-json\/wp\/v2\/pages"}],"about":[{"href":"https:\/\/mikrosystem.pl\/index.php\/wp-json\/wp\/v2\/types\/page"}],"author":[{"embeddable":true,"href":"https:\/\/mikrosystem.pl\/index.php\/wp-json\/wp\/v2\/users\/5"}],"replies":[{"embeddable":true,"href":"https:\/\/mikrosystem.pl\/index.php\/wp-json\/wp\/v2\/comments?post=2194"}],"version-history":[{"count":15,"href":"https:\/\/mikrosystem.pl\/index.php\/wp-json\/wp\/v2\/pages\/2194\/revisions"}],"predecessor-version":[{"id":4312,"href":"https:\/\/mikrosystem.pl\/index.php\/wp-json\/wp\/v2\/pages\/2194\/revisions\/4312"}],"up":[{"embeddable":true,"href":"https:\/\/mikrosystem.pl\/index.php\/wp-json\/wp\/v2\/pages\/1818"}],"wp:attachment":[{"href":"https:\/\/mikrosystem.pl\/index.php\/wp-json\/wp\/v2\/media?parent=2194"}],"curies":[{"name":"wp","href":"https:\/\/api.w.org\/{rel}","templated":true}]}}