{"id":217,"date":"2010-11-21T21:01:21","date_gmt":"2010-11-21T19:01:21","guid":{"rendered":"http:\/\/beta.mikrosystem.pl\/index.php"},"modified":"2026-03-22T16:10:17","modified_gmt":"2026-03-22T15:10:17","slug":"eknf-mid-office-dla-biur-podrozy-obslugujacych-podroze-biznesowe","status":"publish","type":"page","link":"https:\/\/mikrosystem.pl\/index.php\/o-naszej-firmie\/eknf-mid-office-dla-biur-podrozy-obslugujacych-podroze-biznesowe","title":{"rendered":"eKNF: System fakturuj\u0105cy mid-office dedykowany dla biur podr\u00f3\u017cy i linii lotniczych"},"content":{"rendered":"<p><\/p>\n\n\n\n<p>Fakturowanie i rozliczanie us\u0142ug zwi\u0105zanych z podr\u00f3\u017cami biznesowymi i indywidualnymi r\u00f3\u017cni si\u0119 znacznie od rozliczania innych typ\u00f3w us\u0142ug i wymaga specjalistycznych narz\u0119dzi. <strong>eKNF <\/strong>jest systemem fakturuj\u0105cym mid-office zaprojektowanym specjalnie dla biur podr\u00f3\u017cy i linii lotniczych &#8211; \u015bci\u015ble odpowiadaj\u0105cym potrzebom naszej bran\u017cy. Jeste\u015bmy tu tylko dla Was. Unikalne cechy eKNF, czyni\u0105ce go wiod\u0105cym systemem mid-office w bran\u017cy turystycznej, <a href=\"https:\/\/mikrosystem.pl\/index.php\/o-naszej-firmie\/eknf-mid-office-dla-biur-podrozy-obslugujacych-podroze-biznesowe\/zalety-korzystania-z-eknf-systemu-fakturujacego-mid-office-dedykowanego-dla-biur-podrozy\" data-type=\"page\" data-id=\"6054\">przedstawiamy na tej stronie<\/a>. Poni\u017cej kr\u00f3tkie, jednostronicowe streszczenie mo\u017cliwo\u015bci eKNF.<\/p>\n\n\n\n<hr class=\"wp-block-separator has-alpha-channel-opacity\"\/>\n\n\n\n<div class=\"wp-block-columns is-layout-flex wp-container-core-columns-is-layout-9d6595d7 wp-block-columns-is-layout-flex\">\n<div class=\"wp-block-column is-layout-flow wp-block-column-is-layout-flow\">\n<h2 class=\"wp-block-heading\">Dost\u0119pno\u015b\u0107<\/h2>\n\n\n\n<p>eKNF jest aplikacj\u0105 internetow\u0105 i nie wymaga instalacji. Posiada scentralizowan\u0105 baz\u0119 danych, mo\u017ce obs\u0142ugiwa\u0107 wiele lokalizacji i umo\u017cliwia prac\u0119 zdaln\u0105<\/p>\n\n\n\n<h2 class=\"wp-block-heading\">Bilety lotnicze regularnych linii<\/h2>\n\n\n\n<p>Importujemy dane ze wszystkich system\u00f3w GDS: Amadeus, Galileo, Sabre, oraz integrator\u00f3w: <a href=\"https:\/\/dcwebc.farelogix.com\/sprk-lhg\/User\/Login?ReturnUrl=%2fsprk-lhg%2f\">Farelogix SPRK<\/a>, <a href=\"https:\/\/www.symphony-hub.com\/en\/ndc-hub-agent-booking-tool\">Symphony.Hub<\/a>, <a href=\"https:\/\/airgateway.com\/\">AirGateway<\/a>, WonderMiles, <a href=\"https:\/\/drct.aero\/\">DRCT<\/a>. Udost\u0119pniamy narz\u0119dzia do rekoncyliacji danych z <a href=\"https:\/\/www.iata.org\/en\/services\/finance\/bsp\">BSP<\/a> Link<\/p>\n\n\n\n<h2 class=\"wp-block-heading\">Integracja z PLL LOT<\/h2>\n\n\n\n<p>Importujemy dane z LOT NDC, LOT For Groups i bilety zakupione na stronie <a href=\"https:\/\/www.lot.com\/pl\/pl\">LOT.com<\/a>. Generujemy pliki LOT JPK FA. Umo\u017cliwiamy wysy\u0142k\u0119 do KSeF faktur wystawionych w imieniu LOT<\/p>\n\n\n\n<h2 class=\"wp-block-heading\">Bilety tanich linii lotniczych<\/h2>\n\n\n\n<p>Udost\u0119pniamy narz\u0119dzie do automatycznego importu bilet\u00f3w lotniczych wi\u0119kszo\u015bci tanich przewo\u017anik\u00f3w z naszego regionu<\/p>\n\n\n\n<h2 class=\"wp-block-heading\">Automatyczne fakturowanie i naliczanie op\u0142at<\/h2>\n\n\n\n<p>eKNF posiana rozbudowany system naliczania op\u0142at transakcyjnych, umo\u017cliwiaj\u0105cy kalkulacj\u0119 op\u0142at w oparciu o wiele kryteri\u00f3w: klient, typ rezerwacji, rodzaj us\u0142ugi, typ trasy, offline\/online, referral\/bill-back, bundled fee, itd., a tak\u017ce w pe\u0142ni automatyczne fakturowanie<\/p>\n\n\n\n<h2 class=\"wp-block-heading\">Bezpiecze\u0144stwo i ochrona danych<\/h2>\n\n\n\n<p>Serwery eKNF spe\u0142niaj\u0105 wymogi RODO I PCI DSS dotycz\u0105ce ochrony fizycznej, bezpiecze\u0144stwa danych, kopii zapasowych jak r\u00f3wnie\u017c ci\u0105g\u0142o\u015bci dzia\u0142ania<\/p>\n<\/div>\n\n\n\n<div class=\"wp-block-column is-layout-flow wp-block-column-is-layout-flow\">\n<h2 class=\"wp-block-heading\">Funkcjonalno\u015b\u0107<\/h2>\n\n\n\n<p>Obs\u0142ugujemy wszystkie rodzaje us\u0142ug \u015bwiadczonych przez biura podr\u00f3\u017cy: bilety lotnicze i kolejowe, rezerwacje hotelowe, samochodowe, transfery, ubezpieczenia, promy itd. oraz wszystkie rodzaje dokument\u00f3w sprzeda\u017cy: faktury vat, vat mar\u017ca, reverse charge, noty paragony i paragony fiskalne <\/p>\n\n\n\n<h2 class=\"wp-block-heading\">Rezerwacje hotelowe<\/h2>\n\n\n\n<p>Automatycznie Importujemy dane rezerwacji oraz faktury z system\u00f3w <a href=\"https:\/\/merigo.com.pl\/\">Merigo<\/a>, <a href=\"https:\/\/www.ratehawk.com\/lp\/en-pl\/\">RateHawk<\/a> i <a href=\"https:\/\/www.tbo.com\/\">TBO<\/a><\/p>\n\n\n\n<h2 class=\"wp-block-heading\">Bilety kolejowe<\/h2>\n\n\n\n<p>eKNF ma modu\u0142 fakturowania bilet\u00f3w kolejowych umo\u017cliwiaj\u0105cy automatyczny import bilet\u00f3w wielu regionalnych przewo\u017anik\u00f3w. Obs\u0142ugujemy sprzeda\u017c agencyjn\u0105 w imieniu <a href=\"https:\/\/www.intercity.pl\/pl\/uwh\/warunki-przystapienia-do-sprzedazy-agencyjnej-przez-serwis-e-ic-egds.html\">PKP IC<\/a> i wysy\u0142k\u0119 do KSeF faktur wystawionych w imieniu PKP IC<\/p>\n\n\n\n<h2 class=\"wp-block-heading\">Integracja z systemami Finansowo-Ksi\u0119gowymi<\/h2>\n\n\n\n<p>eKNF umo\u017cliwia automatyczny eksport danych do system\u00f3w finansowo-ksi\u0119gowych: Symfonia, Perseus, Fakir, Navision, Optima (oraz innych; za po\u015brednictwem pliku JPK_FA)<\/p>\n\n\n\n<h2 class=\"wp-block-heading\">Eksport danych do zewn\u0119trznych system\u00f3w<\/h2>\n\n\n\n<p>Obs\u0142ugujemy wysy\u0142k\u0119 danych do wszystkich wiod\u0105cych system\u00f3w kart p\u0142atniczych i system\u00f3w informacyjnych: <a href=\"https:\/\/airplus.com\/en-pl\/\">AirPlus<\/a>, <a href=\"https:\/\/www.ciswired.com\/\">Cornerstone iBank<\/a>, <a href=\"https:\/\/www.americanexpress.com\/en-us\/business\/payments\/business-travel-account\/\" data-type=\"link\" data-id=\"https:\/\/www.americanexpress.com\/en-us\/business\/payments\/business-travel-account\/\">AMEX BTA<\/a>, GEMS, PRISM, GRO, VISA, <a href=\"https:\/\/www.mastercard.com\/uy\/business\/en\/corporate\/travel\/payments\/central_travel_account.html\">MasterCard CTA<\/a><\/p>\n\n\n\n<h2 class=\"wp-block-heading\">KSeF<\/h2>\n\n\n\n<p>eKNF obs\u0142uguje wysy\u0142k\u0119 do <a href=\"https:\/\/ksef.podatki.gov.pl\/\">KSeF<\/a> wszystkich typ\u00f3w faktur, w tym faktur agencyjnych wystawionych w imieniu innych podmiot\u00f3w, jak linie lotnicze czy PKP IC<\/p>\n<\/div>\n<\/div>\n\n\n\n<hr class=\"wp-block-separator has-alpha-channel-opacity\"\/>\n\n\n\n<h2 class=\"wp-block-heading\">Koszty<\/h2>\n\n\n\n<p>Korzystanie z eKNF odbywa si\u0119 na zasadzie licencji, kt\u00f3rej miesi\u0119czny koszt zale\u017cy od liczby transakcji, czyli us\u0142ug (bilet\u00f3w, hoteli, samochod\u00f3w, ubezpiecze\u0144 itd) przetwarzanych w systemie w danym miesi\u0105cu. Koszt jednej transakcji, to: 1,18 z\u0142 (przy wi\u0119kszej liczbie transakcji ta op\u0142ata stopniowo maleje). Minimalna op\u0142ata miesi\u0119czna (r\u00f3wnowa\u017cno\u015b\u0107 200 transakcji) to: 236 z\u0142. W ramach tej op\u0142aty zapewniamy nieograniczon\u0105 liczb\u0119 u\u017cytkownik\u00f3w i lokalizacji, a tak\u017ce pomoc w konfiguracji, pomoc techniczn\u0105 i szkolenia<\/p>\n\n\n\n<p class=\"has-text-align-center\"><br><strong>kontakt: <a href=\"mailto:sales@mikrosystem.pl\">sales@mikrosystem.pl<\/a><\/strong><\/p>\n\n\n\n<div class=\"wp-block-buttons is-layout-flex wp-block-buttons-is-layout-flex\">\n<div class=\"wp-block-button\"><a class=\"wp-block-button__link has-text-align-right wp-element-button\" href=\"https:\/\/mikrosystem.pl\/mikrosystem_www\/wp-content\/uploads\/2026\/02\/eKNF-Krotka-charakterystyka-systemu-2026.pdf\">Pobierz ten opis jako plik PDF<\/a><\/div>\n<\/div>\n\n\n\n<p><\/p>","protected":false},"excerpt":{"rendered":"<p>Fakturowanie i rozliczanie us\u0142ug zwi\u0105zanych z podr\u00f3\u017cami biznesowymi i indywidualnymi r\u00f3\u017cni si\u0119 znacznie od rozliczania innych typ\u00f3w us\u0142ug i wymaga specjalistycznych narz\u0119dzi. eKNF jest systemem fakturuj\u0105cym mid-office zaprojektowanym specjalnie dla biur podr\u00f3\u017cy i linii lotniczych &#8211; \u015bci\u015ble odpowiadaj\u0105cym potrzebom naszej bran\u017cy. Jeste\u015bmy tu tylko dla Was. Unikalne cechy eKNF, czyni\u0105ce go wiod\u0105cym systemem mid-office w &#8230; <a title=\"eKNF: System fakturuj\u0105cy mid-office dedykowany dla biur podr\u00f3\u017cy i linii lotniczych\" class=\"read-more\" href=\"https:\/\/mikrosystem.pl\/index.php\/o-naszej-firmie\/eknf-mid-office-dla-biur-podrozy-obslugujacych-podroze-biznesowe\" aria-label=\"Dowiedz si\u0119 wi\u0119cej o eKNF: System fakturuj\u0105cy mid-office dedykowany dla biur podr\u00f3\u017cy i linii lotniczych\">Read more<\/a><\/p>\n","protected":false},"author":5,"featured_media":0,"parent":6,"menu_order":0,"comment_status":"closed","ping_status":"closed","template":"","meta":{"generate_page_header":"","footnotes":""},"class_list":{"0":"post-217","1":"page","2":"type-page","3":"status-publish","5":"infinite-scroll-item"},"_links":{"self":[{"href":"https:\/\/mikrosystem.pl\/index.php\/wp-json\/wp\/v2\/pages\/217","targetHints":{"allow":["GET"]}}],"collection":[{"href":"https:\/\/mikrosystem.pl\/index.php\/wp-json\/wp\/v2\/pages"}],"about":[{"href":"https:\/\/mikrosystem.pl\/index.php\/wp-json\/wp\/v2\/types\/page"}],"author":[{"embeddable":true,"href":"https:\/\/mikrosystem.pl\/index.php\/wp-json\/wp\/v2\/users\/5"}],"replies":[{"embeddable":true,"href":"https:\/\/mikrosystem.pl\/index.php\/wp-json\/wp\/v2\/comments?post=217"}],"version-history":[{"count":57,"href":"https:\/\/mikrosystem.pl\/index.php\/wp-json\/wp\/v2\/pages\/217\/revisions"}],"predecessor-version":[{"id":6402,"href":"https:\/\/mikrosystem.pl\/index.php\/wp-json\/wp\/v2\/pages\/217\/revisions\/6402"}],"up":[{"embeddable":true,"href":"https:\/\/mikrosystem.pl\/index.php\/wp-json\/wp\/v2\/pages\/6"}],"wp:attachment":[{"href":"https:\/\/mikrosystem.pl\/index.php\/wp-json\/wp\/v2\/media?parent=217"}],"curies":[{"name":"wp","href":"https:\/\/api.w.org\/{rel}","templated":true}]}}