{"id":2165,"date":"2015-04-16T18:42:40","date_gmt":"2015-04-16T16:42:40","guid":{"rendered":"http:\/\/mikrosystem.pl\/?page_id=2165"},"modified":"2015-04-16T18:42:40","modified_gmt":"2015-04-16T16:42:40","slug":"faktury-w-jezyku-angielskim","status":"publish","type":"page","link":"https:\/\/mikrosystem.pl\/index.php\/pomoc\/eknf-instrukcja-obslugi\/dokumenty-sprzedazy-edytowanie-usuwanie-anulowanie-wydruki-przesylanie-mailem\/faktury-w-jezyku-angielskim","title":{"rendered":"Faktury w j\u0119zyku angielskim"},"content":{"rendered":"<p>W edycji faktury znajduje si\u0119 opcja ,,Faktura po angielsku&#8221;. Zaznaczenie jej spowoduje wygenerowanie faktury w wersji po angielsku<\/p>\n<p>,,Pozycje po angielsku&#8221; &#8211; przet\u0142umaczy pozycje faktury na ten j\u0119zyk. Wi\u0119kszo\u015b\u0107 pozycji z KPU ma swoje odpowiedniki angielskie. Je\u015bli kt\u00f3ra\u015b z pozycji z katalogu nie posiada angielskiego t\u0142umaczenia, mo\u017cesz je doda\u0107 w oknie Produkty.<\/p>\n<p><a href=\"https:\/\/mikrosystem.pl\/wp-content\/uploads\/2015\/04\/Sprzedaz_faktura_angielska.png\"><img loading=\"lazy\" decoding=\"async\" class=\" size-full wp-image-2166 aligncenter\" src=\"https:\/\/mikrosystem.pl\/wp-content\/uploads\/2015\/04\/Sprzedaz_faktura_angielska.png\" alt=\"Sprzedaz_faktura_angielska\" width=\"928\" height=\"356\" srcset=\"https:\/\/mikrosystem.pl\/mikrosystem_www\/wp-content\/uploads\/2015\/04\/Sprzedaz_faktura_angielska.png 928w, https:\/\/mikrosystem.pl\/mikrosystem_www\/wp-content\/uploads\/2015\/04\/Sprzedaz_faktura_angielska-300x115.png 300w\" sizes=\"auto, (max-width: 928px) 100vw, 928px\" \/><\/a><\/p>\n","protected":false},"excerpt":{"rendered":"<p>W edycji faktury znajduje si\u0119 opcja ,,Faktura po angielsku&#8221;. Zaznaczenie jej spowoduje wygenerowanie faktury w wersji po angielsku ,,Pozycje po angielsku&#8221; &#8211; przet\u0142umaczy pozycje faktury na ten j\u0119zyk. Wi\u0119kszo\u015b\u0107 pozycji z KPU ma swoje odpowiedniki angielskie. Je\u015bli kt\u00f3ra\u015b z pozycji z katalogu nie posiada angielskiego t\u0142umaczenia, mo\u017cesz je doda\u0107 w oknie Produkty.<\/p>\n","protected":false},"author":5,"featured_media":0,"parent":1899,"menu_order":0,"comment_status":"open","ping_status":"open","template":"faqs.php","meta":{"generate_page_header":"","footnotes":""},"class_list":{"0":"post-2165","1":"page","2":"type-page","3":"status-publish","5":"infinite-scroll-item"},"_links":{"self":[{"href":"https:\/\/mikrosystem.pl\/index.php\/wp-json\/wp\/v2\/pages\/2165","targetHints":{"allow":["GET"]}}],"collection":[{"href":"https:\/\/mikrosystem.pl\/index.php\/wp-json\/wp\/v2\/pages"}],"about":[{"href":"https:\/\/mikrosystem.pl\/index.php\/wp-json\/wp\/v2\/types\/page"}],"author":[{"embeddable":true,"href":"https:\/\/mikrosystem.pl\/index.php\/wp-json\/wp\/v2\/users\/5"}],"replies":[{"embeddable":true,"href":"https:\/\/mikrosystem.pl\/index.php\/wp-json\/wp\/v2\/comments?post=2165"}],"version-history":[{"count":2,"href":"https:\/\/mikrosystem.pl\/index.php\/wp-json\/wp\/v2\/pages\/2165\/revisions"}],"predecessor-version":[{"id":2168,"href":"https:\/\/mikrosystem.pl\/index.php\/wp-json\/wp\/v2\/pages\/2165\/revisions\/2168"}],"up":[{"embeddable":true,"href":"https:\/\/mikrosystem.pl\/index.php\/wp-json\/wp\/v2\/pages\/1899"}],"wp:attachment":[{"href":"https:\/\/mikrosystem.pl\/index.php\/wp-json\/wp\/v2\/media?parent=2165"}],"curies":[{"name":"wp","href":"https:\/\/api.w.org\/{rel}","templated":true}]}}