{"id":2148,"date":"2015-04-02T16:55:56","date_gmt":"2015-04-02T14:55:56","guid":{"rendered":"http:\/\/mikrosystem.pl\/?page_id=2148"},"modified":"2015-12-29T17:06:31","modified_gmt":"2015-12-29T16:06:31","slug":"edycja-ustawien-pol-dodatkowych","status":"publish","type":"page","link":"https:\/\/mikrosystem.pl\/index.php\/pomoc\/eknf-instrukcja-obslugi\/edycja-ustawien-pol-dodatkowych","title":{"rendered":"Edycja ustawie\u0144 p\u00f3l dodatkowych"},"content":{"rendered":"<p><\/p>\n<p style=\"text-align: justify;\">Pola dodatkowe konfigurowane s\u0105 dla produkt\u00f3w &#8211;\u00a0 s\u0142u\u017c\u0105 one do okre\u015blenia tego, jakie informacje dla danego produktu maj\u0105 by\u0107 zbierane przez eKNF w procesie sprzeda\u017cy. Cz\u0119\u015b\u0107 z nich &#8211; lecz najcz\u0119\u015bciej nie wszystkie &#8211; powinna by\u0107 r\u00f3wnie\u017c drukowana na fakturze. O tym decyduj\u0105 tzw Pozycje Tekstowe. <a href=\"https:\/\/mikrosystem.pl\/index.php\/pomoc\/eknf-instrukcja-obslugi\/edycja-ustawien-pol-dodatkowych\/konfiguracja-pozycji-tekstowych\">Przeczytaj wi\u0119cej o konfiguracji pozycji tekstowych<\/a>.<\/p>\n<p style=\"text-align: justify;\">Aby zmieni\u0107 ustawienia p\u00f3l dodatkowych przejd\u017a do zak\u0142adki Produkty -&gt; Lista produkt\u00f3w<br \/>\nWyszukaj produkt, kt\u00f3rego ustawienia p\u00f3l dodatkowych chcesz zmieni\u0107, i i kliknij na niego prawym klawiszem myszy, a nast\u0119pnie wybierz &#8216;Pola dodatkowe&#8217;<\/p>\n<p style=\"text-align: justify;\"><a href=\"https:\/\/mikrosystem.pl\/wp-content\/uploads\/2015\/04\/pola_dodatkowe_01.png\"><img loading=\"lazy\" decoding=\"async\" class=\" size-large wp-image-2153 aligncenter\" src=\"https:\/\/mikrosystem.pl\/wp-content\/uploads\/2015\/04\/pola_dodatkowe_01-1024x556.png\" alt=\"pola_dodatkowe_01\" width=\"1024\" height=\"556\" srcset=\"https:\/\/mikrosystem.pl\/mikrosystem_www\/wp-content\/uploads\/2015\/04\/pola_dodatkowe_01-1024x556.png 1024w, https:\/\/mikrosystem.pl\/mikrosystem_www\/wp-content\/uploads\/2015\/04\/pola_dodatkowe_01-300x163.png 300w, https:\/\/mikrosystem.pl\/mikrosystem_www\/wp-content\/uploads\/2015\/04\/pola_dodatkowe_01.png 1219w\" sizes=\"auto, (max-width: 1024px) 100vw, 1024px\" \/><\/a><\/p>\n<p style=\"text-align: justify;\">Pocz\u0105tkowo zostan\u0105 wy\u015bwietlone pola dodatkowe tylko dla jednego wybranego produktu. <span style=\"text-decoration: underline;\">Mo\u017cesz jednak edytowa\u0107 jednocze\u015bnie ustawienia p\u00f3l dla wielu produkt\u00f3w<\/span> z tej samej kategorii. \u017beby to uczyni\u0107, wpisz w pole z\u00a0 nazw\u0105 produktu fragment nazwy w taki spos\u00f3b, \u017ceby pasowa\u0142 do wszystkich produkt\u00f3w, kt\u00f3rych konfiguracj\u0119 chcesz sprawdzi\u0107 lub zmieni\u0107.<\/p>\n<p style=\"text-align: justify;\">Na poni\u017cszym przyk\u0142adzie wy\u015bwietlono konfiguracj\u0119 p\u00f3l dodatkowych dla wszystkich typ\u00f3w bilet\u00f3w lotniczych, wpisuj\u0105c fragment nazwy pasuj\u0105cy do wszystkich (czyli: LOT &#8211; Bilet lotniczy):<\/p>\n<p style=\"text-align: justify;\"><a href=\"https:\/\/mikrosystem.pl\/wp-content\/uploads\/2015\/04\/pola_dodatkowe_02.png\"><img loading=\"lazy\" decoding=\"async\" class=\" size-large wp-image-2154 aligncenter\" src=\"https:\/\/mikrosystem.pl\/wp-content\/uploads\/2015\/04\/pola_dodatkowe_02-1024x560.png\" alt=\"pola_dodatkowe_02\" width=\"1024\" height=\"560\" srcset=\"https:\/\/mikrosystem.pl\/mikrosystem_www\/wp-content\/uploads\/2015\/04\/pola_dodatkowe_02-1024x560.png 1024w, https:\/\/mikrosystem.pl\/mikrosystem_www\/wp-content\/uploads\/2015\/04\/pola_dodatkowe_02-300x164.png 300w, https:\/\/mikrosystem.pl\/mikrosystem_www\/wp-content\/uploads\/2015\/04\/pola_dodatkowe_02.png 1218w\" sizes=\"auto, (max-width: 1024px) 100vw, 1024px\" \/><\/a><\/p>\n<p style=\"text-align: justify;\">Aby doda\u0107 do jednego lub kilku produkt\u00f3w nowe pole dodatkowe, wyszukaj je wpisuj\u0105c w okienku edytora cz\u0119\u015b\u0107 jego nazwy (na przyk\u0142adzie wyszukano pole Numer rezerwacji)<\/p>\n<p style=\"text-align: justify;\">Mo\u017cesz doda\u0107 wyszukane pole dodatkowe do wi\u0119cej ni\u017c jednego produktu. Aby to zrobi\u0107, zaznacz na li\u015bcie produkty, dla kt\u00f3rych chcesz doda\u0107 nowe pole, i kliknij na [Dodaj pole]. Na przyk\u0142adzie pole Numer rezerwacji zostanie dodane do wszystkich produkt\u00f3w typu bilet lotniczy lowcost:<\/p>\n<p style=\"text-align: justify;\"><a href=\"https:\/\/mikrosystem.pl\/wp-content\/uploads\/2015\/04\/pola_dodatkowe_04.png\"><img loading=\"lazy\" decoding=\"async\" class=\" size-large wp-image-2150 aligncenter\" src=\"https:\/\/mikrosystem.pl\/wp-content\/uploads\/2015\/04\/pola_dodatkowe_04-1024x589.png\" alt=\"pola_dodatkowe_04\" width=\"1024\" height=\"589\" srcset=\"https:\/\/mikrosystem.pl\/mikrosystem_www\/wp-content\/uploads\/2015\/04\/pola_dodatkowe_04-1024x589.png 1024w, https:\/\/mikrosystem.pl\/mikrosystem_www\/wp-content\/uploads\/2015\/04\/pola_dodatkowe_04-300x173.png 300w, https:\/\/mikrosystem.pl\/mikrosystem_www\/wp-content\/uploads\/2015\/04\/pola_dodatkowe_04.png 1219w\" sizes=\"auto, (max-width: 1024px) 100vw, 1024px\" \/><\/a><\/p>\n<p style=\"text-align: justify;\">Dodaj\u0105c nowe pole, mo\u017cesz jednocze\u015bnie okre\u015bli\u0107 jego w\u0142asno\u015bci (numer kolejny, \u017ar\u00f3d\u0142o, wymagane\/nie wymagane, s\u0142ownik, format). Na przyk\u0142adzie dla pola Numer rezerwacji, kt\u00f3re ma zosta\u0107 dodane do bilet\u00f3w lotniczych low-cost ustalane jest od razu \u017ar\u00f3d\u0142o (rgb_reservation_number):<\/p>\n<p style=\"text-align: justify;\"><a href=\"https:\/\/mikrosystem.pl\/wp-content\/uploads\/2015\/04\/pola_dodatkowe_05.png\"><img loading=\"lazy\" decoding=\"async\" class=\" size-large wp-image-2151 aligncenter\" src=\"https:\/\/mikrosystem.pl\/wp-content\/uploads\/2015\/04\/pola_dodatkowe_05-1024x589.png\" alt=\"pola_dodatkowe_05\" width=\"1024\" height=\"589\" srcset=\"https:\/\/mikrosystem.pl\/mikrosystem_www\/wp-content\/uploads\/2015\/04\/pola_dodatkowe_05-1024x589.png 1024w, https:\/\/mikrosystem.pl\/mikrosystem_www\/wp-content\/uploads\/2015\/04\/pola_dodatkowe_05-300x173.png 300w, https:\/\/mikrosystem.pl\/mikrosystem_www\/wp-content\/uploads\/2015\/04\/pola_dodatkowe_05.png 1219w\" sizes=\"auto, (max-width: 1024px) 100vw, 1024px\" \/><\/a><\/p>\n<p style=\"text-align: justify;\">Na przypisanych ju\u017c do produkt\u00f3w polach dodatkowych mo\u017cesz te\u017c wykonywa\u0107 inne operacje, takie jak: usuni\u0119cie b\u0105d\u017a skopiowanie pola. Menu dost\u0119pnych opcji znajduje si\u0119 pod prawym klawiszem myszy, po klikni\u0119ciu na wybrane pole.Wybrana operacja b\u0119dzie wtedy wykonana na wszystkich zaznaczonych produktach.<\/p>\n<p style=\"text-align: justify;\">Na poni\u017cszym przyk\u0142adzie pole Numer biletu \/ dokumentu zostanie usuni\u0119te ze wszystkich typ\u00f3w bilet\u00f3w lotniczych low-cost:<\/p>\n<p style=\"text-align: justify;\"><a href=\"https:\/\/mikrosystem.pl\/wp-content\/uploads\/2015\/04\/pola_dodatkowe_06.png\"><img loading=\"lazy\" decoding=\"async\" class=\" size-large wp-image-2152 aligncenter\" src=\"https:\/\/mikrosystem.pl\/wp-content\/uploads\/2015\/04\/pola_dodatkowe_06-1024x559.png\" alt=\"pola_dodatkowe_06\" width=\"1024\" height=\"559\" srcset=\"https:\/\/mikrosystem.pl\/mikrosystem_www\/wp-content\/uploads\/2015\/04\/pola_dodatkowe_06-1024x559.png 1024w, https:\/\/mikrosystem.pl\/mikrosystem_www\/wp-content\/uploads\/2015\/04\/pola_dodatkowe_06-300x164.png 300w, https:\/\/mikrosystem.pl\/mikrosystem_www\/wp-content\/uploads\/2015\/04\/pola_dodatkowe_06.png 1216w\" sizes=\"auto, (max-width: 1024px) 100vw, 1024px\" \/><\/a><\/p>\n<p style=\"text-align: justify;\">Szczeg\u00f3\u0142owe w\u0142a\u015bciwo\u015bci wszystkich p\u00f3l dodatkowych dla wskazanego produktu mo\u017cesz wy\u015bwietli\u0107, klikaj\u0105c na znak plus, znajduj\u0105cy si\u0119 na pocz\u0105tku listy p\u00f3l dla danego produktu:<br \/>\n<a href=\"https:\/\/mikrosystem.pl\/wp-content\/uploads\/2015\/04\/pola_dodatkowe_07.png\"><img loading=\"lazy\" decoding=\"async\" class=\" size-large wp-image-2149 aligncenter\" src=\"https:\/\/mikrosystem.pl\/wp-content\/uploads\/2015\/04\/pola_dodatkowe_07-1024x572.png\" alt=\"pola_dodatkowe_07\" width=\"1024\" height=\"572\" srcset=\"https:\/\/mikrosystem.pl\/mikrosystem_www\/wp-content\/uploads\/2015\/04\/pola_dodatkowe_07-1024x572.png 1024w, https:\/\/mikrosystem.pl\/mikrosystem_www\/wp-content\/uploads\/2015\/04\/pola_dodatkowe_07-300x168.png 300w, https:\/\/mikrosystem.pl\/mikrosystem_www\/wp-content\/uploads\/2015\/04\/pola_dodatkowe_07.png 1217w\" sizes=\"auto, (max-width: 1024px) 100vw, 1024px\" \/><\/a><\/p>\n<p><\/p>","protected":false},"excerpt":{"rendered":"<p>Pola dodatkowe konfigurowane s\u0105 dla produkt\u00f3w &#8211;\u00a0 s\u0142u\u017c\u0105 one do okre\u015blenia tego, jakie informacje dla danego produktu maj\u0105 by\u0107 zbierane przez eKNF w procesie sprzeda\u017cy. Cz\u0119\u015b\u0107 z nich &#8211; lecz najcz\u0119\u015bciej nie wszystkie &#8211; powinna by\u0107 r\u00f3wnie\u017c drukowana na fakturze. O tym decyduj\u0105 tzw Pozycje Tekstowe. Przeczytaj wi\u0119cej o konfiguracji pozycji tekstowych. Aby zmieni\u0107 ustawienia &#8230; <a title=\"Edycja ustawie\u0144 p\u00f3l dodatkowych\" class=\"read-more\" href=\"https:\/\/mikrosystem.pl\/index.php\/pomoc\/eknf-instrukcja-obslugi\/edycja-ustawien-pol-dodatkowych\" aria-label=\"Dowiedz si\u0119 wi\u0119cej o Edycja ustawie\u0144 p\u00f3l dodatkowych\">Read more<\/a><\/p>\n","protected":false},"author":5,"featured_media":0,"parent":1802,"menu_order":0,"comment_status":"open","ping_status":"open","template":"","meta":{"generate_page_header":"","footnotes":""},"class_list":{"0":"post-2148","1":"page","2":"type-page","3":"status-publish","5":"infinite-scroll-item"},"_links":{"self":[{"href":"https:\/\/mikrosystem.pl\/index.php\/wp-json\/wp\/v2\/pages\/2148","targetHints":{"allow":["GET"]}}],"collection":[{"href":"https:\/\/mikrosystem.pl\/index.php\/wp-json\/wp\/v2\/pages"}],"about":[{"href":"https:\/\/mikrosystem.pl\/index.php\/wp-json\/wp\/v2\/types\/page"}],"author":[{"embeddable":true,"href":"https:\/\/mikrosystem.pl\/index.php\/wp-json\/wp\/v2\/users\/5"}],"replies":[{"embeddable":true,"href":"https:\/\/mikrosystem.pl\/index.php\/wp-json\/wp\/v2\/comments?post=2148"}],"version-history":[{"count":5,"href":"https:\/\/mikrosystem.pl\/index.php\/wp-json\/wp\/v2\/pages\/2148\/revisions"}],"predecessor-version":[{"id":3259,"href":"https:\/\/mikrosystem.pl\/index.php\/wp-json\/wp\/v2\/pages\/2148\/revisions\/3259"}],"up":[{"embeddable":true,"href":"https:\/\/mikrosystem.pl\/index.php\/wp-json\/wp\/v2\/pages\/1802"}],"wp:attachment":[{"href":"https:\/\/mikrosystem.pl\/index.php\/wp-json\/wp\/v2\/media?parent=2148"}],"curies":[{"name":"wp","href":"https:\/\/api.w.org\/{rel}","templated":true}]}}