{"id":2138,"date":"2015-04-02T15:45:56","date_gmt":"2015-04-02T13:45:56","guid":{"rendered":"http:\/\/mikrosystem.pl\/?page_id=2138"},"modified":"2017-12-12T15:42:49","modified_gmt":"2017-12-12T14:42:49","slug":"eksport-do-ibanku-clientbanku","status":"publish","type":"page","link":"https:\/\/mikrosystem.pl\/index.php\/pomoc\/eknf-instrukcja-obslugi\/eksport-do-ibanku-clientbanku","title":{"rendered":"Eksport do iBanku \/ ClientBanku"},"content":{"rendered":"<p><\/p>\n<p style=\"text-align: justify;\">eKNF ma mo\u017cliwo\u015b\u0107 automatycznego generowania raport\u00f3w w formacie wymaganym przez iBANK \/ ClientBank. Raport ma posta\u0107 kilku plik\u00f3w CSV z ustalon\u0105 liczb\u0105 kolumn, z kt\u00f3rych cz\u0119\u015b\u0107 jest sta\u0142a i wymagana, a reszta: tak zwane pola &#8216;Break&#8217; i &#8216;UDID&#8217;, opcjonalna i mo\u017cliwa do samodzielnej konfiguracji &#8211; wed\u0142ug wymaga\u0144 klient\u00f3w<\/p>\n<p style=\"text-align: justify;\">1. W celu wygenerowania raportu wejd\u017a w Centrum Danych -&gt; iBANK Desktop<\/p>\n<p style=\"text-align: justify;\"><a href=\"https:\/\/mikrosystem.pl\/wp-content\/uploads\/2015\/04\/iBANK_011.png\"><img loading=\"lazy\" decoding=\"async\" class=\" size-large wp-image-2143 aligncenter\" src=\"https:\/\/mikrosystem.pl\/wp-content\/uploads\/2015\/04\/iBANK_011-1024x590.png\" alt=\"iBANK_01\" width=\"1024\" height=\"590\" srcset=\"https:\/\/mikrosystem.pl\/mikrosystem_www\/wp-content\/uploads\/2015\/04\/iBANK_011-1024x590.png 1024w, https:\/\/mikrosystem.pl\/mikrosystem_www\/wp-content\/uploads\/2015\/04\/iBANK_011-300x173.png 300w, https:\/\/mikrosystem.pl\/mikrosystem_www\/wp-content\/uploads\/2015\/04\/iBANK_011.png 1219w\" sizes=\"auto, (max-width: 1024px) 100vw, 1024px\" \/><\/a><\/p>\n<p style=\"text-align: justify;\">2. Ustal zakres dat, a nast\u0119pnie wyszukaj i wybierz klienta, dla kt\u00f3rego ma by\u0107 utworzony raport. Mo\u017cesz wczyta\u0107 ca\u0142\u0105 grup\u0119 klient\u00f3w &#8211; je\u015bli raport ma by\u0107 przygotowany dla wi\u0119cej ni\u017c jednego podmiotu.<\/p>\n<p style=\"text-align: justify;\">W celu wygenerowania raportu kliknij na [Wykonaj eksport]. eKNF wy\u015bwietli podgl\u0105d wszystkich plik\u00f3w na ekranie:<\/p>\n<p style=\"text-align: justify;\"><a href=\"https:\/\/mikrosystem.pl\/wp-content\/uploads\/2015\/04\/iBANK_02.png\"><img loading=\"lazy\" decoding=\"async\" class=\" size-large wp-image-2140 aligncenter\" src=\"https:\/\/mikrosystem.pl\/wp-content\/uploads\/2015\/04\/iBANK_02-1024x590.png\" alt=\"iBANK_02\" width=\"1024\" height=\"590\" srcset=\"https:\/\/mikrosystem.pl\/mikrosystem_www\/wp-content\/uploads\/2015\/04\/iBANK_02-1024x590.png 1024w, https:\/\/mikrosystem.pl\/mikrosystem_www\/wp-content\/uploads\/2015\/04\/iBANK_02-300x173.png 300w, https:\/\/mikrosystem.pl\/mikrosystem_www\/wp-content\/uploads\/2015\/04\/iBANK_02.png 1219w\" sizes=\"auto, (max-width: 1024px) 100vw, 1024px\" \/><\/a><\/p>\n<p style=\"text-align: justify;\">3. Po wygenerowaniu danych kliknij na [Pobierz pliki (nowy plik tcservices)], \u017ceby utworzy\u0107 i zapisa\u0107 raport w postaci spakowanego archiwum.<\/p>\n<p style=\"text-align: justify;\"><strong>Uwaga:<\/strong> w zale\u017cno\u015bci od ustawie\u0144 przegl\u0105darki system mo\u017ce zapyta\u0107 ci\u0119 o podanie katalogu, w kt\u00f3rym ma by\u0107 zapisany raport, b\u0105d\u017a zapisa\u0107 go bez pytania w swoim domy\u015blnym katalogu. W tym drugim wypadku mo\u017cesz odnale\u017a\u0107 zapisany plik na li\u015bcie pobranych plik\u00f3w: Narz\u0119dzia -&gt; Pobieranie plik\u00f3w<\/p>\n<p style=\"text-align: justify;\"><a href=\"https:\/\/mikrosystem.pl\/wp-content\/uploads\/2015\/04\/iBANK_04.png\"><img loading=\"lazy\" decoding=\"async\" class=\" size-large wp-image-2142 aligncenter\" src=\"https:\/\/mikrosystem.pl\/wp-content\/uploads\/2015\/04\/iBANK_04-1024x590.png\" alt=\"iBANK_04\" width=\"1024\" height=\"590\" srcset=\"https:\/\/mikrosystem.pl\/mikrosystem_www\/wp-content\/uploads\/2015\/04\/iBANK_04-1024x590.png 1024w, https:\/\/mikrosystem.pl\/mikrosystem_www\/wp-content\/uploads\/2015\/04\/iBANK_04-300x173.png 300w, https:\/\/mikrosystem.pl\/mikrosystem_www\/wp-content\/uploads\/2015\/04\/iBANK_04.png 1219w\" sizes=\"auto, (max-width: 1024px) 100vw, 1024px\" \/><\/a><\/p>\n<p style=\"text-align: justify;\">4. Je\u015bli klient, dla kt\u00f3rego przygotowujesz raport, wymaga specyficznych dla siebie danych w polach Break i UDID, mo\u017cesz skonfigurowa\u0107 eKNF tak, by automatycznie wype\u0142nia\u0142 te pola wymaganymi danymi. W tym celu kliknij na klawisz Konfiguracja p\u00f3l referencyjnych znajduj\u0105cy si\u0119 na zielonym pasku eKNF.<br \/>\nPrzypisanie p\u00f3l dodatkowych eKNF do odpowiednich p\u00f3l iBank\/ClientBank odbywa si\u0119 poprzez przeci\u0105gni\u0119cie mysz\u0105 pola o wybranej nazwie do pustego kwadratu znajduj\u0105cego si\u0119 bezpo\u015brednio pod nazw\u0105 pola referencyjnego. Na obrazku poni\u017cej widzimy skonfigurowane pola ticket, traveller_name, full_fare, reason_code, date_from, z przypisanym do ka\u017cdego z nich odpowiednim polem dodatkowym z eKNF.<\/p>\n<p style=\"text-align: justify;\"><a href=\"https:\/\/mikrosystem.pl\/wp-content\/uploads\/2015\/04\/iBANK_031.png\"><img loading=\"lazy\" decoding=\"async\" class=\" size-large wp-image-2144 aligncenter\" src=\"https:\/\/mikrosystem.pl\/wp-content\/uploads\/2015\/04\/iBANK_031-1024x590.png\" alt=\"iBANK_03\" width=\"1024\" height=\"590\" srcset=\"https:\/\/mikrosystem.pl\/mikrosystem_www\/wp-content\/uploads\/2015\/04\/iBANK_031-1024x590.png 1024w, https:\/\/mikrosystem.pl\/mikrosystem_www\/wp-content\/uploads\/2015\/04\/iBANK_031-300x173.png 300w, https:\/\/mikrosystem.pl\/mikrosystem_www\/wp-content\/uploads\/2015\/04\/iBANK_031.png 1219w\" sizes=\"auto, (max-width: 1024px) 100vw, 1024px\" \/><\/a><\/p>\n<p style=\"text-align: justify;\">Mo\u017cliwe jest te\u017c skopiowanie konfiguracji od innego &#8211; skonfigurowanego wcze\u015bniej klienta.\u00a0 W tym celu w polu &#8216;Skopiuj od innego klienta&#8217; wybierz nazw\u0119 klienta, kt\u00f3ry ju\u017c posiada konfiguracj\u0119 dla iBanku\/ClientBanku, i kliknij na [Skopiuj]<\/p>\n<p style=\"text-align: justify;\">Zapisan\u0105 konfiguracj\u0119 dla jednego klienta mo\u017cna te\u017c skopiowa\u0107 do pozosta\u0142ych klient\u00f3w z grupy.<\/p>\n<p style=\"text-align: justify;\"><a href=\"https:\/\/mikrosystem.pl\/mikrosystem_www\/wp-content\/uploads\/2015\/04\/Centrum_Danych_IBankDesktop_000449.png\" rel=\"attachment wp-att-3445\"><img loading=\"lazy\" decoding=\"async\" class=\"size-full wp-image-3445 aligncenter\" src=\"https:\/\/mikrosystem.pl\/mikrosystem_www\/wp-content\/uploads\/2015\/04\/Centrum_Danych_IBankDesktop_000449.png\" alt=\"Centrum_Danych_IBankDesktop_000449\" width=\"1347\" height=\"637\" srcset=\"https:\/\/mikrosystem.pl\/mikrosystem_www\/wp-content\/uploads\/2015\/04\/Centrum_Danych_IBankDesktop_000449.png 1347w, https:\/\/mikrosystem.pl\/mikrosystem_www\/wp-content\/uploads\/2015\/04\/Centrum_Danych_IBankDesktop_000449-300x142.png 300w, https:\/\/mikrosystem.pl\/mikrosystem_www\/wp-content\/uploads\/2015\/04\/Centrum_Danych_IBankDesktop_000449-768x363.png 768w, https:\/\/mikrosystem.pl\/mikrosystem_www\/wp-content\/uploads\/2015\/04\/Centrum_Danych_IBankDesktop_000449-1024x484.png 1024w\" sizes=\"auto, (max-width: 1347px) 100vw, 1347px\" \/><\/a><\/p>\n<p style=\"text-align: justify;\">Uwaga: operacj\u0119 kopiowania nale\u017cy wykona\u0107 po kolei dla wszystkich kategorii us\u0142ug (na ekranie widoczna jest konfiguracja dla kategorii Bilety lotnicze):<\/p>\n<p style=\"text-align: justify;\"><strong> Uwaga:<\/strong> pami\u0119taj, \u017ce aby pola niezb\u0119dne do raportu by\u0142y poprawnie wype\u0142niane, pola dodatkowe musz\u0105 by\u0107 wype\u0142niane w czasie sprzeda\u017cy produktu w eKNF. Je\u015bli potrzebujesz pomocy w skonfigurowaniu odpowiednich p\u00f3l dla wybranych produkt\u00f3w, skontaktuj si\u0119 z nasz\u0105 pomoc\u0105 techniczn\u0105 lub z opiekunem klienta.<\/p>\n<p><\/p>","protected":false},"excerpt":{"rendered":"<p>eKNF ma mo\u017cliwo\u015b\u0107 automatycznego generowania raport\u00f3w w formacie wymaganym przez iBANK \/ ClientBank. Raport ma posta\u0107 kilku plik\u00f3w CSV z ustalon\u0105 liczb\u0105 kolumn, z kt\u00f3rych cz\u0119\u015b\u0107 jest sta\u0142a i wymagana, a reszta: tak zwane pola &#8216;Break&#8217; i &#8216;UDID&#8217;, opcjonalna i mo\u017cliwa do samodzielnej konfiguracji &#8211; wed\u0142ug wymaga\u0144 klient\u00f3w 1. W celu wygenerowania raportu wejd\u017a w &#8230; <a title=\"Eksport do iBanku \/ ClientBanku\" class=\"read-more\" href=\"https:\/\/mikrosystem.pl\/index.php\/pomoc\/eknf-instrukcja-obslugi\/eksport-do-ibanku-clientbanku\" aria-label=\"Dowiedz si\u0119 wi\u0119cej o Eksport do iBanku \/ ClientBanku\">Read more<\/a><\/p>\n","protected":false},"author":5,"featured_media":0,"parent":1802,"menu_order":0,"comment_status":"open","ping_status":"open","template":"","meta":{"generate_page_header":"","footnotes":""},"class_list":{"0":"post-2138","1":"page","2":"type-page","3":"status-publish","5":"infinite-scroll-item"},"_links":{"self":[{"href":"https:\/\/mikrosystem.pl\/index.php\/wp-json\/wp\/v2\/pages\/2138","targetHints":{"allow":["GET"]}}],"collection":[{"href":"https:\/\/mikrosystem.pl\/index.php\/wp-json\/wp\/v2\/pages"}],"about":[{"href":"https:\/\/mikrosystem.pl\/index.php\/wp-json\/wp\/v2\/types\/page"}],"author":[{"embeddable":true,"href":"https:\/\/mikrosystem.pl\/index.php\/wp-json\/wp\/v2\/users\/5"}],"replies":[{"embeddable":true,"href":"https:\/\/mikrosystem.pl\/index.php\/wp-json\/wp\/v2\/comments?post=2138"}],"version-history":[{"count":4,"href":"https:\/\/mikrosystem.pl\/index.php\/wp-json\/wp\/v2\/pages\/2138\/revisions"}],"predecessor-version":[{"id":3447,"href":"https:\/\/mikrosystem.pl\/index.php\/wp-json\/wp\/v2\/pages\/2138\/revisions\/3447"}],"up":[{"embeddable":true,"href":"https:\/\/mikrosystem.pl\/index.php\/wp-json\/wp\/v2\/pages\/1802"}],"wp:attachment":[{"href":"https:\/\/mikrosystem.pl\/index.php\/wp-json\/wp\/v2\/media?parent=2138"}],"curies":[{"name":"wp","href":"https:\/\/api.w.org\/{rel}","templated":true}]}}