{"id":2132,"date":"2015-04-02T13:43:02","date_gmt":"2015-04-02T11:43:02","guid":{"rendered":"http:\/\/mikrosystem.pl\/?page_id=2132"},"modified":"2015-04-02T13:43:02","modified_gmt":"2015-04-02T11:43:02","slug":"raport-o-portach-docelowych-rap_4007","status":"publish","type":"page","link":"https:\/\/mikrosystem.pl\/index.php\/pomoc\/eknf-instrukcja-obslugi\/raport-o-portach-docelowych-rap_4007","title":{"rendered":"Raport O portach docelowych (RAP_4007)"},"content":{"rendered":"<p>Raport O portach docelowych dost\u0119pny jest w: Raporty -&gt; Lotnicze -&gt;Raport o portach docelowych<\/p>\n<p>Raport pokazuje trasy w postaci pary port\u00f3w:\u00a0 port wylotu &#8211; najdalszy punkt podr\u00f3\u017cy (port docelowy rozumiany te\u017c jako punkt budowy taryfy).<\/p>\n<p><a href=\"https:\/\/mikrosystem.pl\/wp-content\/uploads\/2015\/04\/Raport_o_portach_docelowych.png\"><img loading=\"lazy\" decoding=\"async\" class=\" size-large wp-image-2133 aligncenter\" src=\"https:\/\/mikrosystem.pl\/wp-content\/uploads\/2015\/04\/Raport_o_portach_docelowych-1024x590.png\" alt=\"Raport_o_portach_docelowych\" width=\"1024\" height=\"590\" srcset=\"https:\/\/mikrosystem.pl\/mikrosystem_www\/wp-content\/uploads\/2015\/04\/Raport_o_portach_docelowych-1024x590.png 1024w, https:\/\/mikrosystem.pl\/mikrosystem_www\/wp-content\/uploads\/2015\/04\/Raport_o_portach_docelowych-300x173.png 300w, https:\/\/mikrosystem.pl\/mikrosystem_www\/wp-content\/uploads\/2015\/04\/Raport_o_portach_docelowych.png 1219w\" sizes=\"auto, (max-width: 1024px) 100vw, 1024px\" \/><\/a><\/p>\n<p>Dost\u0119pne filtry i sposoby prezentacji, to:<\/p>\n<ul>\n<li>mo\u017cliwo\u015b\u0107 okre\u015blenia listy port\u00f3w, kt\u00f3re maj\u0105 by\u0107 uwzgl\u0119dnione na raporcie<\/li>\n<li>dodatkowy podzia\u0142 ze wzgl\u0119du na linie lotnicze<\/li>\n<\/ul>\n<p><a href=\"https:\/\/mikrosystem.pl\/wp-content\/uploads\/2015\/04\/Raport_o_portach_docelowych_opcje.png\"><img loading=\"lazy\" decoding=\"async\" class=\" size-large wp-image-2134 aligncenter\" src=\"https:\/\/mikrosystem.pl\/wp-content\/uploads\/2015\/04\/Raport_o_portach_docelowych_opcje-1024x590.png\" alt=\"Raport_o_portach_docelowych_opcje\" width=\"1024\" height=\"590\" srcset=\"https:\/\/mikrosystem.pl\/mikrosystem_www\/wp-content\/uploads\/2015\/04\/Raport_o_portach_docelowych_opcje-1024x590.png 1024w, https:\/\/mikrosystem.pl\/mikrosystem_www\/wp-content\/uploads\/2015\/04\/Raport_o_portach_docelowych_opcje-300x173.png 300w, https:\/\/mikrosystem.pl\/mikrosystem_www\/wp-content\/uploads\/2015\/04\/Raport_o_portach_docelowych_opcje.png 1219w\" sizes=\"auto, (max-width: 1024px) 100vw, 1024px\" \/><\/a><\/p>\n","protected":false},"excerpt":{"rendered":"<p>Raport O portach docelowych dost\u0119pny jest w: Raporty -&gt; Lotnicze -&gt;Raport o portach docelowych Raport pokazuje trasy w postaci pary port\u00f3w:\u00a0 port wylotu &#8211; najdalszy punkt podr\u00f3\u017cy (port docelowy rozumiany te\u017c jako punkt budowy taryfy). Dost\u0119pne filtry i sposoby prezentacji, to: mo\u017cliwo\u015b\u0107 okre\u015blenia listy port\u00f3w, kt\u00f3re maj\u0105 by\u0107 uwzgl\u0119dnione na raporcie dodatkowy podzia\u0142 ze wzgl\u0119du &#8230; <a title=\"Raport O portach docelowych (RAP_4007)\" class=\"read-more\" href=\"https:\/\/mikrosystem.pl\/index.php\/pomoc\/eknf-instrukcja-obslugi\/raport-o-portach-docelowych-rap_4007\" aria-label=\"Dowiedz si\u0119 wi\u0119cej o Raport O portach docelowych (RAP_4007)\">Read more<\/a><\/p>\n","protected":false},"author":5,"featured_media":0,"parent":1802,"menu_order":0,"comment_status":"open","ping_status":"open","template":"faqs.php","meta":{"generate_page_header":"","footnotes":""},"class_list":{"0":"post-2132","1":"page","2":"type-page","3":"status-publish","5":"infinite-scroll-item"},"_links":{"self":[{"href":"https:\/\/mikrosystem.pl\/index.php\/wp-json\/wp\/v2\/pages\/2132","targetHints":{"allow":["GET"]}}],"collection":[{"href":"https:\/\/mikrosystem.pl\/index.php\/wp-json\/wp\/v2\/pages"}],"about":[{"href":"https:\/\/mikrosystem.pl\/index.php\/wp-json\/wp\/v2\/types\/page"}],"author":[{"embeddable":true,"href":"https:\/\/mikrosystem.pl\/index.php\/wp-json\/wp\/v2\/users\/5"}],"replies":[{"embeddable":true,"href":"https:\/\/mikrosystem.pl\/index.php\/wp-json\/wp\/v2\/comments?post=2132"}],"version-history":[{"count":2,"href":"https:\/\/mikrosystem.pl\/index.php\/wp-json\/wp\/v2\/pages\/2132\/revisions"}],"predecessor-version":[{"id":2136,"href":"https:\/\/mikrosystem.pl\/index.php\/wp-json\/wp\/v2\/pages\/2132\/revisions\/2136"}],"up":[{"embeddable":true,"href":"https:\/\/mikrosystem.pl\/index.php\/wp-json\/wp\/v2\/pages\/1802"}],"wp:attachment":[{"href":"https:\/\/mikrosystem.pl\/index.php\/wp-json\/wp\/v2\/media?parent=2132"}],"curies":[{"name":"wp","href":"https:\/\/api.w.org\/{rel}","templated":true}]}}