{"id":2118,"date":"2015-03-10T10:42:54","date_gmt":"2015-03-10T09:42:54","guid":{"rendered":"http:\/\/mikrosystem.pl\/?page_id=2118"},"modified":"2015-03-10T10:42:54","modified_gmt":"2015-03-10T09:42:54","slug":"raport-zestawienie-sprzedazy-uslug","status":"publish","type":"page","link":"https:\/\/mikrosystem.pl\/index.php\/pomoc\/eknf-instrukcja-obslugi\/raport-zestawienie-sprzedazy-uslug","title":{"rendered":"Raport &#8211; Zestawienie sprzeda\u017cy us\u0142ug"},"content":{"rendered":"<p><strong>Zestawienie sprzeda\u017cy us\u0142ug<\/strong><\/p>\n<p><a href=\"https:\/\/mikrosystem.pl\/wp-content\/uploads\/2015\/03\/raport_zestawienie_sprzeda\u017cy_us\u0142ug_02.png\"><img loading=\"lazy\" decoding=\"async\" class=\" size-large wp-image-2111 aligncenter\" src=\"https:\/\/mikrosystem.pl\/wp-content\/uploads\/2015\/03\/raport_zestawienie_sprzeda\u017cy_us\u0142ug_02-1024x573.png\" alt=\"raport_zestawienie_sprzeda\u017cy_us\u0142ug_02\" width=\"1024\" height=\"573\" srcset=\"https:\/\/mikrosystem.pl\/mikrosystem_www\/wp-content\/uploads\/2015\/03\/raport_zestawienie_sprzeda\u017cy_us\u0142ug_02-1024x573.png 1024w, https:\/\/mikrosystem.pl\/mikrosystem_www\/wp-content\/uploads\/2015\/03\/raport_zestawienie_sprzeda\u017cy_us\u0142ug_02-300x168.png 300w, https:\/\/mikrosystem.pl\/mikrosystem_www\/wp-content\/uploads\/2015\/03\/raport_zestawienie_sprzeda\u017cy_us\u0142ug_02.png 1219w\" sizes=\"auto, (max-width: 1024px) 100vw, 1024px\" \/><\/a><\/p>\n<p>&nbsp;<\/p>\n<p><a href=\"https:\/\/mikrosystem.pl\/wp-content\/uploads\/2015\/03\/raport_zestawienie_sprzeda\u017cy_us\u0142ug.png\"><img loading=\"lazy\" decoding=\"async\" class=\"alignleft size-large wp-image-2100\" src=\"https:\/\/mikrosystem.pl\/wp-content\/uploads\/2015\/03\/raport_zestawienie_sprzeda\u017cy_us\u0142ug-1024x640.png\" alt=\"raport_zestawienie_sprzeda\u017cy_us\u0142ug\" width=\"1024\" height=\"640\" srcset=\"https:\/\/mikrosystem.pl\/mikrosystem_www\/wp-content\/uploads\/2015\/03\/raport_zestawienie_sprzeda\u017cy_us\u0142ug-1024x640.png 1024w, https:\/\/mikrosystem.pl\/mikrosystem_www\/wp-content\/uploads\/2015\/03\/raport_zestawienie_sprzeda\u017cy_us\u0142ug-300x188.png 300w, https:\/\/mikrosystem.pl\/mikrosystem_www\/wp-content\/uploads\/2015\/03\/raport_zestawienie_sprzeda\u017cy_us\u0142ug.png 1280w\" sizes=\"auto, (max-width: 1024px) 100vw, 1024px\" \/><\/a><\/p>\n<p>&nbsp;<\/p>\n<p>&nbsp;<\/p>\n","protected":false},"excerpt":{"rendered":"<p>Zestawienie sprzeda\u017cy us\u0142ug &nbsp; &nbsp; &nbsp;<\/p>\n","protected":false},"author":5,"featured_media":0,"parent":1802,"menu_order":0,"comment_status":"open","ping_status":"open","template":"faqs.php","meta":{"generate_page_header":"","footnotes":""},"class_list":{"0":"post-2118","1":"page","2":"type-page","3":"status-publish","5":"infinite-scroll-item"},"_links":{"self":[{"href":"https:\/\/mikrosystem.pl\/index.php\/wp-json\/wp\/v2\/pages\/2118","targetHints":{"allow":["GET"]}}],"collection":[{"href":"https:\/\/mikrosystem.pl\/index.php\/wp-json\/wp\/v2\/pages"}],"about":[{"href":"https:\/\/mikrosystem.pl\/index.php\/wp-json\/wp\/v2\/types\/page"}],"author":[{"embeddable":true,"href":"https:\/\/mikrosystem.pl\/index.php\/wp-json\/wp\/v2\/users\/5"}],"replies":[{"embeddable":true,"href":"https:\/\/mikrosystem.pl\/index.php\/wp-json\/wp\/v2\/comments?post=2118"}],"version-history":[{"count":2,"href":"https:\/\/mikrosystem.pl\/index.php\/wp-json\/wp\/v2\/pages\/2118\/revisions"}],"predecessor-version":[{"id":2120,"href":"https:\/\/mikrosystem.pl\/index.php\/wp-json\/wp\/v2\/pages\/2118\/revisions\/2120"}],"up":[{"embeddable":true,"href":"https:\/\/mikrosystem.pl\/index.php\/wp-json\/wp\/v2\/pages\/1802"}],"wp:attachment":[{"href":"https:\/\/mikrosystem.pl\/index.php\/wp-json\/wp\/v2\/media?parent=2118"}],"curies":[{"name":"wp","href":"https:\/\/api.w.org\/{rel}","templated":true}]}}