{"id":2113,"date":"2015-03-10T10:37:11","date_gmt":"2015-03-10T09:37:11","guid":{"rendered":"http:\/\/mikrosystem.pl\/?page_id=2113"},"modified":"2015-03-10T10:37:11","modified_gmt":"2015-03-10T09:37:11","slug":"raport-opodatkowania-marzy","status":"publish","type":"page","link":"https:\/\/mikrosystem.pl\/index.php\/pomoc\/eknf-instrukcja-obslugi\/raport-opodatkowania-marzy","title":{"rendered":"Raport opodatkowania mar\u017cy"},"content":{"rendered":"<p style=\"text-align: justify;\"><strong>Raport opodatkowania mar\u017cy<\/strong><\/p>\n<p style=\"text-align: justify;\">Us\u0142ugi rozliczane za pomoc\u0105 faktur VAT mar\u017ca (czyli wed\u0142ug tzw. &#8220;procedury mar\u017cy dla biur podr\u00f3\u017cy&#8221;) wymagaj\u0105 wprowadzenia &#8216;koszt\u00f3w&#8217; do poszczeg\u00f3lnych imprez, powi\u0105zania ich z dokumentami sprzeda\u017cowymi, a nast\u0119pnie: sporz\u0105dzenia rejestru opodatkowania mar\u017cy, czyli raportu, pokazuj\u0105cego obie strony transakcji, i wyliczaj\u0105cego VAT od uzyskanej mar\u017cy. Zadanie to spe\u0142nia raport opodatkowania mar\u017cy dost\u0119pny w menu raport\u00f3w: Raporty -&gt; Sprzeda\u017c -&gt; Raport VAT mar\u017ca<\/p>\n<p style=\"text-align: justify;\">\n<a href=\"https:\/\/mikrosystem.pl\/wp-content\/uploads\/2015\/03\/raport_vat_mar\u017ca_01.png\"><img loading=\"lazy\" decoding=\"async\" class=\" size-large wp-image-2112 aligncenter\" src=\"https:\/\/mikrosystem.pl\/wp-content\/uploads\/2015\/03\/raport_vat_mar\u017ca_01-1024x640.png\" alt=\"raport_vat_mar\u017ca_01\" width=\"1024\" height=\"640\" srcset=\"https:\/\/mikrosystem.pl\/mikrosystem_www\/wp-content\/uploads\/2015\/03\/raport_vat_mar\u017ca_01-1024x640.png 1024w, https:\/\/mikrosystem.pl\/mikrosystem_www\/wp-content\/uploads\/2015\/03\/raport_vat_mar\u017ca_01-300x188.png 300w, https:\/\/mikrosystem.pl\/mikrosystem_www\/wp-content\/uploads\/2015\/03\/raport_vat_mar\u017ca_01.png 1280w\" sizes=\"auto, (max-width: 1024px) 100vw, 1024px\" \/><\/a><\/p>\n<p style=\"text-align: justify;\">\n","protected":false},"excerpt":{"rendered":"<p>Raport opodatkowania mar\u017cy Us\u0142ugi rozliczane za pomoc\u0105 faktur VAT mar\u017ca (czyli wed\u0142ug tzw. &#8220;procedury mar\u017cy dla biur podr\u00f3\u017cy&#8221;) wymagaj\u0105 wprowadzenia &#8216;koszt\u00f3w&#8217; do poszczeg\u00f3lnych imprez, powi\u0105zania ich z dokumentami sprzeda\u017cowymi, a nast\u0119pnie: sporz\u0105dzenia rejestru opodatkowania mar\u017cy, czyli raportu, pokazuj\u0105cego obie strony transakcji, i wyliczaj\u0105cego VAT od uzyskanej mar\u017cy. Zadanie to spe\u0142nia raport opodatkowania mar\u017cy dost\u0119pny w &#8230; <a title=\"Raport opodatkowania mar\u017cy\" class=\"read-more\" href=\"https:\/\/mikrosystem.pl\/index.php\/pomoc\/eknf-instrukcja-obslugi\/raport-opodatkowania-marzy\" aria-label=\"Dowiedz si\u0119 wi\u0119cej o Raport opodatkowania mar\u017cy\">Read more<\/a><\/p>\n","protected":false},"author":5,"featured_media":0,"parent":1802,"menu_order":0,"comment_status":"open","ping_status":"open","template":"faqs.php","meta":{"generate_page_header":"","footnotes":""},"class_list":{"0":"post-2113","1":"page","2":"type-page","3":"status-publish","5":"infinite-scroll-item"},"_links":{"self":[{"href":"https:\/\/mikrosystem.pl\/index.php\/wp-json\/wp\/v2\/pages\/2113","targetHints":{"allow":["GET"]}}],"collection":[{"href":"https:\/\/mikrosystem.pl\/index.php\/wp-json\/wp\/v2\/pages"}],"about":[{"href":"https:\/\/mikrosystem.pl\/index.php\/wp-json\/wp\/v2\/types\/page"}],"author":[{"embeddable":true,"href":"https:\/\/mikrosystem.pl\/index.php\/wp-json\/wp\/v2\/users\/5"}],"replies":[{"embeddable":true,"href":"https:\/\/mikrosystem.pl\/index.php\/wp-json\/wp\/v2\/comments?post=2113"}],"version-history":[{"count":2,"href":"https:\/\/mikrosystem.pl\/index.php\/wp-json\/wp\/v2\/pages\/2113\/revisions"}],"predecessor-version":[{"id":2115,"href":"https:\/\/mikrosystem.pl\/index.php\/wp-json\/wp\/v2\/pages\/2113\/revisions\/2115"}],"up":[{"embeddable":true,"href":"https:\/\/mikrosystem.pl\/index.php\/wp-json\/wp\/v2\/pages\/1802"}],"wp:attachment":[{"href":"https:\/\/mikrosystem.pl\/index.php\/wp-json\/wp\/v2\/media?parent=2113"}],"curies":[{"name":"wp","href":"https:\/\/api.w.org\/{rel}","templated":true}]}}