{"id":2085,"date":"2015-02-27T15:15:36","date_gmt":"2015-02-27T14:15:36","guid":{"rendered":"http:\/\/mikrosystem.pl\/?page_id=2085"},"modified":"2020-05-04T10:40:12","modified_gmt":"2020-05-04T08:40:12","slug":"kancelaria-elektroniczna","status":"publish","type":"page","link":"https:\/\/mikrosystem.pl\/index.php\/nowosci\/kancelaria-elektroniczna","title":{"rendered":"Kancelaria elektroniczna"},"content":{"rendered":"<p><\/p>\n<p style=\"text-align: justify;\">Kancelaria elektroniczna s\u0142u\u017cy do wprowadzania dokument\u00f3w &#8211; na przyk\u0142ad faktur kosztowych od dostawc\u00f3w us\u0142ug &#8211; i zarz\u0105dzania nimi. Modu\u0142 ten umo\u017cliwia te\u017c obieg akceptacyjny dokument\u00f3w.<\/p>\n<p style=\"text-align: justify;\">eKNF jest wyposa\u017cony w interfejsy umo\u017cliwiaj\u0105ce automatyczny import faktur kosztowych od wybranych dostawc\u00f3w, co bardzo przyspiesza ich rozliczanie i ksi\u0119gowanie. Automatycznie importuj\u0105 si\u0119 faktury:<\/p>\n<ul>\n<li style=\"text-align: justify;\"><a href=\"https:\/\/mikrosystem.pl\/index.php\/pomoc\/eknf-instrukcja-obslugi\/eknf-glowne-okno-programu\/kancelaria-elektroniczna\/automatyczny-import-faktur-hotelowych-merigo\">Hotelowe &#8211; pochodz\u0105ce z systemu Horse21, MERIGO, RateHawk, i Tripnet (zbiorcze i indywidualne)<\/a><\/li>\n<li style=\"text-align: justify;\"><a href=\"https:\/\/mikrosystem.pl\/index.php\/pomoc\/eknf-instrukcja-obslugi\/eknf-glowne-okno-programu\/kancelaria-elektroniczna\/automatyczny-import-faktur-pkp-ic\">Kolejowe &#8211; pochodz\u0105ce z PKP IC<\/a><\/li>\n<li style=\"text-align: justify;\">Lotnicze &#8211; pochodz\u0105ce z biura IATA i przesy\u0142ane do eKNF sub-agenta (biura non-IATA)<\/li>\n<\/ul>\n<p>Automatycznie importowane faktury s\u0105 te\u017c automatycznie wi\u0105zane z biletami i rezerwacjami, kt\u00f3rych dotycz\u0105.<\/p>\n<p><a href=\"https:\/\/mikrosystem.pl\/mikrosystem_www\/wp-content\/uploads\/2019\/05\/Kancelaria01.png\"><img loading=\"lazy\" decoding=\"async\" class=\"size-full wp-image-4293 aligncenter\" src=\"https:\/\/mikrosystem.pl\/mikrosystem_www\/wp-content\/uploads\/2019\/05\/Kancelaria01.png\" alt=\"\" width=\"1890\" height=\"541\" srcset=\"https:\/\/mikrosystem.pl\/mikrosystem_www\/wp-content\/uploads\/2019\/05\/Kancelaria01.png 1890w, https:\/\/mikrosystem.pl\/mikrosystem_www\/wp-content\/uploads\/2019\/05\/Kancelaria01-300x86.png 300w, https:\/\/mikrosystem.pl\/mikrosystem_www\/wp-content\/uploads\/2019\/05\/Kancelaria01-768x220.png 768w, https:\/\/mikrosystem.pl\/mikrosystem_www\/wp-content\/uploads\/2019\/05\/Kancelaria01-1024x293.png 1024w\" sizes=\"auto, (max-width: 1890px) 100vw, 1890px\" \/><\/a><\/p>\n<p style=\"text-align: justify;\">\n<p style=\"text-align: justify;\"><a href=\"https:\/\/mikrosystem.pl\/index.php\/nowosci\/kancelaria-elektroniczna\/wprowadzanie-nowego-dokumentu-kosztowego\"><strong>Wprowadzanie nowego dokumentu kosztowego<\/strong><\/a><\/p>\n<p><strong><a href=\"https:\/\/mikrosystem.pl\/index.php\/nowosci\/kancelaria-elektroniczna\/przedplaty\">Generowanie przedp\u0142at do dokumentu kosztowego<\/a><\/strong><\/p>\n<p style=\"text-align: justify;\">\n<p><\/p>","protected":false},"excerpt":{"rendered":"<p>Kancelaria elektroniczna s\u0142u\u017cy do wprowadzania dokument\u00f3w &#8211; na przyk\u0142ad faktur kosztowych od dostawc\u00f3w us\u0142ug &#8211; i zarz\u0105dzania nimi. Modu\u0142 ten umo\u017cliwia te\u017c obieg akceptacyjny dokument\u00f3w. eKNF jest wyposa\u017cony w interfejsy umo\u017cliwiaj\u0105ce automatyczny import faktur kosztowych od wybranych dostawc\u00f3w, co bardzo przyspiesza ich rozliczanie i ksi\u0119gowanie. Automatycznie importuj\u0105 si\u0119 faktury: Hotelowe &#8211; pochodz\u0105ce z systemu Horse21, &#8230; <a title=\"Kancelaria elektroniczna\" class=\"read-more\" href=\"https:\/\/mikrosystem.pl\/index.php\/nowosci\/kancelaria-elektroniczna\" aria-label=\"Dowiedz si\u0119 wi\u0119cej o Kancelaria elektroniczna\">Read more<\/a><\/p>\n","protected":false},"author":5,"featured_media":0,"parent":2873,"menu_order":0,"comment_status":"closed","ping_status":"closed","template":"","meta":{"generate_page_header":"","footnotes":""},"class_list":{"0":"post-2085","1":"page","2":"type-page","3":"status-publish","5":"infinite-scroll-item"},"_links":{"self":[{"href":"https:\/\/mikrosystem.pl\/index.php\/wp-json\/wp\/v2\/pages\/2085","targetHints":{"allow":["GET"]}}],"collection":[{"href":"https:\/\/mikrosystem.pl\/index.php\/wp-json\/wp\/v2\/pages"}],"about":[{"href":"https:\/\/mikrosystem.pl\/index.php\/wp-json\/wp\/v2\/types\/page"}],"author":[{"embeddable":true,"href":"https:\/\/mikrosystem.pl\/index.php\/wp-json\/wp\/v2\/users\/5"}],"replies":[{"embeddable":true,"href":"https:\/\/mikrosystem.pl\/index.php\/wp-json\/wp\/v2\/comments?post=2085"}],"version-history":[{"count":23,"href":"https:\/\/mikrosystem.pl\/index.php\/wp-json\/wp\/v2\/pages\/2085\/revisions"}],"predecessor-version":[{"id":4665,"href":"https:\/\/mikrosystem.pl\/index.php\/wp-json\/wp\/v2\/pages\/2085\/revisions\/4665"}],"up":[{"embeddable":true,"href":"https:\/\/mikrosystem.pl\/index.php\/wp-json\/wp\/v2\/pages\/2873"}],"wp:attachment":[{"href":"https:\/\/mikrosystem.pl\/index.php\/wp-json\/wp\/v2\/media?parent=2085"}],"curies":[{"name":"wp","href":"https:\/\/api.w.org\/{rel}","templated":true}]}}