{"id":2078,"date":"2015-02-27T11:43:59","date_gmt":"2015-02-27T10:43:59","guid":{"rendered":"http:\/\/mikrosystem.pl\/?page_id=2078"},"modified":"2015-02-27T11:43:59","modified_gmt":"2015-02-27T10:43:59","slug":"raport-z-pracy-kasjera-lotniczego-z-podzialem-na-linie","status":"publish","type":"page","link":"https:\/\/mikrosystem.pl\/index.php\/pomoc\/eknf-instrukcja-obslugi\/raport-z-pracy-kasjera-lotniczego-z-podzialem-na-linie","title":{"rendered":"Raport z pracy kasjera lotniczego &#8211; z podzia\u0142em na linie"},"content":{"rendered":"<p>Raport jest dost\u0119pny w: Raporty -&gt; Lotnicze -&gt; Raport z pracy kasjera z podzia\u0142em na linie<br \/>\nDost\u0119pne s\u0105 dwie wersje sformatowane: zbiorcza (bez podzia\u0142u) i szczeg\u00f3\u0142owa (z podzia\u0142em na linie)<br \/>\nRaport obejmuje sprzeda\u017c bilet\u00f3w lotniczych regularnych i tanich linii<br \/>\n<a href=\"https:\/\/mikrosystem.pl\/wp-content\/uploads\/2015\/02\/raport_z_pracy_kasjera_z_podzialem_na_linie_02.png\"><img loading=\"lazy\" decoding=\"async\" class=\" size-large wp-image-2079 aligncenter\" src=\"https:\/\/mikrosystem.pl\/wp-content\/uploads\/2015\/02\/raport_z_pracy_kasjera_z_podzialem_na_linie_02-1024x640.png\" alt=\"raport_z_pracy_kasjera_z_podzialem_na_linie_02\" width=\"1024\" height=\"640\" srcset=\"https:\/\/mikrosystem.pl\/mikrosystem_www\/wp-content\/uploads\/2015\/02\/raport_z_pracy_kasjera_z_podzialem_na_linie_02-1024x640.png 1024w, https:\/\/mikrosystem.pl\/mikrosystem_www\/wp-content\/uploads\/2015\/02\/raport_z_pracy_kasjera_z_podzialem_na_linie_02-300x188.png 300w, https:\/\/mikrosystem.pl\/mikrosystem_www\/wp-content\/uploads\/2015\/02\/raport_z_pracy_kasjera_z_podzialem_na_linie_02.png 1280w\" sizes=\"auto, (max-width: 1024px) 100vw, 1024px\" \/><\/a><\/p>\n<p><a href=\"https:\/\/mikrosystem.pl\/wp-content\/uploads\/2015\/02\/raport_z_pracy_kasjera_z_podzialem_na_linie_03.png\"><img loading=\"lazy\" decoding=\"async\" class=\" size-large wp-image-2080 aligncenter\" src=\"https:\/\/mikrosystem.pl\/wp-content\/uploads\/2015\/02\/raport_z_pracy_kasjera_z_podzialem_na_linie_03-1024x640.png\" alt=\"raport_z_pracy_kasjera_z_podzialem_na_linie_03\" width=\"1024\" height=\"640\" srcset=\"https:\/\/mikrosystem.pl\/mikrosystem_www\/wp-content\/uploads\/2015\/02\/raport_z_pracy_kasjera_z_podzialem_na_linie_03-1024x640.png 1024w, https:\/\/mikrosystem.pl\/mikrosystem_www\/wp-content\/uploads\/2015\/02\/raport_z_pracy_kasjera_z_podzialem_na_linie_03-300x188.png 300w, https:\/\/mikrosystem.pl\/mikrosystem_www\/wp-content\/uploads\/2015\/02\/raport_z_pracy_kasjera_z_podzialem_na_linie_03.png 1280w\" sizes=\"auto, (max-width: 1024px) 100vw, 1024px\" \/><\/a><\/p>\n<p>&nbsp;<\/p>\n","protected":false},"excerpt":{"rendered":"<p>Raport jest dost\u0119pny w: Raporty -&gt; Lotnicze -&gt; Raport z pracy kasjera z podzia\u0142em na linie Dost\u0119pne s\u0105 dwie wersje sformatowane: zbiorcza (bez podzia\u0142u) i szczeg\u00f3\u0142owa (z podzia\u0142em na linie) Raport obejmuje sprzeda\u017c bilet\u00f3w lotniczych regularnych i tanich linii &nbsp;<\/p>\n","protected":false},"author":5,"featured_media":0,"parent":1802,"menu_order":0,"comment_status":"open","ping_status":"open","template":"faqs.php","meta":{"generate_page_header":"","footnotes":""},"class_list":{"0":"post-2078","1":"page","2":"type-page","3":"status-publish","5":"infinite-scroll-item"},"_links":{"self":[{"href":"https:\/\/mikrosystem.pl\/index.php\/wp-json\/wp\/v2\/pages\/2078","targetHints":{"allow":["GET"]}}],"collection":[{"href":"https:\/\/mikrosystem.pl\/index.php\/wp-json\/wp\/v2\/pages"}],"about":[{"href":"https:\/\/mikrosystem.pl\/index.php\/wp-json\/wp\/v2\/types\/page"}],"author":[{"embeddable":true,"href":"https:\/\/mikrosystem.pl\/index.php\/wp-json\/wp\/v2\/users\/5"}],"replies":[{"embeddable":true,"href":"https:\/\/mikrosystem.pl\/index.php\/wp-json\/wp\/v2\/comments?post=2078"}],"version-history":[{"count":2,"href":"https:\/\/mikrosystem.pl\/index.php\/wp-json\/wp\/v2\/pages\/2078\/revisions"}],"predecessor-version":[{"id":2082,"href":"https:\/\/mikrosystem.pl\/index.php\/wp-json\/wp\/v2\/pages\/2078\/revisions\/2082"}],"up":[{"embeddable":true,"href":"https:\/\/mikrosystem.pl\/index.php\/wp-json\/wp\/v2\/pages\/1802"}],"wp:attachment":[{"href":"https:\/\/mikrosystem.pl\/index.php\/wp-json\/wp\/v2\/media?parent=2078"}],"curies":[{"name":"wp","href":"https:\/\/api.w.org\/{rel}","templated":true}]}}