{"id":2066,"date":"2015-02-18T16:43:23","date_gmt":"2015-02-18T15:43:23","guid":{"rendered":"http:\/\/mikrosystem.pl\/?page_id=2066"},"modified":"2018-06-05T14:06:22","modified_gmt":"2018-06-05T12:06:22","slug":"raport-lista-dokumentow-sprzedazy","status":"publish","type":"page","link":"https:\/\/mikrosystem.pl\/index.php\/pomoc\/eknf-instrukcja-obslugi\/raport-lista-dokumentow-sprzedazy","title":{"rendered":"Raport &#8211; Lista dokument\u00f3w sprzeda\u017cy"},"content":{"rendered":"<p>Raport Lista rachunk\u00f3w znajduje si\u0119 w: Raporty -&gt;Sprzeda\u017c -&gt; Lista dokument\u00f3w sprzeda\u017cy<\/p>\n<p>Wyboru form p\u0142atno\u015bci mo\u017cna dokona\u0107 w Parametrach raportu, w cz\u0119\u015bci Filtry, w polu Forma p\u0142atno\u015bci.<br \/>\nMo\u017cna tam wprowadzi\u0107 jedn\u0105 lub wi\u0119cej form\u0119 p\u0142atno\u015bci, u\u017cywaj\u0105c oznacze\u0144 literowych:<br \/>\nR &#8211; got\u00f3wka<br \/>\nT &#8211; przelew<br \/>\nC &#8211; karta BSP<br \/>\nP &#8211; karta POS<\/p>\n<p>np. aby uzyska\u0107 tylko dokumenty p\u0142atne kart\u0105 systemow\u0105 (C) nale\u017cy wpisa\u0107 w filtrze literk\u0119 C, tak jak na obrazku poni\u017cej. Raport z kilku form p\u0142atno\u015bci mo\u017cna uzyska\u0107 podaj\u0105c ich oznaczenia po przecinku, na przyk\u0142ad: C,P (czyli: poka\u017c p\u0142atno\u015bci kart\u0105 przez system, i kart\u0105 przez terminal)<\/p>\n<p><a href=\"https:\/\/mikrosystem.pl\/wp-content\/uploads\/2015\/02\/Raport_lista_dokumentow_sprzedazy_01.png\"><img loading=\"lazy\" decoding=\"async\" class=\" size-large wp-image-2064 aligncenter\" src=\"https:\/\/mikrosystem.pl\/wp-content\/uploads\/2015\/02\/Raport_lista_dokumentow_sprzedazy_01-1024x552.png\" alt=\"Raport_lista_dokumentow_sprzedazy_01\" width=\"1024\" height=\"552\" srcset=\"https:\/\/mikrosystem.pl\/mikrosystem_www\/wp-content\/uploads\/2015\/02\/Raport_lista_dokumentow_sprzedazy_01-1024x552.png 1024w, https:\/\/mikrosystem.pl\/mikrosystem_www\/wp-content\/uploads\/2015\/02\/Raport_lista_dokumentow_sprzedazy_01-300x162.png 300w, https:\/\/mikrosystem.pl\/mikrosystem_www\/wp-content\/uploads\/2015\/02\/Raport_lista_dokumentow_sprzedazy_01.png 1212w\" sizes=\"auto, (max-width: 1024px) 100vw, 1024px\" \/><\/a><\/p>\n<p>Inne kryteria wyboru dost\u0119pne w raporcie:<\/p>\n<p><a href=\"https:\/\/mikrosystem.pl\/mikrosystem_www\/wp-content\/uploads\/2018\/06\/Raport_Lista_dokumentow_sprzedazy_kryteria_001912.png\"><img loading=\"lazy\" decoding=\"async\" class=\"size-large wp-image-3995 aligncenter\" src=\"https:\/\/mikrosystem.pl\/mikrosystem_www\/wp-content\/uploads\/2018\/06\/Raport_Lista_dokumentow_sprzedazy_kryteria_001912-1024x534.png\" alt=\"\" width=\"1024\" height=\"534\" srcset=\"https:\/\/mikrosystem.pl\/mikrosystem_www\/wp-content\/uploads\/2018\/06\/Raport_Lista_dokumentow_sprzedazy_kryteria_001912-1024x534.png 1024w, https:\/\/mikrosystem.pl\/mikrosystem_www\/wp-content\/uploads\/2018\/06\/Raport_Lista_dokumentow_sprzedazy_kryteria_001912-300x156.png 300w, https:\/\/mikrosystem.pl\/mikrosystem_www\/wp-content\/uploads\/2018\/06\/Raport_Lista_dokumentow_sprzedazy_kryteria_001912-768x400.png 768w, https:\/\/mikrosystem.pl\/mikrosystem_www\/wp-content\/uploads\/2018\/06\/Raport_Lista_dokumentow_sprzedazy_kryteria_001912.png 1755w\" sizes=\"auto, (max-width: 1024px) 100vw, 1024px\" \/><\/a><\/p>\n<p>Po ustaleniu kryteri\u00f3w, nale\u017cy klikn\u0105\u0107 na Raport Sformatowny, w celu wy\u015bwietlenia raportu:<\/p>\n<p><a href=\"https:\/\/mikrosystem.pl\/wp-content\/uploads\/2015\/02\/Raport_lista_dokumentow_sprzedazy_02.png\"><img loading=\"lazy\" decoding=\"async\" class=\" size-large wp-image-2065 aligncenter\" src=\"https:\/\/mikrosystem.pl\/wp-content\/uploads\/2015\/02\/Raport_lista_dokumentow_sprzedazy_02-1024x523.png\" alt=\"Raport_lista_dokumentow_sprzedazy_02\" width=\"1024\" height=\"523\" srcset=\"https:\/\/mikrosystem.pl\/mikrosystem_www\/wp-content\/uploads\/2015\/02\/Raport_lista_dokumentow_sprzedazy_02-1024x523.png 1024w, https:\/\/mikrosystem.pl\/mikrosystem_www\/wp-content\/uploads\/2015\/02\/Raport_lista_dokumentow_sprzedazy_02-300x153.png 300w, https:\/\/mikrosystem.pl\/mikrosystem_www\/wp-content\/uploads\/2015\/02\/Raport_lista_dokumentow_sprzedazy_02.png 1211w\" sizes=\"auto, (max-width: 1024px) 100vw, 1024px\" \/><\/a><\/p>","protected":false},"excerpt":{"rendered":"<p>Raport Lista rachunk\u00f3w znajduje si\u0119 w: Raporty -&gt;Sprzeda\u017c -&gt; Lista dokument\u00f3w sprzeda\u017cy Wyboru form p\u0142atno\u015bci mo\u017cna dokona\u0107 w Parametrach raportu, w cz\u0119\u015bci Filtry, w polu Forma p\u0142atno\u015bci. Mo\u017cna tam wprowadzi\u0107 jedn\u0105 lub wi\u0119cej form\u0119 p\u0142atno\u015bci, u\u017cywaj\u0105c oznacze\u0144 literowych: R &#8211; got\u00f3wka T &#8211; przelew C &#8211; karta BSP P &#8211; karta POS np. aby uzyska\u0107 &#8230; <a title=\"Raport &#8211; Lista dokument\u00f3w sprzeda\u017cy\" class=\"read-more\" href=\"https:\/\/mikrosystem.pl\/index.php\/pomoc\/eknf-instrukcja-obslugi\/raport-lista-dokumentow-sprzedazy\" aria-label=\"Dowiedz si\u0119 wi\u0119cej o Raport &#8211; Lista dokument\u00f3w sprzeda\u017cy\">Read more<\/a><\/p>\n","protected":false},"author":5,"featured_media":0,"parent":1802,"menu_order":0,"comment_status":"open","ping_status":"open","template":"","meta":{"generate_page_header":"","footnotes":""},"class_list":{"0":"post-2066","1":"page","2":"type-page","3":"status-publish","5":"infinite-scroll-item"},"_links":{"self":[{"href":"https:\/\/mikrosystem.pl\/index.php\/wp-json\/wp\/v2\/pages\/2066","targetHints":{"allow":["GET"]}}],"collection":[{"href":"https:\/\/mikrosystem.pl\/index.php\/wp-json\/wp\/v2\/pages"}],"about":[{"href":"https:\/\/mikrosystem.pl\/index.php\/wp-json\/wp\/v2\/types\/page"}],"author":[{"embeddable":true,"href":"https:\/\/mikrosystem.pl\/index.php\/wp-json\/wp\/v2\/users\/5"}],"replies":[{"embeddable":true,"href":"https:\/\/mikrosystem.pl\/index.php\/wp-json\/wp\/v2\/comments?post=2066"}],"version-history":[{"count":3,"href":"https:\/\/mikrosystem.pl\/index.php\/wp-json\/wp\/v2\/pages\/2066\/revisions"}],"predecessor-version":[{"id":3996,"href":"https:\/\/mikrosystem.pl\/index.php\/wp-json\/wp\/v2\/pages\/2066\/revisions\/3996"}],"up":[{"embeddable":true,"href":"https:\/\/mikrosystem.pl\/index.php\/wp-json\/wp\/v2\/pages\/1802"}],"wp:attachment":[{"href":"https:\/\/mikrosystem.pl\/index.php\/wp-json\/wp\/v2\/media?parent=2066"}],"curies":[{"name":"wp","href":"https:\/\/api.w.org\/{rel}","templated":true}]}}