{"id":1990,"date":"2015-01-30T10:48:09","date_gmt":"2015-01-30T09:48:09","guid":{"rendered":"http:\/\/mikrosystem.pl\/?page_id=1990"},"modified":"2017-12-12T15:42:22","modified_gmt":"2017-12-12T14:42:22","slug":"eksport-danych-do-amex-bta","status":"publish","type":"page","link":"https:\/\/mikrosystem.pl\/index.php\/pomoc\/eknf-instrukcja-obslugi\/eksport-danych-do-amex-bta","title":{"rendered":"Eksport danych do AMEX BTA"},"content":{"rendered":"<p style=\"text-align: justify;\">eKNF ma mo\u017cliwo\u015b\u0107 automatycznego generowania raport\u00f3w w formacie wymaganym przez AMEX BTA. Raport ma posta\u0107 arkusza kalkulacyjnego z ustalon\u0105 liczb\u0105 kolumn, z kt\u00f3rych cz\u0119\u015b\u0107 jest sta\u0142a i wymagana, a reszta: tak zwane pola referencyjne Ref1 &#8211; Ref8, opcjonalna i mo\u017cliwa do samodzielnej konfiguracji &#8211; wed\u0142ug wymaga\u0144 klient\u00f3w<\/p>\n<p style=\"text-align: justify;\">1. W celu wygenerowania raportu wejd\u017a w Centrum Danych -&gt; AMEX Desktop<\/p>\n<p style=\"text-align: justify;\"><a href=\"https:\/\/mikrosystem.pl\/wp-content\/uploads\/2015\/01\/AMEX_Export-01.png\"><img loading=\"lazy\" decoding=\"async\" class=\" size-large wp-image-1992 aligncenter\" src=\"https:\/\/mikrosystem.pl\/wp-content\/uploads\/2015\/01\/AMEX_Export-01-1024x590.png\" alt=\"AMEX_Export 01\" width=\"1024\" height=\"590\" srcset=\"https:\/\/mikrosystem.pl\/mikrosystem_www\/wp-content\/uploads\/2015\/01\/AMEX_Export-01-1024x590.png 1024w, https:\/\/mikrosystem.pl\/mikrosystem_www\/wp-content\/uploads\/2015\/01\/AMEX_Export-01-300x173.png 300w, https:\/\/mikrosystem.pl\/mikrosystem_www\/wp-content\/uploads\/2015\/01\/AMEX_Export-01.png 1219w\" sizes=\"auto, (max-width: 1024px) 100vw, 1024px\" \/><\/a><\/p>\n<p style=\"text-align: justify;\">2. Ustal zakres dat, a nast\u0119pnie wyszukaj i wybierz klienta, dla kt\u00f3rego ma by\u0107 utworzony raport. Mo\u017cesz wczyta\u0107 ca\u0142\u0105 grup\u0119 klient\u00f3w &#8211; je\u015bli raport ma by\u0107 przygotowany dla wi\u0119cej ni\u017c jednego podmiotu.<\/p>\n<p style=\"text-align: justify;\"><a href=\"https:\/\/mikrosystem.pl\/wp-content\/uploads\/2015\/01\/AMEX_Export-02.png\"><img loading=\"lazy\" decoding=\"async\" class=\" size-large wp-image-1993 aligncenter\" src=\"https:\/\/mikrosystem.pl\/wp-content\/uploads\/2015\/01\/AMEX_Export-02-1024x589.png\" alt=\"AMEX_Export 02\" width=\"1024\" height=\"589\" srcset=\"https:\/\/mikrosystem.pl\/mikrosystem_www\/wp-content\/uploads\/2015\/01\/AMEX_Export-02-1024x589.png 1024w, https:\/\/mikrosystem.pl\/mikrosystem_www\/wp-content\/uploads\/2015\/01\/AMEX_Export-02-300x173.png 300w, https:\/\/mikrosystem.pl\/mikrosystem_www\/wp-content\/uploads\/2015\/01\/AMEX_Export-02.png 1219w\" sizes=\"auto, (max-width: 1024px) 100vw, 1024px\" \/><\/a><\/p>\n<p style=\"text-align: justify;\">3. W celu wygenerowania raportu kliknij na Utw\u00f3rz raport. eKNF wy\u015bwietli podgl\u0105d raportu na ekranie. Nast\u0119pnie kliknij na Export do XLS, \u017ceby utworzy\u0107 i zapisa\u0107 raport w postaci arkusza.<\/p>\n<p style=\"text-align: justify;\"><strong>Uwaga:<\/strong> w zale\u017cno\u015bci od ustawie\u0144 przegl\u0105darki system mo\u017ce zapyta\u0107 ci\u0119 o podanie katalogu, w kt\u00f3rym ma by\u0107 zapisany raport, b\u0105d\u017a zapisa\u0107 go bez pytania w swoim domy\u015blnym katalogu. W tym drugim wypadku mo\u017cesz odnale\u017a\u0107 zapisany plik na li\u015bcie pobranych plik\u00f3w: Narz\u0119dzia -&gt; Pobieranie plik\u00f3w<\/p>\n<p style=\"text-align: justify;\"><a href=\"https:\/\/mikrosystem.pl\/wp-content\/uploads\/2015\/01\/AMEX_Export-03.png\"><img loading=\"lazy\" decoding=\"async\" class=\" size-large wp-image-1994 aligncenter\" src=\"https:\/\/mikrosystem.pl\/wp-content\/uploads\/2015\/01\/AMEX_Export-03-1024x590.png\" alt=\"AMEX_Export 03\" width=\"1024\" height=\"590\" srcset=\"https:\/\/mikrosystem.pl\/mikrosystem_www\/wp-content\/uploads\/2015\/01\/AMEX_Export-03-1024x590.png 1024w, https:\/\/mikrosystem.pl\/mikrosystem_www\/wp-content\/uploads\/2015\/01\/AMEX_Export-03-300x173.png 300w, https:\/\/mikrosystem.pl\/mikrosystem_www\/wp-content\/uploads\/2015\/01\/AMEX_Export-03.png 1218w\" sizes=\"auto, (max-width: 1024px) 100vw, 1024px\" \/><\/a><\/p>\n<p style=\"text-align: justify;\">4. Je\u015bli klient, dla kt\u00f3rego przygotowujesz raport, wymaga specyficznych dla siebie danych w polach referencyjnych Ref1 &#8211; Ref8, mo\u017cesz skonfigurowa\u0107 eKNF tak, by automatycznie wype\u0142nia\u0142 te pola wymaganymi danymi. W tym celu kliknij na klawisz Konfiguracja p\u00f3l referencyjnych znajduj\u0105cy si\u0119 na zielonym pasku eKNF.<br \/>\nPrzypisanie p\u00f3l dodatkowych eKNF do odpowiednich p\u00f3l referencyjnych odbywa si\u0119 poprzez przeci\u0105gni\u0119cie mysz\u0105 pola o wybranej nazwie do pustego kwadratu znajduj\u0105cego si\u0119 bezpo\u015brednio pod nazw\u0105 pola referencyjnego. Na obrazku poni\u017cej widzimy skonfigurowane 4 pola referencyjne: Ref1 &#8211; Ref4, z przypisanym do ka\u017cdego z nich odpowiednim polem dodatkowym z eKNF.<\/p>\n<p style=\"text-align: justify;\"><a href=\"https:\/\/mikrosystem.pl\/wp-content\/uploads\/2015\/01\/AMEX_Export-04.png\"><img loading=\"lazy\" decoding=\"async\" class=\" size-large wp-image-1991 aligncenter\" src=\"https:\/\/mikrosystem.pl\/wp-content\/uploads\/2015\/01\/AMEX_Export-04-1024x582.png\" alt=\"AMEX_Export 04\" width=\"1024\" height=\"582\" srcset=\"https:\/\/mikrosystem.pl\/mikrosystem_www\/wp-content\/uploads\/2015\/01\/AMEX_Export-04-1024x582.png 1024w, https:\/\/mikrosystem.pl\/mikrosystem_www\/wp-content\/uploads\/2015\/01\/AMEX_Export-04-300x171.png 300w, https:\/\/mikrosystem.pl\/mikrosystem_www\/wp-content\/uploads\/2015\/01\/AMEX_Export-04.png 1201w\" sizes=\"auto, (max-width: 1024px) 100vw, 1024px\" \/><\/a><\/p>\n<p style=\"text-align: justify;\"><strong> Uwaga:<\/strong> pami\u0119taj, \u017ce aby pola referencyjne raportu by\u0142y poprawnie wype\u0142niane, pola dodatkowe musz\u0105 by\u0107 wype\u0142niane w czasie sprzeda\u017cy produktu w eKNF. Je\u015bli potrzebujesz pomocy w skonfigurowaniu odpowiednich p\u00f3l dla wybranych produkt\u00f3w, skontaktuj si\u0119 z nasz\u0105 pomoc\u0105 techniczn\u0105 lub z opiekunem klienta.<\/p>\n","protected":false},"excerpt":{"rendered":"<p>eKNF ma mo\u017cliwo\u015b\u0107 automatycznego generowania raport\u00f3w w formacie wymaganym przez AMEX BTA. Raport ma posta\u0107 arkusza kalkulacyjnego z ustalon\u0105 liczb\u0105 kolumn, z kt\u00f3rych cz\u0119\u015b\u0107 jest sta\u0142a i wymagana, a reszta: tak zwane pola referencyjne Ref1 &#8211; Ref8, opcjonalna i mo\u017cliwa do samodzielnej konfiguracji &#8211; wed\u0142ug wymaga\u0144 klient\u00f3w 1. W celu wygenerowania raportu wejd\u017a w Centrum &#8230; <a title=\"Eksport danych do AMEX BTA\" class=\"read-more\" href=\"https:\/\/mikrosystem.pl\/index.php\/pomoc\/eknf-instrukcja-obslugi\/eksport-danych-do-amex-bta\" aria-label=\"Dowiedz si\u0119 wi\u0119cej o Eksport danych do AMEX BTA\">Read more<\/a><\/p>\n","protected":false},"author":5,"featured_media":0,"parent":1802,"menu_order":0,"comment_status":"open","ping_status":"open","template":"","meta":{"generate_page_header":"","footnotes":""},"class_list":{"0":"post-1990","1":"page","2":"type-page","3":"status-publish","5":"infinite-scroll-item"},"_links":{"self":[{"href":"https:\/\/mikrosystem.pl\/index.php\/wp-json\/wp\/v2\/pages\/1990","targetHints":{"allow":["GET"]}}],"collection":[{"href":"https:\/\/mikrosystem.pl\/index.php\/wp-json\/wp\/v2\/pages"}],"about":[{"href":"https:\/\/mikrosystem.pl\/index.php\/wp-json\/wp\/v2\/types\/page"}],"author":[{"embeddable":true,"href":"https:\/\/mikrosystem.pl\/index.php\/wp-json\/wp\/v2\/users\/5"}],"replies":[{"embeddable":true,"href":"https:\/\/mikrosystem.pl\/index.php\/wp-json\/wp\/v2\/comments?post=1990"}],"version-history":[{"count":3,"href":"https:\/\/mikrosystem.pl\/index.php\/wp-json\/wp\/v2\/pages\/1990\/revisions"}],"predecessor-version":[{"id":1996,"href":"https:\/\/mikrosystem.pl\/index.php\/wp-json\/wp\/v2\/pages\/1990\/revisions\/1996"}],"up":[{"embeddable":true,"href":"https:\/\/mikrosystem.pl\/index.php\/wp-json\/wp\/v2\/pages\/1802"}],"wp:attachment":[{"href":"https:\/\/mikrosystem.pl\/index.php\/wp-json\/wp\/v2\/media?parent=1990"}],"curies":[{"name":"wp","href":"https:\/\/api.w.org\/{rel}","templated":true}]}}