{"id":1975,"date":"2015-01-29T10:53:50","date_gmt":"2015-01-29T09:53:50","guid":{"rendered":"http:\/\/mikrosystem.pl\/?page_id=1975"},"modified":"2016-09-20T13:25:46","modified_gmt":"2016-09-20T11:25:46","slug":"import-danych-z-bsp","status":"publish","type":"page","link":"https:\/\/mikrosystem.pl\/index.php\/pomoc\/eknf-instrukcja-obslugi\/import-danych-z-bsp","title":{"rendered":"Import danych z BSP"},"content":{"rendered":"<p>eKNF ma funkcj\u0119 por\u00f3wnuj\u0105c\u0105 dane z billingu BSP z danymi sprzeda\u017cowymi wynikaj\u0105cymi z faktur i danych przes\u0142anych z system\u00f3w rezerwacyjnych. Pierwszym krokiem niezb\u0119dnym do por\u00f3wnania danych z wybranego okresu jest wczytanie odpowiedniego billingu BSP<\/p>\n<p>1. Zapisz plik ze spakowanym billingiem BSP na dysku.<\/p>\n<p>2. Przejd\u017a do eKNF, i w oknie Centrum Danych kliknij na Import Danych BSP<\/p>\n<p style=\"text-align: justify;\"><a href=\"https:\/\/mikrosystem.pl\/wp-content\/uploads\/2015\/01\/BSP_Import-02.png\"><img loading=\"lazy\" decoding=\"async\" class=\" size-large wp-image-1980 aligncenter\" src=\"https:\/\/mikrosystem.pl\/wp-content\/uploads\/2015\/01\/BSP_Import-02-1024x493.png\" alt=\"BSP_Import 02\" width=\"1024\" height=\"493\" srcset=\"https:\/\/mikrosystem.pl\/mikrosystem_www\/wp-content\/uploads\/2015\/01\/BSP_Import-02-1024x493.png 1024w, https:\/\/mikrosystem.pl\/mikrosystem_www\/wp-content\/uploads\/2015\/01\/BSP_Import-02-300x144.png 300w, https:\/\/mikrosystem.pl\/mikrosystem_www\/wp-content\/uploads\/2015\/01\/BSP_Import-02.png 1211w\" sizes=\"auto, (max-width: 1024px) 100vw, 1024px\" \/><\/a><\/p>\n<p style=\"text-align: justify;\">3. Przeci\u0105gnij spakowany plik z billigiem do zaznaczonego obszaru na ekranie<\/p>\n<p style=\"text-align: justify;\"><img loading=\"lazy\" decoding=\"async\" class=\"alignnone size-full wp-image-3620\" src=\"https:\/\/mikrosystem.pl\/mikrosystem_www\/wp-content\/uploads\/2015\/01\/BSP_Import_201607_000733.png_Obraz_PNG_1710_973_pikseli_Skala_67_NUM_.png\" alt=\"bsp_import_201607_000733-png_obraz_png_1710_973_pikseli_skala_67_num_\" width=\"1157\" height=\"655\" srcset=\"https:\/\/mikrosystem.pl\/mikrosystem_www\/wp-content\/uploads\/2015\/01\/BSP_Import_201607_000733.png_Obraz_PNG_1710_973_pikseli_Skala_67_NUM_.png 1157w, https:\/\/mikrosystem.pl\/mikrosystem_www\/wp-content\/uploads\/2015\/01\/BSP_Import_201607_000733.png_Obraz_PNG_1710_973_pikseli_Skala_67_NUM_-300x170.png 300w, https:\/\/mikrosystem.pl\/mikrosystem_www\/wp-content\/uploads\/2015\/01\/BSP_Import_201607_000733.png_Obraz_PNG_1710_973_pikseli_Skala_67_NUM_-768x435.png 768w, https:\/\/mikrosystem.pl\/mikrosystem_www\/wp-content\/uploads\/2015\/01\/BSP_Import_201607_000733.png_Obraz_PNG_1710_973_pikseli_Skala_67_NUM_-1024x580.png 1024w\" sizes=\"auto, (max-width: 1157px) 100vw, 1157px\" \/><\/p>\n<p style=\"text-align: justify;\">4. eKNF potwierdzi wczytanie danych, podaj\u0105c informacj\u0119 o liczbie nowo-odczytanych rekord\u00f3w<\/p>\n<p style=\"text-align: justify;\"><img loading=\"lazy\" decoding=\"async\" class=\"alignnone size-full wp-image-3621\" src=\"https:\/\/mikrosystem.pl\/mikrosystem_www\/wp-content\/uploads\/2015\/01\/Import_danych_z_BSP_Mikrosystem_NUM_.png\" alt=\"import_danych_z_bsp_mikrosystem_num_\" width=\"847\" height=\"540\" srcset=\"https:\/\/mikrosystem.pl\/mikrosystem_www\/wp-content\/uploads\/2015\/01\/Import_danych_z_BSP_Mikrosystem_NUM_.png 847w, https:\/\/mikrosystem.pl\/mikrosystem_www\/wp-content\/uploads\/2015\/01\/Import_danych_z_BSP_Mikrosystem_NUM_-300x191.png 300w, https:\/\/mikrosystem.pl\/mikrosystem_www\/wp-content\/uploads\/2015\/01\/Import_danych_z_BSP_Mikrosystem_NUM_-768x490.png 768w\" sizes=\"auto, (max-width: 847px) 100vw, 847px\" \/><\/p>\n<p style=\"text-align: justify;\">5. Mo\u017cesz te\u017c zweryfikowa\u0107, czy eKNF poprawnie odczyta\u0142 dane, klikaj\u0105c na klawisz BSP Podsumowanie. W oknie informacyjnym, kt\u00f3re si\u0119 pojawi, zobaczysz podsumowanie ostatnio wczytanych okres\u00f3w rozliczeniowych BSP. Liczby z podsumowania mo\u017cesz por\u00f3wna\u0107 z billingiem, \u017ceby upewni\u0107 si\u0119, \u017ce eKNF odczyta\u0142 poprawnie ca\u0142y billing:<\/p>\n<p style=\"text-align: justify;\"><a href=\"https:\/\/mikrosystem.pl\/wp-content\/uploads\/2015\/01\/BSP_Import-05.png\"><img loading=\"lazy\" decoding=\"async\" class=\" size-large wp-image-1978 aligncenter\" src=\"https:\/\/mikrosystem.pl\/wp-content\/uploads\/2015\/01\/BSP_Import-05-1024x585.png\" alt=\"BSP_Import 05\" width=\"1024\" height=\"585\" srcset=\"https:\/\/mikrosystem.pl\/mikrosystem_www\/wp-content\/uploads\/2015\/01\/BSP_Import-05-1024x585.png 1024w, https:\/\/mikrosystem.pl\/mikrosystem_www\/wp-content\/uploads\/2015\/01\/BSP_Import-05-300x171.png 300w, https:\/\/mikrosystem.pl\/mikrosystem_www\/wp-content\/uploads\/2015\/01\/BSP_Import-05.png 1200w\" sizes=\"auto, (max-width: 1024px) 100vw, 1024px\" \/><\/a><\/p>\n<p style=\"text-align: justify;\">Pe\u0142ne por\u00f3wnanie danych sprzeda\u017cowych z billingiem BSP jest dost\u0119pne w module Raporty-&gt;Lotnicze-&gt;Ewidencja Bilet\u00f3w Lotniczych (BSP)<\/p>\n<p><span style=\"border-radius: 2px; text-indent: 20px; width: auto; padding: 0px 4px 0px 0px; text-align: center; font: bold 11px\/20px 'Helvetica Neue',Helvetica,sans-serif; color: #ffffff; background: #bd081c no-repeat scroll 3px 50% \/ 14px 14px; position: absolute; opacity: 1; z-index: 8675309; display: none; cursor: pointer; top: 1697px; left: 20px;\">Zapisz<\/span><\/p>\n<p><span style=\"border-radius: 2px; text-indent: 20px; width: auto; padding: 0px 4px 0px 0px; text-align: center; font: bold 11px\/20px 'Helvetica Neue',Helvetica,sans-serif; color: #ffffff; background: #bd081c  no-repeat scroll 3px 50% \/ 14px 14px; position: absolute; opacity: 1; z-index: 8675309; display: none; cursor: pointer; top: 1089px; left: 20px;\">Zapisz<\/span><\/p>","protected":false},"excerpt":{"rendered":"<p>eKNF ma funkcj\u0119 por\u00f3wnuj\u0105c\u0105 dane z billingu BSP z danymi sprzeda\u017cowymi wynikaj\u0105cymi z faktur i danych przes\u0142anych z system\u00f3w rezerwacyjnych. Pierwszym krokiem niezb\u0119dnym do por\u00f3wnania danych z wybranego okresu jest wczytanie odpowiedniego billingu BSP 1. Zapisz plik ze spakowanym billingiem BSP na dysku. 2. Przejd\u017a do eKNF, i w oknie Centrum Danych kliknij na Import &#8230; <a title=\"Import danych z BSP\" class=\"read-more\" href=\"https:\/\/mikrosystem.pl\/index.php\/pomoc\/eknf-instrukcja-obslugi\/import-danych-z-bsp\" aria-label=\"Dowiedz si\u0119 wi\u0119cej o Import danych z BSP\">Read more<\/a><\/p>\n","protected":false},"author":5,"featured_media":0,"parent":1802,"menu_order":0,"comment_status":"closed","ping_status":"closed","template":"","meta":{"generate_page_header":"","footnotes":""},"class_list":{"0":"post-1975","1":"page","2":"type-page","3":"status-publish","5":"infinite-scroll-item"},"_links":{"self":[{"href":"https:\/\/mikrosystem.pl\/index.php\/wp-json\/wp\/v2\/pages\/1975","targetHints":{"allow":["GET"]}}],"collection":[{"href":"https:\/\/mikrosystem.pl\/index.php\/wp-json\/wp\/v2\/pages"}],"about":[{"href":"https:\/\/mikrosystem.pl\/index.php\/wp-json\/wp\/v2\/types\/page"}],"author":[{"embeddable":true,"href":"https:\/\/mikrosystem.pl\/index.php\/wp-json\/wp\/v2\/users\/5"}],"replies":[{"embeddable":true,"href":"https:\/\/mikrosystem.pl\/index.php\/wp-json\/wp\/v2\/comments?post=1975"}],"version-history":[{"count":9,"href":"https:\/\/mikrosystem.pl\/index.php\/wp-json\/wp\/v2\/pages\/1975\/revisions"}],"predecessor-version":[{"id":3622,"href":"https:\/\/mikrosystem.pl\/index.php\/wp-json\/wp\/v2\/pages\/1975\/revisions\/3622"}],"up":[{"embeddable":true,"href":"https:\/\/mikrosystem.pl\/index.php\/wp-json\/wp\/v2\/pages\/1802"}],"wp:attachment":[{"href":"https:\/\/mikrosystem.pl\/index.php\/wp-json\/wp\/v2\/media?parent=1975"}],"curies":[{"name":"wp","href":"https:\/\/api.w.org\/{rel}","templated":true}]}}