{"id":1969,"date":"2015-01-20T16:34:06","date_gmt":"2015-01-20T15:34:06","guid":{"rendered":"http:\/\/mikrosystem.pl\/?page_id=1969"},"modified":"2017-12-12T15:41:50","modified_gmt":"2017-12-12T14:41:50","slug":"symfonia-desktop-eksport-danych-do-systemu-fk-symfonia","status":"publish","type":"page","link":"https:\/\/mikrosystem.pl\/index.php\/pomoc\/eknf-instrukcja-obslugi\/symfonia-desktop-eksport-danych-do-systemu-fk-symfonia","title":{"rendered":"Symfonia Desktop &#8211; Eksport danych do systemu FK Symfonia"},"content":{"rendered":"<p style=\"text-align: justify;\"><strong>1. Symfonia Desktop<\/strong><\/p>\n<p style=\"text-align: justify;\">Widok Symfonia Desktop jest przeznaczony do konfigurowania zasad eksportu danych do systemu ksi\u0119gowego Symfonia oraz przygotowywania plik\u00f3w eksportowych zawieraj\u0105cych takie dane.<br \/>\nW celu przej\u015bcia do widoku Symfonia Desktop kliknij na Centrum danych -&gt; Symfonia Desktop:<\/p>\n<p style=\"text-align: justify;\"><a href=\"https:\/\/mikrosystem.pl\/wp-content\/uploads\/2015\/01\/Symfonia-01.png\"><img loading=\"lazy\" decoding=\"async\" class=\" size-full wp-image-1964 aligncenter\" src=\"https:\/\/mikrosystem.pl\/wp-content\/uploads\/2015\/01\/Symfonia-01.png\" alt=\"Symfonia 01\" width=\"599\" height=\"504\" srcset=\"https:\/\/mikrosystem.pl\/mikrosystem_www\/wp-content\/uploads\/2015\/01\/Symfonia-01.png 599w, https:\/\/mikrosystem.pl\/mikrosystem_www\/wp-content\/uploads\/2015\/01\/Symfonia-01-300x252.png 300w\" sizes=\"auto, (max-width: 599px) 100vw, 599px\" \/><\/a><br \/>\n<strong>2. Tworzenie i edycja wzorc\u00f3w ksi\u0119gowa\u0144<\/strong><\/p>\n<p style=\"text-align: justify;\"><strong>2.1 Tworzenie i edycja wzorc\u00f3w<\/strong><\/p>\n<p style=\"text-align: justify;\">Tworzenie i edycja wzorc\u00f3w ksi\u0119gowa\u0144 jest mo\u017cliwa w oknie Konfiguracja ksi\u0119gowa\u0144. W celu przej\u015bcia do okna Konfiguracja ksi\u0119gowa\u0144 w widoku Symfonia desktop klikamy pozycj\u0119 Konfiguracja produkt\u00f3w a nast\u0119pnie pozycj\u0119 Konfiguracja ksi\u0119gowa\u0144. Tabela w oknie konfiguracji ksi\u0119gowa\u0144 zawiera nast\u0119puj\u0105ce kolumny:<br \/>\n&#8211; Nr ksi\u0119gowania \u2013 unikalny identyfikator ksi\u0119gowania,<br \/>\n&#8211; Opis &#8211; swobodny tekst opisuj\u0105cy wz\u00f3r ksi\u0119gowania<br \/>\n&#8211; Konto WN \u2013 konto dla strony winien w danym wzorcu ksi\u0119gowania,<br \/>\n&#8211; Konto MA \u2013 konto dla strony ma w danym wzorcu ksi\u0119gowania,<br \/>\n&#8211; Konto VAT \u2013 konto vat w danym wzorcu ksi\u0119gowania, je\u017celi takie konto we wzorcu nie wyst\u0119puje nale\u017cy wpisa\u0107 X,<br \/>\n&#8211; Sprzeda\u017c agencyjna \u2013 atrybut obecnie nieu\u017cywany,<br \/>\n&#8211; Uwagi \u2013 dodatkowy opis wzorca ksi\u0119gowania,<br \/>\n&#8211; Forma p\u0142atno\u015bci \u2013 okre\u015bla form\u0119 p\u0142atno\u015bci, dla kt\u00f3rej b\u0119dzie uwzgl\u0119dniane dane ksi\u0119gowanie<br \/>\n&#8211; Klient indywidualny &#8211; atrybut obecnie nieu\u017cywany,<br \/>\n&#8211; Korekta &#8211; atrybut obecnie nieu\u017cywany,<br \/>\n&#8211; Ksi\u0119gowanie r\u00f3wnoleg\u0142e \u2013 atrybut okre\u015bla czy wz\u00f3r ksi\u0119gowania jest ksi\u0119gowaniem r\u00f3wnoleg\u0142ym<br \/>\n&#8211; Nazwa rejestru VAT \u2013 nazwa rejestru vatowskiego, do kt\u00f3rego ma trafi\u0107 VAT z danego wzorca, je\u017celi taki zapis nie powinien wyst\u0105pi\u0107 pole zostaje puste,<br \/>\n&#8211; Ma Brutto \u2013 atrybut, kt\u00f3ry informuje, \u017ce po stronie MA zaksi\u0119gowana b\u0119dzie kwota brutto,<br \/>\n&#8211; Ma rozrachunek &#8211; atrybut, kt\u00f3ry informuje, \u017ce dla strony MA b\u0119dzie utworzony rozrachunek,<br \/>\n&#8211; Lokalizacja \u2013 atrybut nieu\u017cywany<br \/>\n&#8211; Nieaktywny \u2013 atrybut oznaczaj\u0105cy wy\u0142\u0105czenie danego wzorca z u\u017cycia.<br \/>\nPoszczeg\u00f3lne wzorce ksi\u0119gowa\u0144 pokazywane s\u0105 w kolejnych wierszach.<\/p>\n<p style=\"text-align: justify;\"><a href=\"https:\/\/mikrosystem.pl\/wp-content\/uploads\/2015\/01\/Symfonia-02.png\"><img loading=\"lazy\" decoding=\"async\" class=\" size-full wp-image-1965 aligncenter\" src=\"https:\/\/mikrosystem.pl\/wp-content\/uploads\/2015\/01\/Symfonia-02.png\" alt=\"Symfonia 02\" width=\"532\" height=\"553\" srcset=\"https:\/\/mikrosystem.pl\/mikrosystem_www\/wp-content\/uploads\/2015\/01\/Symfonia-02.png 532w, https:\/\/mikrosystem.pl\/mikrosystem_www\/wp-content\/uploads\/2015\/01\/Symfonia-02-289x300.png 289w\" sizes=\"auto, (max-width: 532px) 100vw, 532px\" \/><\/a><\/p>\n<p style=\"text-align: justify;\"><strong>2.2 Dodanie nowego wzorca<\/strong><br \/>\nW celu dodania nowego wzorca ksi\u0119gowania w oknie Konfiguracji ksi\u0119gowa\u0144 klikamy pozycj\u0119 Dodaj nowe konto. Po klikni\u0119ciu pojawia si\u0119 nowe okno zawieraj\u0105ce formularz, kt\u00f3ry nale\u017cy wype\u0142ni\u0107 danymi opisuj\u0105cymi wz\u00f3r ksi\u0119gowania. Znaczenie poszczeg\u00f3lnych atrybut\u00f3w jest podobne do kolumn opisanych w punkcie 2.1 . Po wype\u0142nieniu formularza klikamy Zapisz W przypadku potrzeby rezygnacji z dodawania klikamy klawisz Zamknij (bez zapisu) .<\/p>\n<p style=\"text-align: justify;\"><strong>2.3 Edycja wzorca<\/strong><br \/>\nW celu edycji istniej\u0105cego wzorca ksi\u0119gowania w oknie Konfiguracji ksi\u0119gowa\u0144 nale\u017cy klikn\u0105\u0107 prawym klawi-szem myszy na wierszu opisuj\u0105cym ten wzorzec co spowoduje otwarcie menu kontekstowego (), a nast\u0119pnie wy-branie polecenia Edytuj. Wyb\u00f3r polecenia spowoduje Otwarcie okna z formularzem opisanym w punkcie x . For-mularz b\u0119dzie wype\u0142niony warto\u015bciami opisuj\u0105cymi edytowany wzorzec. Po zako\u0144czeniu edycji post\u0119pujemy po-dobnie jak po zako\u0144czeniu wprowadzania danych dla nowego wzorca (pkt. 2.2).<\/p>\n<p style=\"text-align: justify;\"><strong>2.4 Usuniecie wzorca<\/strong><br \/>\nW celu usuni\u0119cia istniej\u0105cego wzorca ksi\u0119gowania w oknie Konfiguracji ksi\u0119gowa\u0144 nale\u017cy klikn\u0105\u0107 prawym klawiszem myszy na wierszu opisuj\u0105cym ten wzorzec co spowoduje otwarcie menu kontekstowego, a nast\u0119pnie wybranie polecenia Usu\u0144.<\/p>\n<p style=\"text-align: justify;\"><strong>2.5 Filtrowanie listy wzorc\u00f3w ksi\u0119gowa\u0144<\/strong><br \/>\nTabela w oknie mo\u017ce by\u0107 filtrowana. Filtrowanie jest mo\u017cliwe po atrybutach, kt\u00f3rych warto\u015bci mo\u017cna wpro-wadzi\u0107 do kontrolek znajduj\u0105cych si\u0119 nad tabel\u0105. Dla danego atrybutu, wed\u0142ug kt\u00f3rego chcemy przeprowadzi\u0107 fil-trowanie wprowadzamy warto\u015b\u0107 lub jej fragment, a nast\u0119pnie klikamy klawisz Wyszukaj . Je\u017celi chcemy wyczy\u015bci\u0107 wszystkie warto\u015b\u0107 wprowadzone w filtrach klikamy klawisz Wyczy\u015b\u0107.<\/p>\n<p style=\"text-align: justify;\"><a href=\"https:\/\/mikrosystem.pl\/wp-content\/uploads\/2015\/01\/Symfonia-03.png\"><img loading=\"lazy\" decoding=\"async\" class=\" size-full wp-image-1966 aligncenter\" src=\"https:\/\/mikrosystem.pl\/wp-content\/uploads\/2015\/01\/Symfonia-03.png\" alt=\"Symfonia 03\" width=\"920\" height=\"326\" srcset=\"https:\/\/mikrosystem.pl\/mikrosystem_www\/wp-content\/uploads\/2015\/01\/Symfonia-03.png 920w, https:\/\/mikrosystem.pl\/mikrosystem_www\/wp-content\/uploads\/2015\/01\/Symfonia-03-300x106.png 300w\" sizes=\"auto, (max-width: 920px) 100vw, 920px\" \/><\/a><\/p>\n<p style=\"text-align: justify;\"><strong>3. Tworzenie powi\u0105za\u0144 wzorc\u00f3w ksi\u0119gowa\u0144 i produkt\u00f3w<\/strong><br \/>\nW celu wykorzystania utworzonych wzorc\u00f3w ksi\u0119gowa\u0144 przy Transmisji danych (pkt.4) z dokument\u00f3w sprze-da\u017cy, nale\u017cy utworzy\u0107 powi\u0105zania pomi\u0119dzy produktami a zdefiniowanymi wzorcami ksi\u0119gowa\u0144. Powi\u0105zania te mo\u017cna utworzy\u0107 w widoku konfiguracji produkt\u00f3w.<\/p>\n<p style=\"text-align: justify;\"><a href=\"https:\/\/mikrosystem.pl\/wp-content\/uploads\/2015\/01\/Symfonia-04.png\"><img loading=\"lazy\" decoding=\"async\" class=\" size-large wp-image-1967 aligncenter\" src=\"https:\/\/mikrosystem.pl\/wp-content\/uploads\/2015\/01\/Symfonia-04-1024x335.png\" alt=\"Symfonia 04\" width=\"1024\" height=\"335\" srcset=\"https:\/\/mikrosystem.pl\/mikrosystem_www\/wp-content\/uploads\/2015\/01\/Symfonia-04-1024x335.png 1024w, https:\/\/mikrosystem.pl\/mikrosystem_www\/wp-content\/uploads\/2015\/01\/Symfonia-04-300x98.png 300w, https:\/\/mikrosystem.pl\/mikrosystem_www\/wp-content\/uploads\/2015\/01\/Symfonia-04.png 1166w\" sizes=\"auto, (max-width: 1024px) 100vw, 1024px\" \/><\/a><\/p>\n<p style=\"text-align: justify;\"><strong>3.1 Widok konfiguracja produkt\u00f3w<\/strong><br \/>\nW celu przej\u015bcia do widoku konfiguracji produkt\u00f3w w widoku Symfonia desktop klikamy pozycj\u0119 Konfiguracja produkt\u00f3w.<br \/>\nTabela w widoku konfiguracji produkt\u00f3w zawiera nast\u0119puj\u0105ce kolumny:<br \/>\n&#8211; Produkt \u2013 nazwa produktu uzupe\u0142niona jego identyfikatorem uj\u0119tym w nawiasy, dla kt\u00f3rego jest zdefiniowane powi\u0105zanie,<br \/>\n&#8211; ID \u2013 unikalny identyfikator powi\u0105zania,<br \/>\n&#8211; Nr ksi\u0119gowania \u2013 unikalny identyfikator wzorca ksi\u0119gowania, dla kt\u00f3rego zdefiniowane jest powi\u0105zanie,<br \/>\n&#8211; Opis &#8211; swobodny tekst opisuj\u0105cy wzorzec ksi\u0119gowania,<br \/>\n&#8211; Konto WN \u2013 konto dla strony winien w danym wzorcu ksi\u0119gowania,<br \/>\n&#8211; Konto MA \u2013 konto dla strony ma w danym wzorcu ksi\u0119gowania,<br \/>\n&#8211; Konto VAT \u2013 konto vat w danym wzorcu ksi\u0119gowania, je\u017celi takie konto we wzocu nie wyst\u0119puje nale\u017cy wpisa\u0107 X<br \/>\n&#8211; Sprzeda\u017c agencyjna \u2013 atrybut obecnie nieu\u017cywany,<br \/>\n&#8211; Uwagi \u2013 dodatkowy opis wzorca ksi\u0119gowania,<br \/>\n&#8211; Forma p\u0142atno\u015bci \u2013 okre\u015bla form\u0119 p\u0142atno\u015bci, dla kt\u00f3rej b\u0119dzie uwzgl\u0119dniane dane ksi\u0119gowanie<br \/>\n&#8211; Klient indywidualny &#8211; atrybut obecnie nieu\u017cywany,<br \/>\n&#8211; Korekta &#8211; atrybut obecnie nieu\u017cywany,<br \/>\n&#8211; Ksi\u0119gowanie r\u00f3wnoleg\u0142e \u2013 atrybut okre\u015bla czy wz\u00f3r ksi\u0119gowania jest ksi\u0119gowaniem r\u00f3wnoleg\u0142ym,<br \/>\n&#8211; Nazwa rejestru VAT \u2013 nazwa rejestru vatowskiego, do kt\u00f3rego ma trafi\u0107 VAT z danego wzorca,<br \/>\n&#8211; Typ dokumentu \u2013 typ dokumentu, dla kt\u00f3rego definiowane jest powi\u0105zanie,<br \/>\n&#8211; Pakiet \u2013 nazwa pakietu, dla kt\u00f3rego okre\u015blone jest powi\u0105zanie , pakiet do powi\u0105zania jest okre\u015blany je\u017celi dane powi\u0105zanie ma by\u0107 zastosowane tylko wtedy gdy dany produkt wyst\u0119puje w tym pakiecie.<br \/>\nPoszczeg\u00f3lne wzorce ksi\u0119gowa\u0144 pokazywane s\u0105 w kolejnych wierszach.<\/p>\n<p style=\"text-align: justify;\"><strong>3.2 Dodawanie nowego powi\u0105zania pomi\u0119dzy produktem a wzorcem ksi\u0119gowania<\/strong><br \/>\nW celu dodania nowego powi\u0105zania w oknie konfiguracji produkt\u00f3w klikamy pozycje Dodaj powi\u0105zanie, co powoduje otwarcie okna z formularzem opisuj\u0105cym nowe powi\u0105zanie. W formularzu wprowadzamy :<br \/>\n&#8211; Produkt \u2013 wpisuj\u0105c cze\u015b\u0107 nazwy otrzymamy list\u0119 pasuj\u0105cych pozycji,<br \/>\n&#8211; Ksi\u0119gowanie &#8211; wybieramy z posortowanej wg nazwy listy, nazwy s\u0105 uzupe\u0142nione o konta WN,MA,VAT,<br \/>\n&#8211; Pakiet &#8211; wybieramy z listy pakiet\u00f3w, pakiet do powi\u0105zania okre\u015blamy je\u017celi dane powi\u0105zanie ma by\u0107 zasto-sowane tylko wtedy gdy dany produkt wyst\u0119puje w tym pakiecie,<br \/>\n&#8211; Typ dokumentu \u2013 wybieramy z listy symboli, poszczeg\u00f3lne symbole oznaczaj\u0105 (F \u2013 Faktura, FM \u2013 faktura Vat Mar\u017ca, FMPR \u2013 Faktura VAT mar\u017ca proforma, NK \u2013 nota ksi\u0119gowa),<\/p>\n<p style=\"text-align: justify;\"><a href=\"https:\/\/mikrosystem.pl\/wp-content\/uploads\/2015\/01\/Symfonia-05.png\"><img loading=\"lazy\" decoding=\"async\" class=\" size-full wp-image-1968 aligncenter\" src=\"https:\/\/mikrosystem.pl\/wp-content\/uploads\/2015\/01\/Symfonia-05.png\" alt=\"Symfonia 05\" width=\"825\" height=\"290\" srcset=\"https:\/\/mikrosystem.pl\/mikrosystem_www\/wp-content\/uploads\/2015\/01\/Symfonia-05.png 825w, https:\/\/mikrosystem.pl\/mikrosystem_www\/wp-content\/uploads\/2015\/01\/Symfonia-05-300x105.png 300w\" sizes=\"auto, (max-width: 825px) 100vw, 825px\" \/><\/a><\/p>\n<p style=\"text-align: justify;\"><strong>3.3 Usuwanie zdefiniowanych powi\u0105za\u0144<\/strong><br \/>\nZdefiniowane powi\u0105zania mo\u017cna usuwa\u0107 widoku konfiguracji produkt\u00f3w. Po przej\u015bciu do widoku wyszukuje-my wiersz opisuj\u0105cy dane powi\u0105zanie, a nast\u0119pnie klikamy w krzy\u017cyk znajduj\u0105cy si\u0119 po lewej stronie wiersza.<\/p>\n<p style=\"text-align: justify;\"><strong>4. Transmisja danych<\/strong><br \/>\nOperacja transmisji danych ma na celu przeniesienie danych sprzeda\u017cowych w powi\u0105zaniu z danymi opisuj\u0105-cymi ksi\u0119gowania (wzorce i ich powi\u0105zania) do bufora, z kt\u00f3rego pobierane s\u0105 dane do utworzenia plik\u00f3w ekspor-towych. W celu wykonania transmisji okre\u015blamy parametry selekcji dokument\u00f3w. Nale\u017c\u0105 do nich:<br \/>\n&#8211; przedzia\u0142 dat wystawienia dokument\u00f3w,<br \/>\n&#8211; rejestr dokument\u00f3w,<br \/>\n&#8211; numer dokumentu (eksport pojedynczego dokumentu),<br \/>\n&#8211; filtr tylko niewyeksportowane.<br \/>\nZaznaczenie filtru Tylko niewyeksportowane powoduje, \u017ce transmitowane s\u0105 tylko te dokumenty, kt\u00f3re jesz-cze nie by\u0142y eksportowane. Przetransmitowane dane zostan\u0105 zapisane w sesji opisanej dok\u0142adn\u0105 dat\u0105 i czasem wykonania transmisji oraz inicja\u0142ami osoby wykonuj\u0105cej transmisj\u0119.<\/p>\n<p style=\"text-align: justify;\"><a href=\"https:\/\/mikrosystem.pl\/wp-content\/uploads\/2015\/01\/Symfonia-06.png\"><img loading=\"lazy\" decoding=\"async\" class=\" size-full wp-image-1963 aligncenter\" src=\"https:\/\/mikrosystem.pl\/wp-content\/uploads\/2015\/01\/Symfonia-06.png\" alt=\"Symfonia 06\" width=\"816\" height=\"342\" srcset=\"https:\/\/mikrosystem.pl\/mikrosystem_www\/wp-content\/uploads\/2015\/01\/Symfonia-06.png 816w, https:\/\/mikrosystem.pl\/mikrosystem_www\/wp-content\/uploads\/2015\/01\/Symfonia-06-300x126.png 300w\" sizes=\"auto, (max-width: 816px) 100vw, 816px\" \/><\/a><\/p>\n<p style=\"text-align: justify;\"><strong>5. Tworzenie plik\u00f3w eksportowych<\/strong><br \/>\nPliki eksportowe, kt\u00f3re mog\u0105 by\u0107 wczytane do systemu Symfonia mo\u017cna utworzy\u0107 z widoku Symfonia Desk-top. W celu utworzenia pliku wybieramy odpowiedni\u0105 sesje transmisji i klikamy klawisz Eksport 3.0. Po utworze-niu pliku pojawia si\u0119 komunikat z nazw\u0105 pliku. Klikamy na nazw\u0119 pliku i na pytanie przegl\u0105darki wybieramy pole-cenie Zapisz (przegl\u0105darka mo\u017ce by\u0107 tak skonfigurowana, \u017ce plik zostanie zapisany bez wy\u015bwietlenia zapytania). Plik jest gotowy do wczytania do systemu symfonia.<\/p>\n<p style=\"text-align: justify;\"><strong>UWAGA:<\/strong> Sprawne przekazywanie pliku do importu wymaga wcze\u015bniejszego skonfigurowania katalog\u00f3w wymiany plik\u00f3w.<\/p>\n","protected":false},"excerpt":{"rendered":"<p>1. Symfonia Desktop Widok Symfonia Desktop jest przeznaczony do konfigurowania zasad eksportu danych do systemu ksi\u0119gowego Symfonia oraz przygotowywania plik\u00f3w eksportowych zawieraj\u0105cych takie dane. W celu przej\u015bcia do widoku Symfonia Desktop kliknij na Centrum danych -&gt; Symfonia Desktop: 2. Tworzenie i edycja wzorc\u00f3w ksi\u0119gowa\u0144 2.1 Tworzenie i edycja wzorc\u00f3w Tworzenie i edycja wzorc\u00f3w ksi\u0119gowa\u0144 jest &#8230; <a title=\"Symfonia Desktop &#8211; Eksport danych do systemu FK Symfonia\" class=\"read-more\" href=\"https:\/\/mikrosystem.pl\/index.php\/pomoc\/eknf-instrukcja-obslugi\/symfonia-desktop-eksport-danych-do-systemu-fk-symfonia\" aria-label=\"Dowiedz si\u0119 wi\u0119cej o Symfonia Desktop &#8211; Eksport danych do systemu FK Symfonia\">Read more<\/a><\/p>\n","protected":false},"author":5,"featured_media":0,"parent":1802,"menu_order":0,"comment_status":"open","ping_status":"open","template":"","meta":{"generate_page_header":"","footnotes":""},"class_list":{"0":"post-1969","1":"page","2":"type-page","3":"status-publish","5":"infinite-scroll-item"},"_links":{"self":[{"href":"https:\/\/mikrosystem.pl\/index.php\/wp-json\/wp\/v2\/pages\/1969","targetHints":{"allow":["GET"]}}],"collection":[{"href":"https:\/\/mikrosystem.pl\/index.php\/wp-json\/wp\/v2\/pages"}],"about":[{"href":"https:\/\/mikrosystem.pl\/index.php\/wp-json\/wp\/v2\/types\/page"}],"author":[{"embeddable":true,"href":"https:\/\/mikrosystem.pl\/index.php\/wp-json\/wp\/v2\/users\/5"}],"replies":[{"embeddable":true,"href":"https:\/\/mikrosystem.pl\/index.php\/wp-json\/wp\/v2\/comments?post=1969"}],"version-history":[{"count":3,"href":"https:\/\/mikrosystem.pl\/index.php\/wp-json\/wp\/v2\/pages\/1969\/revisions"}],"predecessor-version":[{"id":3893,"href":"https:\/\/mikrosystem.pl\/index.php\/wp-json\/wp\/v2\/pages\/1969\/revisions\/3893"}],"up":[{"embeddable":true,"href":"https:\/\/mikrosystem.pl\/index.php\/wp-json\/wp\/v2\/pages\/1802"}],"wp:attachment":[{"href":"https:\/\/mikrosystem.pl\/index.php\/wp-json\/wp\/v2\/media?parent=1969"}],"curies":[{"name":"wp","href":"https:\/\/api.w.org\/{rel}","templated":true}]}}