{"id":1939,"date":"2015-01-19T16:29:37","date_gmt":"2015-01-19T15:29:37","guid":{"rendered":"http:\/\/mikrosystem.pl\/?page_id=1939"},"modified":"2015-01-19T16:29:37","modified_gmt":"2015-01-19T15:29:37","slug":"tworzenie-dokumentow-kp-kw","status":"publish","type":"page","link":"https:\/\/mikrosystem.pl\/index.php\/pomoc\/eknf-instrukcja-obslugi\/tworzenie-dokumentow-kp-kw","title":{"rendered":"Tworzenie dokument\u00f3w KP \/ KW"},"content":{"rendered":"<p>Wystawianie dokument\u00f3w KP\/KW odbywa si\u0119 w module Sprzeda\u017c, w zak\u0142adce P\u0142atno\u015bci.<\/p>\n<p>W celu utworzenia nowego dokumentu kliknij na [Dodaj dokument]<br \/>\n<a href=\"https:\/\/mikrosystem.pl\/wp-content\/uploads\/2015\/01\/KP-KW-00.png\"><img loading=\"lazy\" decoding=\"async\" class=\" size-large wp-image-1935 aligncenter\" src=\"https:\/\/mikrosystem.pl\/wp-content\/uploads\/2015\/01\/KP-KW-00-1024x518.png\" alt=\"KP KW 00\" width=\"1024\" height=\"518\" srcset=\"https:\/\/mikrosystem.pl\/mikrosystem_www\/wp-content\/uploads\/2015\/01\/KP-KW-00-1024x518.png 1024w, https:\/\/mikrosystem.pl\/mikrosystem_www\/wp-content\/uploads\/2015\/01\/KP-KW-00-300x152.png 300w, https:\/\/mikrosystem.pl\/mikrosystem_www\/wp-content\/uploads\/2015\/01\/KP-KW-00.png 1219w\" sizes=\"auto, (max-width: 1024px) 100vw, 1024px\" \/><\/a><br \/>\nMo\u017cesz wype\u0142ni\u0107 dane nowego dokumentu na dwa sposoby:<\/p>\n<ul>\n<li>r\u0119cznie &#8211; wype\u0142niaj\u0105c wszystkie pola<\/li>\n<li>automatycznie &#8211; wskazuj\u0105c faktur\u0119 b\u0105d\u017a paragon, do kt\u00f3rego KP\/KW ma by\u0107 wystawione (w\u00f3wczas wszystkie pola wype\u0142nione zostan\u0105 automatycznie &#8211; na podstawie danych z powi\u0105zanego dokumentu<\/li>\n<\/ul>\n<p><a href=\"https:\/\/mikrosystem.pl\/wp-content\/uploads\/2015\/01\/KP-KW-03.png\"><img loading=\"lazy\" decoding=\"async\" class=\" size-large wp-image-1938 alignnone\" src=\"https:\/\/mikrosystem.pl\/wp-content\/uploads\/2015\/01\/KP-KW-03-1024x498.png\" alt=\"KP KW 03\" width=\"1024\" height=\"498\" srcset=\"https:\/\/mikrosystem.pl\/mikrosystem_www\/wp-content\/uploads\/2015\/01\/KP-KW-03-1024x498.png 1024w, https:\/\/mikrosystem.pl\/mikrosystem_www\/wp-content\/uploads\/2015\/01\/KP-KW-03-300x146.png 300w, https:\/\/mikrosystem.pl\/mikrosystem_www\/wp-content\/uploads\/2015\/01\/KP-KW-03.png 1217w\" sizes=\"auto, (max-width: 1024px) 100vw, 1024px\" \/><\/a><\/p>\n<p>Je\u015bli wystawiasz KP\/KW do istniej\u0105cej faktury \/ paragonu, kliknij na klawisz [Wczytaj] i wybierz powi\u0105zany dokument:<br \/>\n<a href=\"https:\/\/mikrosystem.pl\/wp-content\/uploads\/2015\/01\/KP-KW-02.png\"><img loading=\"lazy\" decoding=\"async\" class=\" size-large wp-image-1937 aligncenter\" src=\"https:\/\/mikrosystem.pl\/wp-content\/uploads\/2015\/01\/KP-KW-02-1024x538.png\" alt=\"KP KW 02\" width=\"1024\" height=\"538\" srcset=\"https:\/\/mikrosystem.pl\/mikrosystem_www\/wp-content\/uploads\/2015\/01\/KP-KW-02-1024x538.png 1024w, https:\/\/mikrosystem.pl\/mikrosystem_www\/wp-content\/uploads\/2015\/01\/KP-KW-02-300x158.png 300w, https:\/\/mikrosystem.pl\/mikrosystem_www\/wp-content\/uploads\/2015\/01\/KP-KW-02.png 1219w\" sizes=\"auto, (max-width: 1024px) 100vw, 1024px\" \/><\/a><\/p>\n<p>Na zako\u0144czenie kliknij na [Zapisz i zamknij] \u017ceby zapisa\u0107 i wydrukowa\u0107 nowy dokument:<\/p>\n<p><a href=\"https:\/\/mikrosystem.pl\/wp-content\/uploads\/2015\/01\/KP-KW-04.png\"><img loading=\"lazy\" decoding=\"async\" class=\" size-large wp-image-1934 aligncenter\" src=\"https:\/\/mikrosystem.pl\/wp-content\/uploads\/2015\/01\/KP-KW-04-1024x496.png\" alt=\"KP KW 04\" width=\"1024\" height=\"496\" srcset=\"https:\/\/mikrosystem.pl\/mikrosystem_www\/wp-content\/uploads\/2015\/01\/KP-KW-04-1024x496.png 1024w, https:\/\/mikrosystem.pl\/mikrosystem_www\/wp-content\/uploads\/2015\/01\/KP-KW-04-300x145.png 300w, https:\/\/mikrosystem.pl\/mikrosystem_www\/wp-content\/uploads\/2015\/01\/KP-KW-04.png 1219w\" sizes=\"auto, (max-width: 1024px) 100vw, 1024px\" \/><\/a><\/p>\n<p>&nbsp;<\/p>\n","protected":false},"excerpt":{"rendered":"<p>Wystawianie dokument\u00f3w KP\/KW odbywa si\u0119 w module Sprzeda\u017c, w zak\u0142adce P\u0142atno\u015bci. W celu utworzenia nowego dokumentu kliknij na [Dodaj dokument] Mo\u017cesz wype\u0142ni\u0107 dane nowego dokumentu na dwa sposoby: r\u0119cznie &#8211; wype\u0142niaj\u0105c wszystkie pola automatycznie &#8211; wskazuj\u0105c faktur\u0119 b\u0105d\u017a paragon, do kt\u00f3rego KP\/KW ma by\u0107 wystawione (w\u00f3wczas wszystkie pola wype\u0142nione zostan\u0105 automatycznie &#8211; na podstawie danych &#8230; <a title=\"Tworzenie dokument\u00f3w KP \/ KW\" class=\"read-more\" href=\"https:\/\/mikrosystem.pl\/index.php\/pomoc\/eknf-instrukcja-obslugi\/tworzenie-dokumentow-kp-kw\" aria-label=\"Dowiedz si\u0119 wi\u0119cej o Tworzenie dokument\u00f3w KP \/ KW\">Read more<\/a><\/p>\n","protected":false},"author":5,"featured_media":0,"parent":1802,"menu_order":0,"comment_status":"open","ping_status":"open","template":"faqs.php","meta":{"generate_page_header":"","footnotes":""},"class_list":{"0":"post-1939","1":"page","2":"type-page","3":"status-publish","5":"infinite-scroll-item"},"_links":{"self":[{"href":"https:\/\/mikrosystem.pl\/index.php\/wp-json\/wp\/v2\/pages\/1939","targetHints":{"allow":["GET"]}}],"collection":[{"href":"https:\/\/mikrosystem.pl\/index.php\/wp-json\/wp\/v2\/pages"}],"about":[{"href":"https:\/\/mikrosystem.pl\/index.php\/wp-json\/wp\/v2\/types\/page"}],"author":[{"embeddable":true,"href":"https:\/\/mikrosystem.pl\/index.php\/wp-json\/wp\/v2\/users\/5"}],"replies":[{"embeddable":true,"href":"https:\/\/mikrosystem.pl\/index.php\/wp-json\/wp\/v2\/comments?post=1939"}],"version-history":[{"count":2,"href":"https:\/\/mikrosystem.pl\/index.php\/wp-json\/wp\/v2\/pages\/1939\/revisions"}],"predecessor-version":[{"id":1941,"href":"https:\/\/mikrosystem.pl\/index.php\/wp-json\/wp\/v2\/pages\/1939\/revisions\/1941"}],"up":[{"embeddable":true,"href":"https:\/\/mikrosystem.pl\/index.php\/wp-json\/wp\/v2\/pages\/1802"}],"wp:attachment":[{"href":"https:\/\/mikrosystem.pl\/index.php\/wp-json\/wp\/v2\/media?parent=1939"}],"curies":[{"name":"wp","href":"https:\/\/api.w.org\/{rel}","templated":true}]}}