{"id":1929,"date":"2015-01-19T15:38:29","date_gmt":"2015-01-19T14:38:29","guid":{"rendered":"http:\/\/mikrosystem.pl\/?page_id=1929"},"modified":"2019-03-05T15:30:10","modified_gmt":"2019-03-05T14:30:10","slug":"rdesk","status":"publish","type":"page","link":"https:\/\/mikrosystem.pl\/index.php\/pomoc\/eknf-instrukcja-obslugi\/eknf-glowne-okno-programu\/rdesk","title":{"rendered":"RDesk"},"content":{"rendered":"<p>RDesk jest dedykowanym modu\u0142em s\u0142u\u017c\u0105cym do ewidencji, tworzenia zam\u00f3wie\u0144, i fakturowania bilet\u00f3w kolejowych r\u00f3\u017cnych przewo\u017anik\u00f3w. RDesk posiada interfejs do <a href=\"\/?page_id=2182\">automatycznego importu bilet\u00f3w<\/a>, oraz mo\u017cliwo\u015b\u0107 wprowadzania danych manualnie. Bilety importowane z PKP s\u0105 archiwizowane, i dost\u0119pne bezpo\u015brednio z eKNF.<\/p>\n<p>Dowiedz si\u0119 jak:<\/p>\n<ul>\n<li><a href=\"\/?page_id=2182\"> automatycznie wprowadza\u0107 pojedyncze bilety kolejowe do RDesku<\/a><\/li>\n<li>automatycznie wczyta\u0107 wiele bilet\u00f3w kolejowych PKP IC wystawionych dla wybranego klienta<\/li>\n<li><a href=\"\/?page_id=2255\">automatycznie pobra\u0107 bilety kolejowe PKP IC z serwera PKP IC<\/a><\/li>\n<li><a href=\"https:\/\/mikrosystem.pl\/index.php\/strona\/3175\">otworzy\u0107 zarchiwizowany bilet PKP i wy\u015bwietli\u0107 go w formacie PDF<\/a><\/li>\n<li><a href=\"https:\/\/mikrosystem.pl\/index.php\/pomoc\/eknf-instrukcja-obslugi\/rdesk-fakturowanie-wielu-biletow-kolejowych-2\">wystawi\u0107 faktur\u0119 na sprzeda\u017c bilet\u00f3w kolejowych (w sprzeda\u017cy agencyjnej, lub jako odsprzeda\u017c)<\/a><\/li>\n<li><a href=\"https:\/\/mikrosystem.pl\/index.php\/pomoc\/eknf-instrukcja-obslugi\/eknf-glowne-okno-programu\/rdesk\/english-rdesk-wyslanie-biletu-kolejowego-i-faktury-mailem-bezposrednio-z-eknf\">wys\u0142a\u0107 bilet i faktur\u0119 mailem bezpo\u015brednio z eKNF<\/a><\/li>\n<li><a href=\"https:\/\/mikrosystem.pl\/index.php\/pomoc\/eknf-instrukcja-obslugi\/eknf-glowne-okno-programu\/rdesk\/rdesk-automatyczne-wystawianie-obu-faktur-za-bilety-i-za-oplaty\">wystawi\u0107 jednocze\u015bnie dwie faktury: za bilety i op\u0142aty, i przes\u0142a\u0107 je mailem bezpo\u015brednio z eKNF<\/a><\/li>\n<li><a href=\"https:\/\/mikrosystem.pl\/index.php\/pomoc\/eknf-instrukcja-obslugi\/eknf-glowne-okno-programu\/rdesk\/weryfikacja-sprzedazy-biletow-pkp-ic-automatycznie-porownanie-z-raportem-pkp-ic\">wczyta\u0107 raport PKP IC, i wygenerowa\u0107 raport por\u00f3wnawczy z eKNF &#8211; w celu weryfikacji, czy wszystkie wystawione bilety zosta\u0142y w\u0142a\u015bciwie zafakturowane<\/a><\/li>\n<li><a href=\"https:\/\/mikrosystem.pl\/index.php\/pomoc\/eknf-instrukcja-obslugi\/eknf-glowne-okno-programu\/rdesk\/tworzenie-korekt-do-faktur-kolejowych\">Wprowadzi\u0107 informacj\u0119 o zwrocie biletu kolejowego<\/a><\/li>\n<\/ul>\n<p><a href=\"https:\/\/mikrosystem.pl\/wp-content\/uploads\/2015\/01\/RDesk-01.png\"><img loading=\"lazy\" decoding=\"async\" class=\" size-large wp-image-1924 aligncenter\" src=\"https:\/\/mikrosystem.pl\/wp-content\/uploads\/2015\/01\/RDesk-01-1024x640.png\" alt=\"RDesk 01\" width=\"1024\" height=\"640\" srcset=\"https:\/\/mikrosystem.pl\/mikrosystem_www\/wp-content\/uploads\/2015\/01\/RDesk-01-1024x640.png 1024w, https:\/\/mikrosystem.pl\/mikrosystem_www\/wp-content\/uploads\/2015\/01\/RDesk-01-300x188.png 300w, https:\/\/mikrosystem.pl\/mikrosystem_www\/wp-content\/uploads\/2015\/01\/RDesk-01.png 1280w\" sizes=\"auto, (max-width: 1024px) 100vw, 1024px\" \/><\/a><\/p>\n<p><a href=\"https:\/\/mikrosystem.pl\/index.php\/pomoc\/eknf-instrukcja-obslugi\/rdesk-fakturowanie-wielu-biletow-kolejowych-2\">Kliknij na ten link, \u017ceby dowiedzie\u0107 si\u0119 wi\u0119cej o fakturowaniu wielu bilet\u00f3w z modu\u0142u RDesk.<\/a><\/p>","protected":false},"excerpt":{"rendered":"<p>RDesk jest dedykowanym modu\u0142em s\u0142u\u017c\u0105cym do ewidencji, tworzenia zam\u00f3wie\u0144, i fakturowania bilet\u00f3w kolejowych r\u00f3\u017cnych przewo\u017anik\u00f3w. RDesk posiada interfejs do automatycznego importu bilet\u00f3w, oraz mo\u017cliwo\u015b\u0107 wprowadzania danych manualnie. Bilety importowane z PKP s\u0105 archiwizowane, i dost\u0119pne bezpo\u015brednio z eKNF. Dowiedz si\u0119 jak: automatycznie wprowadza\u0107 pojedyncze bilety kolejowe do RDesku automatycznie wczyta\u0107 wiele bilet\u00f3w kolejowych PKP IC &#8230; <a title=\"RDesk\" class=\"read-more\" href=\"https:\/\/mikrosystem.pl\/index.php\/pomoc\/eknf-instrukcja-obslugi\/eknf-glowne-okno-programu\/rdesk\" aria-label=\"Dowiedz si\u0119 wi\u0119cej o RDesk\">Read more<\/a><\/p>\n","protected":false},"author":5,"featured_media":0,"parent":1818,"menu_order":0,"comment_status":"closed","ping_status":"closed","template":"","meta":{"generate_page_header":"","footnotes":""},"class_list":{"0":"post-1929","1":"page","2":"type-page","3":"status-publish","5":"infinite-scroll-item"},"_links":{"self":[{"href":"https:\/\/mikrosystem.pl\/index.php\/wp-json\/wp\/v2\/pages\/1929","targetHints":{"allow":["GET"]}}],"collection":[{"href":"https:\/\/mikrosystem.pl\/index.php\/wp-json\/wp\/v2\/pages"}],"about":[{"href":"https:\/\/mikrosystem.pl\/index.php\/wp-json\/wp\/v2\/types\/page"}],"author":[{"embeddable":true,"href":"https:\/\/mikrosystem.pl\/index.php\/wp-json\/wp\/v2\/users\/5"}],"replies":[{"embeddable":true,"href":"https:\/\/mikrosystem.pl\/index.php\/wp-json\/wp\/v2\/comments?post=1929"}],"version-history":[{"count":12,"href":"https:\/\/mikrosystem.pl\/index.php\/wp-json\/wp\/v2\/pages\/1929\/revisions"}],"predecessor-version":[{"id":4201,"href":"https:\/\/mikrosystem.pl\/index.php\/wp-json\/wp\/v2\/pages\/1929\/revisions\/4201"}],"up":[{"embeddable":true,"href":"https:\/\/mikrosystem.pl\/index.php\/wp-json\/wp\/v2\/pages\/1818"}],"wp:attachment":[{"href":"https:\/\/mikrosystem.pl\/index.php\/wp-json\/wp\/v2\/media?parent=1929"}],"curies":[{"name":"wp","href":"https:\/\/api.w.org\/{rel}","templated":true}]}}