{"id":1915,"date":"2015-01-18T18:36:24","date_gmt":"2015-01-18T17:36:24","guid":{"rendered":"http:\/\/mikrosystem.pl\/?page_id=1915"},"modified":"2015-09-01T09:58:52","modified_gmt":"2015-09-01T07:58:52","slug":"tdesk","status":"publish","type":"page","link":"https:\/\/mikrosystem.pl\/index.php\/pomoc\/eknf-instrukcja-obslugi\/eknf-glowne-okno-programu\/tdesk","title":{"rendered":"TDesk"},"content":{"rendered":"<p>Modu\u0142 TDesk s\u0142u\u017cy do rozliczania imprez turystycznych. Posiada automatyczny interfejs do systemu MerlinX. Pozwala te\u017c na samodzielne &#8211; r\u0119czne wprowadzanie imprez turystycznych.<\/p>\n<p>Rozliczanie imprez turystycznych w eKNF przebiega nast\u0119puj\u0105co:<\/p>\n<ol>\n<li><a href=\"\/?page_id=2516\">Import imprezy turystycznej z systemu MerlinX<\/a>, lub <a href=\"\/?page_id=2489\">wprowadzenie jej r\u0119cznie (klawisz: Dodaj now\u0105 rezerwacj\u0119)<\/a><\/li>\n<li>Wprowadzenie informacji o Mar\u017cy (prawy klawisz myszy -&gt; Edytuj mar\u017c\u0119)<\/li>\n<li><a href=\"\/?page_id=2473\">Wystawienie dokumentu sprzeda\u017cy (prawy klawisz myszy -&gt; Faktura -&gt; Wystaw do edycji)<\/a><\/li>\n<li>Wprowadzenie wymaganej daty zap\u0142aty\u00a0 (prawy klawisz myszy -&gt; Edytuj wymagan\u0105 dat\u0119)<\/li>\n<li><a href=\"\/?page_id=2508\">Wprowadzenie p\u0142atno\u015bci: zaliczek, wp\u0142at got\u00f3wkowych, przelew\u00f3w (prawy klawisz myszy -&gt; Dodaj p\u0142atno\u015b\u0107)<\/a><\/li>\n<li>Wprowadzenie koszt\u00f3w, czyli informacji o nale\u017cno\u015bci dla touroperatora (prawy klawisz myszy -&gt; zarz\u0105dzaj kosztami)<\/li>\n<li>Wystawienie faktury prowizyjnej (prawy klawisz myszy -&gt; Faktura -&gt; Wystaw\/wska\u017c prowizyjn\u0105)<\/li>\n<li>Wprowadzenie informacji o wp\u0142yni\u0119ciu p\u0142atno\u015bci za faktur\u0119 prowizyjn\u0105 (Modu\u0142 Sprzeda\u017c -&gt; Rozliczenia faktur)<\/li>\n<\/ol>\n<p><a href=\"https:\/\/mikrosystem.pl\/wp-content\/uploads\/2015\/01\/eKNF-TDesk-01.png\"><img loading=\"lazy\" decoding=\"async\" class=\"alignleft size-large wp-image-1913\" src=\"https:\/\/mikrosystem.pl\/wp-content\/uploads\/2015\/01\/eKNF-TDesk-01-1024x640.png\" alt=\"eKNF - TDesk 01\" width=\"1024\" height=\"640\" srcset=\"https:\/\/mikrosystem.pl\/mikrosystem_www\/wp-content\/uploads\/2015\/01\/eKNF-TDesk-01-1024x640.png 1024w, https:\/\/mikrosystem.pl\/mikrosystem_www\/wp-content\/uploads\/2015\/01\/eKNF-TDesk-01-300x188.png 300w, https:\/\/mikrosystem.pl\/mikrosystem_www\/wp-content\/uploads\/2015\/01\/eKNF-TDesk-01.png 1280w\" sizes=\"auto, (max-width: 1024px) 100vw, 1024px\" \/><\/a><\/p>\n","protected":false},"excerpt":{"rendered":"<p>Modu\u0142 TDesk s\u0142u\u017cy do rozliczania imprez turystycznych. Posiada automatyczny interfejs do systemu MerlinX. Pozwala te\u017c na samodzielne &#8211; r\u0119czne wprowadzanie imprez turystycznych. Rozliczanie imprez turystycznych w eKNF przebiega nast\u0119puj\u0105co: Import imprezy turystycznej z systemu MerlinX, lub wprowadzenie jej r\u0119cznie (klawisz: Dodaj now\u0105 rezerwacj\u0119) Wprowadzenie informacji o Mar\u017cy (prawy klawisz myszy -&gt; Edytuj mar\u017c\u0119) Wystawienie dokumentu &#8230; <a title=\"TDesk\" class=\"read-more\" href=\"https:\/\/mikrosystem.pl\/index.php\/pomoc\/eknf-instrukcja-obslugi\/eknf-glowne-okno-programu\/tdesk\" aria-label=\"Dowiedz si\u0119 wi\u0119cej o TDesk\">Read more<\/a><\/p>\n","protected":false},"author":5,"featured_media":0,"parent":1818,"menu_order":0,"comment_status":"open","ping_status":"open","template":"faqs.php","meta":{"generate_page_header":"","footnotes":""},"class_list":{"0":"post-1915","1":"page","2":"type-page","3":"status-publish","5":"infinite-scroll-item"},"_links":{"self":[{"href":"https:\/\/mikrosystem.pl\/index.php\/wp-json\/wp\/v2\/pages\/1915","targetHints":{"allow":["GET"]}}],"collection":[{"href":"https:\/\/mikrosystem.pl\/index.php\/wp-json\/wp\/v2\/pages"}],"about":[{"href":"https:\/\/mikrosystem.pl\/index.php\/wp-json\/wp\/v2\/types\/page"}],"author":[{"embeddable":true,"href":"https:\/\/mikrosystem.pl\/index.php\/wp-json\/wp\/v2\/users\/5"}],"replies":[{"embeddable":true,"href":"https:\/\/mikrosystem.pl\/index.php\/wp-json\/wp\/v2\/comments?post=1915"}],"version-history":[{"count":8,"href":"https:\/\/mikrosystem.pl\/index.php\/wp-json\/wp\/v2\/pages\/1915\/revisions"}],"predecessor-version":[{"id":2530,"href":"https:\/\/mikrosystem.pl\/index.php\/wp-json\/wp\/v2\/pages\/1915\/revisions\/2530"}],"up":[{"embeddable":true,"href":"https:\/\/mikrosystem.pl\/index.php\/wp-json\/wp\/v2\/pages\/1818"}],"wp:attachment":[{"href":"https:\/\/mikrosystem.pl\/index.php\/wp-json\/wp\/v2\/media?parent=1915"}],"curies":[{"name":"wp","href":"https:\/\/api.w.org\/{rel}","templated":true}]}}