{"id":1914,"date":"2015-01-19T15:13:30","date_gmt":"2015-01-19T14:13:30","guid":{"rendered":"http:\/\/mikrosystem.pl\/?page_id=1914"},"modified":"2015-12-15T14:07:16","modified_gmt":"2015-12-15T13:07:16","slug":"rdesk-fakturowanie-wielu-biletow-kolejowych-2","status":"publish","type":"page","link":"https:\/\/mikrosystem.pl\/index.php\/pomoc\/eknf-instrukcja-obslugi\/rdesk-fakturowanie-wielu-biletow-kolejowych-2","title":{"rendered":"RDesk &#8211; fakturowanie wielu bilet\u00f3w kolejowych"},"content":{"rendered":"<p>eKNF pozwala fakturowa\u0107 bilety kolejowe wprowadzone r\u0119cznie b\u0105d\u017a importowane automatycznie do systemu.<br \/>\n<a href=\"\/?page_id=2182\">Dowiedz si\u0119 wi\u0119cej o wprowadzaniu bilet\u00f3w kolejowych w spos\u00f3b automatyczny<\/a><\/p>\n<p>Aby zafakturowa\u0107 jeden lub wiele bilet\u00f3w kolejowych widozcznych w RDesku:<\/p>\n<ul>\n<li style=\"text-align: justify;\">Zaznacz bilety przeznaczone do fakturowania.<\/li>\n<li style=\"text-align: justify;\">Kliknij na [Faktura]<\/li>\n<li style=\"text-align: justify;\">Wybierz typ faktury, i spos\u00f3b fakturowania (tylko bilety, tylko op\u0142aty, bilety i op\u0142aty)<\/li>\n<\/ul>\n<p style=\"text-align: justify;\"><strong>Uwaga:<\/strong> Je\u015bli dzia\u0142asz &#8216;w imieniu i na rzecz PKP IC&#8217; (masz podpisan\u0105 umow\u0119 agencyjn\u0105), na fakturze za bilety PKP nie mog\u0105 si\u0119 znale\u017a\u0107 op\u0142aty transakcyjne &#8211; w takim wypadku nale\u017cy najpierw zafakturowa\u0107 bilety, a na oddzielnej fakturze &#8211; op\u0142aty transakcyjne. Je\u015bli odsprzedajesz bilety zakupione najpierw na stronie PKP IC ograniczenie to nie obowi\u0105zuje.<br \/>\n<a href=\"https:\/\/mikrosystem.pl\/wp-content\/uploads\/2015\/01\/RDesk-02.png\"><img loading=\"lazy\" decoding=\"async\" class=\" size-large wp-image-1925 aligncenter\" src=\"https:\/\/mikrosystem.pl\/wp-content\/uploads\/2015\/01\/RDesk-02-1024x528.png\" alt=\"RDesk 02\" width=\"1024\" height=\"528\" srcset=\"https:\/\/mikrosystem.pl\/mikrosystem_www\/wp-content\/uploads\/2015\/01\/RDesk-02-1024x528.png 1024w, https:\/\/mikrosystem.pl\/mikrosystem_www\/wp-content\/uploads\/2015\/01\/RDesk-02-300x155.png 300w, https:\/\/mikrosystem.pl\/mikrosystem_www\/wp-content\/uploads\/2015\/01\/RDesk-02.png 1219w\" sizes=\"auto, (max-width: 1024px) 100vw, 1024px\" \/><\/a><\/p>\n<p style=\"text-align: justify;\">Zweryfikuj i uzupe\u0142nij dane dodatkowe. (O tym, kt\u00f3re linijki zostan\u0105 wydrukowane na fakturze, decyduje ptaszek w kolumnie Pozycja tekstowa):<br \/>\n<a href=\"https:\/\/mikrosystem.pl\/wp-content\/uploads\/2015\/01\/RDesk-03.png\"><img loading=\"lazy\" decoding=\"async\" class=\" size-large wp-image-1923 aligncenter\" src=\"https:\/\/mikrosystem.pl\/wp-content\/uploads\/2015\/01\/RDesk-03-1024x550.png\" alt=\"RDesk 03\" width=\"1024\" height=\"550\" srcset=\"https:\/\/mikrosystem.pl\/mikrosystem_www\/wp-content\/uploads\/2015\/01\/RDesk-03-1024x550.png 1024w, https:\/\/mikrosystem.pl\/mikrosystem_www\/wp-content\/uploads\/2015\/01\/RDesk-03-300x161.png 300w, https:\/\/mikrosystem.pl\/mikrosystem_www\/wp-content\/uploads\/2015\/01\/RDesk-03.png 1219w\" sizes=\"auto, (max-width: 1024px) 100vw, 1024px\" \/><\/a><br \/>\nNa zako\u0144czenie kliknij na [Dodaj] aby otworzy\u0107 okno edytora faktur z przygotowan\u0105 do wystawienia faktur\u0105<\/p>\n<p style=\"text-align: justify;\"><strong>Uwaga:<\/strong> je\u015bli istnieje konieczno\u015b\u0107 wystawienia oddzielnej faktury na op\u0142aty transakcyjne, przydatna mo\u017ce by\u0107 funkcja kopiowania pe\u0142nych opis\u00f3w bilet\u00f3w na faktur\u0119 za op\u0142aty. <a href=\"https:\/\/mikrosystem.pl\/index.php\/pomoc\/eknf-instrukcja-obslugi\/eknf-glowne-okno-programu\/sprzedaz-tworzenie-i-przegladanie-dokumentow-sprzedazowych\/umieszczanie-pelnych-opisow-uslug-na-fakturze-na-oplaty-transakcyjne\">Przeczytaj wi\u0119cej na ten temat<\/a>.<\/p>\n<p><\/p>","protected":false},"excerpt":{"rendered":"<p>eKNF pozwala fakturowa\u0107 bilety kolejowe wprowadzone r\u0119cznie b\u0105d\u017a importowane automatycznie do systemu. Dowiedz si\u0119 wi\u0119cej o wprowadzaniu bilet\u00f3w kolejowych w spos\u00f3b automatyczny Aby zafakturowa\u0107 jeden lub wiele bilet\u00f3w kolejowych widozcznych w RDesku: Zaznacz bilety przeznaczone do fakturowania. Kliknij na [Faktura] Wybierz typ faktury, i spos\u00f3b fakturowania (tylko bilety, tylko op\u0142aty, bilety i op\u0142aty) Uwaga: Je\u015bli &#8230; <a title=\"RDesk &#8211; fakturowanie wielu bilet\u00f3w kolejowych\" class=\"read-more\" href=\"https:\/\/mikrosystem.pl\/index.php\/pomoc\/eknf-instrukcja-obslugi\/rdesk-fakturowanie-wielu-biletow-kolejowych-2\" aria-label=\"Dowiedz si\u0119 wi\u0119cej o RDesk &#8211; fakturowanie wielu bilet\u00f3w kolejowych\">Read more<\/a><\/p>\n","protected":false},"author":5,"featured_media":0,"parent":1802,"menu_order":0,"comment_status":"open","ping_status":"open","template":"","meta":{"generate_page_header":"","footnotes":""},"class_list":{"0":"post-1914","1":"page","2":"type-page","3":"status-publish","5":"infinite-scroll-item"},"_links":{"self":[{"href":"https:\/\/mikrosystem.pl\/index.php\/wp-json\/wp\/v2\/pages\/1914","targetHints":{"allow":["GET"]}}],"collection":[{"href":"https:\/\/mikrosystem.pl\/index.php\/wp-json\/wp\/v2\/pages"}],"about":[{"href":"https:\/\/mikrosystem.pl\/index.php\/wp-json\/wp\/v2\/types\/page"}],"author":[{"embeddable":true,"href":"https:\/\/mikrosystem.pl\/index.php\/wp-json\/wp\/v2\/users\/5"}],"replies":[{"embeddable":true,"href":"https:\/\/mikrosystem.pl\/index.php\/wp-json\/wp\/v2\/comments?post=1914"}],"version-history":[{"count":4,"href":"https:\/\/mikrosystem.pl\/index.php\/wp-json\/wp\/v2\/pages\/1914\/revisions"}],"predecessor-version":[{"id":3223,"href":"https:\/\/mikrosystem.pl\/index.php\/wp-json\/wp\/v2\/pages\/1914\/revisions\/3223"}],"up":[{"embeddable":true,"href":"https:\/\/mikrosystem.pl\/index.php\/wp-json\/wp\/v2\/pages\/1802"}],"wp:attachment":[{"href":"https:\/\/mikrosystem.pl\/index.php\/wp-json\/wp\/v2\/media?parent=1914"}],"curies":[{"name":"wp","href":"https:\/\/api.w.org\/{rel}","templated":true}]}}