{"id":1912,"date":"2015-01-20T12:59:40","date_gmt":"2015-01-20T11:59:40","guid":{"rendered":"http:\/\/mikrosystem.pl\/?page_id=1912"},"modified":"2015-01-20T12:59:40","modified_gmt":"2015-01-20T11:59:40","slug":"fakturowanie-zbiorcze-z-listy-pozycji-zamowien","status":"publish","type":"page","link":"https:\/\/mikrosystem.pl\/index.php\/pomoc\/eknf-instrukcja-obslugi\/fakturowanie-zbiorcze-z-listy-pozycji-zamowien","title":{"rendered":"Fakturowanie zbiorcze z listy pozycji zam\u00f3wie\u0144"},"content":{"rendered":"<p style=\"text-align: justify;\">Procedura wystawienia faktury z wielu Zam\u00f3wie\u0144:<\/p>\n<p style=\"text-align: justify;\"><strong>Opis skr\u00f3cony:<\/strong><br \/>\n1. Przejd\u017a do modu\u0142u Zam\u00f3wienia =&gt; zak\u0142adka Lista Pozycji Zam\u00f3wie\u0144,<br \/>\n2. Wyszukaj klienta, dla kt\u00f3rego zosta\u0142y utworzone Zam\u00f3wienia<br \/>\n3. Zaznacz pozycje do zafakturowania<br \/>\n4. Wystaw faktur\u0119.<\/p>\n<p><strong>Opis rozszerzony:<\/strong><br \/>\n1. Po zalogowaniu do eKNF nale\u017cy przej\u015b\u0107 do modu\u0142u Zam\u00f3wienia, a nast\u0119pnie wej\u015b\u0107<br \/>\nw zak\u0142adk\u0119 Lista Pozycji Zam\u00f3wie\u0144.<br \/>\n2. Za pomoc\u0105 p\u00f3l filtruj\u0105cych nale\u017cy odszuka\u0107 Klienta, dla kt\u00f3rego chcemy wystawi\u0107 faktur\u0119<br \/>\noraz odnale\u017a\u0107 utworzone dla niego Zam\u00f3wienia:<\/p>\n<p style=\"text-align: justify;\">\n<a href=\"https:\/\/mikrosystem.pl\/wp-content\/uploads\/2015\/01\/Fakturowanie-z-poz-zam-01.png\"><img loading=\"lazy\" decoding=\"async\" class=\" size-large wp-image-1944 aligncenter\" src=\"https:\/\/mikrosystem.pl\/wp-content\/uploads\/2015\/01\/Fakturowanie-z-poz-zam-01-1024x424.png\" alt=\"Fakturowanie z poz zam 01\" width=\"1024\" height=\"424\" srcset=\"https:\/\/mikrosystem.pl\/mikrosystem_www\/wp-content\/uploads\/2015\/01\/Fakturowanie-z-poz-zam-01-1024x424.png 1024w, https:\/\/mikrosystem.pl\/mikrosystem_www\/wp-content\/uploads\/2015\/01\/Fakturowanie-z-poz-zam-01-300x124.png 300w, https:\/\/mikrosystem.pl\/mikrosystem_www\/wp-content\/uploads\/2015\/01\/Fakturowanie-z-poz-zam-01.png 1325w\" sizes=\"auto, (max-width: 1024px) 100vw, 1024px\" \/><\/a><\/p>\n<p style=\"text-align: justify;\">3. Na li\u015bcie Zam\u00f3wie\u0144, kt\u00f3ra pojawi si\u0119 na dole nale\u017cy zaznaczy\u0107 u\u017cywaj\u0105c w tym celu<br \/>\ncheckbox\u00f3w te pozycje, kt\u00f3re chcemy zafakturowa\u0107:<\/p>\n<p style=\"text-align: justify;\"><a href=\"https:\/\/mikrosystem.pl\/wp-content\/uploads\/2015\/01\/Fakturowanie-z-poz-zam-02.png\"><img loading=\"lazy\" decoding=\"async\" class=\" size-large wp-image-1945 aligncenter\" src=\"https:\/\/mikrosystem.pl\/wp-content\/uploads\/2015\/01\/Fakturowanie-z-poz-zam-02-1024x424.png\" alt=\"Fakturowanie z poz zam 02\" width=\"1024\" height=\"424\" srcset=\"https:\/\/mikrosystem.pl\/mikrosystem_www\/wp-content\/uploads\/2015\/01\/Fakturowanie-z-poz-zam-02-1024x424.png 1024w, https:\/\/mikrosystem.pl\/mikrosystem_www\/wp-content\/uploads\/2015\/01\/Fakturowanie-z-poz-zam-02-300x124.png 300w, https:\/\/mikrosystem.pl\/mikrosystem_www\/wp-content\/uploads\/2015\/01\/Fakturowanie-z-poz-zam-02.png 1325w\" sizes=\"auto, (max-width: 1024px) 100vw, 1024px\" \/><\/a><\/p>\n<p style=\"text-align: justify;\">4. Zaznaczone pozycje fakturujemy u\u017cywaj\u0105c funkcji ,,Faktura\u201d znajduj\u0105cej si\u0119 w g\u00f3rnej<br \/>\ncz\u0119\u015bci widoku:<\/p>\n<p style=\"text-align: justify;\"><a href=\"https:\/\/mikrosystem.pl\/wp-content\/uploads\/2015\/01\/Fakturowanie-z-poz-zam-03.png\"><img loading=\"lazy\" decoding=\"async\" class=\" size-large wp-image-1946 aligncenter\" src=\"https:\/\/mikrosystem.pl\/wp-content\/uploads\/2015\/01\/Fakturowanie-z-poz-zam-03-1024x425.png\" alt=\"Fakturowanie z poz zam 03\" width=\"1024\" height=\"425\" srcset=\"https:\/\/mikrosystem.pl\/mikrosystem_www\/wp-content\/uploads\/2015\/01\/Fakturowanie-z-poz-zam-03-1024x425.png 1024w, https:\/\/mikrosystem.pl\/mikrosystem_www\/wp-content\/uploads\/2015\/01\/Fakturowanie-z-poz-zam-03-300x125.png 300w, https:\/\/mikrosystem.pl\/mikrosystem_www\/wp-content\/uploads\/2015\/01\/Fakturowanie-z-poz-zam-03.png 1325w\" sizes=\"auto, (max-width: 1024px) 100vw, 1024px\" \/><\/a><\/p>\n<p style=\"text-align: justify;\">5. Po klikni\u0119ciu w ,,Faktura\u201d otwiera si\u0119 formatka z edycj\u0105 faktury, w kt\u00f3rej zatwierdzamy<br \/>\nskonfigurowane wcze\u015bniej pola dodatkowe, lub te\u017c zaznaczamy pola, kt\u00f3re dodatkowo<br \/>\nchcemy aby by\u0142y widoczne na fakturze. Zatwierdzamy wyb\u00f3r za pomoc\u0105 funkcji ,,Dodaj\u201d:<\/p>\n<p style=\"text-align: justify;\"><a href=\"https:\/\/mikrosystem.pl\/wp-content\/uploads\/2015\/01\/RDesk-03.png\"><img loading=\"lazy\" decoding=\"async\" class=\" size-large wp-image-1923 aligncenter\" src=\"https:\/\/mikrosystem.pl\/wp-content\/uploads\/2015\/01\/RDesk-03-1024x550.png\" alt=\"RDesk 03\" width=\"1024\" height=\"550\" srcset=\"https:\/\/mikrosystem.pl\/mikrosystem_www\/wp-content\/uploads\/2015\/01\/RDesk-03-1024x550.png 1024w, https:\/\/mikrosystem.pl\/mikrosystem_www\/wp-content\/uploads\/2015\/01\/RDesk-03-300x161.png 300w, https:\/\/mikrosystem.pl\/mikrosystem_www\/wp-content\/uploads\/2015\/01\/RDesk-03.png 1219w\" sizes=\"auto, (max-width: 1024px) 100vw, 1024px\" \/><\/a><\/p>\n<p style=\"text-align: justify;\">6. Je\u015bli nic nie zamierzamy ju\u017c zmienia\u0107 na poziomie faktury mo\u017cemy wystawi\u0107 faktur\u0119 za<br \/>\npomoc\u0105 funkcji ,,Zapisz i zamknij\u201d. Wystawiona faktura b\u0119dzie znajdowa\u0107 si\u0119 w module Sprzeda\u017c w zak\u0142adce Lista dokument\u00f3w<br \/>\nsprzeda\u017cy.<\/p>\n<p style=\"text-align: justify;\">\n","protected":false},"excerpt":{"rendered":"<p>Procedura wystawienia faktury z wielu Zam\u00f3wie\u0144: Opis skr\u00f3cony: 1. Przejd\u017a do modu\u0142u Zam\u00f3wienia =&gt; zak\u0142adka Lista Pozycji Zam\u00f3wie\u0144, 2. Wyszukaj klienta, dla kt\u00f3rego zosta\u0142y utworzone Zam\u00f3wienia 3. Zaznacz pozycje do zafakturowania 4. Wystaw faktur\u0119. Opis rozszerzony: 1. Po zalogowaniu do eKNF nale\u017cy przej\u015b\u0107 do modu\u0142u Zam\u00f3wienia, a nast\u0119pnie wej\u015b\u0107 w zak\u0142adk\u0119 Lista Pozycji Zam\u00f3wie\u0144. 2. &#8230; <a title=\"Fakturowanie zbiorcze z listy pozycji zam\u00f3wie\u0144\" class=\"read-more\" href=\"https:\/\/mikrosystem.pl\/index.php\/pomoc\/eknf-instrukcja-obslugi\/fakturowanie-zbiorcze-z-listy-pozycji-zamowien\" aria-label=\"Dowiedz si\u0119 wi\u0119cej o Fakturowanie zbiorcze z listy pozycji zam\u00f3wie\u0144\">Read more<\/a><\/p>\n","protected":false},"author":5,"featured_media":0,"parent":1802,"menu_order":0,"comment_status":"open","ping_status":"open","template":"faqs.php","meta":{"generate_page_header":"","footnotes":""},"class_list":{"0":"post-1912","1":"page","2":"type-page","3":"status-publish","5":"infinite-scroll-item"},"_links":{"self":[{"href":"https:\/\/mikrosystem.pl\/index.php\/wp-json\/wp\/v2\/pages\/1912","targetHints":{"allow":["GET"]}}],"collection":[{"href":"https:\/\/mikrosystem.pl\/index.php\/wp-json\/wp\/v2\/pages"}],"about":[{"href":"https:\/\/mikrosystem.pl\/index.php\/wp-json\/wp\/v2\/types\/page"}],"author":[{"embeddable":true,"href":"https:\/\/mikrosystem.pl\/index.php\/wp-json\/wp\/v2\/users\/5"}],"replies":[{"embeddable":true,"href":"https:\/\/mikrosystem.pl\/index.php\/wp-json\/wp\/v2\/comments?post=1912"}],"version-history":[{"count":2,"href":"https:\/\/mikrosystem.pl\/index.php\/wp-json\/wp\/v2\/pages\/1912\/revisions"}],"predecessor-version":[{"id":1948,"href":"https:\/\/mikrosystem.pl\/index.php\/wp-json\/wp\/v2\/pages\/1912\/revisions\/1948"}],"up":[{"embeddable":true,"href":"https:\/\/mikrosystem.pl\/index.php\/wp-json\/wp\/v2\/pages\/1802"}],"wp:attachment":[{"href":"https:\/\/mikrosystem.pl\/index.php\/wp-json\/wp\/v2\/media?parent=1912"}],"curies":[{"name":"wp","href":"https:\/\/api.w.org\/{rel}","templated":true}]}}