{"id":1906,"date":"2015-01-18T18:10:09","date_gmt":"2015-01-18T17:10:09","guid":{"rendered":"http:\/\/mikrosystem.pl\/?page_id=1906"},"modified":"2015-01-18T18:10:09","modified_gmt":"2015-01-18T17:10:09","slug":"fiskalizacja","status":"publish","type":"page","link":"https:\/\/mikrosystem.pl\/index.php\/pomoc\/eknf-instrukcja-obslugi\/fiskalizacja","title":{"rendered":"Fiskalizacja"},"content":{"rendered":"<p style=\"text-align: justify;\">Wydruk paragonu fiskalnego odbywa si\u0119 z Panelu wydruku dokumentu, do kt\u00f3rego ma zosta\u0107 wystawiony paragon. Mo\u017cna to zrobi\u0107 w momencie wystawienia dokumentu sprzeda\u017cy, lub p\u00f3\u017aniej &#8211; otwieraj\u0105c Panel wydruku dokumentu w module Sprzeda\u017cy.<br \/>\nAby wydrukowa\u0107 paragon fiaskalny kliknij na [Drukuj paragon fiskalny]. Obok klawisza znajduje si\u0119 informacja, czy paragon fiskalny dla danego dokumentu by\u0142 ju\u017c drukowany.<br \/>\n<a href=\"https:\/\/mikrosystem.pl\/wp-content\/uploads\/2015\/01\/eKNF-fiskalizacja.png\"><img loading=\"lazy\" decoding=\"async\" class=\" size-large wp-image-1905 aligncenter\" src=\"https:\/\/mikrosystem.pl\/wp-content\/uploads\/2015\/01\/eKNF-fiskalizacja-1024x640.png\" alt=\"eKNF - fiskalizacja\" width=\"1024\" height=\"640\" srcset=\"https:\/\/mikrosystem.pl\/mikrosystem_www\/wp-content\/uploads\/2015\/01\/eKNF-fiskalizacja-1024x640.png 1024w, https:\/\/mikrosystem.pl\/mikrosystem_www\/wp-content\/uploads\/2015\/01\/eKNF-fiskalizacja-300x188.png 300w, https:\/\/mikrosystem.pl\/mikrosystem_www\/wp-content\/uploads\/2015\/01\/eKNF-fiskalizacja.png 1280w\" sizes=\"auto, (max-width: 1024px) 100vw, 1024px\" \/><\/a><strong>Uwaga:<\/strong> wsp\u00f3\u0142praca z drukark\u0105 fiskaln\u0105 jest opcjonalna. Klawisz [Drukuj paragon fiskalny] b\u0119dzie niewidoczny, je\u015bli w konfiguracji eKNF nie w\u0142\u0105czono fiskalizacji. W celu uruchomienia fiskalizacji w Twoim biurze skontaktuj si\u0119 z nasz\u0105 pomoc\u0105 techniczn\u0105.<\/p>\n","protected":false},"excerpt":{"rendered":"<p>Wydruk paragonu fiskalnego odbywa si\u0119 z Panelu wydruku dokumentu, do kt\u00f3rego ma zosta\u0107 wystawiony paragon. Mo\u017cna to zrobi\u0107 w momencie wystawienia dokumentu sprzeda\u017cy, lub p\u00f3\u017aniej &#8211; otwieraj\u0105c Panel wydruku dokumentu w module Sprzeda\u017cy. Aby wydrukowa\u0107 paragon fiaskalny kliknij na [Drukuj paragon fiskalny]. Obok klawisza znajduje si\u0119 informacja, czy paragon fiskalny dla danego dokumentu by\u0142 ju\u017c &#8230; <a title=\"Fiskalizacja\" class=\"read-more\" href=\"https:\/\/mikrosystem.pl\/index.php\/pomoc\/eknf-instrukcja-obslugi\/fiskalizacja\" aria-label=\"Dowiedz si\u0119 wi\u0119cej o Fiskalizacja\">Read more<\/a><\/p>\n","protected":false},"author":5,"featured_media":0,"parent":1802,"menu_order":0,"comment_status":"open","ping_status":"open","template":"faqs.php","meta":{"generate_page_header":"","footnotes":""},"class_list":{"0":"post-1906","1":"page","2":"type-page","3":"status-publish","5":"infinite-scroll-item"},"_links":{"self":[{"href":"https:\/\/mikrosystem.pl\/index.php\/wp-json\/wp\/v2\/pages\/1906","targetHints":{"allow":["GET"]}}],"collection":[{"href":"https:\/\/mikrosystem.pl\/index.php\/wp-json\/wp\/v2\/pages"}],"about":[{"href":"https:\/\/mikrosystem.pl\/index.php\/wp-json\/wp\/v2\/types\/page"}],"author":[{"embeddable":true,"href":"https:\/\/mikrosystem.pl\/index.php\/wp-json\/wp\/v2\/users\/5"}],"replies":[{"embeddable":true,"href":"https:\/\/mikrosystem.pl\/index.php\/wp-json\/wp\/v2\/comments?post=1906"}],"version-history":[{"count":2,"href":"https:\/\/mikrosystem.pl\/index.php\/wp-json\/wp\/v2\/pages\/1906\/revisions"}],"predecessor-version":[{"id":1908,"href":"https:\/\/mikrosystem.pl\/index.php\/wp-json\/wp\/v2\/pages\/1906\/revisions\/1908"}],"up":[{"embeddable":true,"href":"https:\/\/mikrosystem.pl\/index.php\/wp-json\/wp\/v2\/pages\/1802"}],"wp:attachment":[{"href":"https:\/\/mikrosystem.pl\/index.php\/wp-json\/wp\/v2\/media?parent=1906"}],"curies":[{"name":"wp","href":"https:\/\/api.w.org\/{rel}","templated":true}]}}