{"id":1899,"date":"2015-01-18T17:42:43","date_gmt":"2015-01-18T16:42:43","guid":{"rendered":"http:\/\/mikrosystem.pl\/?page_id=1899"},"modified":"2015-01-18T18:15:22","modified_gmt":"2015-01-18T17:15:22","slug":"dokumenty-sprzedazy-edytowanie-usuwanie-anulowanie-wydruki-przesylanie-mailem","status":"publish","type":"page","link":"https:\/\/mikrosystem.pl\/index.php\/pomoc\/eknf-instrukcja-obslugi\/dokumenty-sprzedazy-edytowanie-usuwanie-anulowanie-wydruki-przesylanie-mailem","title":{"rendered":"Dokumenty sprzeda\u017cy: edytowanie, usuwanie, anulowanie, wydruki, przesy\u0142anie mailem"},"content":{"rendered":"<p style=\"text-align: justify;\"><strong>Dokumenty sprzeda\u017cy: edytowanie, usuwanie, anulowanie, wydruki, przesy\u0142anie mailem\u00a0(z modu\u0142u Sprzeda\u017c)<\/strong><\/p>\n<p style=\"text-align: justify;\">Dokumenty mo\u017cna wyszukiwa\u0107 za pomoc\u0105 dost\u0119pnych filtr\u00f3w, i sortowa\u0107 &#8211; klikaj\u0105c na nag\u0142\u00f3wki kolumn.<br \/>\nLista operacji dost\u0119pnych dla wybranego dokumentu sprzeda\u017cy znajduje si\u0119 pod prawym klawiszem myszy:<\/p>\n<p style=\"text-align: justify;\"><a href=\"https:\/\/mikrosystem.pl\/wp-content\/uploads\/2015\/01\/eKNF-Sprzedaz-01.png\"><img loading=\"lazy\" decoding=\"async\" class=\" size-large wp-image-1874 aligncenter\" src=\"https:\/\/mikrosystem.pl\/wp-content\/uploads\/2015\/01\/eKNF-Sprzedaz-01-1024x640.png\" alt=\"eKNF - Sprzedaz 01\" width=\"1024\" height=\"640\" srcset=\"https:\/\/mikrosystem.pl\/mikrosystem_www\/wp-content\/uploads\/2015\/01\/eKNF-Sprzedaz-01-1024x640.png 1024w, https:\/\/mikrosystem.pl\/mikrosystem_www\/wp-content\/uploads\/2015\/01\/eKNF-Sprzedaz-01-300x188.png 300w, https:\/\/mikrosystem.pl\/mikrosystem_www\/wp-content\/uploads\/2015\/01\/eKNF-Sprzedaz-01.png 1280w\" sizes=\"auto, (max-width: 1024px) 100vw, 1024px\" \/><\/a><br \/>\n<strong>Opis dost\u0119pnych operacji:<\/strong><\/p>\n<p style=\"text-align: justify;\"><strong>Drukuj<\/strong> &#8211; Szybki wydruk orygina\u0142u, kopii, lub duplikatu dokumentu<\/p>\n<p style=\"text-align: justify;\"><strong>Panel wydruku<\/strong> &#8211; dost\u0119p do pe\u0142nej listy operacji zwi\u0105zanych z drukowaniem:<\/p>\n<ul style=\"text-align: justify;\">\n<li>wydruk orygina\u0142u, kopii, duplikatu<\/li>\n<li><a href=\"\/?page_id=1906\">wydruk paragonu fiskalnego<\/a><\/li>\n<li>wys\u0142anie mailem dokumentu do klienta (z za\u0142\u0105cznikiem, b\u0105d\u017a z odno\u015bnikiem w formie linku)<\/li>\n<li>wys\u0142anie ponaglenia p\u0142atno\u015bci<\/li>\n<li>wydruk specyfikacji (dokumentu towarzysz\u0105cego fakturze, zawieraj\u0105cego szczeg\u00f3\u0142owy opis pozycji)<\/li>\n<li>sprawdzenie historii przes\u0142a\u0144 dokumentu mailem (daty i adresy mailowe, na kt\u00f3re dokument by\u0142 wys\u0142any)<\/li>\n<\/ul>\n<p style=\"text-align: justify;\"><strong>Dokumenty powi\u0105zane<\/strong> &#8211; lista dokument\u00f3w, na podstawie kt\u00f3rych wystawiono dany dokument, i dokument\u00f3w p\u00f3\u017aniejszych (np: lista faktur koryguj\u0105cych wystawionych do danego dokumentu, lub faktur pierwotnych &#8211; je\u015bli dany dokument jest korekt\u0105)<\/p>\n<p style=\"text-align: justify;\"><strong>Blokuj \/ Odblokuj<\/strong> &#8211; zablokowanie \/ odblokowanie dokumentu do edycji. W zale\u017cno\u015bci od konfiguracji eKNF mo\u017ce automatycznie blokowa\u0107 dokumenty starsze ni\u017c podany okres czasu. Automatycznie blokowane s\u0105 te\u017c wszystkie dokumenty wyeksportowane do system\u00f3w ksi\u0119gowych (FK)<\/p>\n<p style=\"text-align: justify;\"><strong>Zgrupuj<\/strong> &#8211; Zgrupowanie\u00a0 wszystkich pozycji jednego typu na fakturze do jednej linijki (np: kilku bilet\u00f3w lotniczych do jednej sumarycznej pozycji o nazwie &#8216;Bilety lotnicze&#8217;)<\/p>\n<p style=\"text-align: justify;\"><strong>Koryguj<\/strong> &#8211; wystawienie faktury koryguj\u0105cej<\/p>\n<p style=\"text-align: justify;\"><strong>Anuluj<\/strong> &#8211; anulowanie dokumentu (dokument zostaje w systemie ze swoim numerem i ca\u0142\u0105 zawarto\u015bci\u0105, ale ma status ANULOWANY. Status ten jest te\u017c widoczny na wszystkich wydrukach danego dokumentu.<\/p>\n<p style=\"text-align: justify;\"><strong>Edytuj<\/strong> &#8211; ponowna edycja faktury (je\u015bli nie zosta\u0142a zablokowana)<\/p>\n<p style=\"text-align: justify;\"><strong>Usu\u0144<\/strong> &#8211; Bezpowrotne usuni\u0119cie dokumentu z bazy danych eKNF. Numer usuni\u0119tego dokumentu zostaje zwolniony, i mo\u017ce by\u0107 ponownie nadany innemu dokumentowi. (W logu systemowm eKNF pozostaje pe\u0142ny obraz usuni\u0119tego dokumentu &#8211; mo\u017cliwy do wgl\u0105du w celach administracyjnych).<\/p>\n<p style=\"text-align: justify;\"><strong>Dodaj za\u0142\u0105cznik \/ notatk\u0119<\/strong> &#8211; Do ka\u017cdego dokumentu sprzeda\u017cy mo\u017cna do\u0142\u0105czy\u0107 dowoln\u0105 ilo\u015b\u0107 notatek lub za\u0142\u0105cznik\u00f3w na wewn\u0119trzne potrzeby biura.<\/p>\n","protected":false},"excerpt":{"rendered":"<p>Dokumenty sprzeda\u017cy: edytowanie, usuwanie, anulowanie, wydruki, przesy\u0142anie mailem\u00a0(z modu\u0142u Sprzeda\u017c) Dokumenty mo\u017cna wyszukiwa\u0107 za pomoc\u0105 dost\u0119pnych filtr\u00f3w, i sortowa\u0107 &#8211; klikaj\u0105c na nag\u0142\u00f3wki kolumn. Lista operacji dost\u0119pnych dla wybranego dokumentu sprzeda\u017cy znajduje si\u0119 pod prawym klawiszem myszy: Opis dost\u0119pnych operacji: Drukuj &#8211; Szybki wydruk orygina\u0142u, kopii, lub duplikatu dokumentu Panel wydruku &#8211; dost\u0119p do pe\u0142nej &#8230; <a title=\"Dokumenty sprzeda\u017cy: edytowanie, usuwanie, anulowanie, wydruki, przesy\u0142anie mailem\" class=\"read-more\" href=\"https:\/\/mikrosystem.pl\/index.php\/pomoc\/eknf-instrukcja-obslugi\/dokumenty-sprzedazy-edytowanie-usuwanie-anulowanie-wydruki-przesylanie-mailem\" aria-label=\"Dowiedz si\u0119 wi\u0119cej o Dokumenty sprzeda\u017cy: edytowanie, usuwanie, anulowanie, wydruki, przesy\u0142anie mailem\">Read more<\/a><\/p>\n","protected":false},"author":5,"featured_media":0,"parent":1802,"menu_order":0,"comment_status":"open","ping_status":"open","template":"faqs.php","meta":{"generate_page_header":"","footnotes":""},"class_list":{"0":"post-1899","1":"page","2":"type-page","3":"status-publish","5":"infinite-scroll-item"},"_links":{"self":[{"href":"https:\/\/mikrosystem.pl\/index.php\/wp-json\/wp\/v2\/pages\/1899","targetHints":{"allow":["GET"]}}],"collection":[{"href":"https:\/\/mikrosystem.pl\/index.php\/wp-json\/wp\/v2\/pages"}],"about":[{"href":"https:\/\/mikrosystem.pl\/index.php\/wp-json\/wp\/v2\/types\/page"}],"author":[{"embeddable":true,"href":"https:\/\/mikrosystem.pl\/index.php\/wp-json\/wp\/v2\/users\/5"}],"replies":[{"embeddable":true,"href":"https:\/\/mikrosystem.pl\/index.php\/wp-json\/wp\/v2\/comments?post=1899"}],"version-history":[{"count":4,"href":"https:\/\/mikrosystem.pl\/index.php\/wp-json\/wp\/v2\/pages\/1899\/revisions"}],"predecessor-version":[{"id":1901,"href":"https:\/\/mikrosystem.pl\/index.php\/wp-json\/wp\/v2\/pages\/1899\/revisions\/1901"}],"up":[{"embeddable":true,"href":"https:\/\/mikrosystem.pl\/index.php\/wp-json\/wp\/v2\/pages\/1802"}],"wp:attachment":[{"href":"https:\/\/mikrosystem.pl\/index.php\/wp-json\/wp\/v2\/media?parent=1899"}],"curies":[{"name":"wp","href":"https:\/\/api.w.org\/{rel}","templated":true}]}}